{"id":29058,"date":"2026-04-18T10:37:59","date_gmt":"2026-04-18T08:37:59","guid":{"rendered":"https:\/\/hammertimecafe.hu\/?post_type=product&#038;p=29058"},"modified":"2026-04-19T20:37:24","modified_gmt":"2026-04-19T18:37:24","slug":"ossiarch-bonereapers-null-myriad-phalanx","status":"publish","type":"product","link":"https:\/\/hammertimecafe.hu\/en\/product\/ossiarch-bonereapers-null-myriad-phalanx\/","title":{"rendered":"OSSIARCH BONEREAPERS: NULL MYRIAD PHALANX"},"content":{"rendered":"<p>Az OSSIARCH BONEREAPERS: NULL MYRIAD PHALANX egy leny\u0171g\u00f6z\u0151 battleforce doboz, amely Arkhan the Black vezet\u00e9s\u00e9vel hozza el Nagash seregeinek erej\u00e9t. Az OSSIARCH BONEREAPERS: NULL MYRIAD PHALANX t\u00f6k\u00e9letes v\u00e1laszt\u00e1s azok sz\u00e1m\u00e1ra, akik egy er\u0151s \u00e9s tematikus hadsereget szeretn\u00e9nek \u00e9p\u00edteni.<\/p>\n<p>A k\u00e9szlet tartalmazza Arkhant, egy Mortisan Soulmason-t, n\u00e9gy Morghast egys\u00e9get \u00e9s h\u00fasz Mortek Guard harcost. Az OSSIARCH BONEREAPERS: NULL MYRIAD PHALANX kiv\u00e1l\u00f3 alapot biztos\u00edt egy \u00faj hadsereghez vagy megl\u00e9v\u0151 er\u0151id b\u0151v\u00edt\u00e9s\u00e9hez.<\/p>\n<p>A Morghast modellek t\u00f6bbf\u00e9lek\u00e9ppen is \u00f6ssze\u00e1ll\u00edthat\u00f3k, \u00edgy rugalmas taktikai lehet\u0151s\u00e9geket k\u00edn\u00e1lnak. Az OSSIARCH BONEREAPERS: NULL MYRIAD PHALANX j\u00f3l illeszkedik a Null Myriad Army of Renown szab\u00e1lyaihoz.<\/p>\n<p>A kombin\u00e1lt egys\u00e9gek egyszerre biztos\u00edtanak massz\u00edv gyalogs\u00e1got \u00e9s puszt\u00edt\u00f3 monstrumokat. Az OSSIARCH BONEREAPERS: NULL MYRIAD PHALANX ide\u00e1lis v\u00e1laszt\u00e1s minden Age of Sigmar j\u00e1t\u00e9kos sz\u00e1m\u00e1ra.<\/p>\n<p>The miniatures require assembly and painting.<br \/>\nProduct language: English.<br \/>\nAz el\u0151rendel\u00e9si peri\u00f3dus 2026. 04. 18-\u00e1n indul, a term\u00e9k 2026. 05. 02-t\u00f3l vehet\u0151 \u00e1t.<br \/>\nA term\u00e9k limit\u00e1lt, \u00edgy a rendel\u00e9seket \u00e9rkez\u00e9si sorrend szerint szolg\u00e1ljuk ki.<\/p>","protected":false},"excerpt":{"rendered":"<p>Az OSSIARCH BONEREAPERS: NULL MYRIAD PHALANX egy leny\u0171g\u00f6z\u0151 battleforce doboz, amely Arkhan the Black vezet\u00e9s\u00e9vel hozza el Nagash seregeinek erej\u00e9t. Az OSSIARCH BONEREAPERS: NULL MYRIAD PHALANX t\u00f6k\u00e9letes v\u00e1laszt\u00e1s azok sz\u00e1m\u00e1ra, akik egy er\u0151s \u00e9s tematikus hadsereget szeretn\u00e9nek \u00e9p\u00edteni.<\/p>","protected":false},"featured_media":29056,"comment_status":"open","ping_status":"closed","template":"","meta":{"_acf_changed":false},"product_brand":[46],"product_cat":[85,199,19,42],"product_tag":[],"class_list":{"0":"post-29058","1":"product","2":"type-product","3":"status-publish","4":"has-post-thumbnail","6":"product_brand-games-workshop","7":"product_cat-grand-alliance-death","8":"product_cat-ossiarch-bonereapers","9":"product_cat-wargame","10":"product_cat-warhammer-age-of-sigmar","12":"first","13":"onbackorder","14":"sale","15":"taxable","16":"shipping-taxable","17":"purchasable","18":"product-type-simple"},"acf":[],"yoast_head":"<!-- This site is optimized with the Yoast SEO Premium plugin v25.6 (Yoast SEO v25.6) - https:\/\/yoast.com\/wordpress\/plugins\/seo\/ -->\n<title>OSSIARCH BONEREAPERS: NULL MYRIAD PHALANX - HammerTime Cafe Webshop<\/title>\n<meta name=\"description\" content=\"OSSIARCH BONEREAPERS: NULL MYRIAD PHALANX csomag Arkhan the Black vezet\u00e9s\u00e9vel, elit egys\u00e9gekkel Age of Sigmar j\u00e1t\u00e9khoz.\" \/>\n<meta name=\"robots\" content=\"index, follow, max-snippet:-1, max-image-preview:large, max-video-preview:-1\" \/>\n<link rel=\"canonical\" href=\"https:\/\/hammertimecafe.hu\/en\/product\/ossiarch-bonereapers-null-myriad-phalanx\/\" \/>\n<meta property=\"og:locale\" content=\"en_US\" \/>\n<meta property=\"og:type\" content=\"article\" \/>\n<meta property=\"og:title\" content=\"OSSIARCH BONEREAPERS: NULL MYRIAD PHALANX\" \/>\n<meta property=\"og:description\" content=\"OSSIARCH BONEREAPERS: NULL MYRIAD PHALANX csomag Arkhan the Black vezet\u00e9s\u00e9vel, elit egys\u00e9gekkel Age of Sigmar j\u00e1t\u00e9khoz.\" \/>\n<meta property=\"og:url\" content=\"https:\/\/hammertimecafe.hu\/en\/product\/ossiarch-bonereapers-null-myriad-phalanx\/\" \/>\n<meta property=\"og:site_name\" content=\"HammerTime Cafe Webshop\" \/>\n<meta property=\"article:modified_time\" content=\"2026-04-19T18:37:24+00:00\" \/>\n<meta property=\"og:image\" content=\"https:\/\/hammertimecafe.hu\/app\/uploads\/2026\/04\/Ossiarch-Bonereapers-Null-Myriad-Phalanx.jpg\" \/>\n\t<meta property=\"og:image:width\" content=\"1840\" \/>\n\t<meta property=\"og:image:height\" content=\"1900\" \/>\n\t<meta property=\"og:image:type\" content=\"image\/jpeg\" \/>\n<meta name=\"twitter:card\" content=\"summary_large_image\" \/>\n<meta name=\"twitter:label1\" content=\"Est. reading time\" \/>\n\t<meta name=\"twitter:data1\" content=\"1 minute\" \/>\n<script type=\"application\/ld+json\" class=\"yoast-schema-graph\">{\"@context\":\"https:\/\/schema.org\",\"@graph\":[{\"@type\":\"WebPage\",\"@id\":\"https:\/\/hammertimecafe.hu\/termek\/ossiarch-bonereapers-null-myriad-phalanx\/\",\"url\":\"https:\/\/hammertimecafe.hu\/termek\/ossiarch-bonereapers-null-myriad-phalanx\/\",\"name\":\"OSSIARCH BONEREAPERS: NULL MYRIAD PHALANX - HammerTime Cafe Webshop\",\"isPartOf\":{\"@id\":\"https:\/\/hammertimecafe.hu\/#website\"},\"primaryImageOfPage\":{\"@id\":\"https:\/\/hammertimecafe.hu\/termek\/ossiarch-bonereapers-null-myriad-phalanx\/#primaryimage\"},\"image\":{\"@id\":\"https:\/\/hammertimecafe.hu\/termek\/ossiarch-bonereapers-null-myriad-phalanx\/#primaryimage\"},\"thumbnailUrl\":\"https:\/\/hammertimecafe.hu\/app\/uploads\/2026\/04\/Ossiarch-Bonereapers-Null-Myriad-Phalanx.jpg\",\"datePublished\":\"2026-04-18T08:37:59+00:00\",\"dateModified\":\"2026-04-19T18:37:24+00:00\",\"description\":\"OSSIARCH BONEREAPERS: NULL MYRIAD PHALANX csomag Arkhan the Black vezet\u00e9s\u00e9vel, elit egys\u00e9gekkel Age of Sigmar j\u00e1t\u00e9khoz.\",\"breadcrumb\":{\"@id\":\"https:\/\/hammertimecafe.hu\/termek\/ossiarch-bonereapers-null-myriad-phalanx\/#breadcrumb\"},\"inLanguage\":\"en-US\",\"potentialAction\":[{\"@type\":\"ReadAction\",\"target\":[\"https:\/\/hammertimecafe.hu\/termek\/ossiarch-bonereapers-null-myriad-phalanx\/\"]}]},{\"@type\":\"ImageObject\",\"inLanguage\":\"en-US\",\"@id\":\"https:\/\/hammertimecafe.hu\/termek\/ossiarch-bonereapers-null-myriad-phalanx\/#primaryimage\",\"url\":\"https:\/\/hammertimecafe.hu\/app\/uploads\/2026\/04\/Ossiarch-Bonereapers-Null-Myriad-Phalanx.jpg\",\"contentUrl\":\"https:\/\/hammertimecafe.hu\/app\/uploads\/2026\/04\/Ossiarch-Bonereapers-Null-Myriad-Phalanx.jpg\",\"width\":1840,\"height\":1900,\"caption\":\"Ossiarch Bonereapers Null Myriad Phalanx\"},{\"@type\":\"BreadcrumbList\",\"@id\":\"https:\/\/hammertimecafe.hu\/termek\/ossiarch-bonereapers-null-myriad-phalanx\/#breadcrumb\",\"itemListElement\":[{\"@type\":\"ListItem\",\"position\":1,\"name\":\"Home\",\"item\":\"https:\/\/hammertimecafe.hu\/\"},{\"@type\":\"ListItem\",\"position\":2,\"name\":\"Shop\",\"item\":\"https:\/\/hammertimecafe.hu\/uzlet\/\"},{\"@type\":\"ListItem\",\"position\":3,\"name\":\"OSSIARCH BONEREAPERS: NULL MYRIAD PHALANX\"}]},{\"@type\":\"WebSite\",\"@id\":\"https:\/\/hammertimecafe.hu\/#website\",\"url\":\"https:\/\/hammertimecafe.hu\/\",\"name\":\"Hammertimecafe\",\"description\":\"A HammerTime Cafe Hivatalos Weboldala \u00e9s Webshopja.\",\"publisher\":{\"@id\":\"https:\/\/hammertimecafe.hu\/#organization\"},\"potentialAction\":[{\"@type\":\"SearchAction\",\"target\":{\"@type\":\"EntryPoint\",\"urlTemplate\":\"https:\/\/hammertimecafe.hu\/?s={search_term_string}\"},\"query-input\":{\"@type\":\"PropertyValueSpecification\",\"valueRequired\":true,\"valueName\":\"search_term_string\"}}],\"inLanguage\":\"en-US\"},{\"@type\":\"Organization\",\"@id\":\"https:\/\/hammertimecafe.hu\/#organization\",\"name\":\"Hammertimecafe\",\"url\":\"https:\/\/hammertimecafe.hu\/\",\"logo\":{\"@type\":\"ImageObject\",\"inLanguage\":\"en-US\",\"@id\":\"https:\/\/hammertimecafe.hu\/#\/schema\/logo\/image\/\",\"url\":\"https:\/\/htcwoo.test\/app\/uploads\/2025\/08\/logo_of_htc.png\",\"contentUrl\":\"https:\/\/htcwoo.test\/app\/uploads\/2025\/08\/logo_of_htc.png\",\"width\":166,\"height\":73,\"caption\":\"Hammertimecafe\"},\"image\":{\"@id\":\"https:\/\/hammertimecafe.hu\/#\/schema\/logo\/image\/\"}}]}<\/script>\n<!-- \/ Yoast SEO Premium plugin. -->","yoast_head_json":{"title":"OSSIARCH BONEREAPERS: NULL MYRIAD PHALANX - HammerTime Cafe Webshop","description":"OSSIARCH BONEREAPERS: NULL MYRIAD PHALANX csomag Arkhan the Black vezet\u00e9s\u00e9vel, elit egys\u00e9gekkel Age of Sigmar j\u00e1t\u00e9khoz.","robots":{"index":"index","follow":"follow","max-snippet":"max-snippet:-1","max-image-preview":"max-image-preview:large","max-video-preview":"max-video-preview:-1"},"canonical":"https:\/\/hammertimecafe.hu\/en\/product\/ossiarch-bonereapers-null-myriad-phalanx\/","og_locale":"en_US","og_type":"article","og_title":"OSSIARCH BONEREAPERS: NULL MYRIAD PHALANX","og_description":"OSSIARCH BONEREAPERS: NULL MYRIAD PHALANX csomag Arkhan the Black vezet\u00e9s\u00e9vel, elit egys\u00e9gekkel Age of Sigmar j\u00e1t\u00e9khoz.","og_url":"https:\/\/hammertimecafe.hu\/en\/product\/ossiarch-bonereapers-null-myriad-phalanx\/","og_site_name":"HammerTime Cafe Webshop","article_modified_time":"2026-04-19T18:37:24+00:00","og_image":[{"width":1840,"height":1900,"url":"https:\/\/hammertimecafe.hu\/app\/uploads\/2026\/04\/Ossiarch-Bonereapers-Null-Myriad-Phalanx.jpg","type":"image\/jpeg"}],"twitter_card":"summary_large_image","twitter_misc":{"Est. reading time":"1 minute"},"schema":{"@context":"https:\/\/schema.org","@graph":[{"@type":"WebPage","@id":"https:\/\/hammertimecafe.hu\/termek\/ossiarch-bonereapers-null-myriad-phalanx\/","url":"https:\/\/hammertimecafe.hu\/termek\/ossiarch-bonereapers-null-myriad-phalanx\/","name":"OSSIARCH BONEREAPERS: NULL MYRIAD PHALANX - HammerTime Cafe Webshop","isPartOf":{"@id":"https:\/\/hammertimecafe.hu\/#website"},"primaryImageOfPage":{"@id":"https:\/\/hammertimecafe.hu\/termek\/ossiarch-bonereapers-null-myriad-phalanx\/#primaryimage"},"image":{"@id":"https:\/\/hammertimecafe.hu\/termek\/ossiarch-bonereapers-null-myriad-phalanx\/#primaryimage"},"thumbnailUrl":"https:\/\/hammertimecafe.hu\/app\/uploads\/2026\/04\/Ossiarch-Bonereapers-Null-Myriad-Phalanx.jpg","datePublished":"2026-04-18T08:37:59+00:00","dateModified":"2026-04-19T18:37:24+00:00","description":"OSSIARCH BONEREAPERS: NULL MYRIAD PHALANX csomag Arkhan the Black vezet\u00e9s\u00e9vel, elit egys\u00e9gekkel Age of Sigmar j\u00e1t\u00e9khoz.","breadcrumb":{"@id":"https:\/\/hammertimecafe.hu\/termek\/ossiarch-bonereapers-null-myriad-phalanx\/#breadcrumb"},"inLanguage":"en-US","potentialAction":[{"@type":"ReadAction","target":["https:\/\/hammertimecafe.hu\/termek\/ossiarch-bonereapers-null-myriad-phalanx\/"]}]},{"@type":"ImageObject","inLanguage":"en-US","@id":"https:\/\/hammertimecafe.hu\/termek\/ossiarch-bonereapers-null-myriad-phalanx\/#primaryimage","url":"https:\/\/hammertimecafe.hu\/app\/uploads\/2026\/04\/Ossiarch-Bonereapers-Null-Myriad-Phalanx.jpg","contentUrl":"https:\/\/hammertimecafe.hu\/app\/uploads\/2026\/04\/Ossiarch-Bonereapers-Null-Myriad-Phalanx.jpg","width":1840,"height":1900,"caption":"Ossiarch Bonereapers Null Myriad Phalanx"},{"@type":"BreadcrumbList","@id":"https:\/\/hammertimecafe.hu\/termek\/ossiarch-bonereapers-null-myriad-phalanx\/#breadcrumb","itemListElement":[{"@type":"ListItem","position":1,"name":"Home","item":"https:\/\/hammertimecafe.hu\/"},{"@type":"ListItem","position":2,"name":"Shop","item":"https:\/\/hammertimecafe.hu\/uzlet\/"},{"@type":"ListItem","position":3,"name":"OSSIARCH BONEREAPERS: NULL MYRIAD PHALANX"}]},{"@type":"WebSite","@id":"https:\/\/hammertimecafe.hu\/#website","url":"https:\/\/hammertimecafe.hu\/","name":"Hammertimecafe","description":"The Official Website and Webshop of HammerTime Cafe.","publisher":{"@id":"https:\/\/hammertimecafe.hu\/#organization"},"potentialAction":[{"@type":"SearchAction","target":{"@type":"EntryPoint","urlTemplate":"https:\/\/hammertimecafe.hu\/?s={search_term_string}"},"query-input":{"@type":"PropertyValueSpecification","valueRequired":true,"valueName":"search_term_string"}}],"inLanguage":"en-US"},{"@type":"Organization","@id":"https:\/\/hammertimecafe.hu\/#organization","name":"Hammertimecafe","url":"https:\/\/hammertimecafe.hu\/","logo":{"@type":"ImageObject","inLanguage":"en-US","@id":"https:\/\/hammertimecafe.hu\/#\/schema\/logo\/image\/","url":"https:\/\/htcwoo.test\/app\/uploads\/2025\/08\/logo_of_htc.png","contentUrl":"https:\/\/htcwoo.test\/app\/uploads\/2025\/08\/logo_of_htc.png","width":166,"height":73,"caption":"Hammertimecafe"},"image":{"@id":"https:\/\/hammertimecafe.hu\/#\/schema\/logo\/image\/"}}]}},"_links":{"self":[{"href":"https:\/\/hammertimecafe.hu\/en\/wp-json\/wp\/v2\/product\/29058","targetHints":{"allow":["GET"]}}],"collection":[{"href":"https:\/\/hammertimecafe.hu\/en\/wp-json\/wp\/v2\/product"}],"about":[{"href":"https:\/\/hammertimecafe.hu\/en\/wp-json\/wp\/v2\/types\/product"}],"replies":[{"embeddable":true,"href":"https:\/\/hammertimecafe.hu\/en\/wp-json\/wp\/v2\/comments?post=29058"}],"wp:featuredmedia":[{"embeddable":true,"href":"https:\/\/hammertimecafe.hu\/en\/wp-json\/wp\/v2\/media\/29056"}],"wp:attachment":[{"href":"https:\/\/hammertimecafe.hu\/en\/wp-json\/wp\/v2\/media?parent=29058"}],"wp:term":[{"taxonomy":"product_brand","embeddable":true,"href":"https:\/\/hammertimecafe.hu\/en\/wp-json\/wp\/v2\/product_brand?post=29058"},{"taxonomy":"product_cat","embeddable":true,"href":"https:\/\/hammertimecafe.hu\/en\/wp-json\/wp\/v2\/product_cat?post=29058"},{"taxonomy":"product_tag","embeddable":true,"href":"https:\/\/hammertimecafe.hu\/en\/wp-json\/wp\/v2\/product_tag?post=29058"}],"curies":[{"name":"wp","href":"https:\/\/api.w.org\/{rel}","templated":true}]}}