{"id":29102,"date":"2026-04-25T10:21:12","date_gmt":"2026-04-25T08:21:12","guid":{"rendered":"https:\/\/hammertimecafe.hu\/?post_type=product&#038;p=29102"},"modified":"2026-04-25T10:21:14","modified_gmt":"2026-04-25T08:21:14","slug":"armageddon-battalion-orks","status":"publish","type":"product","link":"https:\/\/hammertimecafe.hu\/en\/product\/armageddon-battalion-orks\/","title":{"rendered":"ARMAGEDDON BATTALION: ORKS"},"content":{"rendered":"<p>Az ARMAGEDDON BATTALION: ORKS egy brut\u00e1lisan gyors \u00e9s puszt\u00edt\u00f3 Ork csomag, amely a Speedwaaagh! erej\u00e9t hozza el a csatat\u00e9rre. Az ARMAGEDDON BATTALION: ORKS t\u00f6k\u00e9letes v\u00e1laszt\u00e1s minden j\u00e1t\u00e9kos sz\u00e1m\u00e1ra, aki agressz\u00edv \u00e9s mobil hadsereget szeretne ir\u00e1ny\u00edtani.<\/p>\n<p>A k\u00e9szlet hat Deffkopt\u00e1t, egy Rukkatrukk Squigbuggy-t \u00e9s egy Deffkilla Wartrike-ot tartalmaz. Az ARMAGEDDON BATTALION: ORKS \u00edgy egy teljes sebess\u00e9gre \u00e9p\u00fcl\u0151 t\u00e1mad\u00f3 er\u0151t biztos\u00edt.<\/p>\n<p>A Deffkopt\u00e1k gyors rajta\u00fct\u00e9sekre k\u00e9pesek, m\u00edg a Squigbuggy robban\u00f3 l\u00e9nyeket l\u0151 ki az ellens\u00e9gre. Az ARMAGEDDON BATTALION: ORKS a k\u00e1osz \u00e9s puszt\u00edt\u00e1s t\u00f6k\u00e9letes eszk\u00f6ze.<\/p>\n<p>A Wartrike egy Warboss vezet\u00e9s\u00e9vel rohan a csat\u00e1ba, maxim\u00e1lis sebess\u00e9ggel. Az ARMAGEDDON BATTALION: ORKS ide\u00e1lis v\u00e1laszt\u00e1s a Speedwaaagh! strat\u00e9gi\u00e1khoz \u00e9s l\u00e1tv\u00e1nyos j\u00e1t\u00e9khoz.<\/p>\n<p>The miniatures require assembly and painting.<br \/>\nProduct language: English.<br \/>\nAz el\u0151rendel\u00e9si peri\u00f3dus 2026. 04. 25-\u00e9n indul, a term\u00e9k 2026. 05. 09-t\u0151l vehet\u0151 \u00e1t.<br \/>\nA term\u00e9k limit\u00e1lt, \u00edgy a rendel\u00e9seket \u00e9rkez\u00e9si sorrend szerint szolg\u00e1ljuk ki.<\/p>","protected":false},"excerpt":{"rendered":"<p>Az ARMAGEDDON BATTALION: ORKS egy brut\u00e1lisan gyors \u00e9s puszt\u00edt\u00f3 Ork csomag, amely a Speedwaaagh! erej\u00e9t hozza el a csatat\u00e9rre. Az ARMAGEDDON BATTALION: ORKS t\u00f6k\u00e9letes v\u00e1laszt\u00e1s minden j\u00e1t\u00e9kos sz\u00e1m\u00e1ra, aki agressz\u00edv \u00e9s mobil hadsereget szeretne ir\u00e1ny\u00edtani.<\/p>","protected":false},"featured_media":29184,"comment_status":"open","ping_status":"closed","template":"","meta":{"_acf_changed":false},"product_brand":[46],"product_cat":[107,19,249,251],"product_tag":[],"class_list":{"0":"post-29102","1":"product","2":"type-product","3":"status-publish","4":"has-post-thumbnail","6":"product_brand-games-workshop","7":"product_cat-orks","8":"product_cat-wargame","9":"product_cat-warhammer-40-000-wargame","10":"product_cat-xenos-armies","12":"first","13":"onbackorder","14":"sale","15":"taxable","16":"shipping-taxable","17":"purchasable","18":"product-type-simple"},"acf":[],"yoast_head":"<!-- This site is optimized with the Yoast SEO Premium plugin v25.6 (Yoast SEO v25.6) - https:\/\/yoast.com\/wordpress\/plugins\/seo\/ -->\n<title>ARMAGEDDON BATTALION: ORKS - HammerTime Cafe Webshop<\/title>\n<meta name=\"description\" content=\"ARMAGEDDON BATTALION: ORKS gyors Ork egys\u00e9gek Deffkopt\u00e1kkal \u00e9s Wartrike-kal Warhammer 40,000 csat\u00e1khoz.\" \/>\n<meta name=\"robots\" content=\"index, follow, max-snippet:-1, max-image-preview:large, max-video-preview:-1\" \/>\n<link rel=\"canonical\" href=\"https:\/\/hammertimecafe.hu\/en\/product\/armageddon-battalion-orks\/\" \/>\n<meta property=\"og:locale\" content=\"en_US\" \/>\n<meta property=\"og:type\" content=\"article\" \/>\n<meta property=\"og:title\" content=\"ARMAGEDDON BATTALION: ORKS\" \/>\n<meta property=\"og:description\" content=\"ARMAGEDDON BATTALION: ORKS gyors Ork egys\u00e9gek Deffkopt\u00e1kkal \u00e9s Wartrike-kal Warhammer 40,000 csat\u00e1khoz.\" \/>\n<meta property=\"og:url\" content=\"https:\/\/hammertimecafe.hu\/en\/product\/armageddon-battalion-orks\/\" \/>\n<meta property=\"og:site_name\" content=\"HammerTime Cafe Webshop\" \/>\n<meta property=\"article:modified_time\" content=\"2026-04-25T08:21:14+00:00\" \/>\n<meta property=\"og:image\" content=\"https:\/\/hammertimecafe.hu\/app\/uploads\/2026\/04\/Armageddon-Battalion-Orks.jpg\" \/>\n\t<meta property=\"og:image:width\" content=\"1840\" \/>\n\t<meta property=\"og:image:height\" content=\"1900\" \/>\n\t<meta property=\"og:image:type\" content=\"image\/jpeg\" \/>\n<meta name=\"twitter:card\" content=\"summary_large_image\" \/>\n<meta name=\"twitter:label1\" content=\"Est. reading time\" \/>\n\t<meta name=\"twitter:data1\" content=\"1 minute\" \/>\n<script type=\"application\/ld+json\" class=\"yoast-schema-graph\">{\"@context\":\"https:\/\/schema.org\",\"@graph\":[{\"@type\":\"WebPage\",\"@id\":\"https:\/\/hammertimecafe.hu\/termek\/armageddon-battalion-orks\/\",\"url\":\"https:\/\/hammertimecafe.hu\/termek\/armageddon-battalion-orks\/\",\"name\":\"ARMAGEDDON BATTALION: ORKS - HammerTime Cafe Webshop\",\"isPartOf\":{\"@id\":\"https:\/\/hammertimecafe.hu\/#website\"},\"primaryImageOfPage\":{\"@id\":\"https:\/\/hammertimecafe.hu\/termek\/armageddon-battalion-orks\/#primaryimage\"},\"image\":{\"@id\":\"https:\/\/hammertimecafe.hu\/termek\/armageddon-battalion-orks\/#primaryimage\"},\"thumbnailUrl\":\"https:\/\/hammertimecafe.hu\/app\/uploads\/2026\/04\/Armageddon-Battalion-Orks.jpg\",\"datePublished\":\"2026-04-25T08:21:12+00:00\",\"dateModified\":\"2026-04-25T08:21:14+00:00\",\"description\":\"ARMAGEDDON BATTALION: ORKS gyors Ork egys\u00e9gek Deffkopt\u00e1kkal \u00e9s Wartrike-kal Warhammer 40,000 csat\u00e1khoz.\",\"breadcrumb\":{\"@id\":\"https:\/\/hammertimecafe.hu\/termek\/armageddon-battalion-orks\/#breadcrumb\"},\"inLanguage\":\"en-US\",\"potentialAction\":[{\"@type\":\"ReadAction\",\"target\":[\"https:\/\/hammertimecafe.hu\/termek\/armageddon-battalion-orks\/\"]}]},{\"@type\":\"ImageObject\",\"inLanguage\":\"en-US\",\"@id\":\"https:\/\/hammertimecafe.hu\/termek\/armageddon-battalion-orks\/#primaryimage\",\"url\":\"https:\/\/hammertimecafe.hu\/app\/uploads\/2026\/04\/Armageddon-Battalion-Orks.jpg\",\"contentUrl\":\"https:\/\/hammertimecafe.hu\/app\/uploads\/2026\/04\/Armageddon-Battalion-Orks.jpg\",\"width\":1840,\"height\":1900,\"caption\":\"Armageddon Battalion Orks\"},{\"@type\":\"BreadcrumbList\",\"@id\":\"https:\/\/hammertimecafe.hu\/termek\/armageddon-battalion-orks\/#breadcrumb\",\"itemListElement\":[{\"@type\":\"ListItem\",\"position\":1,\"name\":\"Home\",\"item\":\"https:\/\/hammertimecafe.hu\/\"},{\"@type\":\"ListItem\",\"position\":2,\"name\":\"Shop\",\"item\":\"https:\/\/hammertimecafe.hu\/uzlet\/\"},{\"@type\":\"ListItem\",\"position\":3,\"name\":\"ARMAGEDDON BATTALION: ORKS\"}]},{\"@type\":\"WebSite\",\"@id\":\"https:\/\/hammertimecafe.hu\/#website\",\"url\":\"https:\/\/hammertimecafe.hu\/\",\"name\":\"Hammertimecafe\",\"description\":\"A HammerTime Cafe Hivatalos Weboldala \u00e9s Webshopja.\",\"publisher\":{\"@id\":\"https:\/\/hammertimecafe.hu\/#organization\"},\"potentialAction\":[{\"@type\":\"SearchAction\",\"target\":{\"@type\":\"EntryPoint\",\"urlTemplate\":\"https:\/\/hammertimecafe.hu\/?s={search_term_string}\"},\"query-input\":{\"@type\":\"PropertyValueSpecification\",\"valueRequired\":true,\"valueName\":\"search_term_string\"}}],\"inLanguage\":\"en-US\"},{\"@type\":\"Organization\",\"@id\":\"https:\/\/hammertimecafe.hu\/#organization\",\"name\":\"Hammertimecafe\",\"url\":\"https:\/\/hammertimecafe.hu\/\",\"logo\":{\"@type\":\"ImageObject\",\"inLanguage\":\"en-US\",\"@id\":\"https:\/\/hammertimecafe.hu\/#\/schema\/logo\/image\/\",\"url\":\"https:\/\/htcwoo.test\/app\/uploads\/2025\/08\/logo_of_htc.png\",\"contentUrl\":\"https:\/\/htcwoo.test\/app\/uploads\/2025\/08\/logo_of_htc.png\",\"width\":166,\"height\":73,\"caption\":\"Hammertimecafe\"},\"image\":{\"@id\":\"https:\/\/hammertimecafe.hu\/#\/schema\/logo\/image\/\"}}]}<\/script>\n<!-- \/ Yoast SEO Premium plugin. -->","yoast_head_json":{"title":"ARMAGEDDON BATTALION: ORKS - HammerTime Cafe Webshop","description":"ARMAGEDDON BATTALION: ORKS gyors Ork egys\u00e9gek Deffkopt\u00e1kkal \u00e9s Wartrike-kal Warhammer 40,000 csat\u00e1khoz.","robots":{"index":"index","follow":"follow","max-snippet":"max-snippet:-1","max-image-preview":"max-image-preview:large","max-video-preview":"max-video-preview:-1"},"canonical":"https:\/\/hammertimecafe.hu\/en\/product\/armageddon-battalion-orks\/","og_locale":"en_US","og_type":"article","og_title":"ARMAGEDDON BATTALION: ORKS","og_description":"ARMAGEDDON BATTALION: ORKS gyors Ork egys\u00e9gek Deffkopt\u00e1kkal \u00e9s Wartrike-kal Warhammer 40,000 csat\u00e1khoz.","og_url":"https:\/\/hammertimecafe.hu\/en\/product\/armageddon-battalion-orks\/","og_site_name":"HammerTime Cafe Webshop","article_modified_time":"2026-04-25T08:21:14+00:00","og_image":[{"width":1840,"height":1900,"url":"https:\/\/hammertimecafe.hu\/app\/uploads\/2026\/04\/Armageddon-Battalion-Orks.jpg","type":"image\/jpeg"}],"twitter_card":"summary_large_image","twitter_misc":{"Est. reading time":"1 minute"},"schema":{"@context":"https:\/\/schema.org","@graph":[{"@type":"WebPage","@id":"https:\/\/hammertimecafe.hu\/termek\/armageddon-battalion-orks\/","url":"https:\/\/hammertimecafe.hu\/termek\/armageddon-battalion-orks\/","name":"ARMAGEDDON BATTALION: ORKS - HammerTime Cafe Webshop","isPartOf":{"@id":"https:\/\/hammertimecafe.hu\/#website"},"primaryImageOfPage":{"@id":"https:\/\/hammertimecafe.hu\/termek\/armageddon-battalion-orks\/#primaryimage"},"image":{"@id":"https:\/\/hammertimecafe.hu\/termek\/armageddon-battalion-orks\/#primaryimage"},"thumbnailUrl":"https:\/\/hammertimecafe.hu\/app\/uploads\/2026\/04\/Armageddon-Battalion-Orks.jpg","datePublished":"2026-04-25T08:21:12+00:00","dateModified":"2026-04-25T08:21:14+00:00","description":"ARMAGEDDON BATTALION: ORKS gyors Ork egys\u00e9gek Deffkopt\u00e1kkal \u00e9s Wartrike-kal Warhammer 40,000 csat\u00e1khoz.","breadcrumb":{"@id":"https:\/\/hammertimecafe.hu\/termek\/armageddon-battalion-orks\/#breadcrumb"},"inLanguage":"en-US","potentialAction":[{"@type":"ReadAction","target":["https:\/\/hammertimecafe.hu\/termek\/armageddon-battalion-orks\/"]}]},{"@type":"ImageObject","inLanguage":"en-US","@id":"https:\/\/hammertimecafe.hu\/termek\/armageddon-battalion-orks\/#primaryimage","url":"https:\/\/hammertimecafe.hu\/app\/uploads\/2026\/04\/Armageddon-Battalion-Orks.jpg","contentUrl":"https:\/\/hammertimecafe.hu\/app\/uploads\/2026\/04\/Armageddon-Battalion-Orks.jpg","width":1840,"height":1900,"caption":"Armageddon Battalion Orks"},{"@type":"BreadcrumbList","@id":"https:\/\/hammertimecafe.hu\/termek\/armageddon-battalion-orks\/#breadcrumb","itemListElement":[{"@type":"ListItem","position":1,"name":"Home","item":"https:\/\/hammertimecafe.hu\/"},{"@type":"ListItem","position":2,"name":"Shop","item":"https:\/\/hammertimecafe.hu\/uzlet\/"},{"@type":"ListItem","position":3,"name":"ARMAGEDDON BATTALION: ORKS"}]},{"@type":"WebSite","@id":"https:\/\/hammertimecafe.hu\/#website","url":"https:\/\/hammertimecafe.hu\/","name":"Hammertimecafe","description":"The Official Website and Webshop of HammerTime Cafe.","publisher":{"@id":"https:\/\/hammertimecafe.hu\/#organization"},"potentialAction":[{"@type":"SearchAction","target":{"@type":"EntryPoint","urlTemplate":"https:\/\/hammertimecafe.hu\/?s={search_term_string}"},"query-input":{"@type":"PropertyValueSpecification","valueRequired":true,"valueName":"search_term_string"}}],"inLanguage":"en-US"},{"@type":"Organization","@id":"https:\/\/hammertimecafe.hu\/#organization","name":"Hammertimecafe","url":"https:\/\/hammertimecafe.hu\/","logo":{"@type":"ImageObject","inLanguage":"en-US","@id":"https:\/\/hammertimecafe.hu\/#\/schema\/logo\/image\/","url":"https:\/\/htcwoo.test\/app\/uploads\/2025\/08\/logo_of_htc.png","contentUrl":"https:\/\/htcwoo.test\/app\/uploads\/2025\/08\/logo_of_htc.png","width":166,"height":73,"caption":"Hammertimecafe"},"image":{"@id":"https:\/\/hammertimecafe.hu\/#\/schema\/logo\/image\/"}}]}},"_links":{"self":[{"href":"https:\/\/hammertimecafe.hu\/en\/wp-json\/wp\/v2\/product\/29102","targetHints":{"allow":["GET"]}}],"collection":[{"href":"https:\/\/hammertimecafe.hu\/en\/wp-json\/wp\/v2\/product"}],"about":[{"href":"https:\/\/hammertimecafe.hu\/en\/wp-json\/wp\/v2\/types\/product"}],"replies":[{"embeddable":true,"href":"https:\/\/hammertimecafe.hu\/en\/wp-json\/wp\/v2\/comments?post=29102"}],"wp:featuredmedia":[{"embeddable":true,"href":"https:\/\/hammertimecafe.hu\/en\/wp-json\/wp\/v2\/media\/29184"}],"wp:attachment":[{"href":"https:\/\/hammertimecafe.hu\/en\/wp-json\/wp\/v2\/media?parent=29102"}],"wp:term":[{"taxonomy":"product_brand","embeddable":true,"href":"https:\/\/hammertimecafe.hu\/en\/wp-json\/wp\/v2\/product_brand?post=29102"},{"taxonomy":"product_cat","embeddable":true,"href":"https:\/\/hammertimecafe.hu\/en\/wp-json\/wp\/v2\/product_cat?post=29102"},{"taxonomy":"product_tag","embeddable":true,"href":"https:\/\/hammertimecafe.hu\/en\/wp-json\/wp\/v2\/product_tag?post=29102"}],"curies":[{"name":"wp","href":"https:\/\/api.w.org\/{rel}","templated":true}]}}