{"id":29106,"date":"2026-04-25T10:21:00","date_gmt":"2026-04-25T08:21:00","guid":{"rendered":"https:\/\/hammertimecafe.hu\/?post_type=product&#038;p=29106"},"modified":"2026-04-25T12:43:29","modified_gmt":"2026-04-25T10:43:29","slug":"astra-militarum-commissar-yarrick","status":"publish","type":"product","link":"https:\/\/hammertimecafe.hu\/en\/product\/astra-militarum-commissar-yarrick\/","title":{"rendered":"ASTRA MILITARUM: COMMISSAR YARRICK"},"content":{"rendered":"<p>Az ASTRA MILITARUM: COMMISSAR YARRICK visszat\u00e9rt, hogy ism\u00e9t szembesz\u00e1lljon a galaxis legnagyobb fenyeget\u00e9seivel. Az ASTRA MILITARUM: COMMISSAR YARRICK t\u00f6k\u00e9letes v\u00e1laszt\u00e1s minden j\u00e1t\u00e9kos sz\u00e1m\u00e1ra, aki legend\u00e1s parancsnokot keres hadsereg\u00e9be.<\/p>\n<p>Commissar Sebastian Yarrick nemcsak vezet\u0151k\u00e9nt, hanem harcosk\u00e9nt is kiemelked\u0151. Az ASTRA MILITARUM: COMMISSAR YARRICK ikonikus power klaw fegyver\u00e9vel k\u00e9pes ak\u00e1r a leger\u0151sebb ellenfeleket is legy\u0151zni.<\/p>\n<p>K\u00e9pess\u00e9gei lehet\u0151v\u00e9 teszik, hogy hat\u00e9konyan ir\u00e1ny\u00edtsa az Astra Militarum egys\u00e9geit a csatat\u00e9ren. Az ASTRA MILITARUM: COMMISSAR YARRICK inspir\u00e1l\u00f3 jelenl\u00e9te jelent\u0151s el\u0151nyt biztos\u00edt.<\/p>\n<p>Ez a karakter ide\u00e1lis v\u00e1laszt\u00e1s a frontvonal vezet\u00e9s\u00e9re \u00e9s az ellens\u00e9g bajnokainak legy\u0151z\u00e9s\u00e9re. Az ASTRA MILITARUM: COMMISSAR YARRICK k\u00f6telez\u0151 darab minden Warhammer 40,000 gy\u0171jtem\u00e9nyben.<\/p>\n<p>The miniatures require assembly and painting.<br \/>\nProduct language: English.<br \/>\nAz el\u0151rendel\u00e9si peri\u00f3dus 2026. 04. 25-\u00e9n indul, a term\u00e9k 2026. 05. 09-t\u0151l vehet\u0151 \u00e1t.<\/p>","protected":false},"excerpt":{"rendered":"<p>Az ASTRA MILITARUM: COMMISSAR YARRICK visszat\u00e9rt, hogy ism\u00e9t szembesz\u00e1lljon a galaxis legnagyobb fenyeget\u00e9seivel. Az ASTRA MILITARUM: COMMISSAR YARRICK t\u00f6k\u00e9letes v\u00e1laszt\u00e1s minden j\u00e1t\u00e9kos sz\u00e1m\u00e1ra, aki legend\u00e1s parancsnokot keres hadsereg\u00e9be.<\/p>","protected":false},"featured_media":29188,"comment_status":"open","ping_status":"closed","template":"","meta":{"_acf_changed":false},"product_brand":[46],"product_cat":[255,109,19,249],"product_tag":[],"class_list":{"0":"post-29106","1":"product","2":"type-product","3":"status-publish","4":"has-post-thumbnail","6":"product_brand-games-workshop","7":"product_cat-armies-of-the-imperium","8":"product_cat-astra-militarum","9":"product_cat-wargame","10":"product_cat-warhammer-40-000-wargame","12":"first","13":"onbackorder","14":"sale","15":"taxable","16":"shipping-taxable","17":"purchasable","18":"product-type-simple"},"acf":[],"yoast_head":"<!-- This site is optimized with the Yoast SEO Premium plugin v25.6 (Yoast SEO v25.6) - https:\/\/yoast.com\/wordpress\/plugins\/seo\/ -->\n<title>ASTRA MILITARUM: COMMISSAR YARRICK - HammerTime Cafe Webshop<\/title>\n<meta name=\"description\" content=\"ASTRA MILITARUM: COMMISSAR YARRICK ikonikus h\u0151s er\u0151s k\u00e9pess\u00e9gekkel \u00e9s power klaw-val Warhammer 40,000 seregekhez.\" \/>\n<meta name=\"robots\" content=\"index, follow, max-snippet:-1, max-image-preview:large, max-video-preview:-1\" \/>\n<link rel=\"canonical\" href=\"https:\/\/hammertimecafe.hu\/en\/product\/astra-militarum-commissar-yarrick\/\" \/>\n<meta property=\"og:locale\" content=\"en_US\" \/>\n<meta property=\"og:type\" content=\"article\" \/>\n<meta property=\"og:title\" content=\"ASTRA MILITARUM: COMMISSAR YARRICK\" \/>\n<meta property=\"og:description\" content=\"ASTRA MILITARUM: COMMISSAR YARRICK ikonikus h\u0151s er\u0151s k\u00e9pess\u00e9gekkel \u00e9s power klaw-val Warhammer 40,000 seregekhez.\" \/>\n<meta property=\"og:url\" content=\"https:\/\/hammertimecafe.hu\/en\/product\/astra-militarum-commissar-yarrick\/\" \/>\n<meta property=\"og:site_name\" content=\"HammerTime Cafe Webshop\" \/>\n<meta property=\"article:modified_time\" content=\"2026-04-25T10:43:29+00:00\" \/>\n<meta property=\"og:image\" content=\"https:\/\/hammertimecafe.hu\/app\/uploads\/2026\/04\/Astra-Militarum-Commissar-Yarrick.jpg\" \/>\n\t<meta property=\"og:image:width\" content=\"1840\" \/>\n\t<meta property=\"og:image:height\" content=\"1900\" \/>\n\t<meta property=\"og:image:type\" content=\"image\/jpeg\" \/>\n<meta name=\"twitter:card\" content=\"summary_large_image\" \/>\n<meta name=\"twitter:label1\" content=\"Est. reading time\" \/>\n\t<meta name=\"twitter:data1\" content=\"1 minute\" \/>\n<script type=\"application\/ld+json\" class=\"yoast-schema-graph\">{\"@context\":\"https:\/\/schema.org\",\"@graph\":[{\"@type\":\"WebPage\",\"@id\":\"https:\/\/hammertimecafe.hu\/termek\/astra-militarum-commissar-yarrick\/\",\"url\":\"https:\/\/hammertimecafe.hu\/termek\/astra-militarum-commissar-yarrick\/\",\"name\":\"ASTRA MILITARUM: COMMISSAR YARRICK - HammerTime Cafe Webshop\",\"isPartOf\":{\"@id\":\"https:\/\/hammertimecafe.hu\/#website\"},\"primaryImageOfPage\":{\"@id\":\"https:\/\/hammertimecafe.hu\/termek\/astra-militarum-commissar-yarrick\/#primaryimage\"},\"image\":{\"@id\":\"https:\/\/hammertimecafe.hu\/termek\/astra-militarum-commissar-yarrick\/#primaryimage\"},\"thumbnailUrl\":\"https:\/\/hammertimecafe.hu\/app\/uploads\/2026\/04\/Astra-Militarum-Commissar-Yarrick.jpg\",\"datePublished\":\"2026-04-25T08:21:00+00:00\",\"dateModified\":\"2026-04-25T10:43:29+00:00\",\"description\":\"ASTRA MILITARUM: COMMISSAR YARRICK ikonikus h\u0151s er\u0151s k\u00e9pess\u00e9gekkel \u00e9s power klaw-val Warhammer 40,000 seregekhez.\",\"breadcrumb\":{\"@id\":\"https:\/\/hammertimecafe.hu\/termek\/astra-militarum-commissar-yarrick\/#breadcrumb\"},\"inLanguage\":\"en-US\",\"potentialAction\":[{\"@type\":\"ReadAction\",\"target\":[\"https:\/\/hammertimecafe.hu\/termek\/astra-militarum-commissar-yarrick\/\"]}]},{\"@type\":\"ImageObject\",\"inLanguage\":\"en-US\",\"@id\":\"https:\/\/hammertimecafe.hu\/termek\/astra-militarum-commissar-yarrick\/#primaryimage\",\"url\":\"https:\/\/hammertimecafe.hu\/app\/uploads\/2026\/04\/Astra-Militarum-Commissar-Yarrick.jpg\",\"contentUrl\":\"https:\/\/hammertimecafe.hu\/app\/uploads\/2026\/04\/Astra-Militarum-Commissar-Yarrick.jpg\",\"width\":1840,\"height\":1900,\"caption\":\"Astra Militarum Commissar Yarrick\"},{\"@type\":\"BreadcrumbList\",\"@id\":\"https:\/\/hammertimecafe.hu\/termek\/astra-militarum-commissar-yarrick\/#breadcrumb\",\"itemListElement\":[{\"@type\":\"ListItem\",\"position\":1,\"name\":\"Home\",\"item\":\"https:\/\/hammertimecafe.hu\/\"},{\"@type\":\"ListItem\",\"position\":2,\"name\":\"Shop\",\"item\":\"https:\/\/hammertimecafe.hu\/uzlet\/\"},{\"@type\":\"ListItem\",\"position\":3,\"name\":\"ASTRA MILITARUM: COMMISSAR YARRICK\"}]},{\"@type\":\"WebSite\",\"@id\":\"https:\/\/hammertimecafe.hu\/#website\",\"url\":\"https:\/\/hammertimecafe.hu\/\",\"name\":\"Hammertimecafe\",\"description\":\"A HammerTime Cafe Hivatalos Weboldala \u00e9s Webshopja.\",\"publisher\":{\"@id\":\"https:\/\/hammertimecafe.hu\/#organization\"},\"potentialAction\":[{\"@type\":\"SearchAction\",\"target\":{\"@type\":\"EntryPoint\",\"urlTemplate\":\"https:\/\/hammertimecafe.hu\/?s={search_term_string}\"},\"query-input\":{\"@type\":\"PropertyValueSpecification\",\"valueRequired\":true,\"valueName\":\"search_term_string\"}}],\"inLanguage\":\"en-US\"},{\"@type\":\"Organization\",\"@id\":\"https:\/\/hammertimecafe.hu\/#organization\",\"name\":\"Hammertimecafe\",\"url\":\"https:\/\/hammertimecafe.hu\/\",\"logo\":{\"@type\":\"ImageObject\",\"inLanguage\":\"en-US\",\"@id\":\"https:\/\/hammertimecafe.hu\/#\/schema\/logo\/image\/\",\"url\":\"https:\/\/htcwoo.test\/app\/uploads\/2025\/08\/logo_of_htc.png\",\"contentUrl\":\"https:\/\/htcwoo.test\/app\/uploads\/2025\/08\/logo_of_htc.png\",\"width\":166,\"height\":73,\"caption\":\"Hammertimecafe\"},\"image\":{\"@id\":\"https:\/\/hammertimecafe.hu\/#\/schema\/logo\/image\/\"}}]}<\/script>\n<!-- \/ Yoast SEO Premium plugin. -->","yoast_head_json":{"title":"ASTRA MILITARUM: COMMISSAR YARRICK - HammerTime Cafe Webshop","description":"ASTRA MILITARUM: COMMISSAR YARRICK ikonikus h\u0151s er\u0151s k\u00e9pess\u00e9gekkel \u00e9s power klaw-val Warhammer 40,000 seregekhez.","robots":{"index":"index","follow":"follow","max-snippet":"max-snippet:-1","max-image-preview":"max-image-preview:large","max-video-preview":"max-video-preview:-1"},"canonical":"https:\/\/hammertimecafe.hu\/en\/product\/astra-militarum-commissar-yarrick\/","og_locale":"en_US","og_type":"article","og_title":"ASTRA MILITARUM: COMMISSAR YARRICK","og_description":"ASTRA MILITARUM: COMMISSAR YARRICK ikonikus h\u0151s er\u0151s k\u00e9pess\u00e9gekkel \u00e9s power klaw-val Warhammer 40,000 seregekhez.","og_url":"https:\/\/hammertimecafe.hu\/en\/product\/astra-militarum-commissar-yarrick\/","og_site_name":"HammerTime Cafe Webshop","article_modified_time":"2026-04-25T10:43:29+00:00","og_image":[{"width":1840,"height":1900,"url":"https:\/\/hammertimecafe.hu\/app\/uploads\/2026\/04\/Astra-Militarum-Commissar-Yarrick.jpg","type":"image\/jpeg"}],"twitter_card":"summary_large_image","twitter_misc":{"Est. reading time":"1 minute"},"schema":{"@context":"https:\/\/schema.org","@graph":[{"@type":"WebPage","@id":"https:\/\/hammertimecafe.hu\/termek\/astra-militarum-commissar-yarrick\/","url":"https:\/\/hammertimecafe.hu\/termek\/astra-militarum-commissar-yarrick\/","name":"ASTRA MILITARUM: COMMISSAR YARRICK - HammerTime Cafe Webshop","isPartOf":{"@id":"https:\/\/hammertimecafe.hu\/#website"},"primaryImageOfPage":{"@id":"https:\/\/hammertimecafe.hu\/termek\/astra-militarum-commissar-yarrick\/#primaryimage"},"image":{"@id":"https:\/\/hammertimecafe.hu\/termek\/astra-militarum-commissar-yarrick\/#primaryimage"},"thumbnailUrl":"https:\/\/hammertimecafe.hu\/app\/uploads\/2026\/04\/Astra-Militarum-Commissar-Yarrick.jpg","datePublished":"2026-04-25T08:21:00+00:00","dateModified":"2026-04-25T10:43:29+00:00","description":"ASTRA MILITARUM: COMMISSAR YARRICK ikonikus h\u0151s er\u0151s k\u00e9pess\u00e9gekkel \u00e9s power klaw-val Warhammer 40,000 seregekhez.","breadcrumb":{"@id":"https:\/\/hammertimecafe.hu\/termek\/astra-militarum-commissar-yarrick\/#breadcrumb"},"inLanguage":"en-US","potentialAction":[{"@type":"ReadAction","target":["https:\/\/hammertimecafe.hu\/termek\/astra-militarum-commissar-yarrick\/"]}]},{"@type":"ImageObject","inLanguage":"en-US","@id":"https:\/\/hammertimecafe.hu\/termek\/astra-militarum-commissar-yarrick\/#primaryimage","url":"https:\/\/hammertimecafe.hu\/app\/uploads\/2026\/04\/Astra-Militarum-Commissar-Yarrick.jpg","contentUrl":"https:\/\/hammertimecafe.hu\/app\/uploads\/2026\/04\/Astra-Militarum-Commissar-Yarrick.jpg","width":1840,"height":1900,"caption":"Astra Militarum Commissar Yarrick"},{"@type":"BreadcrumbList","@id":"https:\/\/hammertimecafe.hu\/termek\/astra-militarum-commissar-yarrick\/#breadcrumb","itemListElement":[{"@type":"ListItem","position":1,"name":"Home","item":"https:\/\/hammertimecafe.hu\/"},{"@type":"ListItem","position":2,"name":"Shop","item":"https:\/\/hammertimecafe.hu\/uzlet\/"},{"@type":"ListItem","position":3,"name":"ASTRA MILITARUM: COMMISSAR YARRICK"}]},{"@type":"WebSite","@id":"https:\/\/hammertimecafe.hu\/#website","url":"https:\/\/hammertimecafe.hu\/","name":"Hammertimecafe","description":"The Official Website and Webshop of HammerTime Cafe.","publisher":{"@id":"https:\/\/hammertimecafe.hu\/#organization"},"potentialAction":[{"@type":"SearchAction","target":{"@type":"EntryPoint","urlTemplate":"https:\/\/hammertimecafe.hu\/?s={search_term_string}"},"query-input":{"@type":"PropertyValueSpecification","valueRequired":true,"valueName":"search_term_string"}}],"inLanguage":"en-US"},{"@type":"Organization","@id":"https:\/\/hammertimecafe.hu\/#organization","name":"Hammertimecafe","url":"https:\/\/hammertimecafe.hu\/","logo":{"@type":"ImageObject","inLanguage":"en-US","@id":"https:\/\/hammertimecafe.hu\/#\/schema\/logo\/image\/","url":"https:\/\/htcwoo.test\/app\/uploads\/2025\/08\/logo_of_htc.png","contentUrl":"https:\/\/htcwoo.test\/app\/uploads\/2025\/08\/logo_of_htc.png","width":166,"height":73,"caption":"Hammertimecafe"},"image":{"@id":"https:\/\/hammertimecafe.hu\/#\/schema\/logo\/image\/"}}]}},"_links":{"self":[{"href":"https:\/\/hammertimecafe.hu\/en\/wp-json\/wp\/v2\/product\/29106","targetHints":{"allow":["GET"]}}],"collection":[{"href":"https:\/\/hammertimecafe.hu\/en\/wp-json\/wp\/v2\/product"}],"about":[{"href":"https:\/\/hammertimecafe.hu\/en\/wp-json\/wp\/v2\/types\/product"}],"replies":[{"embeddable":true,"href":"https:\/\/hammertimecafe.hu\/en\/wp-json\/wp\/v2\/comments?post=29106"}],"wp:featuredmedia":[{"embeddable":true,"href":"https:\/\/hammertimecafe.hu\/en\/wp-json\/wp\/v2\/media\/29188"}],"wp:attachment":[{"href":"https:\/\/hammertimecafe.hu\/en\/wp-json\/wp\/v2\/media?parent=29106"}],"wp:term":[{"taxonomy":"product_brand","embeddable":true,"href":"https:\/\/hammertimecafe.hu\/en\/wp-json\/wp\/v2\/product_brand?post=29106"},{"taxonomy":"product_cat","embeddable":true,"href":"https:\/\/hammertimecafe.hu\/en\/wp-json\/wp\/v2\/product_cat?post=29106"},{"taxonomy":"product_tag","embeddable":true,"href":"https:\/\/hammertimecafe.hu\/en\/wp-json\/wp\/v2\/product_tag?post=29106"}],"curies":[{"name":"wp","href":"https:\/\/api.w.org\/{rel}","templated":true}]}}