{"id":29109,"date":"2026-04-25T10:20:51","date_gmt":"2026-04-25T08:20:51","guid":{"rendered":"https:\/\/hammertimecafe.hu\/?post_type=product&#038;p=29109"},"modified":"2026-04-25T10:20:54","modified_gmt":"2026-04-25T08:20:54","slug":"imperial-agents-inquisitor-kroyle","status":"publish","type":"product","link":"https:\/\/hammertimecafe.hu\/en\/product\/imperial-agents-inquisitor-kroyle\/","title":{"rendered":"IMPERIAL AGENTS: INQUISITOR KROYLE"},"content":{"rendered":"<p>Az IMPERIAL AGENTS: INQUISITOR KROYLE egy k\u00fcl\u00f6nleges \u00e9s f\u00e9lelmetes karakter, aki az Ordo Xenos nev\u00e9ben vad\u00e1ssza az idegen fenyeget\u00e9seket. Az IMPERIAL AGENTS: INQUISITOR KROYLE ide\u00e1lis v\u00e1laszt\u00e1s minden j\u00e1t\u00e9kos sz\u00e1m\u00e1ra, aki egyedi \u00e9s l\u00e1tv\u00e1nyos h\u0151st keres hadsereg\u00e9be.<\/p>\n<p>Kroyle egyedi Jindarii tox-cycler fegyver\u00e9vel k\u00e9pes hat\u00e9konyan elpuszt\u00edtani az ellens\u00e9ges l\u00e9nyeket. Az IMPERIAL AGENTS: INQUISITOR KROYLE k\u00fcl\u00f6n\u00f6sen vesz\u00e9lyes az idegen monstrumok ellen.<\/p>\n<p>A karakter egy f\u00e9lelmetes Garralisk h\u00e1t\u00e1n lovagol, amely stabil platformot biztos\u00edt a t\u00e1mad\u00e1sokhoz. Az IMPERIAL AGENTS: INQUISITOR KROYLE \u00edgy mobil \u00e9s hal\u00e1los egyszerre.<\/p>\n<p>K\u00fcl\u00f6nleges megjelen\u00e9se \u00e9s egyedi felszerel\u00e9se kiemeli \u0151t a csatat\u00e9ren. Az IMPERIAL AGENTS: INQUISITOR KROYLE t\u00f6k\u00e9letes kieg\u00e9sz\u00edt\u0151 minden Warhammer 40,000 gy\u0171jtem\u00e9nyhez.<\/p>\n<p>The miniatures require assembly and painting.<br \/>\nProduct language: English.<br \/>\nAz el\u0151rendel\u00e9si peri\u00f3dus 2026. 04. 25-\u00e9n indul, a term\u00e9k 2026. 05. 09-t\u0151l vehet\u0151 \u00e1t.<\/p>","protected":false},"excerpt":{"rendered":"<p>Az IMPERIAL AGENTS: INQUISITOR KROYLE egy k\u00fcl\u00f6nleges \u00e9s f\u00e9lelmetes karakter, aki az Ordo Xenos nev\u00e9ben vad\u00e1ssza az idegen fenyeget\u00e9seket. Az IMPERIAL AGENTS: INQUISITOR KROYLE ide\u00e1lis v\u00e1laszt\u00e1s minden j\u00e1t\u00e9kos sz\u00e1m\u00e1ra, aki egyedi \u00e9s l\u00e1tv\u00e1nyos h\u0151st keres hadsereg\u00e9be.<\/p>","protected":false},"featured_media":29191,"comment_status":"open","ping_status":"closed","template":"","meta":{"_acf_changed":false},"product_brand":[46],"product_cat":[255,402,19,249],"product_tag":[],"class_list":{"0":"post-29109","1":"product","2":"type-product","3":"status-publish","4":"has-post-thumbnail","6":"product_brand-games-workshop","7":"product_cat-armies-of-the-imperium","8":"product_cat-imperial-agents","9":"product_cat-wargame","10":"product_cat-warhammer-40-000-wargame","12":"first","13":"onbackorder","14":"sale","15":"taxable","16":"shipping-taxable","17":"purchasable","18":"product-type-simple"},"acf":[],"yoast_head":"<!-- This site is optimized with the Yoast SEO Premium plugin v25.6 (Yoast SEO v25.6) - https:\/\/yoast.com\/wordpress\/plugins\/seo\/ -->\n<title>IMPERIAL AGENTS: INQUISITOR KROYLE - HammerTime Cafe Webshop<\/title>\n<meta name=\"description\" content=\"IMPERIAL AGENTS: INQUISITOR KROYLE k\u00fcl\u00f6nleges karakter egyedi fegyverrel \u00e9s l\u00e9nyen Warhammer 40,000 seregekhez.\" \/>\n<meta name=\"robots\" content=\"index, follow, max-snippet:-1, max-image-preview:large, max-video-preview:-1\" \/>\n<link rel=\"canonical\" href=\"https:\/\/hammertimecafe.hu\/en\/product\/imperial-agents-inquisitor-kroyle\/\" \/>\n<meta property=\"og:locale\" content=\"en_US\" \/>\n<meta property=\"og:type\" content=\"article\" \/>\n<meta property=\"og:title\" content=\"IMPERIAL AGENTS: INQUISITOR KROYLE\" \/>\n<meta property=\"og:description\" content=\"IMPERIAL AGENTS: INQUISITOR KROYLE k\u00fcl\u00f6nleges karakter egyedi fegyverrel \u00e9s l\u00e9nyen Warhammer 40,000 seregekhez.\" \/>\n<meta property=\"og:url\" content=\"https:\/\/hammertimecafe.hu\/en\/product\/imperial-agents-inquisitor-kroyle\/\" \/>\n<meta property=\"og:site_name\" content=\"HammerTime Cafe Webshop\" \/>\n<meta property=\"article:modified_time\" content=\"2026-04-25T08:20:54+00:00\" \/>\n<meta property=\"og:image\" content=\"https:\/\/hammertimecafe.hu\/app\/uploads\/2026\/04\/Imperial-Agents-Inquisitor-Kroyle.jpg\" \/>\n\t<meta property=\"og:image:width\" content=\"1840\" \/>\n\t<meta property=\"og:image:height\" content=\"1900\" \/>\n\t<meta property=\"og:image:type\" content=\"image\/jpeg\" \/>\n<meta name=\"twitter:card\" content=\"summary_large_image\" \/>\n<meta name=\"twitter:label1\" content=\"Est. reading time\" \/>\n\t<meta name=\"twitter:data1\" content=\"1 minute\" \/>\n<script type=\"application\/ld+json\" class=\"yoast-schema-graph\">{\"@context\":\"https:\/\/schema.org\",\"@graph\":[{\"@type\":\"WebPage\",\"@id\":\"https:\/\/hammertimecafe.hu\/termek\/imperial-agents-inquisitor-kroyle\/\",\"url\":\"https:\/\/hammertimecafe.hu\/termek\/imperial-agents-inquisitor-kroyle\/\",\"name\":\"IMPERIAL AGENTS: INQUISITOR KROYLE - HammerTime Cafe Webshop\",\"isPartOf\":{\"@id\":\"https:\/\/hammertimecafe.hu\/#website\"},\"primaryImageOfPage\":{\"@id\":\"https:\/\/hammertimecafe.hu\/termek\/imperial-agents-inquisitor-kroyle\/#primaryimage\"},\"image\":{\"@id\":\"https:\/\/hammertimecafe.hu\/termek\/imperial-agents-inquisitor-kroyle\/#primaryimage\"},\"thumbnailUrl\":\"https:\/\/hammertimecafe.hu\/app\/uploads\/2026\/04\/Imperial-Agents-Inquisitor-Kroyle.jpg\",\"datePublished\":\"2026-04-25T08:20:51+00:00\",\"dateModified\":\"2026-04-25T08:20:54+00:00\",\"description\":\"IMPERIAL AGENTS: INQUISITOR KROYLE k\u00fcl\u00f6nleges karakter egyedi fegyverrel \u00e9s l\u00e9nyen Warhammer 40,000 seregekhez.\",\"breadcrumb\":{\"@id\":\"https:\/\/hammertimecafe.hu\/termek\/imperial-agents-inquisitor-kroyle\/#breadcrumb\"},\"inLanguage\":\"en-US\",\"potentialAction\":[{\"@type\":\"ReadAction\",\"target\":[\"https:\/\/hammertimecafe.hu\/termek\/imperial-agents-inquisitor-kroyle\/\"]}]},{\"@type\":\"ImageObject\",\"inLanguage\":\"en-US\",\"@id\":\"https:\/\/hammertimecafe.hu\/termek\/imperial-agents-inquisitor-kroyle\/#primaryimage\",\"url\":\"https:\/\/hammertimecafe.hu\/app\/uploads\/2026\/04\/Imperial-Agents-Inquisitor-Kroyle.jpg\",\"contentUrl\":\"https:\/\/hammertimecafe.hu\/app\/uploads\/2026\/04\/Imperial-Agents-Inquisitor-Kroyle.jpg\",\"width\":1840,\"height\":1900,\"caption\":\"Imperial Agents Inquisitor Kroyle\"},{\"@type\":\"BreadcrumbList\",\"@id\":\"https:\/\/hammertimecafe.hu\/termek\/imperial-agents-inquisitor-kroyle\/#breadcrumb\",\"itemListElement\":[{\"@type\":\"ListItem\",\"position\":1,\"name\":\"Home\",\"item\":\"https:\/\/hammertimecafe.hu\/\"},{\"@type\":\"ListItem\",\"position\":2,\"name\":\"Shop\",\"item\":\"https:\/\/hammertimecafe.hu\/uzlet\/\"},{\"@type\":\"ListItem\",\"position\":3,\"name\":\"IMPERIAL AGENTS: INQUISITOR KROYLE\"}]},{\"@type\":\"WebSite\",\"@id\":\"https:\/\/hammertimecafe.hu\/#website\",\"url\":\"https:\/\/hammertimecafe.hu\/\",\"name\":\"Hammertimecafe\",\"description\":\"A HammerTime Cafe Hivatalos Weboldala \u00e9s Webshopja.\",\"publisher\":{\"@id\":\"https:\/\/hammertimecafe.hu\/#organization\"},\"potentialAction\":[{\"@type\":\"SearchAction\",\"target\":{\"@type\":\"EntryPoint\",\"urlTemplate\":\"https:\/\/hammertimecafe.hu\/?s={search_term_string}\"},\"query-input\":{\"@type\":\"PropertyValueSpecification\",\"valueRequired\":true,\"valueName\":\"search_term_string\"}}],\"inLanguage\":\"en-US\"},{\"@type\":\"Organization\",\"@id\":\"https:\/\/hammertimecafe.hu\/#organization\",\"name\":\"Hammertimecafe\",\"url\":\"https:\/\/hammertimecafe.hu\/\",\"logo\":{\"@type\":\"ImageObject\",\"inLanguage\":\"en-US\",\"@id\":\"https:\/\/hammertimecafe.hu\/#\/schema\/logo\/image\/\",\"url\":\"https:\/\/htcwoo.test\/app\/uploads\/2025\/08\/logo_of_htc.png\",\"contentUrl\":\"https:\/\/htcwoo.test\/app\/uploads\/2025\/08\/logo_of_htc.png\",\"width\":166,\"height\":73,\"caption\":\"Hammertimecafe\"},\"image\":{\"@id\":\"https:\/\/hammertimecafe.hu\/#\/schema\/logo\/image\/\"}}]}<\/script>\n<!-- \/ Yoast SEO Premium plugin. -->","yoast_head_json":{"title":"IMPERIAL AGENTS: INQUISITOR KROYLE - HammerTime Cafe Webshop","description":"IMPERIAL AGENTS: INQUISITOR KROYLE k\u00fcl\u00f6nleges karakter egyedi fegyverrel \u00e9s l\u00e9nyen Warhammer 40,000 seregekhez.","robots":{"index":"index","follow":"follow","max-snippet":"max-snippet:-1","max-image-preview":"max-image-preview:large","max-video-preview":"max-video-preview:-1"},"canonical":"https:\/\/hammertimecafe.hu\/en\/product\/imperial-agents-inquisitor-kroyle\/","og_locale":"en_US","og_type":"article","og_title":"IMPERIAL AGENTS: INQUISITOR KROYLE","og_description":"IMPERIAL AGENTS: INQUISITOR KROYLE k\u00fcl\u00f6nleges karakter egyedi fegyverrel \u00e9s l\u00e9nyen Warhammer 40,000 seregekhez.","og_url":"https:\/\/hammertimecafe.hu\/en\/product\/imperial-agents-inquisitor-kroyle\/","og_site_name":"HammerTime Cafe Webshop","article_modified_time":"2026-04-25T08:20:54+00:00","og_image":[{"width":1840,"height":1900,"url":"https:\/\/hammertimecafe.hu\/app\/uploads\/2026\/04\/Imperial-Agents-Inquisitor-Kroyle.jpg","type":"image\/jpeg"}],"twitter_card":"summary_large_image","twitter_misc":{"Est. reading time":"1 minute"},"schema":{"@context":"https:\/\/schema.org","@graph":[{"@type":"WebPage","@id":"https:\/\/hammertimecafe.hu\/termek\/imperial-agents-inquisitor-kroyle\/","url":"https:\/\/hammertimecafe.hu\/termek\/imperial-agents-inquisitor-kroyle\/","name":"IMPERIAL AGENTS: INQUISITOR KROYLE - HammerTime Cafe Webshop","isPartOf":{"@id":"https:\/\/hammertimecafe.hu\/#website"},"primaryImageOfPage":{"@id":"https:\/\/hammertimecafe.hu\/termek\/imperial-agents-inquisitor-kroyle\/#primaryimage"},"image":{"@id":"https:\/\/hammertimecafe.hu\/termek\/imperial-agents-inquisitor-kroyle\/#primaryimage"},"thumbnailUrl":"https:\/\/hammertimecafe.hu\/app\/uploads\/2026\/04\/Imperial-Agents-Inquisitor-Kroyle.jpg","datePublished":"2026-04-25T08:20:51+00:00","dateModified":"2026-04-25T08:20:54+00:00","description":"IMPERIAL AGENTS: INQUISITOR KROYLE k\u00fcl\u00f6nleges karakter egyedi fegyverrel \u00e9s l\u00e9nyen Warhammer 40,000 seregekhez.","breadcrumb":{"@id":"https:\/\/hammertimecafe.hu\/termek\/imperial-agents-inquisitor-kroyle\/#breadcrumb"},"inLanguage":"en-US","potentialAction":[{"@type":"ReadAction","target":["https:\/\/hammertimecafe.hu\/termek\/imperial-agents-inquisitor-kroyle\/"]}]},{"@type":"ImageObject","inLanguage":"en-US","@id":"https:\/\/hammertimecafe.hu\/termek\/imperial-agents-inquisitor-kroyle\/#primaryimage","url":"https:\/\/hammertimecafe.hu\/app\/uploads\/2026\/04\/Imperial-Agents-Inquisitor-Kroyle.jpg","contentUrl":"https:\/\/hammertimecafe.hu\/app\/uploads\/2026\/04\/Imperial-Agents-Inquisitor-Kroyle.jpg","width":1840,"height":1900,"caption":"Imperial Agents Inquisitor Kroyle"},{"@type":"BreadcrumbList","@id":"https:\/\/hammertimecafe.hu\/termek\/imperial-agents-inquisitor-kroyle\/#breadcrumb","itemListElement":[{"@type":"ListItem","position":1,"name":"Home","item":"https:\/\/hammertimecafe.hu\/"},{"@type":"ListItem","position":2,"name":"Shop","item":"https:\/\/hammertimecafe.hu\/uzlet\/"},{"@type":"ListItem","position":3,"name":"IMPERIAL AGENTS: INQUISITOR KROYLE"}]},{"@type":"WebSite","@id":"https:\/\/hammertimecafe.hu\/#website","url":"https:\/\/hammertimecafe.hu\/","name":"Hammertimecafe","description":"The Official Website and Webshop of HammerTime Cafe.","publisher":{"@id":"https:\/\/hammertimecafe.hu\/#organization"},"potentialAction":[{"@type":"SearchAction","target":{"@type":"EntryPoint","urlTemplate":"https:\/\/hammertimecafe.hu\/?s={search_term_string}"},"query-input":{"@type":"PropertyValueSpecification","valueRequired":true,"valueName":"search_term_string"}}],"inLanguage":"en-US"},{"@type":"Organization","@id":"https:\/\/hammertimecafe.hu\/#organization","name":"Hammertimecafe","url":"https:\/\/hammertimecafe.hu\/","logo":{"@type":"ImageObject","inLanguage":"en-US","@id":"https:\/\/hammertimecafe.hu\/#\/schema\/logo\/image\/","url":"https:\/\/htcwoo.test\/app\/uploads\/2025\/08\/logo_of_htc.png","contentUrl":"https:\/\/htcwoo.test\/app\/uploads\/2025\/08\/logo_of_htc.png","width":166,"height":73,"caption":"Hammertimecafe"},"image":{"@id":"https:\/\/hammertimecafe.hu\/#\/schema\/logo\/image\/"}}]}},"_links":{"self":[{"href":"https:\/\/hammertimecafe.hu\/en\/wp-json\/wp\/v2\/product\/29109","targetHints":{"allow":["GET"]}}],"collection":[{"href":"https:\/\/hammertimecafe.hu\/en\/wp-json\/wp\/v2\/product"}],"about":[{"href":"https:\/\/hammertimecafe.hu\/en\/wp-json\/wp\/v2\/types\/product"}],"replies":[{"embeddable":true,"href":"https:\/\/hammertimecafe.hu\/en\/wp-json\/wp\/v2\/comments?post=29109"}],"wp:featuredmedia":[{"embeddable":true,"href":"https:\/\/hammertimecafe.hu\/en\/wp-json\/wp\/v2\/media\/29191"}],"wp:attachment":[{"href":"https:\/\/hammertimecafe.hu\/en\/wp-json\/wp\/v2\/media?parent=29109"}],"wp:term":[{"taxonomy":"product_brand","embeddable":true,"href":"https:\/\/hammertimecafe.hu\/en\/wp-json\/wp\/v2\/product_brand?post=29109"},{"taxonomy":"product_cat","embeddable":true,"href":"https:\/\/hammertimecafe.hu\/en\/wp-json\/wp\/v2\/product_cat?post=29109"},{"taxonomy":"product_tag","embeddable":true,"href":"https:\/\/hammertimecafe.hu\/en\/wp-json\/wp\/v2\/product_tag?post=29109"}],"curies":[{"name":"wp","href":"https:\/\/api.w.org\/{rel}","templated":true}]}}