{"id":29115,"date":"2026-04-25T10:20:49","date_gmt":"2026-04-25T08:20:49","guid":{"rendered":"https:\/\/hammertimecafe.hu\/?post_type=product&#038;p=29115"},"modified":"2026-04-25T10:20:51","modified_gmt":"2026-04-25T08:20:51","slug":"orks-ghazghkull-dice","status":"publish","type":"product","link":"https:\/\/hammertimecafe.hu\/en\/product\/orks-ghazghkull-dice\/","title":{"rendered":"ORKS: GHAZGHKULL DICE"},"content":{"rendered":"<p>Az ORKS: GHAZGHKULL DICE egy st\u00edlusos \u00e9s tematikus kockaszett, amely t\u00f6k\u00e9letesen illik minden Ork hadsereghez. Az ORKS: GHAZGHKULL DICE ide\u00e1lis v\u00e1laszt\u00e1s azok sz\u00e1m\u00e1ra, akik j\u00e1t\u00e9k k\u00f6zben is a Goff st\u00edlust k\u00e9pviseln\u00e9k.<\/p>\n<p>A k\u00e9szlet 16 darab dob\u00f3kock\u00e1t tartalmaz, fekete, \u00f6rv\u00e9nyes mint\u00e1zattal \u00e9s kontrasztos feh\u00e9r jel\u00f6l\u00e9sekkel. Az ORKS: GHAZGHKULL DICE minden dob\u00e1sn\u00e1l l\u00e1tv\u00e1nyos megjelen\u00e9st biztos\u00edt.<\/p>\n<p>A hatos oldalon Ghazghkull ikonikus jelk\u00e9pe tal\u00e1lhat\u00f3, amely egyedi hangulatot ad a j\u00e1t\u00e9knak. Az ORKS: GHAZGHKULL DICE t\u00f6k\u00e9letes kieg\u00e9sz\u00edt\u0151 minden Ork rajong\u00f3 sz\u00e1m\u00e1ra.<\/p>\n<p>Massz\u00edv kialak\u00edt\u00e1suknak k\u00f6sz\u00f6nhet\u0151en hossz\u00fa t\u00e1von is megb\u00edzhat\u00f3ak. Az ORKS: GHAZGHKULL DICE egyszerre praktikus \u00e9s gy\u0171jt\u0151i darab.<\/p>\n<p>Az el\u0151rendel\u00e9si peri\u00f3dus 2026. 04. 25-\u00e9n indul, a term\u00e9k 2026. 05. 09-t\u0151l vehet\u0151 \u00e1t.<\/p>","protected":false},"excerpt":{"rendered":"<p>Az ORKS: GHAZGHKULL DICE egy st\u00edlusos \u00e9s tematikus kockaszett, amely t\u00f6k\u00e9letesen illik minden Ork hadsereghez. Az ORKS: GHAZGHKULL DICE ide\u00e1lis v\u00e1laszt\u00e1s azok sz\u00e1m\u00e1ra, akik j\u00e1t\u00e9k k\u00f6zben is a Goff st\u00edlust k\u00e9pviseln\u00e9k.<\/p>","protected":false},"featured_media":29193,"comment_status":"open","ping_status":"closed","template":"","meta":{"_acf_changed":false},"product_brand":[46],"product_cat":[155,284,19],"product_tag":[],"class_list":{"0":"post-29115","1":"product","2":"type-product","3":"status-publish","4":"has-post-thumbnail","6":"product_brand-games-workshop","7":"product_cat-dobokockak","8":"product_cat-kiegeszitok-kiegeszitok","9":"product_cat-wargame","11":"first","12":"onbackorder","13":"sale","14":"taxable","15":"shipping-taxable","16":"purchasable","17":"product-type-simple"},"acf":[],"yoast_head":"<!-- This site is optimized with the Yoast SEO Premium plugin v25.6 (Yoast SEO v25.6) - https:\/\/yoast.com\/wordpress\/plugins\/seo\/ -->\n<title>ORKS: GHAZGHKULL DICE - HammerTime Cafe Webshop<\/title>\n<meta name=\"description\" content=\"ORKS: GHAZGHKULL DICE egyedi Ork dob\u00f3kock\u00e1k fekete alapon feh\u00e9r p\u00f6tty\u00f6kkel \u00e9s Ghazghkull jelk\u00e9ppel Warhammer j\u00e1t\u00e9khoz.\" \/>\n<meta name=\"robots\" content=\"index, follow, max-snippet:-1, max-image-preview:large, max-video-preview:-1\" \/>\n<link rel=\"canonical\" href=\"https:\/\/hammertimecafe.hu\/en\/product\/orks-ghazghkull-dice\/\" \/>\n<meta property=\"og:locale\" content=\"en_US\" \/>\n<meta property=\"og:type\" content=\"article\" \/>\n<meta property=\"og:title\" content=\"ORKS: GHAZGHKULL DICE\" \/>\n<meta property=\"og:description\" content=\"ORKS: GHAZGHKULL DICE egyedi Ork dob\u00f3kock\u00e1k fekete alapon feh\u00e9r p\u00f6tty\u00f6kkel \u00e9s Ghazghkull jelk\u00e9ppel Warhammer j\u00e1t\u00e9khoz.\" \/>\n<meta property=\"og:url\" content=\"https:\/\/hammertimecafe.hu\/en\/product\/orks-ghazghkull-dice\/\" \/>\n<meta property=\"og:site_name\" content=\"HammerTime Cafe Webshop\" \/>\n<meta property=\"article:modified_time\" content=\"2026-04-25T08:20:51+00:00\" \/>\n<meta property=\"og:image\" content=\"https:\/\/hammertimecafe.hu\/app\/uploads\/2026\/04\/Orks-Ghazghkull-Dice.jpg\" \/>\n\t<meta property=\"og:image:width\" content=\"1840\" \/>\n\t<meta property=\"og:image:height\" content=\"1900\" \/>\n\t<meta property=\"og:image:type\" content=\"image\/jpeg\" \/>\n<meta name=\"twitter:card\" content=\"summary_large_image\" \/>\n<meta name=\"twitter:label1\" content=\"Est. reading time\" \/>\n\t<meta name=\"twitter:data1\" content=\"1 minute\" \/>\n<script type=\"application\/ld+json\" class=\"yoast-schema-graph\">{\"@context\":\"https:\/\/schema.org\",\"@graph\":[{\"@type\":\"WebPage\",\"@id\":\"https:\/\/hammertimecafe.hu\/termek\/orks-ghazghkull-dice\/\",\"url\":\"https:\/\/hammertimecafe.hu\/termek\/orks-ghazghkull-dice\/\",\"name\":\"ORKS: GHAZGHKULL DICE - HammerTime Cafe Webshop\",\"isPartOf\":{\"@id\":\"https:\/\/hammertimecafe.hu\/#website\"},\"primaryImageOfPage\":{\"@id\":\"https:\/\/hammertimecafe.hu\/termek\/orks-ghazghkull-dice\/#primaryimage\"},\"image\":{\"@id\":\"https:\/\/hammertimecafe.hu\/termek\/orks-ghazghkull-dice\/#primaryimage\"},\"thumbnailUrl\":\"https:\/\/hammertimecafe.hu\/app\/uploads\/2026\/04\/Orks-Ghazghkull-Dice.jpg\",\"datePublished\":\"2026-04-25T08:20:49+00:00\",\"dateModified\":\"2026-04-25T08:20:51+00:00\",\"description\":\"ORKS: GHAZGHKULL DICE egyedi Ork dob\u00f3kock\u00e1k fekete alapon feh\u00e9r p\u00f6tty\u00f6kkel \u00e9s Ghazghkull jelk\u00e9ppel Warhammer j\u00e1t\u00e9khoz.\",\"breadcrumb\":{\"@id\":\"https:\/\/hammertimecafe.hu\/termek\/orks-ghazghkull-dice\/#breadcrumb\"},\"inLanguage\":\"en-US\",\"potentialAction\":[{\"@type\":\"ReadAction\",\"target\":[\"https:\/\/hammertimecafe.hu\/termek\/orks-ghazghkull-dice\/\"]}]},{\"@type\":\"ImageObject\",\"inLanguage\":\"en-US\",\"@id\":\"https:\/\/hammertimecafe.hu\/termek\/orks-ghazghkull-dice\/#primaryimage\",\"url\":\"https:\/\/hammertimecafe.hu\/app\/uploads\/2026\/04\/Orks-Ghazghkull-Dice.jpg\",\"contentUrl\":\"https:\/\/hammertimecafe.hu\/app\/uploads\/2026\/04\/Orks-Ghazghkull-Dice.jpg\",\"width\":1840,\"height\":1900,\"caption\":\"Orks Ghazghkull Dice\"},{\"@type\":\"BreadcrumbList\",\"@id\":\"https:\/\/hammertimecafe.hu\/termek\/orks-ghazghkull-dice\/#breadcrumb\",\"itemListElement\":[{\"@type\":\"ListItem\",\"position\":1,\"name\":\"Home\",\"item\":\"https:\/\/hammertimecafe.hu\/\"},{\"@type\":\"ListItem\",\"position\":2,\"name\":\"Shop\",\"item\":\"https:\/\/hammertimecafe.hu\/uzlet\/\"},{\"@type\":\"ListItem\",\"position\":3,\"name\":\"ORKS: GHAZGHKULL DICE\"}]},{\"@type\":\"WebSite\",\"@id\":\"https:\/\/hammertimecafe.hu\/#website\",\"url\":\"https:\/\/hammertimecafe.hu\/\",\"name\":\"Hammertimecafe\",\"description\":\"A HammerTime Cafe Hivatalos Weboldala \u00e9s Webshopja.\",\"publisher\":{\"@id\":\"https:\/\/hammertimecafe.hu\/#organization\"},\"potentialAction\":[{\"@type\":\"SearchAction\",\"target\":{\"@type\":\"EntryPoint\",\"urlTemplate\":\"https:\/\/hammertimecafe.hu\/?s={search_term_string}\"},\"query-input\":{\"@type\":\"PropertyValueSpecification\",\"valueRequired\":true,\"valueName\":\"search_term_string\"}}],\"inLanguage\":\"en-US\"},{\"@type\":\"Organization\",\"@id\":\"https:\/\/hammertimecafe.hu\/#organization\",\"name\":\"Hammertimecafe\",\"url\":\"https:\/\/hammertimecafe.hu\/\",\"logo\":{\"@type\":\"ImageObject\",\"inLanguage\":\"en-US\",\"@id\":\"https:\/\/hammertimecafe.hu\/#\/schema\/logo\/image\/\",\"url\":\"https:\/\/htcwoo.test\/app\/uploads\/2025\/08\/logo_of_htc.png\",\"contentUrl\":\"https:\/\/htcwoo.test\/app\/uploads\/2025\/08\/logo_of_htc.png\",\"width\":166,\"height\":73,\"caption\":\"Hammertimecafe\"},\"image\":{\"@id\":\"https:\/\/hammertimecafe.hu\/#\/schema\/logo\/image\/\"}}]}<\/script>\n<!-- \/ Yoast SEO Premium plugin. -->","yoast_head_json":{"title":"ORKS: GHAZGHKULL DICE - HammerTime Cafe Webshop","description":"ORKS: GHAZGHKULL DICE egyedi Ork dob\u00f3kock\u00e1k fekete alapon feh\u00e9r p\u00f6tty\u00f6kkel \u00e9s Ghazghkull jelk\u00e9ppel Warhammer j\u00e1t\u00e9khoz.","robots":{"index":"index","follow":"follow","max-snippet":"max-snippet:-1","max-image-preview":"max-image-preview:large","max-video-preview":"max-video-preview:-1"},"canonical":"https:\/\/hammertimecafe.hu\/en\/product\/orks-ghazghkull-dice\/","og_locale":"en_US","og_type":"article","og_title":"ORKS: GHAZGHKULL DICE","og_description":"ORKS: GHAZGHKULL DICE egyedi Ork dob\u00f3kock\u00e1k fekete alapon feh\u00e9r p\u00f6tty\u00f6kkel \u00e9s Ghazghkull jelk\u00e9ppel Warhammer j\u00e1t\u00e9khoz.","og_url":"https:\/\/hammertimecafe.hu\/en\/product\/orks-ghazghkull-dice\/","og_site_name":"HammerTime Cafe Webshop","article_modified_time":"2026-04-25T08:20:51+00:00","og_image":[{"width":1840,"height":1900,"url":"https:\/\/hammertimecafe.hu\/app\/uploads\/2026\/04\/Orks-Ghazghkull-Dice.jpg","type":"image\/jpeg"}],"twitter_card":"summary_large_image","twitter_misc":{"Est. reading time":"1 minute"},"schema":{"@context":"https:\/\/schema.org","@graph":[{"@type":"WebPage","@id":"https:\/\/hammertimecafe.hu\/termek\/orks-ghazghkull-dice\/","url":"https:\/\/hammertimecafe.hu\/termek\/orks-ghazghkull-dice\/","name":"ORKS: GHAZGHKULL DICE - HammerTime Cafe Webshop","isPartOf":{"@id":"https:\/\/hammertimecafe.hu\/#website"},"primaryImageOfPage":{"@id":"https:\/\/hammertimecafe.hu\/termek\/orks-ghazghkull-dice\/#primaryimage"},"image":{"@id":"https:\/\/hammertimecafe.hu\/termek\/orks-ghazghkull-dice\/#primaryimage"},"thumbnailUrl":"https:\/\/hammertimecafe.hu\/app\/uploads\/2026\/04\/Orks-Ghazghkull-Dice.jpg","datePublished":"2026-04-25T08:20:49+00:00","dateModified":"2026-04-25T08:20:51+00:00","description":"ORKS: GHAZGHKULL DICE egyedi Ork dob\u00f3kock\u00e1k fekete alapon feh\u00e9r p\u00f6tty\u00f6kkel \u00e9s Ghazghkull jelk\u00e9ppel Warhammer j\u00e1t\u00e9khoz.","breadcrumb":{"@id":"https:\/\/hammertimecafe.hu\/termek\/orks-ghazghkull-dice\/#breadcrumb"},"inLanguage":"en-US","potentialAction":[{"@type":"ReadAction","target":["https:\/\/hammertimecafe.hu\/termek\/orks-ghazghkull-dice\/"]}]},{"@type":"ImageObject","inLanguage":"en-US","@id":"https:\/\/hammertimecafe.hu\/termek\/orks-ghazghkull-dice\/#primaryimage","url":"https:\/\/hammertimecafe.hu\/app\/uploads\/2026\/04\/Orks-Ghazghkull-Dice.jpg","contentUrl":"https:\/\/hammertimecafe.hu\/app\/uploads\/2026\/04\/Orks-Ghazghkull-Dice.jpg","width":1840,"height":1900,"caption":"Orks Ghazghkull Dice"},{"@type":"BreadcrumbList","@id":"https:\/\/hammertimecafe.hu\/termek\/orks-ghazghkull-dice\/#breadcrumb","itemListElement":[{"@type":"ListItem","position":1,"name":"Home","item":"https:\/\/hammertimecafe.hu\/"},{"@type":"ListItem","position":2,"name":"Shop","item":"https:\/\/hammertimecafe.hu\/uzlet\/"},{"@type":"ListItem","position":3,"name":"ORKS: GHAZGHKULL DICE"}]},{"@type":"WebSite","@id":"https:\/\/hammertimecafe.hu\/#website","url":"https:\/\/hammertimecafe.hu\/","name":"Hammertimecafe","description":"The Official Website and Webshop of HammerTime Cafe.","publisher":{"@id":"https:\/\/hammertimecafe.hu\/#organization"},"potentialAction":[{"@type":"SearchAction","target":{"@type":"EntryPoint","urlTemplate":"https:\/\/hammertimecafe.hu\/?s={search_term_string}"},"query-input":{"@type":"PropertyValueSpecification","valueRequired":true,"valueName":"search_term_string"}}],"inLanguage":"en-US"},{"@type":"Organization","@id":"https:\/\/hammertimecafe.hu\/#organization","name":"Hammertimecafe","url":"https:\/\/hammertimecafe.hu\/","logo":{"@type":"ImageObject","inLanguage":"en-US","@id":"https:\/\/hammertimecafe.hu\/#\/schema\/logo\/image\/","url":"https:\/\/htcwoo.test\/app\/uploads\/2025\/08\/logo_of_htc.png","contentUrl":"https:\/\/htcwoo.test\/app\/uploads\/2025\/08\/logo_of_htc.png","width":166,"height":73,"caption":"Hammertimecafe"},"image":{"@id":"https:\/\/hammertimecafe.hu\/#\/schema\/logo\/image\/"}}]}},"_links":{"self":[{"href":"https:\/\/hammertimecafe.hu\/en\/wp-json\/wp\/v2\/product\/29115","targetHints":{"allow":["GET"]}}],"collection":[{"href":"https:\/\/hammertimecafe.hu\/en\/wp-json\/wp\/v2\/product"}],"about":[{"href":"https:\/\/hammertimecafe.hu\/en\/wp-json\/wp\/v2\/types\/product"}],"replies":[{"embeddable":true,"href":"https:\/\/hammertimecafe.hu\/en\/wp-json\/wp\/v2\/comments?post=29115"}],"wp:featuredmedia":[{"embeddable":true,"href":"https:\/\/hammertimecafe.hu\/en\/wp-json\/wp\/v2\/media\/29193"}],"wp:attachment":[{"href":"https:\/\/hammertimecafe.hu\/en\/wp-json\/wp\/v2\/media?parent=29115"}],"wp:term":[{"taxonomy":"product_brand","embeddable":true,"href":"https:\/\/hammertimecafe.hu\/en\/wp-json\/wp\/v2\/product_brand?post=29115"},{"taxonomy":"product_cat","embeddable":true,"href":"https:\/\/hammertimecafe.hu\/en\/wp-json\/wp\/v2\/product_cat?post=29115"},{"taxonomy":"product_tag","embeddable":true,"href":"https:\/\/hammertimecafe.hu\/en\/wp-json\/wp\/v2\/product_tag?post=29115"}],"curies":[{"name":"wp","href":"https:\/\/api.w.org\/{rel}","templated":true}]}}