{"id":29120,"date":"2026-04-25T10:20:35","date_gmt":"2026-04-25T08:20:35","guid":{"rendered":"https:\/\/hammertimecafe.hu\/?post_type=product&#038;p=29120"},"modified":"2026-04-25T10:20:38","modified_gmt":"2026-04-25T08:20:38","slug":"yarrick-the-omnibus-2","status":"publish","type":"product","link":"https:\/\/hammertimecafe.hu\/en\/product\/yarrick-the-omnibus-2\/","title":{"rendered":"YARRICK: THE OMNIBUS"},"content":{"rendered":"<p>A YARRICK: THE OMNIBUS egy epikus Warhammer 40,000 gy\u0171jtem\u00e9ny, amely az Imperium egyik leglegend\u00e1sabb h\u0151s\u00e9nek t\u00f6rt\u00e9neteit mes\u00e9li el. A YARRICK: THE OMNIBUS t\u00f6k\u00e9letes v\u00e1laszt\u00e1s minden rajong\u00f3 sz\u00e1m\u00e1ra, aki Commissar Yarrick legend\u00e1j\u00e1t szeretn\u00e9 teljes eg\u00e9sz\u00e9ben megismerni.<\/p>\n<p>A k\u00f6tet k\u00e9t reg\u00e9nyt, egy novell\u00e1t \u00e9s hat r\u00f6vid t\u00f6rt\u00e9netet tartalmaz David Annandale toll\u00e1b\u00f3l. A YARRICK: THE OMNIBUS bemutatja a h\u0151s felemelked\u00e9s\u00e9t \u00e9s a legv\u00e9resebb csat\u00e1kat, amelyek legend\u00e1v\u00e1 tett\u00e9k.<\/p>\n<p>Az Imperial Creed \u00e9s a The Pyres of Armageddon mellett tov\u00e1bbi t\u00f6rt\u00e9netek m\u00e9ly\u00edtik el a karakter h\u00e1tter\u00e9t. A YARRICK: THE OMNIBUS betekint\u00e9st ny\u00fajt a k\u00f6ny\u00f6rtelen h\u00e1bor\u00fa \u00e9s az elsz\u00e1nt vezet\u00e9s vil\u00e1g\u00e1ba.<\/p>\n<p>A v\u00e1ltozatos t\u00f6rt\u00e9netek izgalmas \u00e9s \u00e1tfog\u00f3 k\u00e9pet adnak Yarrick p\u00e1lyafut\u00e1s\u00e1r\u00f3l. A YARRICK: THE OMNIBUS k\u00f6telez\u0151 darab minden Warhammer k\u00f6nyvgy\u0171jtem\u00e9nyben.<\/p>\n<p>Product language: English.<br \/>\nForm\u00e1tuma: puhak\u00f6t\u00e9s.<br \/>\nAz el\u0151rendel\u00e9si peri\u00f3dus 2026. 04. 25-\u00e9n indul, a term\u00e9k 2026. 05. 09-t\u0151l vehet\u0151 \u00e1t.<\/p>","protected":false},"excerpt":{"rendered":"<p>A YARRICK: THE OMNIBUS egy epikus Warhammer 40,000 gy\u0171jtem\u00e9ny, amely az Imperium egyik leglegend\u00e1sabb h\u0151s\u00e9nek t\u00f6rt\u00e9neteit mes\u00e9li el. A YARRICK: THE OMNIBUS t\u00f6k\u00e9letes v\u00e1laszt\u00e1s minden rajong\u00f3 sz\u00e1m\u00e1ra, aki Commissar Yarrick legend\u00e1j\u00e1t szeretn\u00e9 teljes eg\u00e9sz\u00e9ben megismerni.<\/p>","protected":false},"featured_media":29197,"comment_status":"open","ping_status":"closed","template":"","meta":{"_acf_changed":false},"product_brand":[46],"product_cat":[37,35],"product_tag":[],"class_list":{"0":"post-29120","1":"product","2":"type-product","3":"status-publish","4":"has-post-thumbnail","6":"product_brand-games-workshop","7":"product_cat-angol-nyelvu-warhammer-40-000","8":"product_cat-regenyek","10":"first","11":"onbackorder","12":"sale","13":"taxable","14":"shipping-taxable","15":"purchasable","16":"product-type-simple"},"acf":[],"yoast_head":"<!-- This site is optimized with the Yoast SEO Premium plugin v25.6 (Yoast SEO v25.6) - https:\/\/yoast.com\/wordpress\/plugins\/seo\/ -->\n<title>YARRICK: THE OMNIBUS - HammerTime Cafe Webshop<\/title>\n<meta name=\"description\" content=\"YARRICK: THE OMNIBUS Warhammer gy\u0171jtem\u00e9ny az ikonikus Commissar t\u00f6rt\u00e9neteivel \u00e9s epikus csat\u00e1kkal a 41. \u00e9vezredb\u0151l.\" \/>\n<meta name=\"robots\" content=\"index, follow, max-snippet:-1, max-image-preview:large, max-video-preview:-1\" \/>\n<link rel=\"canonical\" href=\"https:\/\/hammertimecafe.hu\/en\/product\/yarrick-the-omnibus-2\/\" \/>\n<meta property=\"og:locale\" content=\"en_US\" \/>\n<meta property=\"og:type\" content=\"article\" \/>\n<meta property=\"og:title\" content=\"YARRICK: THE OMNIBUS\" \/>\n<meta property=\"og:description\" content=\"YARRICK: THE OMNIBUS Warhammer gy\u0171jtem\u00e9ny az ikonikus Commissar t\u00f6rt\u00e9neteivel \u00e9s epikus csat\u00e1kkal a 41. \u00e9vezredb\u0151l.\" \/>\n<meta property=\"og:url\" content=\"https:\/\/hammertimecafe.hu\/en\/product\/yarrick-the-omnibus-2\/\" \/>\n<meta property=\"og:site_name\" content=\"HammerTime Cafe Webshop\" \/>\n<meta property=\"article:modified_time\" content=\"2026-04-25T08:20:38+00:00\" \/>\n<meta property=\"og:image\" content=\"https:\/\/hammertimecafe.hu\/app\/uploads\/2026\/04\/Yarrick-The-Omnibus.jpg\" \/>\n\t<meta property=\"og:image:width\" content=\"1840\" \/>\n\t<meta property=\"og:image:height\" content=\"1900\" \/>\n\t<meta property=\"og:image:type\" content=\"image\/jpeg\" \/>\n<meta name=\"twitter:card\" content=\"summary_large_image\" \/>\n<meta name=\"twitter:label1\" content=\"Est. reading time\" \/>\n\t<meta name=\"twitter:data1\" content=\"1 minute\" \/>\n<script type=\"application\/ld+json\" class=\"yoast-schema-graph\">{\"@context\":\"https:\/\/schema.org\",\"@graph\":[{\"@type\":\"WebPage\",\"@id\":\"https:\/\/hammertimecafe.hu\/termek\/yarrick-the-omnibus-2\/\",\"url\":\"https:\/\/hammertimecafe.hu\/termek\/yarrick-the-omnibus-2\/\",\"name\":\"YARRICK: THE OMNIBUS - HammerTime Cafe Webshop\",\"isPartOf\":{\"@id\":\"https:\/\/hammertimecafe.hu\/#website\"},\"primaryImageOfPage\":{\"@id\":\"https:\/\/hammertimecafe.hu\/termek\/yarrick-the-omnibus-2\/#primaryimage\"},\"image\":{\"@id\":\"https:\/\/hammertimecafe.hu\/termek\/yarrick-the-omnibus-2\/#primaryimage\"},\"thumbnailUrl\":\"https:\/\/hammertimecafe.hu\/app\/uploads\/2026\/04\/Yarrick-The-Omnibus.jpg\",\"datePublished\":\"2026-04-25T08:20:35+00:00\",\"dateModified\":\"2026-04-25T08:20:38+00:00\",\"description\":\"YARRICK: THE OMNIBUS Warhammer gy\u0171jtem\u00e9ny az ikonikus Commissar t\u00f6rt\u00e9neteivel \u00e9s epikus csat\u00e1kkal a 41. \u00e9vezredb\u0151l.\",\"breadcrumb\":{\"@id\":\"https:\/\/hammertimecafe.hu\/termek\/yarrick-the-omnibus-2\/#breadcrumb\"},\"inLanguage\":\"en-US\",\"potentialAction\":[{\"@type\":\"ReadAction\",\"target\":[\"https:\/\/hammertimecafe.hu\/termek\/yarrick-the-omnibus-2\/\"]}]},{\"@type\":\"ImageObject\",\"inLanguage\":\"en-US\",\"@id\":\"https:\/\/hammertimecafe.hu\/termek\/yarrick-the-omnibus-2\/#primaryimage\",\"url\":\"https:\/\/hammertimecafe.hu\/app\/uploads\/2026\/04\/Yarrick-The-Omnibus.jpg\",\"contentUrl\":\"https:\/\/hammertimecafe.hu\/app\/uploads\/2026\/04\/Yarrick-The-Omnibus.jpg\",\"width\":1840,\"height\":1900,\"caption\":\"Yarrick The Omnibus\"},{\"@type\":\"BreadcrumbList\",\"@id\":\"https:\/\/hammertimecafe.hu\/termek\/yarrick-the-omnibus-2\/#breadcrumb\",\"itemListElement\":[{\"@type\":\"ListItem\",\"position\":1,\"name\":\"Home\",\"item\":\"https:\/\/hammertimecafe.hu\/\"},{\"@type\":\"ListItem\",\"position\":2,\"name\":\"Shop\",\"item\":\"https:\/\/hammertimecafe.hu\/uzlet\/\"},{\"@type\":\"ListItem\",\"position\":3,\"name\":\"YARRICK: THE OMNIBUS\"}]},{\"@type\":\"WebSite\",\"@id\":\"https:\/\/hammertimecafe.hu\/#website\",\"url\":\"https:\/\/hammertimecafe.hu\/\",\"name\":\"Hammertimecafe\",\"description\":\"A HammerTime Cafe Hivatalos Weboldala \u00e9s Webshopja.\",\"publisher\":{\"@id\":\"https:\/\/hammertimecafe.hu\/#organization\"},\"potentialAction\":[{\"@type\":\"SearchAction\",\"target\":{\"@type\":\"EntryPoint\",\"urlTemplate\":\"https:\/\/hammertimecafe.hu\/?s={search_term_string}\"},\"query-input\":{\"@type\":\"PropertyValueSpecification\",\"valueRequired\":true,\"valueName\":\"search_term_string\"}}],\"inLanguage\":\"en-US\"},{\"@type\":\"Organization\",\"@id\":\"https:\/\/hammertimecafe.hu\/#organization\",\"name\":\"Hammertimecafe\",\"url\":\"https:\/\/hammertimecafe.hu\/\",\"logo\":{\"@type\":\"ImageObject\",\"inLanguage\":\"en-US\",\"@id\":\"https:\/\/hammertimecafe.hu\/#\/schema\/logo\/image\/\",\"url\":\"https:\/\/htcwoo.test\/app\/uploads\/2025\/08\/logo_of_htc.png\",\"contentUrl\":\"https:\/\/htcwoo.test\/app\/uploads\/2025\/08\/logo_of_htc.png\",\"width\":166,\"height\":73,\"caption\":\"Hammertimecafe\"},\"image\":{\"@id\":\"https:\/\/hammertimecafe.hu\/#\/schema\/logo\/image\/\"}}]}<\/script>\n<!-- \/ Yoast SEO Premium plugin. -->","yoast_head_json":{"title":"YARRICK: THE OMNIBUS - HammerTime Cafe Webshop","description":"YARRICK: THE OMNIBUS Warhammer gy\u0171jtem\u00e9ny az ikonikus Commissar t\u00f6rt\u00e9neteivel \u00e9s epikus csat\u00e1kkal a 41. \u00e9vezredb\u0151l.","robots":{"index":"index","follow":"follow","max-snippet":"max-snippet:-1","max-image-preview":"max-image-preview:large","max-video-preview":"max-video-preview:-1"},"canonical":"https:\/\/hammertimecafe.hu\/en\/product\/yarrick-the-omnibus-2\/","og_locale":"en_US","og_type":"article","og_title":"YARRICK: THE OMNIBUS","og_description":"YARRICK: THE OMNIBUS Warhammer gy\u0171jtem\u00e9ny az ikonikus Commissar t\u00f6rt\u00e9neteivel \u00e9s epikus csat\u00e1kkal a 41. \u00e9vezredb\u0151l.","og_url":"https:\/\/hammertimecafe.hu\/en\/product\/yarrick-the-omnibus-2\/","og_site_name":"HammerTime Cafe Webshop","article_modified_time":"2026-04-25T08:20:38+00:00","og_image":[{"width":1840,"height":1900,"url":"https:\/\/hammertimecafe.hu\/app\/uploads\/2026\/04\/Yarrick-The-Omnibus.jpg","type":"image\/jpeg"}],"twitter_card":"summary_large_image","twitter_misc":{"Est. reading time":"1 minute"},"schema":{"@context":"https:\/\/schema.org","@graph":[{"@type":"WebPage","@id":"https:\/\/hammertimecafe.hu\/termek\/yarrick-the-omnibus-2\/","url":"https:\/\/hammertimecafe.hu\/termek\/yarrick-the-omnibus-2\/","name":"YARRICK: THE OMNIBUS - HammerTime Cafe Webshop","isPartOf":{"@id":"https:\/\/hammertimecafe.hu\/#website"},"primaryImageOfPage":{"@id":"https:\/\/hammertimecafe.hu\/termek\/yarrick-the-omnibus-2\/#primaryimage"},"image":{"@id":"https:\/\/hammertimecafe.hu\/termek\/yarrick-the-omnibus-2\/#primaryimage"},"thumbnailUrl":"https:\/\/hammertimecafe.hu\/app\/uploads\/2026\/04\/Yarrick-The-Omnibus.jpg","datePublished":"2026-04-25T08:20:35+00:00","dateModified":"2026-04-25T08:20:38+00:00","description":"YARRICK: THE OMNIBUS Warhammer gy\u0171jtem\u00e9ny az ikonikus Commissar t\u00f6rt\u00e9neteivel \u00e9s epikus csat\u00e1kkal a 41. \u00e9vezredb\u0151l.","breadcrumb":{"@id":"https:\/\/hammertimecafe.hu\/termek\/yarrick-the-omnibus-2\/#breadcrumb"},"inLanguage":"en-US","potentialAction":[{"@type":"ReadAction","target":["https:\/\/hammertimecafe.hu\/termek\/yarrick-the-omnibus-2\/"]}]},{"@type":"ImageObject","inLanguage":"en-US","@id":"https:\/\/hammertimecafe.hu\/termek\/yarrick-the-omnibus-2\/#primaryimage","url":"https:\/\/hammertimecafe.hu\/app\/uploads\/2026\/04\/Yarrick-The-Omnibus.jpg","contentUrl":"https:\/\/hammertimecafe.hu\/app\/uploads\/2026\/04\/Yarrick-The-Omnibus.jpg","width":1840,"height":1900,"caption":"Yarrick The Omnibus"},{"@type":"BreadcrumbList","@id":"https:\/\/hammertimecafe.hu\/termek\/yarrick-the-omnibus-2\/#breadcrumb","itemListElement":[{"@type":"ListItem","position":1,"name":"Home","item":"https:\/\/hammertimecafe.hu\/"},{"@type":"ListItem","position":2,"name":"Shop","item":"https:\/\/hammertimecafe.hu\/uzlet\/"},{"@type":"ListItem","position":3,"name":"YARRICK: THE OMNIBUS"}]},{"@type":"WebSite","@id":"https:\/\/hammertimecafe.hu\/#website","url":"https:\/\/hammertimecafe.hu\/","name":"Hammertimecafe","description":"The Official Website and Webshop of HammerTime Cafe.","publisher":{"@id":"https:\/\/hammertimecafe.hu\/#organization"},"potentialAction":[{"@type":"SearchAction","target":{"@type":"EntryPoint","urlTemplate":"https:\/\/hammertimecafe.hu\/?s={search_term_string}"},"query-input":{"@type":"PropertyValueSpecification","valueRequired":true,"valueName":"search_term_string"}}],"inLanguage":"en-US"},{"@type":"Organization","@id":"https:\/\/hammertimecafe.hu\/#organization","name":"Hammertimecafe","url":"https:\/\/hammertimecafe.hu\/","logo":{"@type":"ImageObject","inLanguage":"en-US","@id":"https:\/\/hammertimecafe.hu\/#\/schema\/logo\/image\/","url":"https:\/\/htcwoo.test\/app\/uploads\/2025\/08\/logo_of_htc.png","contentUrl":"https:\/\/htcwoo.test\/app\/uploads\/2025\/08\/logo_of_htc.png","width":166,"height":73,"caption":"Hammertimecafe"},"image":{"@id":"https:\/\/hammertimecafe.hu\/#\/schema\/logo\/image\/"}}]}},"_links":{"self":[{"href":"https:\/\/hammertimecafe.hu\/en\/wp-json\/wp\/v2\/product\/29120","targetHints":{"allow":["GET"]}}],"collection":[{"href":"https:\/\/hammertimecafe.hu\/en\/wp-json\/wp\/v2\/product"}],"about":[{"href":"https:\/\/hammertimecafe.hu\/en\/wp-json\/wp\/v2\/types\/product"}],"replies":[{"embeddable":true,"href":"https:\/\/hammertimecafe.hu\/en\/wp-json\/wp\/v2\/comments?post=29120"}],"wp:featuredmedia":[{"embeddable":true,"href":"https:\/\/hammertimecafe.hu\/en\/wp-json\/wp\/v2\/media\/29197"}],"wp:attachment":[{"href":"https:\/\/hammertimecafe.hu\/en\/wp-json\/wp\/v2\/media?parent=29120"}],"wp:term":[{"taxonomy":"product_brand","embeddable":true,"href":"https:\/\/hammertimecafe.hu\/en\/wp-json\/wp\/v2\/product_brand?post=29120"},{"taxonomy":"product_cat","embeddable":true,"href":"https:\/\/hammertimecafe.hu\/en\/wp-json\/wp\/v2\/product_cat?post=29120"},{"taxonomy":"product_tag","embeddable":true,"href":"https:\/\/hammertimecafe.hu\/en\/wp-json\/wp\/v2\/product_tag?post=29120"}],"curies":[{"name":"wp","href":"https:\/\/api.w.org\/{rel}","templated":true}]}}