{"id":29123,"date":"2026-04-25T10:20:30","date_gmt":"2026-04-25T08:20:30","guid":{"rendered":"https:\/\/hammertimecafe.hu\/?post_type=product&#038;p=29123"},"modified":"2026-04-25T10:20:32","modified_gmt":"2026-04-25T08:20:32","slug":"da-freebooterz-code","status":"publish","type":"product","link":"https:\/\/hammertimecafe.hu\/en\/product\/da-freebooterz-code\/","title":{"rendered":"DA FREEBOOTERZ CODE"},"content":{"rendered":"<p>A DA FREEBOOTERZ CODE egy humorral \u00e9s akci\u00f3val teli Warhammer 40,000 reg\u00e9ny, amely az Ork kal\u00f3zok vad kalandjait k\u00f6veti. A DA FREEBOOTERZ CODE t\u00f6k\u00e9letes v\u00e1laszt\u00e1s minden rajong\u00f3nak, aki k\u00f6nnyedebb, m\u00e9gis epikus t\u00f6rt\u00e9neteket keres.<\/p>\n<p>Skeeg Horntoof, a nagyrav\u00e1gy\u00f3 kaptin, saj\u00e1t szab\u00e1lyai szerint pr\u00f3b\u00e1l legend\u00e1v\u00e1 v\u00e1lni. A DA FREEBOOTERZ CODE bemutatja, hogyan indul \u00fatnak k\u00fcl\u00f6nc leg\u00e9nys\u00e9g\u00e9vel zs\u00e1km\u00e1ny \u00e9s dics\u0151s\u00e9g ut\u00e1n kutatva.<\/p>\n<p>Az \u00fatjuk azonban egy vesz\u00e9lyes c\u00e9lponthoz vezet: egy rettegett rogue trader birodalm\u00e1hoz. A DA FREEBOOTERZ CODE izgalmas \u00f6sszecsap\u00e1sokat \u00e9s v\u00e1ratlan fordulatokat k\u00edn\u00e1l.<\/p>\n<p>A t\u00f6rt\u00e9net tele van Ork humorral, \u0151r\u00fclt \u00f6tletekkel \u00e9s l\u00e1tv\u00e1nyos akci\u00f3val. A DA FREEBOOTERZ CODE kihagyhatatlan olvasm\u00e1ny minden Warhammer rajong\u00f3 sz\u00e1m\u00e1ra.<\/p>\n<p>Product language: English.<br \/>\nForm\u00e1tuma: kem\u00e9nyk\u00f6t\u00e9s.<br \/>\nAz el\u0151rendel\u00e9si peri\u00f3dus 2026. 04. 25-\u00e9n indul, a term\u00e9k 2026. 05. 09-t\u0151l vehet\u0151 \u00e1t.<\/p>","protected":false},"excerpt":{"rendered":"<p>A DA FREEBOOTERZ CODE egy humorral \u00e9s akci\u00f3val teli Warhammer 40,000 reg\u00e9ny, amely az Ork kal\u00f3zok vad kalandjait k\u00f6veti. A DA FREEBOOTERZ CODE t\u00f6k\u00e9letes v\u00e1laszt\u00e1s minden rajong\u00f3nak, aki k\u00f6nnyedebb, m\u00e9gis epikus t\u00f6rt\u00e9neteket keres.<\/p>","protected":false},"featured_media":29189,"comment_status":"open","ping_status":"closed","template":"","meta":{"_acf_changed":false},"product_brand":[46],"product_cat":[37,35],"product_tag":[],"class_list":{"0":"post-29123","1":"product","2":"type-product","3":"status-publish","4":"has-post-thumbnail","6":"product_brand-games-workshop","7":"product_cat-angol-nyelvu-warhammer-40-000","8":"product_cat-regenyek","10":"first","11":"onbackorder","12":"sale","13":"taxable","14":"shipping-taxable","15":"purchasable","16":"product-type-simple"},"acf":[],"yoast_head":"<!-- This site is optimized with the Yoast SEO Premium plugin v25.6 (Yoast SEO v25.6) - https:\/\/yoast.com\/wordpress\/plugins\/seo\/ -->\n<title>DA FREEBOOTERZ CODE - HammerTime Cafe Webshop<\/title>\n<meta name=\"description\" content=\"DA FREEBOOTERZ CODE Warhammer reg\u00e9ny Ork kal\u00f3zokr\u00f3l, lootr\u00f3l \u00e9s galaktikus kalandokr\u00f3l humorral \u00e9s akci\u00f3val.\" \/>\n<meta name=\"robots\" content=\"index, follow, max-snippet:-1, max-image-preview:large, max-video-preview:-1\" \/>\n<link rel=\"canonical\" href=\"https:\/\/hammertimecafe.hu\/en\/product\/da-freebooterz-code\/\" \/>\n<meta property=\"og:locale\" content=\"en_US\" \/>\n<meta property=\"og:type\" content=\"article\" \/>\n<meta property=\"og:title\" content=\"DA FREEBOOTERZ CODE\" \/>\n<meta property=\"og:description\" content=\"DA FREEBOOTERZ CODE Warhammer reg\u00e9ny Ork kal\u00f3zokr\u00f3l, lootr\u00f3l \u00e9s galaktikus kalandokr\u00f3l humorral \u00e9s akci\u00f3val.\" \/>\n<meta property=\"og:url\" content=\"https:\/\/hammertimecafe.hu\/en\/product\/da-freebooterz-code\/\" \/>\n<meta property=\"og:site_name\" content=\"HammerTime Cafe Webshop\" \/>\n<meta property=\"article:modified_time\" content=\"2026-04-25T08:20:32+00:00\" \/>\n<meta property=\"og:image\" content=\"https:\/\/hammertimecafe.hu\/app\/uploads\/2026\/04\/Da-Freebooterz-Code.jpg\" \/>\n\t<meta property=\"og:image:width\" content=\"1840\" \/>\n\t<meta property=\"og:image:height\" content=\"1900\" \/>\n\t<meta property=\"og:image:type\" content=\"image\/jpeg\" \/>\n<meta name=\"twitter:card\" content=\"summary_large_image\" \/>\n<meta name=\"twitter:label1\" content=\"Est. reading time\" \/>\n\t<meta name=\"twitter:data1\" content=\"1 minute\" \/>\n<script type=\"application\/ld+json\" class=\"yoast-schema-graph\">{\"@context\":\"https:\/\/schema.org\",\"@graph\":[{\"@type\":\"WebPage\",\"@id\":\"https:\/\/hammertimecafe.hu\/termek\/da-freebooterz-code\/\",\"url\":\"https:\/\/hammertimecafe.hu\/termek\/da-freebooterz-code\/\",\"name\":\"DA FREEBOOTERZ CODE - HammerTime Cafe Webshop\",\"isPartOf\":{\"@id\":\"https:\/\/hammertimecafe.hu\/#website\"},\"primaryImageOfPage\":{\"@id\":\"https:\/\/hammertimecafe.hu\/termek\/da-freebooterz-code\/#primaryimage\"},\"image\":{\"@id\":\"https:\/\/hammertimecafe.hu\/termek\/da-freebooterz-code\/#primaryimage\"},\"thumbnailUrl\":\"https:\/\/hammertimecafe.hu\/app\/uploads\/2026\/04\/Da-Freebooterz-Code.jpg\",\"datePublished\":\"2026-04-25T08:20:30+00:00\",\"dateModified\":\"2026-04-25T08:20:32+00:00\",\"description\":\"DA FREEBOOTERZ CODE Warhammer reg\u00e9ny Ork kal\u00f3zokr\u00f3l, lootr\u00f3l \u00e9s galaktikus kalandokr\u00f3l humorral \u00e9s akci\u00f3val.\",\"breadcrumb\":{\"@id\":\"https:\/\/hammertimecafe.hu\/termek\/da-freebooterz-code\/#breadcrumb\"},\"inLanguage\":\"en-US\",\"potentialAction\":[{\"@type\":\"ReadAction\",\"target\":[\"https:\/\/hammertimecafe.hu\/termek\/da-freebooterz-code\/\"]}]},{\"@type\":\"ImageObject\",\"inLanguage\":\"en-US\",\"@id\":\"https:\/\/hammertimecafe.hu\/termek\/da-freebooterz-code\/#primaryimage\",\"url\":\"https:\/\/hammertimecafe.hu\/app\/uploads\/2026\/04\/Da-Freebooterz-Code.jpg\",\"contentUrl\":\"https:\/\/hammertimecafe.hu\/app\/uploads\/2026\/04\/Da-Freebooterz-Code.jpg\",\"width\":1840,\"height\":1900,\"caption\":\"Da Freebooterz Code\"},{\"@type\":\"BreadcrumbList\",\"@id\":\"https:\/\/hammertimecafe.hu\/termek\/da-freebooterz-code\/#breadcrumb\",\"itemListElement\":[{\"@type\":\"ListItem\",\"position\":1,\"name\":\"Home\",\"item\":\"https:\/\/hammertimecafe.hu\/\"},{\"@type\":\"ListItem\",\"position\":2,\"name\":\"Shop\",\"item\":\"https:\/\/hammertimecafe.hu\/uzlet\/\"},{\"@type\":\"ListItem\",\"position\":3,\"name\":\"DA FREEBOOTERZ CODE\"}]},{\"@type\":\"WebSite\",\"@id\":\"https:\/\/hammertimecafe.hu\/#website\",\"url\":\"https:\/\/hammertimecafe.hu\/\",\"name\":\"Hammertimecafe\",\"description\":\"A HammerTime Cafe Hivatalos Weboldala \u00e9s Webshopja.\",\"publisher\":{\"@id\":\"https:\/\/hammertimecafe.hu\/#organization\"},\"potentialAction\":[{\"@type\":\"SearchAction\",\"target\":{\"@type\":\"EntryPoint\",\"urlTemplate\":\"https:\/\/hammertimecafe.hu\/?s={search_term_string}\"},\"query-input\":{\"@type\":\"PropertyValueSpecification\",\"valueRequired\":true,\"valueName\":\"search_term_string\"}}],\"inLanguage\":\"en-US\"},{\"@type\":\"Organization\",\"@id\":\"https:\/\/hammertimecafe.hu\/#organization\",\"name\":\"Hammertimecafe\",\"url\":\"https:\/\/hammertimecafe.hu\/\",\"logo\":{\"@type\":\"ImageObject\",\"inLanguage\":\"en-US\",\"@id\":\"https:\/\/hammertimecafe.hu\/#\/schema\/logo\/image\/\",\"url\":\"https:\/\/htcwoo.test\/app\/uploads\/2025\/08\/logo_of_htc.png\",\"contentUrl\":\"https:\/\/htcwoo.test\/app\/uploads\/2025\/08\/logo_of_htc.png\",\"width\":166,\"height\":73,\"caption\":\"Hammertimecafe\"},\"image\":{\"@id\":\"https:\/\/hammertimecafe.hu\/#\/schema\/logo\/image\/\"}}]}<\/script>\n<!-- \/ Yoast SEO Premium plugin. -->","yoast_head_json":{"title":"DA FREEBOOTERZ CODE - HammerTime Cafe Webshop","description":"DA FREEBOOTERZ CODE Warhammer reg\u00e9ny Ork kal\u00f3zokr\u00f3l, lootr\u00f3l \u00e9s galaktikus kalandokr\u00f3l humorral \u00e9s akci\u00f3val.","robots":{"index":"index","follow":"follow","max-snippet":"max-snippet:-1","max-image-preview":"max-image-preview:large","max-video-preview":"max-video-preview:-1"},"canonical":"https:\/\/hammertimecafe.hu\/en\/product\/da-freebooterz-code\/","og_locale":"en_US","og_type":"article","og_title":"DA FREEBOOTERZ CODE","og_description":"DA FREEBOOTERZ CODE Warhammer reg\u00e9ny Ork kal\u00f3zokr\u00f3l, lootr\u00f3l \u00e9s galaktikus kalandokr\u00f3l humorral \u00e9s akci\u00f3val.","og_url":"https:\/\/hammertimecafe.hu\/en\/product\/da-freebooterz-code\/","og_site_name":"HammerTime Cafe Webshop","article_modified_time":"2026-04-25T08:20:32+00:00","og_image":[{"width":1840,"height":1900,"url":"https:\/\/hammertimecafe.hu\/app\/uploads\/2026\/04\/Da-Freebooterz-Code.jpg","type":"image\/jpeg"}],"twitter_card":"summary_large_image","twitter_misc":{"Est. reading time":"1 minute"},"schema":{"@context":"https:\/\/schema.org","@graph":[{"@type":"WebPage","@id":"https:\/\/hammertimecafe.hu\/termek\/da-freebooterz-code\/","url":"https:\/\/hammertimecafe.hu\/termek\/da-freebooterz-code\/","name":"DA FREEBOOTERZ CODE - HammerTime Cafe Webshop","isPartOf":{"@id":"https:\/\/hammertimecafe.hu\/#website"},"primaryImageOfPage":{"@id":"https:\/\/hammertimecafe.hu\/termek\/da-freebooterz-code\/#primaryimage"},"image":{"@id":"https:\/\/hammertimecafe.hu\/termek\/da-freebooterz-code\/#primaryimage"},"thumbnailUrl":"https:\/\/hammertimecafe.hu\/app\/uploads\/2026\/04\/Da-Freebooterz-Code.jpg","datePublished":"2026-04-25T08:20:30+00:00","dateModified":"2026-04-25T08:20:32+00:00","description":"DA FREEBOOTERZ CODE Warhammer reg\u00e9ny Ork kal\u00f3zokr\u00f3l, lootr\u00f3l \u00e9s galaktikus kalandokr\u00f3l humorral \u00e9s akci\u00f3val.","breadcrumb":{"@id":"https:\/\/hammertimecafe.hu\/termek\/da-freebooterz-code\/#breadcrumb"},"inLanguage":"en-US","potentialAction":[{"@type":"ReadAction","target":["https:\/\/hammertimecafe.hu\/termek\/da-freebooterz-code\/"]}]},{"@type":"ImageObject","inLanguage":"en-US","@id":"https:\/\/hammertimecafe.hu\/termek\/da-freebooterz-code\/#primaryimage","url":"https:\/\/hammertimecafe.hu\/app\/uploads\/2026\/04\/Da-Freebooterz-Code.jpg","contentUrl":"https:\/\/hammertimecafe.hu\/app\/uploads\/2026\/04\/Da-Freebooterz-Code.jpg","width":1840,"height":1900,"caption":"Da Freebooterz Code"},{"@type":"BreadcrumbList","@id":"https:\/\/hammertimecafe.hu\/termek\/da-freebooterz-code\/#breadcrumb","itemListElement":[{"@type":"ListItem","position":1,"name":"Home","item":"https:\/\/hammertimecafe.hu\/"},{"@type":"ListItem","position":2,"name":"Shop","item":"https:\/\/hammertimecafe.hu\/uzlet\/"},{"@type":"ListItem","position":3,"name":"DA FREEBOOTERZ CODE"}]},{"@type":"WebSite","@id":"https:\/\/hammertimecafe.hu\/#website","url":"https:\/\/hammertimecafe.hu\/","name":"Hammertimecafe","description":"The Official Website and Webshop of HammerTime Cafe.","publisher":{"@id":"https:\/\/hammertimecafe.hu\/#organization"},"potentialAction":[{"@type":"SearchAction","target":{"@type":"EntryPoint","urlTemplate":"https:\/\/hammertimecafe.hu\/?s={search_term_string}"},"query-input":{"@type":"PropertyValueSpecification","valueRequired":true,"valueName":"search_term_string"}}],"inLanguage":"en-US"},{"@type":"Organization","@id":"https:\/\/hammertimecafe.hu\/#organization","name":"Hammertimecafe","url":"https:\/\/hammertimecafe.hu\/","logo":{"@type":"ImageObject","inLanguage":"en-US","@id":"https:\/\/hammertimecafe.hu\/#\/schema\/logo\/image\/","url":"https:\/\/htcwoo.test\/app\/uploads\/2025\/08\/logo_of_htc.png","contentUrl":"https:\/\/htcwoo.test\/app\/uploads\/2025\/08\/logo_of_htc.png","width":166,"height":73,"caption":"Hammertimecafe"},"image":{"@id":"https:\/\/hammertimecafe.hu\/#\/schema\/logo\/image\/"}}]}},"_links":{"self":[{"href":"https:\/\/hammertimecafe.hu\/en\/wp-json\/wp\/v2\/product\/29123","targetHints":{"allow":["GET"]}}],"collection":[{"href":"https:\/\/hammertimecafe.hu\/en\/wp-json\/wp\/v2\/product"}],"about":[{"href":"https:\/\/hammertimecafe.hu\/en\/wp-json\/wp\/v2\/types\/product"}],"replies":[{"embeddable":true,"href":"https:\/\/hammertimecafe.hu\/en\/wp-json\/wp\/v2\/comments?post=29123"}],"wp:featuredmedia":[{"embeddable":true,"href":"https:\/\/hammertimecafe.hu\/en\/wp-json\/wp\/v2\/media\/29189"}],"wp:attachment":[{"href":"https:\/\/hammertimecafe.hu\/en\/wp-json\/wp\/v2\/media?parent=29123"}],"wp:term":[{"taxonomy":"product_brand","embeddable":true,"href":"https:\/\/hammertimecafe.hu\/en\/wp-json\/wp\/v2\/product_brand?post=29123"},{"taxonomy":"product_cat","embeddable":true,"href":"https:\/\/hammertimecafe.hu\/en\/wp-json\/wp\/v2\/product_cat?post=29123"},{"taxonomy":"product_tag","embeddable":true,"href":"https:\/\/hammertimecafe.hu\/en\/wp-json\/wp\/v2\/product_tag?post=29123"}],"curies":[{"name":"wp","href":"https:\/\/api.w.org\/{rel}","templated":true}]}}