{"id":29257,"date":"2026-05-02T10:54:50","date_gmt":"2026-05-02T08:54:50","guid":{"rendered":"https:\/\/hammertimecafe.hu\/?post_type=product&#038;p=29257"},"modified":"2026-05-02T10:54:53","modified_gmt":"2026-05-02T08:54:53","slug":"grand-cathay-peasant-levy","status":"publish","type":"product","link":"https:\/\/hammertimecafe.hu\/en\/product\/grand-cathay-peasant-levy\/","title":{"rendered":"GRAND CATHAY: PEASANT LEVY"},"content":{"rendered":"<p>A GRAND CATHAY: PEASANT LEVY egy sokoldal\u00fa gyalogos egys\u00e9g, amely a Cathay birodalom haderej\u00e9nek gerinc\u00e9t alkotja. A GRAND CATHAY: PEASANT LEVY ide\u00e1lis v\u00e1laszt\u00e1s minden j\u00e1t\u00e9kos sz\u00e1m\u00e1ra, aki nagy l\u00e9tsz\u00e1m\u00fa \u00e9s rugalmas sereget szeretne fel\u00e1ll\u00edtani.<\/p>\n<p>A k\u00e9szlet 20 darab multipart m\u0171anyag figur\u00e1t tartalmaz, amelyek t\u00f6bbf\u00e9lek\u00e9ppen szerelhet\u0151k \u00f6ssze. A GRAND CATHAY: PEASANT LEVY egys\u00e9gei felszerelhet\u0151k hossz\u00fa l\u00e1ndzs\u00e1val vagy \u00edjjal, \u00edgy alkalmazkodnak a k\u00fcl\u00f6nb\u00f6z\u0151 taktikai helyzetekhez.<\/p>\n<p>A modellek t\u00f6bbf\u00e9le fejopci\u00f3val \u00e9rkeznek, \u00edgy egyedi megjelen\u00e9st adhatsz a csapataidnak. A GRAND CATHAY: PEASANT LEVY kiv\u00e1l\u00f3 lehet\u0151s\u00e9get biztos\u00edt a testreszab\u00e1sra.<\/p>\n<p>A fegyelmezett paraszti harcosok meglep\u0151en hat\u00e9konyak a csatat\u00e9ren. A GRAND CATHAY: PEASANT LEVY t\u00f6k\u00e9letes alapja lehet b\u00e1rmely Grand Cathay hadseregnek.<\/p>\n<p>The miniatures require assembly and painting.<br \/>\nProduct language: English.<br \/>\nAz el\u0151rendel\u00e9si peri\u00f3dus 2026. 05. 02-\u00e1n indul, a term\u00e9k 2026. 05. 16-t\u00f3l vehet\u0151 \u00e1t.<\/p>","protected":false},"excerpt":{"rendered":"<p>A GRAND CATHAY: PEASANT LEVY egy sokoldal\u00fa gyalogos egys\u00e9g, amely a Cathay birodalom haderej\u00e9nek gerinc\u00e9t alkotja. A GRAND CATHAY: PEASANT LEVY ide\u00e1lis v\u00e1laszt\u00e1s minden j\u00e1t\u00e9kos sz\u00e1m\u00e1ra, aki nagy l\u00e9tsz\u00e1m\u00fa \u00e9s rugalmas sereget szeretne fel\u00e1ll\u00edtani.<\/p>","protected":false},"featured_media":29322,"comment_status":"open","ping_status":"closed","template":"","meta":{"_acf_changed":false},"product_brand":[46],"product_cat":[19,233],"product_tag":[],"class_list":{"0":"post-29257","1":"product","2":"type-product","3":"status-publish","4":"has-post-thumbnail","6":"product_brand-games-workshop","7":"product_cat-wargame","8":"product_cat-warhammer-the-old-world","10":"first","11":"onbackorder","12":"sale","13":"taxable","14":"shipping-taxable","15":"purchasable","16":"product-type-simple"},"acf":[],"yoast_head":"<!-- This site is optimized with the Yoast SEO Premium plugin v25.6 (Yoast SEO v25.6) - https:\/\/yoast.com\/wordpress\/plugins\/seo\/ -->\n<title>GRAND CATHAY: PEASANT LEVY - HammerTime Cafe Webshop<\/title>\n<meta name=\"description\" content=\"GRAND CATHAY: PEASANT LEVY 20 figur\u00e1s egys\u00e9g l\u00e1ndzs\u00e1val vagy \u00edjjal Warhammer j\u00e1t\u00e9khoz, sok testreszab\u00e1si opci\u00f3val.\" \/>\n<meta name=\"robots\" content=\"index, follow, max-snippet:-1, max-image-preview:large, max-video-preview:-1\" \/>\n<link rel=\"canonical\" href=\"https:\/\/hammertimecafe.hu\/en\/product\/grand-cathay-peasant-levy\/\" \/>\n<meta property=\"og:locale\" content=\"en_US\" \/>\n<meta property=\"og:type\" content=\"article\" \/>\n<meta property=\"og:title\" content=\"GRAND CATHAY: PEASANT LEVY\" \/>\n<meta property=\"og:description\" content=\"GRAND CATHAY: PEASANT LEVY 20 figur\u00e1s egys\u00e9g l\u00e1ndzs\u00e1val vagy \u00edjjal Warhammer j\u00e1t\u00e9khoz, sok testreszab\u00e1si opci\u00f3val.\" \/>\n<meta property=\"og:url\" content=\"https:\/\/hammertimecafe.hu\/en\/product\/grand-cathay-peasant-levy\/\" \/>\n<meta property=\"og:site_name\" content=\"HammerTime Cafe Webshop\" \/>\n<meta property=\"article:modified_time\" content=\"2026-05-02T08:54:53+00:00\" \/>\n<meta property=\"og:image\" content=\"https:\/\/hammertimecafe.hu\/app\/uploads\/2026\/05\/Grand-Cathay-Peasant-Levy.jpg\" \/>\n\t<meta property=\"og:image:width\" content=\"1840\" \/>\n\t<meta property=\"og:image:height\" content=\"1900\" \/>\n\t<meta property=\"og:image:type\" content=\"image\/jpeg\" \/>\n<meta name=\"twitter:card\" content=\"summary_large_image\" \/>\n<meta name=\"twitter:label1\" content=\"Est. reading time\" \/>\n\t<meta name=\"twitter:data1\" content=\"1 minute\" \/>\n<script type=\"application\/ld+json\" class=\"yoast-schema-graph\">{\"@context\":\"https:\/\/schema.org\",\"@graph\":[{\"@type\":\"WebPage\",\"@id\":\"https:\/\/hammertimecafe.hu\/termek\/grand-cathay-peasant-levy\/\",\"url\":\"https:\/\/hammertimecafe.hu\/termek\/grand-cathay-peasant-levy\/\",\"name\":\"GRAND CATHAY: PEASANT LEVY - HammerTime Cafe Webshop\",\"isPartOf\":{\"@id\":\"https:\/\/hammertimecafe.hu\/#website\"},\"primaryImageOfPage\":{\"@id\":\"https:\/\/hammertimecafe.hu\/termek\/grand-cathay-peasant-levy\/#primaryimage\"},\"image\":{\"@id\":\"https:\/\/hammertimecafe.hu\/termek\/grand-cathay-peasant-levy\/#primaryimage\"},\"thumbnailUrl\":\"https:\/\/hammertimecafe.hu\/app\/uploads\/2026\/05\/Grand-Cathay-Peasant-Levy.jpg\",\"datePublished\":\"2026-05-02T08:54:50+00:00\",\"dateModified\":\"2026-05-02T08:54:53+00:00\",\"description\":\"GRAND CATHAY: PEASANT LEVY 20 figur\u00e1s egys\u00e9g l\u00e1ndzs\u00e1val vagy \u00edjjal Warhammer j\u00e1t\u00e9khoz, sok testreszab\u00e1si opci\u00f3val.\",\"breadcrumb\":{\"@id\":\"https:\/\/hammertimecafe.hu\/termek\/grand-cathay-peasant-levy\/#breadcrumb\"},\"inLanguage\":\"en-US\",\"potentialAction\":[{\"@type\":\"ReadAction\",\"target\":[\"https:\/\/hammertimecafe.hu\/termek\/grand-cathay-peasant-levy\/\"]}]},{\"@type\":\"ImageObject\",\"inLanguage\":\"en-US\",\"@id\":\"https:\/\/hammertimecafe.hu\/termek\/grand-cathay-peasant-levy\/#primaryimage\",\"url\":\"https:\/\/hammertimecafe.hu\/app\/uploads\/2026\/05\/Grand-Cathay-Peasant-Levy.jpg\",\"contentUrl\":\"https:\/\/hammertimecafe.hu\/app\/uploads\/2026\/05\/Grand-Cathay-Peasant-Levy.jpg\",\"width\":1840,\"height\":1900,\"caption\":\"Grand Cathay Peasant Levy\"},{\"@type\":\"BreadcrumbList\",\"@id\":\"https:\/\/hammertimecafe.hu\/termek\/grand-cathay-peasant-levy\/#breadcrumb\",\"itemListElement\":[{\"@type\":\"ListItem\",\"position\":1,\"name\":\"Home\",\"item\":\"https:\/\/hammertimecafe.hu\/\"},{\"@type\":\"ListItem\",\"position\":2,\"name\":\"Shop\",\"item\":\"https:\/\/hammertimecafe.hu\/uzlet\/\"},{\"@type\":\"ListItem\",\"position\":3,\"name\":\"GRAND CATHAY: PEASANT LEVY\"}]},{\"@type\":\"WebSite\",\"@id\":\"https:\/\/hammertimecafe.hu\/#website\",\"url\":\"https:\/\/hammertimecafe.hu\/\",\"name\":\"Hammertimecafe\",\"description\":\"A HammerTime Cafe Hivatalos Weboldala \u00e9s Webshopja.\",\"publisher\":{\"@id\":\"https:\/\/hammertimecafe.hu\/#organization\"},\"potentialAction\":[{\"@type\":\"SearchAction\",\"target\":{\"@type\":\"EntryPoint\",\"urlTemplate\":\"https:\/\/hammertimecafe.hu\/?s={search_term_string}\"},\"query-input\":{\"@type\":\"PropertyValueSpecification\",\"valueRequired\":true,\"valueName\":\"search_term_string\"}}],\"inLanguage\":\"en-US\"},{\"@type\":\"Organization\",\"@id\":\"https:\/\/hammertimecafe.hu\/#organization\",\"name\":\"Hammertimecafe\",\"url\":\"https:\/\/hammertimecafe.hu\/\",\"logo\":{\"@type\":\"ImageObject\",\"inLanguage\":\"en-US\",\"@id\":\"https:\/\/hammertimecafe.hu\/#\/schema\/logo\/image\/\",\"url\":\"https:\/\/htcwoo.test\/app\/uploads\/2025\/08\/logo_of_htc.png\",\"contentUrl\":\"https:\/\/htcwoo.test\/app\/uploads\/2025\/08\/logo_of_htc.png\",\"width\":166,\"height\":73,\"caption\":\"Hammertimecafe\"},\"image\":{\"@id\":\"https:\/\/hammertimecafe.hu\/#\/schema\/logo\/image\/\"}}]}<\/script>\n<!-- \/ Yoast SEO Premium plugin. -->","yoast_head_json":{"title":"GRAND CATHAY: PEASANT LEVY - HammerTime Cafe Webshop","description":"GRAND CATHAY: PEASANT LEVY 20 figur\u00e1s egys\u00e9g l\u00e1ndzs\u00e1val vagy \u00edjjal Warhammer j\u00e1t\u00e9khoz, sok testreszab\u00e1si opci\u00f3val.","robots":{"index":"index","follow":"follow","max-snippet":"max-snippet:-1","max-image-preview":"max-image-preview:large","max-video-preview":"max-video-preview:-1"},"canonical":"https:\/\/hammertimecafe.hu\/en\/product\/grand-cathay-peasant-levy\/","og_locale":"en_US","og_type":"article","og_title":"GRAND CATHAY: PEASANT LEVY","og_description":"GRAND CATHAY: PEASANT LEVY 20 figur\u00e1s egys\u00e9g l\u00e1ndzs\u00e1val vagy \u00edjjal Warhammer j\u00e1t\u00e9khoz, sok testreszab\u00e1si opci\u00f3val.","og_url":"https:\/\/hammertimecafe.hu\/en\/product\/grand-cathay-peasant-levy\/","og_site_name":"HammerTime Cafe Webshop","article_modified_time":"2026-05-02T08:54:53+00:00","og_image":[{"width":1840,"height":1900,"url":"https:\/\/hammertimecafe.hu\/app\/uploads\/2026\/05\/Grand-Cathay-Peasant-Levy.jpg","type":"image\/jpeg"}],"twitter_card":"summary_large_image","twitter_misc":{"Est. reading time":"1 minute"},"schema":{"@context":"https:\/\/schema.org","@graph":[{"@type":"WebPage","@id":"https:\/\/hammertimecafe.hu\/termek\/grand-cathay-peasant-levy\/","url":"https:\/\/hammertimecafe.hu\/termek\/grand-cathay-peasant-levy\/","name":"GRAND CATHAY: PEASANT LEVY - HammerTime Cafe Webshop","isPartOf":{"@id":"https:\/\/hammertimecafe.hu\/#website"},"primaryImageOfPage":{"@id":"https:\/\/hammertimecafe.hu\/termek\/grand-cathay-peasant-levy\/#primaryimage"},"image":{"@id":"https:\/\/hammertimecafe.hu\/termek\/grand-cathay-peasant-levy\/#primaryimage"},"thumbnailUrl":"https:\/\/hammertimecafe.hu\/app\/uploads\/2026\/05\/Grand-Cathay-Peasant-Levy.jpg","datePublished":"2026-05-02T08:54:50+00:00","dateModified":"2026-05-02T08:54:53+00:00","description":"GRAND CATHAY: PEASANT LEVY 20 figur\u00e1s egys\u00e9g l\u00e1ndzs\u00e1val vagy \u00edjjal Warhammer j\u00e1t\u00e9khoz, sok testreszab\u00e1si opci\u00f3val.","breadcrumb":{"@id":"https:\/\/hammertimecafe.hu\/termek\/grand-cathay-peasant-levy\/#breadcrumb"},"inLanguage":"en-US","potentialAction":[{"@type":"ReadAction","target":["https:\/\/hammertimecafe.hu\/termek\/grand-cathay-peasant-levy\/"]}]},{"@type":"ImageObject","inLanguage":"en-US","@id":"https:\/\/hammertimecafe.hu\/termek\/grand-cathay-peasant-levy\/#primaryimage","url":"https:\/\/hammertimecafe.hu\/app\/uploads\/2026\/05\/Grand-Cathay-Peasant-Levy.jpg","contentUrl":"https:\/\/hammertimecafe.hu\/app\/uploads\/2026\/05\/Grand-Cathay-Peasant-Levy.jpg","width":1840,"height":1900,"caption":"Grand Cathay Peasant Levy"},{"@type":"BreadcrumbList","@id":"https:\/\/hammertimecafe.hu\/termek\/grand-cathay-peasant-levy\/#breadcrumb","itemListElement":[{"@type":"ListItem","position":1,"name":"Home","item":"https:\/\/hammertimecafe.hu\/"},{"@type":"ListItem","position":2,"name":"Shop","item":"https:\/\/hammertimecafe.hu\/uzlet\/"},{"@type":"ListItem","position":3,"name":"GRAND CATHAY: PEASANT LEVY"}]},{"@type":"WebSite","@id":"https:\/\/hammertimecafe.hu\/#website","url":"https:\/\/hammertimecafe.hu\/","name":"Hammertimecafe","description":"The Official Website and Webshop of HammerTime Cafe.","publisher":{"@id":"https:\/\/hammertimecafe.hu\/#organization"},"potentialAction":[{"@type":"SearchAction","target":{"@type":"EntryPoint","urlTemplate":"https:\/\/hammertimecafe.hu\/?s={search_term_string}"},"query-input":{"@type":"PropertyValueSpecification","valueRequired":true,"valueName":"search_term_string"}}],"inLanguage":"en-US"},{"@type":"Organization","@id":"https:\/\/hammertimecafe.hu\/#organization","name":"Hammertimecafe","url":"https:\/\/hammertimecafe.hu\/","logo":{"@type":"ImageObject","inLanguage":"en-US","@id":"https:\/\/hammertimecafe.hu\/#\/schema\/logo\/image\/","url":"https:\/\/htcwoo.test\/app\/uploads\/2025\/08\/logo_of_htc.png","contentUrl":"https:\/\/htcwoo.test\/app\/uploads\/2025\/08\/logo_of_htc.png","width":166,"height":73,"caption":"Hammertimecafe"},"image":{"@id":"https:\/\/hammertimecafe.hu\/#\/schema\/logo\/image\/"}}]}},"_links":{"self":[{"href":"https:\/\/hammertimecafe.hu\/en\/wp-json\/wp\/v2\/product\/29257","targetHints":{"allow":["GET"]}}],"collection":[{"href":"https:\/\/hammertimecafe.hu\/en\/wp-json\/wp\/v2\/product"}],"about":[{"href":"https:\/\/hammertimecafe.hu\/en\/wp-json\/wp\/v2\/types\/product"}],"replies":[{"embeddable":true,"href":"https:\/\/hammertimecafe.hu\/en\/wp-json\/wp\/v2\/comments?post=29257"}],"wp:featuredmedia":[{"embeddable":true,"href":"https:\/\/hammertimecafe.hu\/en\/wp-json\/wp\/v2\/media\/29322"}],"wp:attachment":[{"href":"https:\/\/hammertimecafe.hu\/en\/wp-json\/wp\/v2\/media?parent=29257"}],"wp:term":[{"taxonomy":"product_brand","embeddable":true,"href":"https:\/\/hammertimecafe.hu\/en\/wp-json\/wp\/v2\/product_brand?post=29257"},{"taxonomy":"product_cat","embeddable":true,"href":"https:\/\/hammertimecafe.hu\/en\/wp-json\/wp\/v2\/product_cat?post=29257"},{"taxonomy":"product_tag","embeddable":true,"href":"https:\/\/hammertimecafe.hu\/en\/wp-json\/wp\/v2\/product_tag?post=29257"}],"curies":[{"name":"wp","href":"https:\/\/api.w.org\/{rel}","templated":true}]}}