{"id":29259,"date":"2026-05-02T10:55:10","date_gmt":"2026-05-02T08:55:10","guid":{"rendered":"https:\/\/hammertimecafe.hu\/?post_type=product&#038;p=29259"},"modified":"2026-05-02T10:55:12","modified_gmt":"2026-05-02T08:55:12","slug":"grand-cathay-iron-hail-crane-gunners","status":"publish","type":"product","link":"https:\/\/hammertimecafe.hu\/en\/product\/grand-cathay-iron-hail-crane-gunners\/","title":{"rendered":"GRAND CATHAY: IRON HAIL &#038; CRANE GUNNERS"},"content":{"rendered":"<p>A GRAND CATHAY: IRON HAIL &amp; CRANE GUNNERS egy elit l\u00f6v\u00e9sz egys\u00e9g, amely puszt\u00edt\u00f3 t\u0171zer\u0151t biztos\u00edt a csatat\u00e9ren. A GRAND CATHAY: IRON HAIL &amp; CRANE GUNNERS t\u00f6k\u00e9letes v\u00e1laszt\u00e1s azok sz\u00e1m\u00e1ra, akik a t\u00e1vols\u00e1gi harcot r\u00e9szes\u00edtik el\u0151nyben.<\/p>\n<p>A k\u00e9szlet tartalmaz 12 Iron Hail Gunner modellt, akik k\u00f6zelharci t\u0171zer\u0151vel dar\u00e1lj\u00e1k le az ellens\u00e9get. A GRAND CATHAY: IRON HAIL &amp; CRANE GUNNERS ezen k\u00edv\u00fcl nyolc Crane Gunner p\u00e1rost is k\u00edn\u00e1l, amelyek nagy t\u00e1vols\u00e1gb\u00f3l c\u00e9loznak.<\/p>\n<p>A Crane Gunner egys\u00e9gek pajzzsal \u00e9s hossz\u00fa pusk\u00e1val dolgoznak, \u00edgy v\u00e9delmet \u00e9s precizit\u00e1st biztos\u00edtanak. A GRAND CATHAY: IRON HAIL &amp; CRANE GUNNERS kiv\u00e1l\u00f3an alkalmas karakterek \u00e9s monstrumok kiiktat\u00e1s\u00e1ra.<\/p>\n<p>A kombin\u00e1lt egys\u00e9gek rugalmas taktikai lehet\u0151s\u00e9geket ny\u00fajtanak minden hadsereg sz\u00e1m\u00e1ra. A GRAND CATHAY: IRON HAIL &amp; CRANE GUNNERS ide\u00e1lis v\u00e1laszt\u00e1s minden Grand Cathay j\u00e1t\u00e9kosnak.<\/p>\n<p>The miniatures require assembly and painting.<br \/>\nProduct language: English.<br \/>\nAz el\u0151rendel\u00e9si peri\u00f3dus 2026. 05. 02-\u00e1n indul, a term\u00e9k 2026. 05. 16-t\u00f3l vehet\u0151 \u00e1t.<\/p>","protected":false},"excerpt":{"rendered":"<p>A GRAND CATHAY: IRON HAIL &amp; CRANE GUNNERS egy elit l\u00f6v\u00e9sz egys\u00e9g, amely puszt\u00edt\u00f3 t\u0171zer\u0151t biztos\u00edt a csatat\u00e9ren. A GRAND CATHAY: IRON HAIL &amp; CRANE GUNNERS t\u00f6k\u00e9letes v\u00e1laszt\u00e1s azok sz\u00e1m\u00e1ra, akik a t\u00e1vols\u00e1gi harcot r\u00e9szes\u00edtik el\u0151nyben.<\/p>","protected":false},"featured_media":29321,"comment_status":"open","ping_status":"closed","template":"","meta":{"_acf_changed":false},"product_brand":[46],"product_cat":[19,233],"product_tag":[],"class_list":{"0":"post-29259","1":"product","2":"type-product","3":"status-publish","4":"has-post-thumbnail","6":"product_brand-games-workshop","7":"product_cat-wargame","8":"product_cat-warhammer-the-old-world","10":"first","11":"onbackorder","12":"sale","13":"taxable","14":"shipping-taxable","15":"purchasable","16":"product-type-simple"},"acf":[],"yoast_head":"<!-- This site is optimized with the Yoast SEO Premium plugin v25.6 (Yoast SEO v25.6) - https:\/\/yoast.com\/wordpress\/plugins\/seo\/ -->\n<title>GRAND CATHAY: IRON HAIL &amp; CRANE GUNNERS - HammerTime Cafe Webshop<\/title>\n<meta name=\"description\" content=\"GRAND CATHAY: IRON HAIL &amp; CRANE GUNNERS l\u00f6v\u00e9sz egys\u00e9gek elit t\u0171zer\u0151vel \u00e9s taktikai rugalmass\u00e1ggal Warhammer seregekhez.\" \/>\n<meta name=\"robots\" content=\"index, follow, max-snippet:-1, max-image-preview:large, max-video-preview:-1\" \/>\n<link rel=\"canonical\" href=\"https:\/\/hammertimecafe.hu\/en\/product\/grand-cathay-iron-hail-crane-gunners\/\" \/>\n<meta property=\"og:locale\" content=\"en_US\" \/>\n<meta property=\"og:type\" content=\"article\" \/>\n<meta property=\"og:title\" content=\"GRAND CATHAY: IRON HAIL &amp; CRANE GUNNERS\" \/>\n<meta property=\"og:description\" content=\"GRAND CATHAY: IRON HAIL &amp; CRANE GUNNERS l\u00f6v\u00e9sz egys\u00e9gek elit t\u0171zer\u0151vel \u00e9s taktikai rugalmass\u00e1ggal Warhammer seregekhez.\" \/>\n<meta property=\"og:url\" content=\"https:\/\/hammertimecafe.hu\/en\/product\/grand-cathay-iron-hail-crane-gunners\/\" \/>\n<meta property=\"og:site_name\" content=\"HammerTime Cafe Webshop\" \/>\n<meta property=\"article:modified_time\" content=\"2026-05-02T08:55:12+00:00\" \/>\n<meta property=\"og:image\" content=\"https:\/\/hammertimecafe.hu\/app\/uploads\/2026\/05\/Grand-Cathay-Iron-Hail-And-Crane-Gunners.jpg\" \/>\n\t<meta property=\"og:image:width\" content=\"1840\" \/>\n\t<meta property=\"og:image:height\" content=\"1900\" \/>\n\t<meta property=\"og:image:type\" content=\"image\/jpeg\" \/>\n<meta name=\"twitter:card\" content=\"summary_large_image\" \/>\n<meta name=\"twitter:label1\" content=\"Est. reading time\" \/>\n\t<meta name=\"twitter:data1\" content=\"1 minute\" \/>\n<script type=\"application\/ld+json\" class=\"yoast-schema-graph\">{\"@context\":\"https:\/\/schema.org\",\"@graph\":[{\"@type\":\"WebPage\",\"@id\":\"https:\/\/hammertimecafe.hu\/termek\/grand-cathay-iron-hail-crane-gunners\/\",\"url\":\"https:\/\/hammertimecafe.hu\/termek\/grand-cathay-iron-hail-crane-gunners\/\",\"name\":\"GRAND CATHAY: IRON HAIL & CRANE GUNNERS - HammerTime Cafe Webshop\",\"isPartOf\":{\"@id\":\"https:\/\/hammertimecafe.hu\/#website\"},\"primaryImageOfPage\":{\"@id\":\"https:\/\/hammertimecafe.hu\/termek\/grand-cathay-iron-hail-crane-gunners\/#primaryimage\"},\"image\":{\"@id\":\"https:\/\/hammertimecafe.hu\/termek\/grand-cathay-iron-hail-crane-gunners\/#primaryimage\"},\"thumbnailUrl\":\"https:\/\/hammertimecafe.hu\/app\/uploads\/2026\/05\/Grand-Cathay-Iron-Hail-And-Crane-Gunners.jpg\",\"datePublished\":\"2026-05-02T08:55:10+00:00\",\"dateModified\":\"2026-05-02T08:55:12+00:00\",\"description\":\"GRAND CATHAY: IRON HAIL & CRANE GUNNERS l\u00f6v\u00e9sz egys\u00e9gek elit t\u0171zer\u0151vel \u00e9s taktikai rugalmass\u00e1ggal Warhammer seregekhez.\",\"breadcrumb\":{\"@id\":\"https:\/\/hammertimecafe.hu\/termek\/grand-cathay-iron-hail-crane-gunners\/#breadcrumb\"},\"inLanguage\":\"en-US\",\"potentialAction\":[{\"@type\":\"ReadAction\",\"target\":[\"https:\/\/hammertimecafe.hu\/termek\/grand-cathay-iron-hail-crane-gunners\/\"]}]},{\"@type\":\"ImageObject\",\"inLanguage\":\"en-US\",\"@id\":\"https:\/\/hammertimecafe.hu\/termek\/grand-cathay-iron-hail-crane-gunners\/#primaryimage\",\"url\":\"https:\/\/hammertimecafe.hu\/app\/uploads\/2026\/05\/Grand-Cathay-Iron-Hail-And-Crane-Gunners.jpg\",\"contentUrl\":\"https:\/\/hammertimecafe.hu\/app\/uploads\/2026\/05\/Grand-Cathay-Iron-Hail-And-Crane-Gunners.jpg\",\"width\":1840,\"height\":1900,\"caption\":\"Grand Cathay Iron Hail And Crane Gunners\"},{\"@type\":\"BreadcrumbList\",\"@id\":\"https:\/\/hammertimecafe.hu\/termek\/grand-cathay-iron-hail-crane-gunners\/#breadcrumb\",\"itemListElement\":[{\"@type\":\"ListItem\",\"position\":1,\"name\":\"Home\",\"item\":\"https:\/\/hammertimecafe.hu\/\"},{\"@type\":\"ListItem\",\"position\":2,\"name\":\"Shop\",\"item\":\"https:\/\/hammertimecafe.hu\/uzlet\/\"},{\"@type\":\"ListItem\",\"position\":3,\"name\":\"GRAND CATHAY: IRON HAIL &#038; CRANE GUNNERS\"}]},{\"@type\":\"WebSite\",\"@id\":\"https:\/\/hammertimecafe.hu\/#website\",\"url\":\"https:\/\/hammertimecafe.hu\/\",\"name\":\"Hammertimecafe\",\"description\":\"A HammerTime Cafe Hivatalos Weboldala \u00e9s Webshopja.\",\"publisher\":{\"@id\":\"https:\/\/hammertimecafe.hu\/#organization\"},\"potentialAction\":[{\"@type\":\"SearchAction\",\"target\":{\"@type\":\"EntryPoint\",\"urlTemplate\":\"https:\/\/hammertimecafe.hu\/?s={search_term_string}\"},\"query-input\":{\"@type\":\"PropertyValueSpecification\",\"valueRequired\":true,\"valueName\":\"search_term_string\"}}],\"inLanguage\":\"en-US\"},{\"@type\":\"Organization\",\"@id\":\"https:\/\/hammertimecafe.hu\/#organization\",\"name\":\"Hammertimecafe\",\"url\":\"https:\/\/hammertimecafe.hu\/\",\"logo\":{\"@type\":\"ImageObject\",\"inLanguage\":\"en-US\",\"@id\":\"https:\/\/hammertimecafe.hu\/#\/schema\/logo\/image\/\",\"url\":\"https:\/\/htcwoo.test\/app\/uploads\/2025\/08\/logo_of_htc.png\",\"contentUrl\":\"https:\/\/htcwoo.test\/app\/uploads\/2025\/08\/logo_of_htc.png\",\"width\":166,\"height\":73,\"caption\":\"Hammertimecafe\"},\"image\":{\"@id\":\"https:\/\/hammertimecafe.hu\/#\/schema\/logo\/image\/\"}}]}<\/script>\n<!-- \/ Yoast SEO Premium plugin. -->","yoast_head_json":{"title":"GRAND CATHAY: IRON HAIL & CRANE GUNNERS - HammerTime Cafe Webshop","description":"GRAND CATHAY: IRON HAIL & CRANE GUNNERS l\u00f6v\u00e9sz egys\u00e9gek elit t\u0171zer\u0151vel \u00e9s taktikai rugalmass\u00e1ggal Warhammer seregekhez.","robots":{"index":"index","follow":"follow","max-snippet":"max-snippet:-1","max-image-preview":"max-image-preview:large","max-video-preview":"max-video-preview:-1"},"canonical":"https:\/\/hammertimecafe.hu\/en\/product\/grand-cathay-iron-hail-crane-gunners\/","og_locale":"en_US","og_type":"article","og_title":"GRAND CATHAY: IRON HAIL & CRANE GUNNERS","og_description":"GRAND CATHAY: IRON HAIL & CRANE GUNNERS l\u00f6v\u00e9sz egys\u00e9gek elit t\u0171zer\u0151vel \u00e9s taktikai rugalmass\u00e1ggal Warhammer seregekhez.","og_url":"https:\/\/hammertimecafe.hu\/en\/product\/grand-cathay-iron-hail-crane-gunners\/","og_site_name":"HammerTime Cafe Webshop","article_modified_time":"2026-05-02T08:55:12+00:00","og_image":[{"width":1840,"height":1900,"url":"https:\/\/hammertimecafe.hu\/app\/uploads\/2026\/05\/Grand-Cathay-Iron-Hail-And-Crane-Gunners.jpg","type":"image\/jpeg"}],"twitter_card":"summary_large_image","twitter_misc":{"Est. reading time":"1 minute"},"schema":{"@context":"https:\/\/schema.org","@graph":[{"@type":"WebPage","@id":"https:\/\/hammertimecafe.hu\/termek\/grand-cathay-iron-hail-crane-gunners\/","url":"https:\/\/hammertimecafe.hu\/termek\/grand-cathay-iron-hail-crane-gunners\/","name":"GRAND CATHAY: IRON HAIL & CRANE GUNNERS - HammerTime Cafe Webshop","isPartOf":{"@id":"https:\/\/hammertimecafe.hu\/#website"},"primaryImageOfPage":{"@id":"https:\/\/hammertimecafe.hu\/termek\/grand-cathay-iron-hail-crane-gunners\/#primaryimage"},"image":{"@id":"https:\/\/hammertimecafe.hu\/termek\/grand-cathay-iron-hail-crane-gunners\/#primaryimage"},"thumbnailUrl":"https:\/\/hammertimecafe.hu\/app\/uploads\/2026\/05\/Grand-Cathay-Iron-Hail-And-Crane-Gunners.jpg","datePublished":"2026-05-02T08:55:10+00:00","dateModified":"2026-05-02T08:55:12+00:00","description":"GRAND CATHAY: IRON HAIL & CRANE GUNNERS l\u00f6v\u00e9sz egys\u00e9gek elit t\u0171zer\u0151vel \u00e9s taktikai rugalmass\u00e1ggal Warhammer seregekhez.","breadcrumb":{"@id":"https:\/\/hammertimecafe.hu\/termek\/grand-cathay-iron-hail-crane-gunners\/#breadcrumb"},"inLanguage":"en-US","potentialAction":[{"@type":"ReadAction","target":["https:\/\/hammertimecafe.hu\/termek\/grand-cathay-iron-hail-crane-gunners\/"]}]},{"@type":"ImageObject","inLanguage":"en-US","@id":"https:\/\/hammertimecafe.hu\/termek\/grand-cathay-iron-hail-crane-gunners\/#primaryimage","url":"https:\/\/hammertimecafe.hu\/app\/uploads\/2026\/05\/Grand-Cathay-Iron-Hail-And-Crane-Gunners.jpg","contentUrl":"https:\/\/hammertimecafe.hu\/app\/uploads\/2026\/05\/Grand-Cathay-Iron-Hail-And-Crane-Gunners.jpg","width":1840,"height":1900,"caption":"Grand Cathay Iron Hail And Crane Gunners"},{"@type":"BreadcrumbList","@id":"https:\/\/hammertimecafe.hu\/termek\/grand-cathay-iron-hail-crane-gunners\/#breadcrumb","itemListElement":[{"@type":"ListItem","position":1,"name":"Home","item":"https:\/\/hammertimecafe.hu\/"},{"@type":"ListItem","position":2,"name":"Shop","item":"https:\/\/hammertimecafe.hu\/uzlet\/"},{"@type":"ListItem","position":3,"name":"GRAND CATHAY: IRON HAIL &#038; CRANE GUNNERS"}]},{"@type":"WebSite","@id":"https:\/\/hammertimecafe.hu\/#website","url":"https:\/\/hammertimecafe.hu\/","name":"Hammertimecafe","description":"The Official Website and Webshop of HammerTime Cafe.","publisher":{"@id":"https:\/\/hammertimecafe.hu\/#organization"},"potentialAction":[{"@type":"SearchAction","target":{"@type":"EntryPoint","urlTemplate":"https:\/\/hammertimecafe.hu\/?s={search_term_string}"},"query-input":{"@type":"PropertyValueSpecification","valueRequired":true,"valueName":"search_term_string"}}],"inLanguage":"en-US"},{"@type":"Organization","@id":"https:\/\/hammertimecafe.hu\/#organization","name":"Hammertimecafe","url":"https:\/\/hammertimecafe.hu\/","logo":{"@type":"ImageObject","inLanguage":"en-US","@id":"https:\/\/hammertimecafe.hu\/#\/schema\/logo\/image\/","url":"https:\/\/htcwoo.test\/app\/uploads\/2025\/08\/logo_of_htc.png","contentUrl":"https:\/\/htcwoo.test\/app\/uploads\/2025\/08\/logo_of_htc.png","width":166,"height":73,"caption":"Hammertimecafe"},"image":{"@id":"https:\/\/hammertimecafe.hu\/#\/schema\/logo\/image\/"}}]}},"_links":{"self":[{"href":"https:\/\/hammertimecafe.hu\/en\/wp-json\/wp\/v2\/product\/29259","targetHints":{"allow":["GET"]}}],"collection":[{"href":"https:\/\/hammertimecafe.hu\/en\/wp-json\/wp\/v2\/product"}],"about":[{"href":"https:\/\/hammertimecafe.hu\/en\/wp-json\/wp\/v2\/types\/product"}],"replies":[{"embeddable":true,"href":"https:\/\/hammertimecafe.hu\/en\/wp-json\/wp\/v2\/comments?post=29259"}],"wp:featuredmedia":[{"embeddable":true,"href":"https:\/\/hammertimecafe.hu\/en\/wp-json\/wp\/v2\/media\/29321"}],"wp:attachment":[{"href":"https:\/\/hammertimecafe.hu\/en\/wp-json\/wp\/v2\/media?parent=29259"}],"wp:term":[{"taxonomy":"product_brand","embeddable":true,"href":"https:\/\/hammertimecafe.hu\/en\/wp-json\/wp\/v2\/product_brand?post=29259"},{"taxonomy":"product_cat","embeddable":true,"href":"https:\/\/hammertimecafe.hu\/en\/wp-json\/wp\/v2\/product_cat?post=29259"},{"taxonomy":"product_tag","embeddable":true,"href":"https:\/\/hammertimecafe.hu\/en\/wp-json\/wp\/v2\/product_tag?post=29259"}],"curies":[{"name":"wp","href":"https:\/\/api.w.org\/{rel}","templated":true}]}}