{"id":29260,"date":"2026-05-02T10:55:07","date_gmt":"2026-05-02T08:55:07","guid":{"rendered":"https:\/\/hammertimecafe.hu\/?post_type=product&#038;p=29260"},"modified":"2026-05-02T10:55:10","modified_gmt":"2026-05-02T08:55:10","slug":"solar-auxilia-charonite-ogryn-section","status":"publish","type":"product","link":"https:\/\/hammertimecafe.hu\/en\/product\/solar-auxilia-charonite-ogryn-section\/","title":{"rendered":"SOLAR AUXILIA: CHARONITE OGRYN SECTION"},"content":{"rendered":"<p>A SOLAR AUXILIA: CHARONITE OGRYN SECTION egy brut\u00e1lis k\u00f6zelharci egys\u00e9g, amely elk\u00e9peszt\u0151 er\u0151vel \u00e9s ellen\u00e1ll\u00e1ssal tarolja le az ellens\u00e9get. A SOLAR AUXILIA: CHARONITE OGRYN SECTION t\u00f6k\u00e9letes v\u00e1laszt\u00e1s minden j\u00e1t\u00e9kos sz\u00e1m\u00e1ra, aki sokkol\u00f3 t\u00e1mad\u00f3 er\u0151t szeretne hadsereg\u00e9be.<\/p>\n<p>A Charonite Ogrynok biomechanikus fejleszt\u00e9sekkel rendelkeznek, amelyek m\u00e9g hal\u00e1losabb\u00e1 teszik \u0151ket. A SOLAR AUXILIA: CHARONITE OGRYN SECTION fegyverei k\u00e9pesek ak\u00e1r power armouron is \u00e1tv\u00e1gni.<\/p>\n<p>A k\u00e9szlet n\u00e9gy modellt tartalmaz, t\u00f6bbf\u00e9le cser\u00e9lhet\u0151 fegyveropci\u00f3val. A SOLAR AUXILIA: CHARONITE OGRYN SECTION lehet\u0151s\u00e9get biztos\u00edt a testreszab\u00e1sra \u00e9s egyedi egys\u00e9gek l\u00e9trehoz\u00e1s\u00e1ra.<\/p>\n<p>A k\u00fcl\u00f6nb\u00f6z\u0151 k\u00f6zelharci fegyverek rugalmas taktikai alkalmaz\u00e1st tesznek lehet\u0151v\u00e9. A SOLAR AUXILIA: CHARONITE OGRYN SECTION ide\u00e1lis v\u00e1laszt\u00e1s minden Solar Auxilia hadsereghez.<\/p>\n<p>The miniatures require assembly and painting.<br \/>\nProduct language: English.<br \/>\nAz el\u0151rendel\u00e9si peri\u00f3dus 2026. 05. 02-\u00e1n indul, a term\u00e9k 2026. 05. 16-t\u00f3l vehet\u0151 \u00e1t.<\/p>","protected":false},"excerpt":{"rendered":"<p>A SOLAR AUXILIA: CHARONITE OGRYN SECTION egy brut\u00e1lis k\u00f6zelharci egys\u00e9g, amely elk\u00e9peszt\u0151 er\u0151vel \u00e9s ellen\u00e1ll\u00e1ssal tarolja le az ellens\u00e9get. A SOLAR AUXILIA: CHARONITE OGRYN SECTION t\u00f6k\u00e9letes v\u00e1laszt\u00e1s minden j\u00e1t\u00e9kos sz\u00e1m\u00e1ra, aki sokkol\u00f3 t\u00e1mad\u00f3 er\u0151t szeretne hadsereg\u00e9be.<\/p>","protected":false},"featured_media":29325,"comment_status":"open","ping_status":"closed","template":"","meta":{"_acf_changed":false},"product_brand":[46],"product_cat":[19,45],"product_tag":[],"class_list":{"0":"post-29260","1":"product","2":"type-product","3":"status-publish","4":"has-post-thumbnail","6":"product_brand-games-workshop","7":"product_cat-wargame","8":"product_cat-warhammer-the-horus-heresy","10":"first","11":"onbackorder","12":"sale","13":"taxable","14":"shipping-taxable","15":"purchasable","16":"product-type-simple"},"acf":[],"yoast_head":"<!-- This site is optimized with the Yoast SEO Premium plugin v25.6 (Yoast SEO v25.6) - https:\/\/yoast.com\/wordpress\/plugins\/seo\/ -->\n<title>SOLAR AUXILIA: CHARONITE OGRYN SECTION - HammerTime Cafe Webshop<\/title>\n<meta name=\"description\" content=\"SOLAR AUXILIA: CHARONITE OGRYN SECTION elit k\u00f6zelharci egys\u00e9g brut\u00e1lis fegyverekkel Warhammer seregekhez.\" \/>\n<meta name=\"robots\" content=\"index, follow, max-snippet:-1, max-image-preview:large, max-video-preview:-1\" \/>\n<link rel=\"canonical\" href=\"https:\/\/hammertimecafe.hu\/en\/product\/solar-auxilia-charonite-ogryn-section\/\" \/>\n<meta property=\"og:locale\" content=\"en_US\" \/>\n<meta property=\"og:type\" content=\"article\" \/>\n<meta property=\"og:title\" content=\"SOLAR AUXILIA: CHARONITE OGRYN SECTION\" \/>\n<meta property=\"og:description\" content=\"SOLAR AUXILIA: CHARONITE OGRYN SECTION elit k\u00f6zelharci egys\u00e9g brut\u00e1lis fegyverekkel Warhammer seregekhez.\" \/>\n<meta property=\"og:url\" content=\"https:\/\/hammertimecafe.hu\/en\/product\/solar-auxilia-charonite-ogryn-section\/\" \/>\n<meta property=\"og:site_name\" content=\"HammerTime Cafe Webshop\" \/>\n<meta property=\"article:modified_time\" content=\"2026-05-02T08:55:10+00:00\" \/>\n<meta property=\"og:image\" content=\"https:\/\/hammertimecafe.hu\/app\/uploads\/2026\/05\/Solar-Auxilia-Charonite-Ogryn-Section.jpg\" \/>\n\t<meta property=\"og:image:width\" content=\"1840\" \/>\n\t<meta property=\"og:image:height\" content=\"1900\" \/>\n\t<meta property=\"og:image:type\" content=\"image\/jpeg\" \/>\n<meta name=\"twitter:card\" content=\"summary_large_image\" \/>\n<meta name=\"twitter:label1\" content=\"Est. reading time\" \/>\n\t<meta name=\"twitter:data1\" content=\"1 minute\" \/>\n<script type=\"application\/ld+json\" class=\"yoast-schema-graph\">{\"@context\":\"https:\/\/schema.org\",\"@graph\":[{\"@type\":\"WebPage\",\"@id\":\"https:\/\/hammertimecafe.hu\/termek\/solar-auxilia-charonite-ogryn-section\/\",\"url\":\"https:\/\/hammertimecafe.hu\/termek\/solar-auxilia-charonite-ogryn-section\/\",\"name\":\"SOLAR AUXILIA: CHARONITE OGRYN SECTION - HammerTime Cafe Webshop\",\"isPartOf\":{\"@id\":\"https:\/\/hammertimecafe.hu\/#website\"},\"primaryImageOfPage\":{\"@id\":\"https:\/\/hammertimecafe.hu\/termek\/solar-auxilia-charonite-ogryn-section\/#primaryimage\"},\"image\":{\"@id\":\"https:\/\/hammertimecafe.hu\/termek\/solar-auxilia-charonite-ogryn-section\/#primaryimage\"},\"thumbnailUrl\":\"https:\/\/hammertimecafe.hu\/app\/uploads\/2026\/05\/Solar-Auxilia-Charonite-Ogryn-Section.jpg\",\"datePublished\":\"2026-05-02T08:55:07+00:00\",\"dateModified\":\"2026-05-02T08:55:10+00:00\",\"description\":\"SOLAR AUXILIA: CHARONITE OGRYN SECTION elit k\u00f6zelharci egys\u00e9g brut\u00e1lis fegyverekkel Warhammer seregekhez.\",\"breadcrumb\":{\"@id\":\"https:\/\/hammertimecafe.hu\/termek\/solar-auxilia-charonite-ogryn-section\/#breadcrumb\"},\"inLanguage\":\"en-US\",\"potentialAction\":[{\"@type\":\"ReadAction\",\"target\":[\"https:\/\/hammertimecafe.hu\/termek\/solar-auxilia-charonite-ogryn-section\/\"]}]},{\"@type\":\"ImageObject\",\"inLanguage\":\"en-US\",\"@id\":\"https:\/\/hammertimecafe.hu\/termek\/solar-auxilia-charonite-ogryn-section\/#primaryimage\",\"url\":\"https:\/\/hammertimecafe.hu\/app\/uploads\/2026\/05\/Solar-Auxilia-Charonite-Ogryn-Section.jpg\",\"contentUrl\":\"https:\/\/hammertimecafe.hu\/app\/uploads\/2026\/05\/Solar-Auxilia-Charonite-Ogryn-Section.jpg\",\"width\":1840,\"height\":1900,\"caption\":\"Solar Auxilia Charonite Ogryn Section\"},{\"@type\":\"BreadcrumbList\",\"@id\":\"https:\/\/hammertimecafe.hu\/termek\/solar-auxilia-charonite-ogryn-section\/#breadcrumb\",\"itemListElement\":[{\"@type\":\"ListItem\",\"position\":1,\"name\":\"Home\",\"item\":\"https:\/\/hammertimecafe.hu\/\"},{\"@type\":\"ListItem\",\"position\":2,\"name\":\"Shop\",\"item\":\"https:\/\/hammertimecafe.hu\/uzlet\/\"},{\"@type\":\"ListItem\",\"position\":3,\"name\":\"SOLAR AUXILIA: CHARONITE OGRYN SECTION\"}]},{\"@type\":\"WebSite\",\"@id\":\"https:\/\/hammertimecafe.hu\/#website\",\"url\":\"https:\/\/hammertimecafe.hu\/\",\"name\":\"Hammertimecafe\",\"description\":\"A HammerTime Cafe Hivatalos Weboldala \u00e9s Webshopja.\",\"publisher\":{\"@id\":\"https:\/\/hammertimecafe.hu\/#organization\"},\"potentialAction\":[{\"@type\":\"SearchAction\",\"target\":{\"@type\":\"EntryPoint\",\"urlTemplate\":\"https:\/\/hammertimecafe.hu\/?s={search_term_string}\"},\"query-input\":{\"@type\":\"PropertyValueSpecification\",\"valueRequired\":true,\"valueName\":\"search_term_string\"}}],\"inLanguage\":\"en-US\"},{\"@type\":\"Organization\",\"@id\":\"https:\/\/hammertimecafe.hu\/#organization\",\"name\":\"Hammertimecafe\",\"url\":\"https:\/\/hammertimecafe.hu\/\",\"logo\":{\"@type\":\"ImageObject\",\"inLanguage\":\"en-US\",\"@id\":\"https:\/\/hammertimecafe.hu\/#\/schema\/logo\/image\/\",\"url\":\"https:\/\/htcwoo.test\/app\/uploads\/2025\/08\/logo_of_htc.png\",\"contentUrl\":\"https:\/\/htcwoo.test\/app\/uploads\/2025\/08\/logo_of_htc.png\",\"width\":166,\"height\":73,\"caption\":\"Hammertimecafe\"},\"image\":{\"@id\":\"https:\/\/hammertimecafe.hu\/#\/schema\/logo\/image\/\"}}]}<\/script>\n<!-- \/ Yoast SEO Premium plugin. -->","yoast_head_json":{"title":"SOLAR AUXILIA: CHARONITE OGRYN SECTION - HammerTime Cafe Webshop","description":"SOLAR AUXILIA: CHARONITE OGRYN SECTION elit k\u00f6zelharci egys\u00e9g brut\u00e1lis fegyverekkel Warhammer seregekhez.","robots":{"index":"index","follow":"follow","max-snippet":"max-snippet:-1","max-image-preview":"max-image-preview:large","max-video-preview":"max-video-preview:-1"},"canonical":"https:\/\/hammertimecafe.hu\/en\/product\/solar-auxilia-charonite-ogryn-section\/","og_locale":"en_US","og_type":"article","og_title":"SOLAR AUXILIA: CHARONITE OGRYN SECTION","og_description":"SOLAR AUXILIA: CHARONITE OGRYN SECTION elit k\u00f6zelharci egys\u00e9g brut\u00e1lis fegyverekkel Warhammer seregekhez.","og_url":"https:\/\/hammertimecafe.hu\/en\/product\/solar-auxilia-charonite-ogryn-section\/","og_site_name":"HammerTime Cafe Webshop","article_modified_time":"2026-05-02T08:55:10+00:00","og_image":[{"width":1840,"height":1900,"url":"https:\/\/hammertimecafe.hu\/app\/uploads\/2026\/05\/Solar-Auxilia-Charonite-Ogryn-Section.jpg","type":"image\/jpeg"}],"twitter_card":"summary_large_image","twitter_misc":{"Est. reading time":"1 minute"},"schema":{"@context":"https:\/\/schema.org","@graph":[{"@type":"WebPage","@id":"https:\/\/hammertimecafe.hu\/termek\/solar-auxilia-charonite-ogryn-section\/","url":"https:\/\/hammertimecafe.hu\/termek\/solar-auxilia-charonite-ogryn-section\/","name":"SOLAR AUXILIA: CHARONITE OGRYN SECTION - HammerTime Cafe Webshop","isPartOf":{"@id":"https:\/\/hammertimecafe.hu\/#website"},"primaryImageOfPage":{"@id":"https:\/\/hammertimecafe.hu\/termek\/solar-auxilia-charonite-ogryn-section\/#primaryimage"},"image":{"@id":"https:\/\/hammertimecafe.hu\/termek\/solar-auxilia-charonite-ogryn-section\/#primaryimage"},"thumbnailUrl":"https:\/\/hammertimecafe.hu\/app\/uploads\/2026\/05\/Solar-Auxilia-Charonite-Ogryn-Section.jpg","datePublished":"2026-05-02T08:55:07+00:00","dateModified":"2026-05-02T08:55:10+00:00","description":"SOLAR AUXILIA: CHARONITE OGRYN SECTION elit k\u00f6zelharci egys\u00e9g brut\u00e1lis fegyverekkel Warhammer seregekhez.","breadcrumb":{"@id":"https:\/\/hammertimecafe.hu\/termek\/solar-auxilia-charonite-ogryn-section\/#breadcrumb"},"inLanguage":"en-US","potentialAction":[{"@type":"ReadAction","target":["https:\/\/hammertimecafe.hu\/termek\/solar-auxilia-charonite-ogryn-section\/"]}]},{"@type":"ImageObject","inLanguage":"en-US","@id":"https:\/\/hammertimecafe.hu\/termek\/solar-auxilia-charonite-ogryn-section\/#primaryimage","url":"https:\/\/hammertimecafe.hu\/app\/uploads\/2026\/05\/Solar-Auxilia-Charonite-Ogryn-Section.jpg","contentUrl":"https:\/\/hammertimecafe.hu\/app\/uploads\/2026\/05\/Solar-Auxilia-Charonite-Ogryn-Section.jpg","width":1840,"height":1900,"caption":"Solar Auxilia Charonite Ogryn Section"},{"@type":"BreadcrumbList","@id":"https:\/\/hammertimecafe.hu\/termek\/solar-auxilia-charonite-ogryn-section\/#breadcrumb","itemListElement":[{"@type":"ListItem","position":1,"name":"Home","item":"https:\/\/hammertimecafe.hu\/"},{"@type":"ListItem","position":2,"name":"Shop","item":"https:\/\/hammertimecafe.hu\/uzlet\/"},{"@type":"ListItem","position":3,"name":"SOLAR AUXILIA: CHARONITE OGRYN SECTION"}]},{"@type":"WebSite","@id":"https:\/\/hammertimecafe.hu\/#website","url":"https:\/\/hammertimecafe.hu\/","name":"Hammertimecafe","description":"The Official Website and Webshop of HammerTime Cafe.","publisher":{"@id":"https:\/\/hammertimecafe.hu\/#organization"},"potentialAction":[{"@type":"SearchAction","target":{"@type":"EntryPoint","urlTemplate":"https:\/\/hammertimecafe.hu\/?s={search_term_string}"},"query-input":{"@type":"PropertyValueSpecification","valueRequired":true,"valueName":"search_term_string"}}],"inLanguage":"en-US"},{"@type":"Organization","@id":"https:\/\/hammertimecafe.hu\/#organization","name":"Hammertimecafe","url":"https:\/\/hammertimecafe.hu\/","logo":{"@type":"ImageObject","inLanguage":"en-US","@id":"https:\/\/hammertimecafe.hu\/#\/schema\/logo\/image\/","url":"https:\/\/htcwoo.test\/app\/uploads\/2025\/08\/logo_of_htc.png","contentUrl":"https:\/\/htcwoo.test\/app\/uploads\/2025\/08\/logo_of_htc.png","width":166,"height":73,"caption":"Hammertimecafe"},"image":{"@id":"https:\/\/hammertimecafe.hu\/#\/schema\/logo\/image\/"}}]}},"_links":{"self":[{"href":"https:\/\/hammertimecafe.hu\/en\/wp-json\/wp\/v2\/product\/29260","targetHints":{"allow":["GET"]}}],"collection":[{"href":"https:\/\/hammertimecafe.hu\/en\/wp-json\/wp\/v2\/product"}],"about":[{"href":"https:\/\/hammertimecafe.hu\/en\/wp-json\/wp\/v2\/types\/product"}],"replies":[{"embeddable":true,"href":"https:\/\/hammertimecafe.hu\/en\/wp-json\/wp\/v2\/comments?post=29260"}],"wp:featuredmedia":[{"embeddable":true,"href":"https:\/\/hammertimecafe.hu\/en\/wp-json\/wp\/v2\/media\/29325"}],"wp:attachment":[{"href":"https:\/\/hammertimecafe.hu\/en\/wp-json\/wp\/v2\/media?parent=29260"}],"wp:term":[{"taxonomy":"product_brand","embeddable":true,"href":"https:\/\/hammertimecafe.hu\/en\/wp-json\/wp\/v2\/product_brand?post=29260"},{"taxonomy":"product_cat","embeddable":true,"href":"https:\/\/hammertimecafe.hu\/en\/wp-json\/wp\/v2\/product_cat?post=29260"},{"taxonomy":"product_tag","embeddable":true,"href":"https:\/\/hammertimecafe.hu\/en\/wp-json\/wp\/v2\/product_tag?post=29260"}],"curies":[{"name":"wp","href":"https:\/\/api.w.org\/{rel}","templated":true}]}}