{"id":29263,"date":"2026-05-02T10:54:58","date_gmt":"2026-05-02T08:54:58","guid":{"rendered":"https:\/\/hammertimecafe.hu\/?post_type=product&#038;p=29263"},"modified":"2026-05-02T10:55:01","modified_gmt":"2026-05-02T08:55:01","slug":"journal-tactica-the-battle-of-tallarn-part-one","status":"publish","type":"product","link":"https:\/\/hammertimecafe.hu\/en\/product\/journal-tactica-the-battle-of-tallarn-part-one\/","title":{"rendered":"JOURNAL TACTICA: THE BATTLE OF TALLARN PART ONE"},"content":{"rendered":"<p>A JOURNAL TACTICA: THE BATTLE OF TALLARN PART ONE egy izgalmas kieg\u00e9sz\u00edt\u0151 k\u00f6nyv, amely a Horus Heresy egyik legnagyobb tankcsat\u00e1j\u00e1t mutatja be. A JOURNAL TACTICA: THE BATTLE OF TALLARN PART ONE t\u00f6k\u00e9letes v\u00e1laszt\u00e1s minden j\u00e1t\u00e9kos sz\u00e1m\u00e1ra, aki m\u00e9lyebb lore-t \u00e9s \u00faj j\u00e1t\u00e9klehet\u0151s\u00e9geket keres.<\/p>\n<p>A k\u00f6tet r\u00e9szletes h\u00e1tt\u00e9rt\u00f6rt\u00e9netet k\u00edn\u00e1l Tallarn pusztul\u00e1s\u00e1r\u00f3l \u00e9s az Iron Warriors inv\u00e1zi\u00f3j\u00e1r\u00f3l. A JOURNAL TACTICA: THE BATTLE OF TALLARN PART ONE bemutatja a h\u00e1bor\u00fa nyit\u00f3 szakasz\u00e1t \u00e9s az epikus \u00f6sszecsap\u00e1sokat.<\/p>\n<p>A k\u00f6nyv tartalmaz egy \u00faj Legendary Mission k\u00fcldet\u00e9st is, amely taktikai kih\u00edv\u00e1sokat k\u00edn\u00e1l. A JOURNAL TACTICA: THE BATTLE OF TALLARN PART ONE emellett \u00faj Armoured Spearhead misszi\u00f3csomagot is biztos\u00edt.<\/p>\n<p>\u00daj egys\u00e9gszab\u00e1lyokkal is b\u0151v\u00fcl a j\u00e1t\u00e9k, t\u00f6bbek k\u00f6z\u00f6tt tankok \u00e9s speci\u00e1lis egys\u00e9gek sz\u00e1m\u00e1ra. A JOURNAL TACTICA: THE BATTLE OF TALLARN PART ONE ide\u00e1lis v\u00e1laszt\u00e1s minden p\u00e1nc\u00e9los hadvisel\u00e9st kedvel\u0151 j\u00e1t\u00e9kosnak.<\/p>\n<p>Product language: English.<br \/>\nAz el\u0151rendel\u00e9si peri\u00f3dus 2026. 05. 02-\u00e1n indul, a term\u00e9k 2026. 05. 16-t\u00f3l vehet\u0151 \u00e1t.<\/p>","protected":false},"excerpt":{"rendered":"<p>A JOURNAL TACTICA: THE BATTLE OF TALLARN PART ONE egy izgalmas kieg\u00e9sz\u00edt\u0151 k\u00f6nyv, amely a Horus Heresy egyik legnagyobb tankcsat\u00e1j\u00e1t mutatja be. A JOURNAL TACTICA: THE BATTLE OF TALLARN PART ONE t\u00f6k\u00e9letes v\u00e1laszt\u00e1s minden j\u00e1t\u00e9kos sz\u00e1m\u00e1ra, aki m\u00e9lyebb lore-t \u00e9s \u00faj j\u00e1t\u00e9klehet\u0151s\u00e9geket keres.<\/p>","protected":false},"featured_media":29324,"comment_status":"open","ping_status":"closed","template":"","meta":{"_acf_changed":false},"product_brand":[46],"product_cat":[19,45],"product_tag":[],"class_list":{"0":"post-29263","1":"product","2":"type-product","3":"status-publish","4":"has-post-thumbnail","6":"product_brand-games-workshop","7":"product_cat-wargame","8":"product_cat-warhammer-the-horus-heresy","10":"first","11":"onbackorder","12":"sale","13":"taxable","14":"shipping-taxable","15":"purchasable","16":"product-type-simple"},"acf":[],"yoast_head":"<!-- This site is optimized with the Yoast SEO Premium plugin v25.6 (Yoast SEO v25.6) - https:\/\/yoast.com\/wordpress\/plugins\/seo\/ -->\n<title>JOURNAL TACTICA: THE BATTLE OF TALLARN PART ONE - HammerTime Cafe Webshop<\/title>\n<meta name=\"description\" content=\"JOURNAL TACTICA: THE BATTLE OF TALLARN PART ONE k\u00f6nyv lore-ral \u00e9s tankcsata szab\u00e1lyokkal a Horus Heresy vil\u00e1g\u00e1ban.\" \/>\n<meta name=\"robots\" content=\"index, follow, max-snippet:-1, max-image-preview:large, max-video-preview:-1\" \/>\n<link rel=\"canonical\" href=\"https:\/\/hammertimecafe.hu\/en\/product\/journal-tactica-the-battle-of-tallarn-part-one\/\" \/>\n<meta property=\"og:locale\" content=\"en_US\" \/>\n<meta property=\"og:type\" content=\"article\" \/>\n<meta property=\"og:title\" content=\"JOURNAL TACTICA: THE BATTLE OF TALLARN PART ONE\" \/>\n<meta property=\"og:description\" content=\"JOURNAL TACTICA: THE BATTLE OF TALLARN PART ONE k\u00f6nyv lore-ral \u00e9s tankcsata szab\u00e1lyokkal a Horus Heresy vil\u00e1g\u00e1ban.\" \/>\n<meta property=\"og:url\" content=\"https:\/\/hammertimecafe.hu\/en\/product\/journal-tactica-the-battle-of-tallarn-part-one\/\" \/>\n<meta property=\"og:site_name\" content=\"HammerTime Cafe Webshop\" \/>\n<meta property=\"article:modified_time\" content=\"2026-05-02T08:55:01+00:00\" \/>\n<meta property=\"og:image\" content=\"https:\/\/hammertimecafe.hu\/app\/uploads\/2026\/05\/Journal-Tactica-The-Battle-of-Tallarn-Part-One.jpg\" \/>\n\t<meta property=\"og:image:width\" content=\"1840\" \/>\n\t<meta property=\"og:image:height\" content=\"1900\" \/>\n\t<meta property=\"og:image:type\" content=\"image\/jpeg\" \/>\n<meta name=\"twitter:card\" content=\"summary_large_image\" \/>\n<meta name=\"twitter:label1\" content=\"Est. reading time\" \/>\n\t<meta name=\"twitter:data1\" content=\"1 minute\" \/>\n<script type=\"application\/ld+json\" class=\"yoast-schema-graph\">{\"@context\":\"https:\/\/schema.org\",\"@graph\":[{\"@type\":\"WebPage\",\"@id\":\"https:\/\/hammertimecafe.hu\/termek\/journal-tactica-the-battle-of-tallarn-part-one\/\",\"url\":\"https:\/\/hammertimecafe.hu\/termek\/journal-tactica-the-battle-of-tallarn-part-one\/\",\"name\":\"JOURNAL TACTICA: THE BATTLE OF TALLARN PART ONE - HammerTime Cafe Webshop\",\"isPartOf\":{\"@id\":\"https:\/\/hammertimecafe.hu\/#website\"},\"primaryImageOfPage\":{\"@id\":\"https:\/\/hammertimecafe.hu\/termek\/journal-tactica-the-battle-of-tallarn-part-one\/#primaryimage\"},\"image\":{\"@id\":\"https:\/\/hammertimecafe.hu\/termek\/journal-tactica-the-battle-of-tallarn-part-one\/#primaryimage\"},\"thumbnailUrl\":\"https:\/\/hammertimecafe.hu\/app\/uploads\/2026\/05\/Journal-Tactica-The-Battle-of-Tallarn-Part-One.jpg\",\"datePublished\":\"2026-05-02T08:54:58+00:00\",\"dateModified\":\"2026-05-02T08:55:01+00:00\",\"description\":\"JOURNAL TACTICA: THE BATTLE OF TALLARN PART ONE k\u00f6nyv lore-ral \u00e9s tankcsata szab\u00e1lyokkal a Horus Heresy vil\u00e1g\u00e1ban.\",\"breadcrumb\":{\"@id\":\"https:\/\/hammertimecafe.hu\/termek\/journal-tactica-the-battle-of-tallarn-part-one\/#breadcrumb\"},\"inLanguage\":\"en-US\",\"potentialAction\":[{\"@type\":\"ReadAction\",\"target\":[\"https:\/\/hammertimecafe.hu\/termek\/journal-tactica-the-battle-of-tallarn-part-one\/\"]}]},{\"@type\":\"ImageObject\",\"inLanguage\":\"en-US\",\"@id\":\"https:\/\/hammertimecafe.hu\/termek\/journal-tactica-the-battle-of-tallarn-part-one\/#primaryimage\",\"url\":\"https:\/\/hammertimecafe.hu\/app\/uploads\/2026\/05\/Journal-Tactica-The-Battle-of-Tallarn-Part-One.jpg\",\"contentUrl\":\"https:\/\/hammertimecafe.hu\/app\/uploads\/2026\/05\/Journal-Tactica-The-Battle-of-Tallarn-Part-One.jpg\",\"width\":1840,\"height\":1900,\"caption\":\"Journal Tactica The Battle of Tallarn Part One\"},{\"@type\":\"BreadcrumbList\",\"@id\":\"https:\/\/hammertimecafe.hu\/termek\/journal-tactica-the-battle-of-tallarn-part-one\/#breadcrumb\",\"itemListElement\":[{\"@type\":\"ListItem\",\"position\":1,\"name\":\"Home\",\"item\":\"https:\/\/hammertimecafe.hu\/\"},{\"@type\":\"ListItem\",\"position\":2,\"name\":\"Shop\",\"item\":\"https:\/\/hammertimecafe.hu\/uzlet\/\"},{\"@type\":\"ListItem\",\"position\":3,\"name\":\"JOURNAL TACTICA: THE BATTLE OF TALLARN PART ONE\"}]},{\"@type\":\"WebSite\",\"@id\":\"https:\/\/hammertimecafe.hu\/#website\",\"url\":\"https:\/\/hammertimecafe.hu\/\",\"name\":\"Hammertimecafe\",\"description\":\"A HammerTime Cafe Hivatalos Weboldala \u00e9s Webshopja.\",\"publisher\":{\"@id\":\"https:\/\/hammertimecafe.hu\/#organization\"},\"potentialAction\":[{\"@type\":\"SearchAction\",\"target\":{\"@type\":\"EntryPoint\",\"urlTemplate\":\"https:\/\/hammertimecafe.hu\/?s={search_term_string}\"},\"query-input\":{\"@type\":\"PropertyValueSpecification\",\"valueRequired\":true,\"valueName\":\"search_term_string\"}}],\"inLanguage\":\"en-US\"},{\"@type\":\"Organization\",\"@id\":\"https:\/\/hammertimecafe.hu\/#organization\",\"name\":\"Hammertimecafe\",\"url\":\"https:\/\/hammertimecafe.hu\/\",\"logo\":{\"@type\":\"ImageObject\",\"inLanguage\":\"en-US\",\"@id\":\"https:\/\/hammertimecafe.hu\/#\/schema\/logo\/image\/\",\"url\":\"https:\/\/htcwoo.test\/app\/uploads\/2025\/08\/logo_of_htc.png\",\"contentUrl\":\"https:\/\/htcwoo.test\/app\/uploads\/2025\/08\/logo_of_htc.png\",\"width\":166,\"height\":73,\"caption\":\"Hammertimecafe\"},\"image\":{\"@id\":\"https:\/\/hammertimecafe.hu\/#\/schema\/logo\/image\/\"}}]}<\/script>\n<!-- \/ Yoast SEO Premium plugin. -->","yoast_head_json":{"title":"JOURNAL TACTICA: THE BATTLE OF TALLARN PART ONE - HammerTime Cafe Webshop","description":"JOURNAL TACTICA: THE BATTLE OF TALLARN PART ONE k\u00f6nyv lore-ral \u00e9s tankcsata szab\u00e1lyokkal a Horus Heresy vil\u00e1g\u00e1ban.","robots":{"index":"index","follow":"follow","max-snippet":"max-snippet:-1","max-image-preview":"max-image-preview:large","max-video-preview":"max-video-preview:-1"},"canonical":"https:\/\/hammertimecafe.hu\/en\/product\/journal-tactica-the-battle-of-tallarn-part-one\/","og_locale":"en_US","og_type":"article","og_title":"JOURNAL TACTICA: THE BATTLE OF TALLARN PART ONE","og_description":"JOURNAL TACTICA: THE BATTLE OF TALLARN PART ONE k\u00f6nyv lore-ral \u00e9s tankcsata szab\u00e1lyokkal a Horus Heresy vil\u00e1g\u00e1ban.","og_url":"https:\/\/hammertimecafe.hu\/en\/product\/journal-tactica-the-battle-of-tallarn-part-one\/","og_site_name":"HammerTime Cafe Webshop","article_modified_time":"2026-05-02T08:55:01+00:00","og_image":[{"width":1840,"height":1900,"url":"https:\/\/hammertimecafe.hu\/app\/uploads\/2026\/05\/Journal-Tactica-The-Battle-of-Tallarn-Part-One.jpg","type":"image\/jpeg"}],"twitter_card":"summary_large_image","twitter_misc":{"Est. reading time":"1 minute"},"schema":{"@context":"https:\/\/schema.org","@graph":[{"@type":"WebPage","@id":"https:\/\/hammertimecafe.hu\/termek\/journal-tactica-the-battle-of-tallarn-part-one\/","url":"https:\/\/hammertimecafe.hu\/termek\/journal-tactica-the-battle-of-tallarn-part-one\/","name":"JOURNAL TACTICA: THE BATTLE OF TALLARN PART ONE - HammerTime Cafe Webshop","isPartOf":{"@id":"https:\/\/hammertimecafe.hu\/#website"},"primaryImageOfPage":{"@id":"https:\/\/hammertimecafe.hu\/termek\/journal-tactica-the-battle-of-tallarn-part-one\/#primaryimage"},"image":{"@id":"https:\/\/hammertimecafe.hu\/termek\/journal-tactica-the-battle-of-tallarn-part-one\/#primaryimage"},"thumbnailUrl":"https:\/\/hammertimecafe.hu\/app\/uploads\/2026\/05\/Journal-Tactica-The-Battle-of-Tallarn-Part-One.jpg","datePublished":"2026-05-02T08:54:58+00:00","dateModified":"2026-05-02T08:55:01+00:00","description":"JOURNAL TACTICA: THE BATTLE OF TALLARN PART ONE k\u00f6nyv lore-ral \u00e9s tankcsata szab\u00e1lyokkal a Horus Heresy vil\u00e1g\u00e1ban.","breadcrumb":{"@id":"https:\/\/hammertimecafe.hu\/termek\/journal-tactica-the-battle-of-tallarn-part-one\/#breadcrumb"},"inLanguage":"en-US","potentialAction":[{"@type":"ReadAction","target":["https:\/\/hammertimecafe.hu\/termek\/journal-tactica-the-battle-of-tallarn-part-one\/"]}]},{"@type":"ImageObject","inLanguage":"en-US","@id":"https:\/\/hammertimecafe.hu\/termek\/journal-tactica-the-battle-of-tallarn-part-one\/#primaryimage","url":"https:\/\/hammertimecafe.hu\/app\/uploads\/2026\/05\/Journal-Tactica-The-Battle-of-Tallarn-Part-One.jpg","contentUrl":"https:\/\/hammertimecafe.hu\/app\/uploads\/2026\/05\/Journal-Tactica-The-Battle-of-Tallarn-Part-One.jpg","width":1840,"height":1900,"caption":"Journal Tactica The Battle of Tallarn Part One"},{"@type":"BreadcrumbList","@id":"https:\/\/hammertimecafe.hu\/termek\/journal-tactica-the-battle-of-tallarn-part-one\/#breadcrumb","itemListElement":[{"@type":"ListItem","position":1,"name":"Home","item":"https:\/\/hammertimecafe.hu\/"},{"@type":"ListItem","position":2,"name":"Shop","item":"https:\/\/hammertimecafe.hu\/uzlet\/"},{"@type":"ListItem","position":3,"name":"JOURNAL TACTICA: THE BATTLE OF TALLARN PART ONE"}]},{"@type":"WebSite","@id":"https:\/\/hammertimecafe.hu\/#website","url":"https:\/\/hammertimecafe.hu\/","name":"Hammertimecafe","description":"The Official Website and Webshop of HammerTime Cafe.","publisher":{"@id":"https:\/\/hammertimecafe.hu\/#organization"},"potentialAction":[{"@type":"SearchAction","target":{"@type":"EntryPoint","urlTemplate":"https:\/\/hammertimecafe.hu\/?s={search_term_string}"},"query-input":{"@type":"PropertyValueSpecification","valueRequired":true,"valueName":"search_term_string"}}],"inLanguage":"en-US"},{"@type":"Organization","@id":"https:\/\/hammertimecafe.hu\/#organization","name":"Hammertimecafe","url":"https:\/\/hammertimecafe.hu\/","logo":{"@type":"ImageObject","inLanguage":"en-US","@id":"https:\/\/hammertimecafe.hu\/#\/schema\/logo\/image\/","url":"https:\/\/htcwoo.test\/app\/uploads\/2025\/08\/logo_of_htc.png","contentUrl":"https:\/\/htcwoo.test\/app\/uploads\/2025\/08\/logo_of_htc.png","width":166,"height":73,"caption":"Hammertimecafe"},"image":{"@id":"https:\/\/hammertimecafe.hu\/#\/schema\/logo\/image\/"}}]}},"_links":{"self":[{"href":"https:\/\/hammertimecafe.hu\/en\/wp-json\/wp\/v2\/product\/29263","targetHints":{"allow":["GET"]}}],"collection":[{"href":"https:\/\/hammertimecafe.hu\/en\/wp-json\/wp\/v2\/product"}],"about":[{"href":"https:\/\/hammertimecafe.hu\/en\/wp-json\/wp\/v2\/types\/product"}],"replies":[{"embeddable":true,"href":"https:\/\/hammertimecafe.hu\/en\/wp-json\/wp\/v2\/comments?post=29263"}],"wp:featuredmedia":[{"embeddable":true,"href":"https:\/\/hammertimecafe.hu\/en\/wp-json\/wp\/v2\/media\/29324"}],"wp:attachment":[{"href":"https:\/\/hammertimecafe.hu\/en\/wp-json\/wp\/v2\/media?parent=29263"}],"wp:term":[{"taxonomy":"product_brand","embeddable":true,"href":"https:\/\/hammertimecafe.hu\/en\/wp-json\/wp\/v2\/product_brand?post=29263"},{"taxonomy":"product_cat","embeddable":true,"href":"https:\/\/hammertimecafe.hu\/en\/wp-json\/wp\/v2\/product_cat?post=29263"},{"taxonomy":"product_tag","embeddable":true,"href":"https:\/\/hammertimecafe.hu\/en\/wp-json\/wp\/v2\/product_tag?post=29263"}],"curies":[{"name":"wp","href":"https:\/\/api.w.org\/{rel}","templated":true}]}}