{"id":29371,"date":"2026-05-09T10:19:02","date_gmt":"2026-05-09T08:19:02","guid":{"rendered":"https:\/\/hammertimecafe.hu\/?post_type=product&#038;p=29371"},"modified":"2026-05-09T14:16:41","modified_gmt":"2026-05-09T12:16:41","slug":"kill-team-terror-on-devlan","status":"publish","type":"product","link":"https:\/\/hammertimecafe.hu\/en\/product\/kill-team-terror-on-devlan\/","title":{"rendered":"KILL TEAM: TERROR ON DEVLAN"},"content":{"rendered":"<p>A KILL TEAM: TERROR ON DEVLAN egy izgalmas Kill Team kieg\u00e9sz\u00edt\u0151, amely aszimmetrikus csat\u00e1kat hoz a Warhammer vil\u00e1g\u00e1ba. A KILL TEAM: TERROR ON DEVLAN t\u00f6k\u00e9letes v\u00e1laszt\u00e1s minden j\u00e1t\u00e9kos sz\u00e1m\u00e1ra, aki k\u00fcl\u00f6nleges k\u00fcldet\u00e9seket \u00e9s intenz\u00edv harcokat keres.<\/p>\n<p>A doboz tartalmaz egy elit Spectre Squad csapatot \u00e9s a rettegett Red Terrort. A KILL TEAM: TERROR ON DEVLAN lehet\u0151s\u00e9get ad arra, hogy egy hal\u00e1los idegen l\u00e9nyre vad\u00e1ssz.<\/p>\n<p>A k\u00e9szletben Termagantok \u00e9s egy\u00e9b egys\u00e9gek is helyet kapnak, valamint egy r\u00e9szletes k\u00fcldet\u00e9sk\u00f6nyv. A KILL TEAM: TERROR ON DEVLAN v\u00e1ltozatos j\u00e1t\u00e9kmenetet biztos\u00edt k\u00fcl\u00f6nb\u00f6z\u0151 frakci\u00f3k sz\u00e1m\u00e1ra.<\/p>\n<p>A k\u00fcldet\u00e9sek sor\u00e1n egyetlen c\u00e9l van: t\u00fal\u00e9lni \u00e9s legy\u0151zni a sz\u00f6rnyeteget. A KILL TEAM: TERROR ON DEVLAN ide\u00e1lis v\u00e1laszt\u00e1s minden Kill Team rajong\u00f3nak.<\/p>\n<p>The miniatures require assembly and painting.<br \/>\nProduct language: English.<br \/>\nAz el\u0151rendel\u00e9si peri\u00f3dus 2026. 05. 09-\u00e9n indul, a term\u00e9k 2026. 05. 23-t\u00f3l vehet\u0151 \u00e1t.<br \/>\nA term\u00e9k limit\u00e1lt, \u00edgy a rendel\u00e9seket \u00e9rkez\u00e9si sorrend szerint szolg\u00e1ljuk ki.<\/p>","protected":false},"excerpt":{"rendered":"<p>A KILL TEAM: TERROR ON DEVLAN egy izgalmas Kill Team kieg\u00e9sz\u00edt\u0151, amely aszimmetrikus csat\u00e1kat hoz a Warhammer vil\u00e1g\u00e1ba. A KILL TEAM: TERROR ON DEVLAN t\u00f6k\u00e9letes v\u00e1laszt\u00e1s minden j\u00e1t\u00e9kos sz\u00e1m\u00e1ra, aki k\u00fcl\u00f6nleges k\u00fcldet\u00e9seket \u00e9s intenz\u00edv harcokat keres.<\/p>","protected":false},"featured_media":29473,"comment_status":"open","ping_status":"closed","template":"","meta":{"_acf_changed":false},"product_brand":[46],"product_cat":[19,216],"product_tag":[],"class_list":{"0":"post-29371","1":"product","2":"type-product","3":"status-publish","4":"has-post-thumbnail","6":"product_brand-games-workshop","7":"product_cat-wargame","8":"product_cat-warhammer-40-000-kill-team","10":"first","11":"onbackorder","12":"sale","13":"taxable","14":"shipping-taxable","15":"purchasable","16":"product-type-simple"},"acf":[],"yoast_head":"<!-- This site is optimized with the Yoast SEO Premium plugin v25.6 (Yoast SEO v25.6) - https:\/\/yoast.com\/wordpress\/plugins\/seo\/ -->\n<title>KILL TEAM: TERROR ON DEVLAN - HammerTime Cafe Webshop<\/title>\n<meta name=\"description\" content=\"KILL TEAM: TERROR ON DEVLAN doboz elit csapattal \u00e9s Tyranid sz\u00f6rnnyel, \u00faj k\u00fcldet\u00e9sekkel Warhammer Kill Teamhez.\" \/>\n<meta name=\"robots\" content=\"index, follow, max-snippet:-1, max-image-preview:large, max-video-preview:-1\" \/>\n<link rel=\"canonical\" href=\"https:\/\/hammertimecafe.hu\/en\/product\/kill-team-terror-on-devlan\/\" \/>\n<meta property=\"og:locale\" content=\"en_US\" \/>\n<meta property=\"og:type\" content=\"article\" \/>\n<meta property=\"og:title\" content=\"KILL TEAM: TERROR ON DEVLAN\" \/>\n<meta property=\"og:description\" content=\"KILL TEAM: TERROR ON DEVLAN doboz elit csapattal \u00e9s Tyranid sz\u00f6rnnyel, \u00faj k\u00fcldet\u00e9sekkel Warhammer Kill Teamhez.\" \/>\n<meta property=\"og:url\" content=\"https:\/\/hammertimecafe.hu\/en\/product\/kill-team-terror-on-devlan\/\" \/>\n<meta property=\"og:site_name\" content=\"HammerTime Cafe Webshop\" \/>\n<meta property=\"article:modified_time\" content=\"2026-05-09T12:16:41+00:00\" \/>\n<meta property=\"og:image\" content=\"https:\/\/hammertimecafe.hu\/app\/uploads\/2026\/05\/Kill-Team-Terror-On-Devlan.jpg\" \/>\n\t<meta property=\"og:image:width\" content=\"1840\" \/>\n\t<meta property=\"og:image:height\" content=\"1900\" \/>\n\t<meta property=\"og:image:type\" content=\"image\/jpeg\" \/>\n<meta name=\"twitter:card\" content=\"summary_large_image\" \/>\n<meta name=\"twitter:label1\" content=\"Est. reading time\" \/>\n\t<meta name=\"twitter:data1\" content=\"2 minutes\" \/>\n<script type=\"application\/ld+json\" class=\"yoast-schema-graph\">{\"@context\":\"https:\/\/schema.org\",\"@graph\":[{\"@type\":\"WebPage\",\"@id\":\"https:\/\/hammertimecafe.hu\/termek\/kill-team-terror-on-devlan\/\",\"url\":\"https:\/\/hammertimecafe.hu\/termek\/kill-team-terror-on-devlan\/\",\"name\":\"KILL TEAM: TERROR ON DEVLAN - HammerTime Cafe Webshop\",\"isPartOf\":{\"@id\":\"https:\/\/hammertimecafe.hu\/#website\"},\"primaryImageOfPage\":{\"@id\":\"https:\/\/hammertimecafe.hu\/termek\/kill-team-terror-on-devlan\/#primaryimage\"},\"image\":{\"@id\":\"https:\/\/hammertimecafe.hu\/termek\/kill-team-terror-on-devlan\/#primaryimage\"},\"thumbnailUrl\":\"https:\/\/hammertimecafe.hu\/app\/uploads\/2026\/05\/Kill-Team-Terror-On-Devlan.jpg\",\"datePublished\":\"2026-05-09T08:19:02+00:00\",\"dateModified\":\"2026-05-09T12:16:41+00:00\",\"description\":\"KILL TEAM: TERROR ON DEVLAN doboz elit csapattal \u00e9s Tyranid sz\u00f6rnnyel, \u00faj k\u00fcldet\u00e9sekkel Warhammer Kill Teamhez.\",\"breadcrumb\":{\"@id\":\"https:\/\/hammertimecafe.hu\/termek\/kill-team-terror-on-devlan\/#breadcrumb\"},\"inLanguage\":\"en-US\",\"potentialAction\":[{\"@type\":\"ReadAction\",\"target\":[\"https:\/\/hammertimecafe.hu\/termek\/kill-team-terror-on-devlan\/\"]}]},{\"@type\":\"ImageObject\",\"inLanguage\":\"en-US\",\"@id\":\"https:\/\/hammertimecafe.hu\/termek\/kill-team-terror-on-devlan\/#primaryimage\",\"url\":\"https:\/\/hammertimecafe.hu\/app\/uploads\/2026\/05\/Kill-Team-Terror-On-Devlan.jpg\",\"contentUrl\":\"https:\/\/hammertimecafe.hu\/app\/uploads\/2026\/05\/Kill-Team-Terror-On-Devlan.jpg\",\"width\":1840,\"height\":1900,\"caption\":\"Kill Team Terror On Devlan\"},{\"@type\":\"BreadcrumbList\",\"@id\":\"https:\/\/hammertimecafe.hu\/termek\/kill-team-terror-on-devlan\/#breadcrumb\",\"itemListElement\":[{\"@type\":\"ListItem\",\"position\":1,\"name\":\"Home\",\"item\":\"https:\/\/hammertimecafe.hu\/\"},{\"@type\":\"ListItem\",\"position\":2,\"name\":\"Shop\",\"item\":\"https:\/\/hammertimecafe.hu\/uzlet\/\"},{\"@type\":\"ListItem\",\"position\":3,\"name\":\"KILL TEAM: TERROR ON DEVLAN\"}]},{\"@type\":\"WebSite\",\"@id\":\"https:\/\/hammertimecafe.hu\/#website\",\"url\":\"https:\/\/hammertimecafe.hu\/\",\"name\":\"Hammertimecafe\",\"description\":\"A HammerTime Cafe Hivatalos Weboldala \u00e9s Webshopja.\",\"publisher\":{\"@id\":\"https:\/\/hammertimecafe.hu\/#organization\"},\"potentialAction\":[{\"@type\":\"SearchAction\",\"target\":{\"@type\":\"EntryPoint\",\"urlTemplate\":\"https:\/\/hammertimecafe.hu\/?s={search_term_string}\"},\"query-input\":{\"@type\":\"PropertyValueSpecification\",\"valueRequired\":true,\"valueName\":\"search_term_string\"}}],\"inLanguage\":\"en-US\"},{\"@type\":\"Organization\",\"@id\":\"https:\/\/hammertimecafe.hu\/#organization\",\"name\":\"Hammertimecafe\",\"url\":\"https:\/\/hammertimecafe.hu\/\",\"logo\":{\"@type\":\"ImageObject\",\"inLanguage\":\"en-US\",\"@id\":\"https:\/\/hammertimecafe.hu\/#\/schema\/logo\/image\/\",\"url\":\"https:\/\/htcwoo.test\/app\/uploads\/2025\/08\/logo_of_htc.png\",\"contentUrl\":\"https:\/\/htcwoo.test\/app\/uploads\/2025\/08\/logo_of_htc.png\",\"width\":166,\"height\":73,\"caption\":\"Hammertimecafe\"},\"image\":{\"@id\":\"https:\/\/hammertimecafe.hu\/#\/schema\/logo\/image\/\"}}]}<\/script>\n<!-- \/ Yoast SEO Premium plugin. -->","yoast_head_json":{"title":"KILL TEAM: TERROR ON DEVLAN - HammerTime Cafe Webshop","description":"KILL TEAM: TERROR ON DEVLAN doboz elit csapattal \u00e9s Tyranid sz\u00f6rnnyel, \u00faj k\u00fcldet\u00e9sekkel Warhammer Kill Teamhez.","robots":{"index":"index","follow":"follow","max-snippet":"max-snippet:-1","max-image-preview":"max-image-preview:large","max-video-preview":"max-video-preview:-1"},"canonical":"https:\/\/hammertimecafe.hu\/en\/product\/kill-team-terror-on-devlan\/","og_locale":"en_US","og_type":"article","og_title":"KILL TEAM: TERROR ON DEVLAN","og_description":"KILL TEAM: TERROR ON DEVLAN doboz elit csapattal \u00e9s Tyranid sz\u00f6rnnyel, \u00faj k\u00fcldet\u00e9sekkel Warhammer Kill Teamhez.","og_url":"https:\/\/hammertimecafe.hu\/en\/product\/kill-team-terror-on-devlan\/","og_site_name":"HammerTime Cafe Webshop","article_modified_time":"2026-05-09T12:16:41+00:00","og_image":[{"width":1840,"height":1900,"url":"https:\/\/hammertimecafe.hu\/app\/uploads\/2026\/05\/Kill-Team-Terror-On-Devlan.jpg","type":"image\/jpeg"}],"twitter_card":"summary_large_image","twitter_misc":{"Est. reading time":"2 minutes"},"schema":{"@context":"https:\/\/schema.org","@graph":[{"@type":"WebPage","@id":"https:\/\/hammertimecafe.hu\/termek\/kill-team-terror-on-devlan\/","url":"https:\/\/hammertimecafe.hu\/termek\/kill-team-terror-on-devlan\/","name":"KILL TEAM: TERROR ON DEVLAN - HammerTime Cafe Webshop","isPartOf":{"@id":"https:\/\/hammertimecafe.hu\/#website"},"primaryImageOfPage":{"@id":"https:\/\/hammertimecafe.hu\/termek\/kill-team-terror-on-devlan\/#primaryimage"},"image":{"@id":"https:\/\/hammertimecafe.hu\/termek\/kill-team-terror-on-devlan\/#primaryimage"},"thumbnailUrl":"https:\/\/hammertimecafe.hu\/app\/uploads\/2026\/05\/Kill-Team-Terror-On-Devlan.jpg","datePublished":"2026-05-09T08:19:02+00:00","dateModified":"2026-05-09T12:16:41+00:00","description":"KILL TEAM: TERROR ON DEVLAN doboz elit csapattal \u00e9s Tyranid sz\u00f6rnnyel, \u00faj k\u00fcldet\u00e9sekkel Warhammer Kill Teamhez.","breadcrumb":{"@id":"https:\/\/hammertimecafe.hu\/termek\/kill-team-terror-on-devlan\/#breadcrumb"},"inLanguage":"en-US","potentialAction":[{"@type":"ReadAction","target":["https:\/\/hammertimecafe.hu\/termek\/kill-team-terror-on-devlan\/"]}]},{"@type":"ImageObject","inLanguage":"en-US","@id":"https:\/\/hammertimecafe.hu\/termek\/kill-team-terror-on-devlan\/#primaryimage","url":"https:\/\/hammertimecafe.hu\/app\/uploads\/2026\/05\/Kill-Team-Terror-On-Devlan.jpg","contentUrl":"https:\/\/hammertimecafe.hu\/app\/uploads\/2026\/05\/Kill-Team-Terror-On-Devlan.jpg","width":1840,"height":1900,"caption":"Kill Team Terror On Devlan"},{"@type":"BreadcrumbList","@id":"https:\/\/hammertimecafe.hu\/termek\/kill-team-terror-on-devlan\/#breadcrumb","itemListElement":[{"@type":"ListItem","position":1,"name":"Home","item":"https:\/\/hammertimecafe.hu\/"},{"@type":"ListItem","position":2,"name":"Shop","item":"https:\/\/hammertimecafe.hu\/uzlet\/"},{"@type":"ListItem","position":3,"name":"KILL TEAM: TERROR ON DEVLAN"}]},{"@type":"WebSite","@id":"https:\/\/hammertimecafe.hu\/#website","url":"https:\/\/hammertimecafe.hu\/","name":"Hammertimecafe","description":"The Official Website and Webshop of HammerTime Cafe.","publisher":{"@id":"https:\/\/hammertimecafe.hu\/#organization"},"potentialAction":[{"@type":"SearchAction","target":{"@type":"EntryPoint","urlTemplate":"https:\/\/hammertimecafe.hu\/?s={search_term_string}"},"query-input":{"@type":"PropertyValueSpecification","valueRequired":true,"valueName":"search_term_string"}}],"inLanguage":"en-US"},{"@type":"Organization","@id":"https:\/\/hammertimecafe.hu\/#organization","name":"Hammertimecafe","url":"https:\/\/hammertimecafe.hu\/","logo":{"@type":"ImageObject","inLanguage":"en-US","@id":"https:\/\/hammertimecafe.hu\/#\/schema\/logo\/image\/","url":"https:\/\/htcwoo.test\/app\/uploads\/2025\/08\/logo_of_htc.png","contentUrl":"https:\/\/htcwoo.test\/app\/uploads\/2025\/08\/logo_of_htc.png","width":166,"height":73,"caption":"Hammertimecafe"},"image":{"@id":"https:\/\/hammertimecafe.hu\/#\/schema\/logo\/image\/"}}]}},"_links":{"self":[{"href":"https:\/\/hammertimecafe.hu\/en\/wp-json\/wp\/v2\/product\/29371","targetHints":{"allow":["GET"]}}],"collection":[{"href":"https:\/\/hammertimecafe.hu\/en\/wp-json\/wp\/v2\/product"}],"about":[{"href":"https:\/\/hammertimecafe.hu\/en\/wp-json\/wp\/v2\/types\/product"}],"replies":[{"embeddable":true,"href":"https:\/\/hammertimecafe.hu\/en\/wp-json\/wp\/v2\/comments?post=29371"}],"wp:featuredmedia":[{"embeddable":true,"href":"https:\/\/hammertimecafe.hu\/en\/wp-json\/wp\/v2\/media\/29473"}],"wp:attachment":[{"href":"https:\/\/hammertimecafe.hu\/en\/wp-json\/wp\/v2\/media?parent=29371"}],"wp:term":[{"taxonomy":"product_brand","embeddable":true,"href":"https:\/\/hammertimecafe.hu\/en\/wp-json\/wp\/v2\/product_brand?post=29371"},{"taxonomy":"product_cat","embeddable":true,"href":"https:\/\/hammertimecafe.hu\/en\/wp-json\/wp\/v2\/product_cat?post=29371"},{"taxonomy":"product_tag","embeddable":true,"href":"https:\/\/hammertimecafe.hu\/en\/wp-json\/wp\/v2\/product_tag?post=29371"}],"curies":[{"name":"wp","href":"https:\/\/api.w.org\/{rel}","templated":true}]}}