{"id":29374,"date":"2026-05-09T10:19:05","date_gmt":"2026-05-09T08:19:05","guid":{"rendered":"https:\/\/hammertimecafe.hu\/?post_type=product&#038;p=29374"},"modified":"2026-05-09T12:17:58","modified_gmt":"2026-05-09T10:17:58","slug":"kill-team-nemesis-operatives","status":"publish","type":"product","link":"https:\/\/hammertimecafe.hu\/en\/product\/kill-team-nemesis-operatives\/","title":{"rendered":"KILL TEAM: NEMESIS OPERATIVES"},"content":{"rendered":"<p>A KILL TEAM: NEMESIS OPERATIVES egy innovat\u00edv kieg\u00e9sz\u00edt\u0151, amely \u00faj dimenzi\u00f3kat nyit meg a Kill Team j\u00e1t\u00e9kban. A KILL TEAM: NEMESIS OPERATIVES t\u00f6k\u00e9letes v\u00e1laszt\u00e1s minden j\u00e1t\u00e9kos sz\u00e1m\u00e1ra, aki k\u00fcl\u00f6nleges ellenfelekkel \u00e9s \u00faj j\u00e1t\u00e9km\u00f3dokkal szeretne j\u00e1tszani.<\/p>\n<p>A k\u00f6nyv lehet\u0151s\u00e9get ad egyedi Nemesis egys\u00e9gek l\u00e9trehoz\u00e1s\u00e1ra, amelyek komoly kih\u00edv\u00e1st jelentenek. A KILL TEAM: NEMESIS OPERATIVES seg\u00edts\u00e9g\u00e9vel ak\u00e1r hatalmas egys\u00e9gekkel is szembesz\u00e1llhatsz.<\/p>\n<p>\u00daj j\u00e1t\u00e9km\u00f3dokat is k\u00edn\u00e1l, bele\u00e9rtve a solo \u00e9s kooperat\u00edv lehet\u0151s\u00e9geket. A KILL TEAM: NEMESIS OPERATIVES \u00edgy m\u00e9g v\u00e1ltozatosabb \u00e9lm\u00e9nyt biztos\u00edt.<\/p>\n<p>A k\u00fcldet\u00e9sek \u00e9s p\u00e9ld\u00e1k \u00faj taktikai lehet\u0151s\u00e9geket nyitnak meg a j\u00e1t\u00e9kosok el\u0151tt. A KILL TEAM: NEMESIS OPERATIVES ide\u00e1lis b\u0151v\u00edt\u00e9s minden Kill Team rajong\u00f3nak.<\/p>\n<p>Product language: English.<br \/>\nAz el\u0151rendel\u00e9si peri\u00f3dus 2026. 05. 09-\u00e9n indul, a term\u00e9k 2026. 05. 23-t\u00f3l vehet\u0151 \u00e1t.<\/p>","protected":false},"excerpt":{"rendered":"<p>A KILL TEAM: NEMESIS OPERATIVES egy innovat\u00edv kieg\u00e9sz\u00edt\u0151, amely \u00faj dimenzi\u00f3kat nyit meg a Kill Team j\u00e1t\u00e9kban. A KILL TEAM: NEMESIS OPERATIVES t\u00f6k\u00e9letes v\u00e1laszt\u00e1s minden j\u00e1t\u00e9kos sz\u00e1m\u00e1ra, aki k\u00fcl\u00f6nleges ellenfelekkel \u00e9s \u00faj j\u00e1t\u00e9km\u00f3dokkal szeretne j\u00e1tszani.<\/p>","protected":false},"featured_media":29472,"comment_status":"open","ping_status":"closed","template":"","meta":{"_acf_changed":false},"product_brand":[46],"product_cat":[19,216],"product_tag":[],"class_list":{"0":"post-29374","1":"product","2":"type-product","3":"status-publish","4":"has-post-thumbnail","6":"product_brand-games-workshop","7":"product_cat-wargame","8":"product_cat-warhammer-40-000-kill-team","10":"first","11":"onbackorder","12":"sale","13":"taxable","14":"shipping-taxable","15":"purchasable","16":"product-type-simple"},"acf":[],"yoast_head":"<!-- This site is optimized with the Yoast SEO Premium plugin v25.6 (Yoast SEO v25.6) - https:\/\/yoast.com\/wordpress\/plugins\/seo\/ -->\n<title>KILL TEAM: NEMESIS OPERATIVES - HammerTime Cafe Webshop<\/title>\n<meta name=\"description\" content=\"KILL TEAM: NEMESIS OPERATIVES kieg\u00e9sz\u00edt\u0151 \u00faj szab\u00e1lyokkal \u00e9s k\u00fcldet\u00e9sekkel Kill Team j\u00e1t\u00e9khoz solo \u00e9s co-op m\u00f3dban.\" \/>\n<meta name=\"robots\" content=\"index, follow, max-snippet:-1, max-image-preview:large, max-video-preview:-1\" \/>\n<link rel=\"canonical\" href=\"https:\/\/hammertimecafe.hu\/en\/product\/kill-team-nemesis-operatives\/\" \/>\n<meta property=\"og:locale\" content=\"en_US\" \/>\n<meta property=\"og:type\" content=\"article\" \/>\n<meta property=\"og:title\" content=\"KILL TEAM: NEMESIS OPERATIVES\" \/>\n<meta property=\"og:description\" content=\"KILL TEAM: NEMESIS OPERATIVES kieg\u00e9sz\u00edt\u0151 \u00faj szab\u00e1lyokkal \u00e9s k\u00fcldet\u00e9sekkel Kill Team j\u00e1t\u00e9khoz solo \u00e9s co-op m\u00f3dban.\" \/>\n<meta property=\"og:url\" content=\"https:\/\/hammertimecafe.hu\/en\/product\/kill-team-nemesis-operatives\/\" \/>\n<meta property=\"og:site_name\" content=\"HammerTime Cafe Webshop\" \/>\n<meta property=\"article:modified_time\" content=\"2026-05-09T10:17:58+00:00\" \/>\n<meta property=\"og:image\" content=\"https:\/\/hammertimecafe.hu\/app\/uploads\/2026\/05\/Kill-Team-Nemesis-Operatives.jpg\" \/>\n\t<meta property=\"og:image:width\" content=\"1840\" \/>\n\t<meta property=\"og:image:height\" content=\"1900\" \/>\n\t<meta property=\"og:image:type\" content=\"image\/jpeg\" \/>\n<meta name=\"twitter:card\" content=\"summary_large_image\" \/>\n<meta name=\"twitter:label1\" content=\"Est. reading time\" \/>\n\t<meta name=\"twitter:data1\" content=\"1 minute\" \/>\n<script type=\"application\/ld+json\" class=\"yoast-schema-graph\">{\"@context\":\"https:\/\/schema.org\",\"@graph\":[{\"@type\":\"WebPage\",\"@id\":\"https:\/\/hammertimecafe.hu\/termek\/kill-team-nemesis-operatives\/\",\"url\":\"https:\/\/hammertimecafe.hu\/termek\/kill-team-nemesis-operatives\/\",\"name\":\"KILL TEAM: NEMESIS OPERATIVES - HammerTime Cafe Webshop\",\"isPartOf\":{\"@id\":\"https:\/\/hammertimecafe.hu\/#website\"},\"primaryImageOfPage\":{\"@id\":\"https:\/\/hammertimecafe.hu\/termek\/kill-team-nemesis-operatives\/#primaryimage\"},\"image\":{\"@id\":\"https:\/\/hammertimecafe.hu\/termek\/kill-team-nemesis-operatives\/#primaryimage\"},\"thumbnailUrl\":\"https:\/\/hammertimecafe.hu\/app\/uploads\/2026\/05\/Kill-Team-Nemesis-Operatives.jpg\",\"datePublished\":\"2026-05-09T08:19:05+00:00\",\"dateModified\":\"2026-05-09T10:17:58+00:00\",\"description\":\"KILL TEAM: NEMESIS OPERATIVES kieg\u00e9sz\u00edt\u0151 \u00faj szab\u00e1lyokkal \u00e9s k\u00fcldet\u00e9sekkel Kill Team j\u00e1t\u00e9khoz solo \u00e9s co-op m\u00f3dban.\",\"breadcrumb\":{\"@id\":\"https:\/\/hammertimecafe.hu\/termek\/kill-team-nemesis-operatives\/#breadcrumb\"},\"inLanguage\":\"en-US\",\"potentialAction\":[{\"@type\":\"ReadAction\",\"target\":[\"https:\/\/hammertimecafe.hu\/termek\/kill-team-nemesis-operatives\/\"]}]},{\"@type\":\"ImageObject\",\"inLanguage\":\"en-US\",\"@id\":\"https:\/\/hammertimecafe.hu\/termek\/kill-team-nemesis-operatives\/#primaryimage\",\"url\":\"https:\/\/hammertimecafe.hu\/app\/uploads\/2026\/05\/Kill-Team-Nemesis-Operatives.jpg\",\"contentUrl\":\"https:\/\/hammertimecafe.hu\/app\/uploads\/2026\/05\/Kill-Team-Nemesis-Operatives.jpg\",\"width\":1840,\"height\":1900,\"caption\":\"Kill Team Nemesis Operatives\"},{\"@type\":\"BreadcrumbList\",\"@id\":\"https:\/\/hammertimecafe.hu\/termek\/kill-team-nemesis-operatives\/#breadcrumb\",\"itemListElement\":[{\"@type\":\"ListItem\",\"position\":1,\"name\":\"Home\",\"item\":\"https:\/\/hammertimecafe.hu\/\"},{\"@type\":\"ListItem\",\"position\":2,\"name\":\"Shop\",\"item\":\"https:\/\/hammertimecafe.hu\/uzlet\/\"},{\"@type\":\"ListItem\",\"position\":3,\"name\":\"KILL TEAM: NEMESIS OPERATIVES\"}]},{\"@type\":\"WebSite\",\"@id\":\"https:\/\/hammertimecafe.hu\/#website\",\"url\":\"https:\/\/hammertimecafe.hu\/\",\"name\":\"Hammertimecafe\",\"description\":\"A HammerTime Cafe Hivatalos Weboldala \u00e9s Webshopja.\",\"publisher\":{\"@id\":\"https:\/\/hammertimecafe.hu\/#organization\"},\"potentialAction\":[{\"@type\":\"SearchAction\",\"target\":{\"@type\":\"EntryPoint\",\"urlTemplate\":\"https:\/\/hammertimecafe.hu\/?s={search_term_string}\"},\"query-input\":{\"@type\":\"PropertyValueSpecification\",\"valueRequired\":true,\"valueName\":\"search_term_string\"}}],\"inLanguage\":\"en-US\"},{\"@type\":\"Organization\",\"@id\":\"https:\/\/hammertimecafe.hu\/#organization\",\"name\":\"Hammertimecafe\",\"url\":\"https:\/\/hammertimecafe.hu\/\",\"logo\":{\"@type\":\"ImageObject\",\"inLanguage\":\"en-US\",\"@id\":\"https:\/\/hammertimecafe.hu\/#\/schema\/logo\/image\/\",\"url\":\"https:\/\/htcwoo.test\/app\/uploads\/2025\/08\/logo_of_htc.png\",\"contentUrl\":\"https:\/\/htcwoo.test\/app\/uploads\/2025\/08\/logo_of_htc.png\",\"width\":166,\"height\":73,\"caption\":\"Hammertimecafe\"},\"image\":{\"@id\":\"https:\/\/hammertimecafe.hu\/#\/schema\/logo\/image\/\"}}]}<\/script>\n<!-- \/ Yoast SEO Premium plugin. -->","yoast_head_json":{"title":"KILL TEAM: NEMESIS OPERATIVES - HammerTime Cafe Webshop","description":"KILL TEAM: NEMESIS OPERATIVES kieg\u00e9sz\u00edt\u0151 \u00faj szab\u00e1lyokkal \u00e9s k\u00fcldet\u00e9sekkel Kill Team j\u00e1t\u00e9khoz solo \u00e9s co-op m\u00f3dban.","robots":{"index":"index","follow":"follow","max-snippet":"max-snippet:-1","max-image-preview":"max-image-preview:large","max-video-preview":"max-video-preview:-1"},"canonical":"https:\/\/hammertimecafe.hu\/en\/product\/kill-team-nemesis-operatives\/","og_locale":"en_US","og_type":"article","og_title":"KILL TEAM: NEMESIS OPERATIVES","og_description":"KILL TEAM: NEMESIS OPERATIVES kieg\u00e9sz\u00edt\u0151 \u00faj szab\u00e1lyokkal \u00e9s k\u00fcldet\u00e9sekkel Kill Team j\u00e1t\u00e9khoz solo \u00e9s co-op m\u00f3dban.","og_url":"https:\/\/hammertimecafe.hu\/en\/product\/kill-team-nemesis-operatives\/","og_site_name":"HammerTime Cafe Webshop","article_modified_time":"2026-05-09T10:17:58+00:00","og_image":[{"width":1840,"height":1900,"url":"https:\/\/hammertimecafe.hu\/app\/uploads\/2026\/05\/Kill-Team-Nemesis-Operatives.jpg","type":"image\/jpeg"}],"twitter_card":"summary_large_image","twitter_misc":{"Est. reading time":"1 minute"},"schema":{"@context":"https:\/\/schema.org","@graph":[{"@type":"WebPage","@id":"https:\/\/hammertimecafe.hu\/termek\/kill-team-nemesis-operatives\/","url":"https:\/\/hammertimecafe.hu\/termek\/kill-team-nemesis-operatives\/","name":"KILL TEAM: NEMESIS OPERATIVES - HammerTime Cafe Webshop","isPartOf":{"@id":"https:\/\/hammertimecafe.hu\/#website"},"primaryImageOfPage":{"@id":"https:\/\/hammertimecafe.hu\/termek\/kill-team-nemesis-operatives\/#primaryimage"},"image":{"@id":"https:\/\/hammertimecafe.hu\/termek\/kill-team-nemesis-operatives\/#primaryimage"},"thumbnailUrl":"https:\/\/hammertimecafe.hu\/app\/uploads\/2026\/05\/Kill-Team-Nemesis-Operatives.jpg","datePublished":"2026-05-09T08:19:05+00:00","dateModified":"2026-05-09T10:17:58+00:00","description":"KILL TEAM: NEMESIS OPERATIVES kieg\u00e9sz\u00edt\u0151 \u00faj szab\u00e1lyokkal \u00e9s k\u00fcldet\u00e9sekkel Kill Team j\u00e1t\u00e9khoz solo \u00e9s co-op m\u00f3dban.","breadcrumb":{"@id":"https:\/\/hammertimecafe.hu\/termek\/kill-team-nemesis-operatives\/#breadcrumb"},"inLanguage":"en-US","potentialAction":[{"@type":"ReadAction","target":["https:\/\/hammertimecafe.hu\/termek\/kill-team-nemesis-operatives\/"]}]},{"@type":"ImageObject","inLanguage":"en-US","@id":"https:\/\/hammertimecafe.hu\/termek\/kill-team-nemesis-operatives\/#primaryimage","url":"https:\/\/hammertimecafe.hu\/app\/uploads\/2026\/05\/Kill-Team-Nemesis-Operatives.jpg","contentUrl":"https:\/\/hammertimecafe.hu\/app\/uploads\/2026\/05\/Kill-Team-Nemesis-Operatives.jpg","width":1840,"height":1900,"caption":"Kill Team Nemesis Operatives"},{"@type":"BreadcrumbList","@id":"https:\/\/hammertimecafe.hu\/termek\/kill-team-nemesis-operatives\/#breadcrumb","itemListElement":[{"@type":"ListItem","position":1,"name":"Home","item":"https:\/\/hammertimecafe.hu\/"},{"@type":"ListItem","position":2,"name":"Shop","item":"https:\/\/hammertimecafe.hu\/uzlet\/"},{"@type":"ListItem","position":3,"name":"KILL TEAM: NEMESIS OPERATIVES"}]},{"@type":"WebSite","@id":"https:\/\/hammertimecafe.hu\/#website","url":"https:\/\/hammertimecafe.hu\/","name":"Hammertimecafe","description":"The Official Website and Webshop of HammerTime Cafe.","publisher":{"@id":"https:\/\/hammertimecafe.hu\/#organization"},"potentialAction":[{"@type":"SearchAction","target":{"@type":"EntryPoint","urlTemplate":"https:\/\/hammertimecafe.hu\/?s={search_term_string}"},"query-input":{"@type":"PropertyValueSpecification","valueRequired":true,"valueName":"search_term_string"}}],"inLanguage":"en-US"},{"@type":"Organization","@id":"https:\/\/hammertimecafe.hu\/#organization","name":"Hammertimecafe","url":"https:\/\/hammertimecafe.hu\/","logo":{"@type":"ImageObject","inLanguage":"en-US","@id":"https:\/\/hammertimecafe.hu\/#\/schema\/logo\/image\/","url":"https:\/\/htcwoo.test\/app\/uploads\/2025\/08\/logo_of_htc.png","contentUrl":"https:\/\/htcwoo.test\/app\/uploads\/2025\/08\/logo_of_htc.png","width":166,"height":73,"caption":"Hammertimecafe"},"image":{"@id":"https:\/\/hammertimecafe.hu\/#\/schema\/logo\/image\/"}}]}},"_links":{"self":[{"href":"https:\/\/hammertimecafe.hu\/en\/wp-json\/wp\/v2\/product\/29374","targetHints":{"allow":["GET"]}}],"collection":[{"href":"https:\/\/hammertimecafe.hu\/en\/wp-json\/wp\/v2\/product"}],"about":[{"href":"https:\/\/hammertimecafe.hu\/en\/wp-json\/wp\/v2\/types\/product"}],"replies":[{"embeddable":true,"href":"https:\/\/hammertimecafe.hu\/en\/wp-json\/wp\/v2\/comments?post=29374"}],"wp:featuredmedia":[{"embeddable":true,"href":"https:\/\/hammertimecafe.hu\/en\/wp-json\/wp\/v2\/media\/29472"}],"wp:attachment":[{"href":"https:\/\/hammertimecafe.hu\/en\/wp-json\/wp\/v2\/media?parent=29374"}],"wp:term":[{"taxonomy":"product_brand","embeddable":true,"href":"https:\/\/hammertimecafe.hu\/en\/wp-json\/wp\/v2\/product_brand?post=29374"},{"taxonomy":"product_cat","embeddable":true,"href":"https:\/\/hammertimecafe.hu\/en\/wp-json\/wp\/v2\/product_cat?post=29374"},{"taxonomy":"product_tag","embeddable":true,"href":"https:\/\/hammertimecafe.hu\/en\/wp-json\/wp\/v2\/product_tag?post=29374"}],"curies":[{"name":"wp","href":"https:\/\/api.w.org\/{rel}","templated":true}]}}