{"id":2983,"date":"2025-10-29T01:50:30","date_gmt":"2025-10-29T00:50:30","guid":{"rendered":"https:\/\/htcwoo.test\/termek\/skaven-pestilens-verminlord-corruptor\/"},"modified":"2026-04-19T20:49:48","modified_gmt":"2026-04-19T18:49:48","slug":"skaven-pestilens-verminlord-corruptor","status":"publish","type":"product","link":"https:\/\/hammertimecafe.hu\/en\/product\/skaven-pestilens-verminlord-corruptor\/","title":{"rendered":"SKAVEN: VERMINLORD CORRUPTOR"},"content":{"rendered":"<p>A megtestes&uuml;lt fert\u0151, a Verminlord csak az&eacute;rt &eacute;l, hogy betegs&eacute;geket &eacute;s rag&aacute;lyokat terjesszen. Testv&eacute;rei f&ouml;l&eacute; magasodva, Skavenek hadait vezetik a harcba, ahol \u0151k maguk is k&eacute;pesek az ellens&eacute;g bajnokait m&eacute;rgez\u0151 peng&eacute;k egyetlen v&aacute;g&aacute;s&aacute;val f&ouml;ldre k&uuml;ldeni.<\/p>\n<p>A doboz egy figur&aacute;t tartalmaz!<\/p>\n<p>A figura ragaszt&aacute;st &eacute;s fest&eacute;st ig&eacute;nyel!<\/p>\n<p>A doboz rengeteg alkatr&eacute;sz opci&oacute;t tartalmaz a figur&aacute;k v&aacute;ltozatos felszerel&eacute;s&eacute;hez!<\/p>","protected":false},"excerpt":{"rendered":"<p>A megtestes\u00fclt fert\u0151, a Verminlord csak az\u00e9rt \u00e9l, hogy betegs\u00e9geket \u00e9s rag\u00e1lyokat terjesszen. Testv\u00e9rei f\u00f6l\u00e9 magasodva, Skavenek hadait vezetik a harcba, ahol \u0151k maguk is k\u00e9pesek az ellens\u00e9g bajnokait m\u00e9rgez\u0151 peng\u00e9k egyetlen v\u00e1g\u00e1s\u00e1val f\u00f6ldre k\u00fcldeni. <\/p>","protected":false},"featured_media":8602,"comment_status":"open","ping_status":"closed","template":"","meta":{"_acf_changed":false},"product_brand":[46],"product_cat":[43,44,19,42],"product_tag":[],"class_list":{"0":"post-2983","1":"product","2":"type-product","3":"status-publish","4":"has-post-thumbnail","6":"product_brand-games-workshop","7":"product_cat-grand-alliance-chaos","8":"product_cat-skaven","9":"product_cat-wargame","10":"product_cat-warhammer-age-of-sigmar","12":"first","13":"onbackorder","14":"sale","15":"taxable","16":"shipping-taxable","17":"purchasable","18":"product-type-simple"},"acf":[],"yoast_head":"<!-- This site is optimized with the Yoast SEO Premium plugin v25.6 (Yoast SEO v25.6) - https:\/\/yoast.com\/wordpress\/plugins\/seo\/ -->\n<title>SKAVEN PESTILENS VERMINLORD CORRUPTOR<\/title>\n<meta name=\"description\" content=\"SKAVEN PESTILENS VERMINLORD CORRUPTOR\" \/>\n<meta name=\"robots\" content=\"index, follow, max-snippet:-1, max-image-preview:large, max-video-preview:-1\" \/>\n<link rel=\"canonical\" href=\"https:\/\/hammertimecafe.hu\/en\/product\/skaven-pestilens-verminlord-corruptor\/\" \/>\n<meta property=\"og:locale\" content=\"en_US\" \/>\n<meta property=\"og:type\" content=\"article\" \/>\n<meta property=\"og:title\" content=\"SKAVEN: VERMINLORD CORRUPTOR\" \/>\n<meta property=\"og:description\" content=\"SKAVEN PESTILENS VERMINLORD CORRUPTOR\" \/>\n<meta property=\"og:url\" content=\"https:\/\/hammertimecafe.hu\/en\/product\/skaven-pestilens-verminlord-corruptor\/\" \/>\n<meta property=\"og:site_name\" content=\"HammerTime Cafe Webshop\" \/>\n<meta property=\"article:modified_time\" content=\"2026-04-19T18:49:48+00:00\" \/>\n<meta property=\"og:image\" content=\"https:\/\/hammertimecafe.hu\/app\/uploads\/2025\/10\/99120206023_pestilenscorruptor05_1_1.jpg\" \/>\n\t<meta property=\"og:image:width\" content=\"600\" \/>\n\t<meta property=\"og:image:height\" content=\"620\" \/>\n\t<meta property=\"og:image:type\" content=\"image\/jpeg\" \/>\n<meta name=\"twitter:card\" content=\"summary_large_image\" \/>\n<meta name=\"twitter:label1\" content=\"Est. reading time\" \/>\n\t<meta name=\"twitter:data1\" content=\"1 minute\" \/>\n<script type=\"application\/ld+json\" class=\"yoast-schema-graph\">{\"@context\":\"https:\/\/schema.org\",\"@graph\":[{\"@type\":\"WebPage\",\"@id\":\"https:\/\/hammertimecafe.hu\/en\/product\/skaven-pestilens-verminlord-corruptor\/\",\"url\":\"https:\/\/hammertimecafe.hu\/en\/product\/skaven-pestilens-verminlord-corruptor\/\",\"name\":\"SKAVEN PESTILENS VERMINLORD CORRUPTOR\",\"isPartOf\":{\"@id\":\"https:\/\/hammertimecafe.hu\/#website\"},\"primaryImageOfPage\":{\"@id\":\"https:\/\/hammertimecafe.hu\/en\/product\/skaven-pestilens-verminlord-corruptor\/#primaryimage\"},\"image\":{\"@id\":\"https:\/\/hammertimecafe.hu\/en\/product\/skaven-pestilens-verminlord-corruptor\/#primaryimage\"},\"thumbnailUrl\":\"https:\/\/hammertimecafe.hu\/app\/uploads\/2025\/10\/99120206023_pestilenscorruptor05_1_1.jpg\",\"datePublished\":\"2025-10-29T00:50:30+00:00\",\"dateModified\":\"2026-04-19T18:49:48+00:00\",\"description\":\"SKAVEN PESTILENS VERMINLORD CORRUPTOR\",\"breadcrumb\":{\"@id\":\"https:\/\/hammertimecafe.hu\/en\/product\/skaven-pestilens-verminlord-corruptor\/#breadcrumb\"},\"inLanguage\":\"en-US\",\"potentialAction\":[{\"@type\":\"ReadAction\",\"target\":[\"https:\/\/hammertimecafe.hu\/en\/product\/skaven-pestilens-verminlord-corruptor\/\"]}]},{\"@type\":\"ImageObject\",\"inLanguage\":\"en-US\",\"@id\":\"https:\/\/hammertimecafe.hu\/en\/product\/skaven-pestilens-verminlord-corruptor\/#primaryimage\",\"url\":\"https:\/\/hammertimecafe.hu\/app\/uploads\/2025\/10\/99120206023_pestilenscorruptor05_1_1.jpg\",\"contentUrl\":\"https:\/\/hammertimecafe.hu\/app\/uploads\/2025\/10\/99120206023_pestilenscorruptor05_1_1.jpg\",\"width\":600,\"height\":620},{\"@type\":\"BreadcrumbList\",\"@id\":\"https:\/\/hammertimecafe.hu\/en\/product\/skaven-pestilens-verminlord-corruptor\/#breadcrumb\",\"itemListElement\":[{\"@type\":\"ListItem\",\"position\":1,\"name\":\"Home\",\"item\":\"https:\/\/hammertimecafe.hu\/\"},{\"@type\":\"ListItem\",\"position\":2,\"name\":\"Shop\",\"item\":\"https:\/\/hammertimecafe.hu\/uzlet\/\"},{\"@type\":\"ListItem\",\"position\":3,\"name\":\"SKAVEN: VERMINLORD CORRUPTOR\"}]},{\"@type\":\"WebSite\",\"@id\":\"https:\/\/hammertimecafe.hu\/#website\",\"url\":\"https:\/\/hammertimecafe.hu\/\",\"name\":\"Hammertimecafe\",\"description\":\"A HammerTime Cafe Hivatalos Weboldala \u00e9s Webshopja.\",\"publisher\":{\"@id\":\"https:\/\/hammertimecafe.hu\/#organization\"},\"potentialAction\":[{\"@type\":\"SearchAction\",\"target\":{\"@type\":\"EntryPoint\",\"urlTemplate\":\"https:\/\/hammertimecafe.hu\/?s={search_term_string}\"},\"query-input\":{\"@type\":\"PropertyValueSpecification\",\"valueRequired\":true,\"valueName\":\"search_term_string\"}}],\"inLanguage\":\"en-US\"},{\"@type\":\"Organization\",\"@id\":\"https:\/\/hammertimecafe.hu\/#organization\",\"name\":\"Hammertimecafe\",\"url\":\"https:\/\/hammertimecafe.hu\/\",\"logo\":{\"@type\":\"ImageObject\",\"inLanguage\":\"en-US\",\"@id\":\"https:\/\/hammertimecafe.hu\/#\/schema\/logo\/image\/\",\"url\":\"https:\/\/htcwoo.test\/app\/uploads\/2025\/08\/logo_of_htc.png\",\"contentUrl\":\"https:\/\/htcwoo.test\/app\/uploads\/2025\/08\/logo_of_htc.png\",\"width\":166,\"height\":73,\"caption\":\"Hammertimecafe\"},\"image\":{\"@id\":\"https:\/\/hammertimecafe.hu\/#\/schema\/logo\/image\/\"}}]}<\/script>\n<!-- \/ Yoast SEO Premium plugin. -->","yoast_head_json":{"title":"SKAVEN PESTILENS VERMINLORD CORRUPTOR","description":"SKAVEN PESTILENS VERMINLORD CORRUPTOR","robots":{"index":"index","follow":"follow","max-snippet":"max-snippet:-1","max-image-preview":"max-image-preview:large","max-video-preview":"max-video-preview:-1"},"canonical":"https:\/\/hammertimecafe.hu\/en\/product\/skaven-pestilens-verminlord-corruptor\/","og_locale":"en_US","og_type":"article","og_title":"SKAVEN: VERMINLORD CORRUPTOR","og_description":"SKAVEN PESTILENS VERMINLORD CORRUPTOR","og_url":"https:\/\/hammertimecafe.hu\/en\/product\/skaven-pestilens-verminlord-corruptor\/","og_site_name":"HammerTime Cafe Webshop","article_modified_time":"2026-04-19T18:49:48+00:00","og_image":[{"width":600,"height":620,"url":"https:\/\/hammertimecafe.hu\/app\/uploads\/2025\/10\/99120206023_pestilenscorruptor05_1_1.jpg","type":"image\/jpeg"}],"twitter_card":"summary_large_image","twitter_misc":{"Est. reading time":"1 minute"},"schema":{"@context":"https:\/\/schema.org","@graph":[{"@type":"WebPage","@id":"https:\/\/hammertimecafe.hu\/en\/product\/skaven-pestilens-verminlord-corruptor\/","url":"https:\/\/hammertimecafe.hu\/en\/product\/skaven-pestilens-verminlord-corruptor\/","name":"SKAVEN PESTILENS VERMINLORD CORRUPTOR","isPartOf":{"@id":"https:\/\/hammertimecafe.hu\/#website"},"primaryImageOfPage":{"@id":"https:\/\/hammertimecafe.hu\/en\/product\/skaven-pestilens-verminlord-corruptor\/#primaryimage"},"image":{"@id":"https:\/\/hammertimecafe.hu\/en\/product\/skaven-pestilens-verminlord-corruptor\/#primaryimage"},"thumbnailUrl":"https:\/\/hammertimecafe.hu\/app\/uploads\/2025\/10\/99120206023_pestilenscorruptor05_1_1.jpg","datePublished":"2025-10-29T00:50:30+00:00","dateModified":"2026-04-19T18:49:48+00:00","description":"SKAVEN PESTILENS VERMINLORD CORRUPTOR","breadcrumb":{"@id":"https:\/\/hammertimecafe.hu\/en\/product\/skaven-pestilens-verminlord-corruptor\/#breadcrumb"},"inLanguage":"en-US","potentialAction":[{"@type":"ReadAction","target":["https:\/\/hammertimecafe.hu\/en\/product\/skaven-pestilens-verminlord-corruptor\/"]}]},{"@type":"ImageObject","inLanguage":"en-US","@id":"https:\/\/hammertimecafe.hu\/en\/product\/skaven-pestilens-verminlord-corruptor\/#primaryimage","url":"https:\/\/hammertimecafe.hu\/app\/uploads\/2025\/10\/99120206023_pestilenscorruptor05_1_1.jpg","contentUrl":"https:\/\/hammertimecafe.hu\/app\/uploads\/2025\/10\/99120206023_pestilenscorruptor05_1_1.jpg","width":600,"height":620},{"@type":"BreadcrumbList","@id":"https:\/\/hammertimecafe.hu\/en\/product\/skaven-pestilens-verminlord-corruptor\/#breadcrumb","itemListElement":[{"@type":"ListItem","position":1,"name":"Home","item":"https:\/\/hammertimecafe.hu\/"},{"@type":"ListItem","position":2,"name":"Shop","item":"https:\/\/hammertimecafe.hu\/uzlet\/"},{"@type":"ListItem","position":3,"name":"SKAVEN: VERMINLORD CORRUPTOR"}]},{"@type":"WebSite","@id":"https:\/\/hammertimecafe.hu\/#website","url":"https:\/\/hammertimecafe.hu\/","name":"Hammertimecafe","description":"The Official Website and Webshop of HammerTime Cafe.","publisher":{"@id":"https:\/\/hammertimecafe.hu\/#organization"},"potentialAction":[{"@type":"SearchAction","target":{"@type":"EntryPoint","urlTemplate":"https:\/\/hammertimecafe.hu\/?s={search_term_string}"},"query-input":{"@type":"PropertyValueSpecification","valueRequired":true,"valueName":"search_term_string"}}],"inLanguage":"en-US"},{"@type":"Organization","@id":"https:\/\/hammertimecafe.hu\/#organization","name":"Hammertimecafe","url":"https:\/\/hammertimecafe.hu\/","logo":{"@type":"ImageObject","inLanguage":"en-US","@id":"https:\/\/hammertimecafe.hu\/#\/schema\/logo\/image\/","url":"https:\/\/htcwoo.test\/app\/uploads\/2025\/08\/logo_of_htc.png","contentUrl":"https:\/\/htcwoo.test\/app\/uploads\/2025\/08\/logo_of_htc.png","width":166,"height":73,"caption":"Hammertimecafe"},"image":{"@id":"https:\/\/hammertimecafe.hu\/#\/schema\/logo\/image\/"}}]}},"_links":{"self":[{"href":"https:\/\/hammertimecafe.hu\/en\/wp-json\/wp\/v2\/product\/2983","targetHints":{"allow":["GET"]}}],"collection":[{"href":"https:\/\/hammertimecafe.hu\/en\/wp-json\/wp\/v2\/product"}],"about":[{"href":"https:\/\/hammertimecafe.hu\/en\/wp-json\/wp\/v2\/types\/product"}],"replies":[{"embeddable":true,"href":"https:\/\/hammertimecafe.hu\/en\/wp-json\/wp\/v2\/comments?post=2983"}],"wp:featuredmedia":[{"embeddable":true,"href":"https:\/\/hammertimecafe.hu\/en\/wp-json\/wp\/v2\/media\/8602"}],"wp:attachment":[{"href":"https:\/\/hammertimecafe.hu\/en\/wp-json\/wp\/v2\/media?parent=2983"}],"wp:term":[{"taxonomy":"product_brand","embeddable":true,"href":"https:\/\/hammertimecafe.hu\/en\/wp-json\/wp\/v2\/product_brand?post=2983"},{"taxonomy":"product_cat","embeddable":true,"href":"https:\/\/hammertimecafe.hu\/en\/wp-json\/wp\/v2\/product_cat?post=2983"},{"taxonomy":"product_tag","embeddable":true,"href":"https:\/\/hammertimecafe.hu\/en\/wp-json\/wp\/v2\/product_tag?post=2983"}],"curies":[{"name":"wp","href":"https:\/\/api.w.org\/{rel}","templated":true}]}}