{"id":2984,"date":"2025-10-29T01:50:31","date_gmt":"2025-10-29T00:50:31","guid":{"rendered":"https:\/\/htcwoo.test\/termek\/blood-angels-dominion-zephon-made-to-order-2023\/"},"modified":"2026-01-09T18:14:07","modified_gmt":"2026-01-09T17:14:07","slug":"blood-angels-dominion-zephon-made-to-order-2023","status":"publish","type":"product","link":"https:\/\/hammertimecafe.hu\/en\/product\/blood-angels-dominion-zephon-made-to-order-2023\/","title":{"rendered":"BLOOD ANGELS: DOMINION ZEPHON &#8211; MADE TO ORDER"},"content":{"rendered":"<p>BLOOD ANGELS: DOMINION ZEPHON<\/p>\n<p>\u00a0<\/p>\n<p><strong>FONTOS!<\/strong><\/p>\n<div>\n<div dir=\"auto\"><strong>Sajn\u00e1latos m\u00f3don, ahogy azt az elm\u00falt id\u0151ben megtapasztalhattuk a limit\u00e1lt kiad\u00e1s\u00fa dobozokb\u00f3l nagyon keveset kapnak a boltok, \u00edgy mi is. Itt egy picit m\u00e1s a helyzet, de a megjelen\u00e9s napj\u00e1n t\u00e9nyleg kevesebb doboz \u00e1ll majd rendelkez\u00e9s\u00fcnkre. Pontos inf\u00f3nk m\u00e9g a darabsz\u00e1mr\u00f3l nincsen sajnos.<\/strong><\/div>\n<div dir=\"auto\">\u00a0<\/div>\n<\/div>\n<div>\n<div dir=\"auto\"><strong>Ami viszont m\u00e1s ezen doboz tekintet\u00e9ben, hogy lehet\u0151s\u00e9g\u00fcnk van Made To Order rendel\u00e9seket felvenni (EZEN TERM\u00c9K RENDEL\u00c9S\u00c9VEL), ami azt jelenti sz\u00e1munkra, hogy a rendel\u0151inket ki tudjuk szolg\u00e1lni teljesen. Ez azt jelenti sz\u00e1munkra, hogy mi akkor rendelj\u00fck meg a term\u00e9ket, ha ezen term\u00e9k megrendel\u00e9s\u00e9vel ezt kifejezetten k\u00e9red, hiszen a gy\u00e1rt\u00f3 ezt k\u00fcl\u00f6n k\u00e9r\u00e9sre gy\u00e1rtja le sz\u00e1modra. Ugyan \u00edgy a Made To Order term\u00e9kekre a &#8222;rendel\u00e9sre k\u00e9sz\u00edtett term\u00e9kek&#8221; kateg\u00f3ri\u00e1j\u00e1ba esnek bele, \u00edgy a megfelel\u0151 Magyar jogszab\u00e1lyok vonatkoznak r\u00e1juk (45\/2014. (II.26.) korm\u00e1nyrendelet 29.\u2005\u00a7), amelynek legfontosabb r\u00e9sze, hogy a v\u00e1s\u00e1rl\u00e1st\u00f3l nem lehet el\u00e1llni.<\/strong><\/div>\n<div dir=\"auto\">\u00a0<\/div>\n<div dir=\"auto\"><strong>Rendel\u00e9si sorrendben fogunk mindenkit kiszolg\u00e1lni a kor\u00e1bban \u00e9rkez\u0151 darabsz\u00e1mokkal is.<\/strong><\/div>\n<div dir=\"auto\">\u00a0<\/div>\n<div dir=\"auto\"><strong>K\u00e9r\u00fcnk mindenkit, hogy csak ezen dolgok elfogad\u00e1s\u00e1val adja le a rendel\u00e9s\u00e9t!<\/strong><\/div>\n<\/div>","protected":false},"excerpt":{"rendered":"<p>BLOOD ANGELS: DOMINION ZEPHON<\/p>","protected":false},"featured_media":8606,"comment_status":"open","ping_status":"closed","template":"","meta":{"_acf_changed":false},"product_brand":[46],"product_cat":[19],"product_tag":[],"class_list":{"0":"post-2984","1":"product","2":"type-product","3":"status-publish","4":"has-post-thumbnail","6":"product_brand-games-workshop","7":"product_cat-wargame","9":"first","10":"instock","11":"sale","12":"taxable","13":"shipping-taxable","14":"purchasable","15":"product-type-simple"},"acf":[],"yoast_head":"<!-- This site is optimized with the Yoast SEO Premium plugin v25.6 (Yoast SEO v25.6) - https:\/\/yoast.com\/wordpress\/plugins\/seo\/ -->\n<title>BLOOD ANGELS: DOMINION ZEPHON<\/title>\n<meta name=\"description\" content=\"BLOOD ANGELS: DOMINION ZEPHON\" \/>\n<meta name=\"robots\" content=\"index, follow, max-snippet:-1, max-image-preview:large, max-video-preview:-1\" \/>\n<link rel=\"canonical\" href=\"https:\/\/hammertimecafe.hu\/en\/product\/blood-angels-dominion-zephon-made-to-order-2023\/\" \/>\n<meta property=\"og:locale\" content=\"en_US\" \/>\n<meta property=\"og:type\" content=\"article\" \/>\n<meta property=\"og:title\" content=\"BLOOD ANGELS: DOMINION ZEPHON - MADE TO ORDER\" \/>\n<meta property=\"og:description\" content=\"BLOOD ANGELS: DOMINION ZEPHON\" \/>\n<meta property=\"og:url\" content=\"https:\/\/hammertimecafe.hu\/en\/product\/blood-angels-dominion-zephon-made-to-order-2023\/\" \/>\n<meta property=\"og:site_name\" content=\"HammerTime Cafe Webshop\" \/>\n<meta property=\"article:modified_time\" content=\"2026-01-09T17:14:07+00:00\" \/>\n<meta property=\"og:image\" content=\"https:\/\/hammertimecafe.hu\/app\/uploads\/2025\/10\/99123001020.jpg\" \/>\n\t<meta property=\"og:image:width\" content=\"1162\" \/>\n\t<meta property=\"og:image:height\" content=\"1200\" \/>\n\t<meta property=\"og:image:type\" content=\"image\/jpeg\" \/>\n<meta name=\"twitter:card\" content=\"summary_large_image\" \/>\n<meta name=\"twitter:label1\" content=\"Est. reading time\" \/>\n\t<meta name=\"twitter:data1\" content=\"1 minute\" \/>\n<script type=\"application\/ld+json\" class=\"yoast-schema-graph\">{\"@context\":\"https:\/\/schema.org\",\"@graph\":[{\"@type\":\"WebPage\",\"@id\":\"https:\/\/hammertimecafe.hu\/termek\/blood-angels-dominion-zephon-made-to-order-2023\/\",\"url\":\"https:\/\/hammertimecafe.hu\/termek\/blood-angels-dominion-zephon-made-to-order-2023\/\",\"name\":\"BLOOD ANGELS: DOMINION ZEPHON\",\"isPartOf\":{\"@id\":\"https:\/\/hammertimecafe.hu\/#website\"},\"primaryImageOfPage\":{\"@id\":\"https:\/\/hammertimecafe.hu\/termek\/blood-angels-dominion-zephon-made-to-order-2023\/#primaryimage\"},\"image\":{\"@id\":\"https:\/\/hammertimecafe.hu\/termek\/blood-angels-dominion-zephon-made-to-order-2023\/#primaryimage\"},\"thumbnailUrl\":\"https:\/\/hammertimecafe.hu\/app\/uploads\/2025\/10\/99123001020.jpg\",\"datePublished\":\"2025-10-29T00:50:31+00:00\",\"dateModified\":\"2026-01-09T17:14:07+00:00\",\"description\":\"BLOOD ANGELS: DOMINION ZEPHON\",\"breadcrumb\":{\"@id\":\"https:\/\/hammertimecafe.hu\/termek\/blood-angels-dominion-zephon-made-to-order-2023\/#breadcrumb\"},\"inLanguage\":\"en-US\",\"potentialAction\":[{\"@type\":\"ReadAction\",\"target\":[\"https:\/\/hammertimecafe.hu\/termek\/blood-angels-dominion-zephon-made-to-order-2023\/\"]}]},{\"@type\":\"ImageObject\",\"inLanguage\":\"en-US\",\"@id\":\"https:\/\/hammertimecafe.hu\/termek\/blood-angels-dominion-zephon-made-to-order-2023\/#primaryimage\",\"url\":\"https:\/\/hammertimecafe.hu\/app\/uploads\/2025\/10\/99123001020.jpg\",\"contentUrl\":\"https:\/\/hammertimecafe.hu\/app\/uploads\/2025\/10\/99123001020.jpg\",\"width\":1162,\"height\":1200},{\"@type\":\"BreadcrumbList\",\"@id\":\"https:\/\/hammertimecafe.hu\/termek\/blood-angels-dominion-zephon-made-to-order-2023\/#breadcrumb\",\"itemListElement\":[{\"@type\":\"ListItem\",\"position\":1,\"name\":\"Home\",\"item\":\"https:\/\/hammertimecafe.hu\/\"},{\"@type\":\"ListItem\",\"position\":2,\"name\":\"Shop\",\"item\":\"https:\/\/hammertimecafe.hu\/uzlet\/\"},{\"@type\":\"ListItem\",\"position\":3,\"name\":\"BLOOD ANGELS: DOMINION ZEPHON &#8211; MADE TO ORDER\"}]},{\"@type\":\"WebSite\",\"@id\":\"https:\/\/hammertimecafe.hu\/#website\",\"url\":\"https:\/\/hammertimecafe.hu\/\",\"name\":\"Hammertimecafe\",\"description\":\"A HammerTime Cafe Hivatalos Weboldala \u00e9s Webshopja.\",\"publisher\":{\"@id\":\"https:\/\/hammertimecafe.hu\/#organization\"},\"potentialAction\":[{\"@type\":\"SearchAction\",\"target\":{\"@type\":\"EntryPoint\",\"urlTemplate\":\"https:\/\/hammertimecafe.hu\/?s={search_term_string}\"},\"query-input\":{\"@type\":\"PropertyValueSpecification\",\"valueRequired\":true,\"valueName\":\"search_term_string\"}}],\"inLanguage\":\"en-US\"},{\"@type\":\"Organization\",\"@id\":\"https:\/\/hammertimecafe.hu\/#organization\",\"name\":\"Hammertimecafe\",\"url\":\"https:\/\/hammertimecafe.hu\/\",\"logo\":{\"@type\":\"ImageObject\",\"inLanguage\":\"en-US\",\"@id\":\"https:\/\/hammertimecafe.hu\/#\/schema\/logo\/image\/\",\"url\":\"https:\/\/htcwoo.test\/app\/uploads\/2025\/08\/logo_of_htc.png\",\"contentUrl\":\"https:\/\/htcwoo.test\/app\/uploads\/2025\/08\/logo_of_htc.png\",\"width\":166,\"height\":73,\"caption\":\"Hammertimecafe\"},\"image\":{\"@id\":\"https:\/\/hammertimecafe.hu\/#\/schema\/logo\/image\/\"}}]}<\/script>\n<!-- \/ Yoast SEO Premium plugin. -->","yoast_head_json":{"title":"BLOOD ANGELS: DOMINION ZEPHON","description":"BLOOD ANGELS: DOMINION ZEPHON","robots":{"index":"index","follow":"follow","max-snippet":"max-snippet:-1","max-image-preview":"max-image-preview:large","max-video-preview":"max-video-preview:-1"},"canonical":"https:\/\/hammertimecafe.hu\/en\/product\/blood-angels-dominion-zephon-made-to-order-2023\/","og_locale":"en_US","og_type":"article","og_title":"BLOOD ANGELS: DOMINION ZEPHON - MADE TO ORDER","og_description":"BLOOD ANGELS: DOMINION ZEPHON","og_url":"https:\/\/hammertimecafe.hu\/en\/product\/blood-angels-dominion-zephon-made-to-order-2023\/","og_site_name":"HammerTime Cafe Webshop","article_modified_time":"2026-01-09T17:14:07+00:00","og_image":[{"width":1162,"height":1200,"url":"https:\/\/hammertimecafe.hu\/app\/uploads\/2025\/10\/99123001020.jpg","type":"image\/jpeg"}],"twitter_card":"summary_large_image","twitter_misc":{"Est. reading time":"1 minute"},"schema":{"@context":"https:\/\/schema.org","@graph":[{"@type":"WebPage","@id":"https:\/\/hammertimecafe.hu\/termek\/blood-angels-dominion-zephon-made-to-order-2023\/","url":"https:\/\/hammertimecafe.hu\/termek\/blood-angels-dominion-zephon-made-to-order-2023\/","name":"BLOOD ANGELS: DOMINION ZEPHON","isPartOf":{"@id":"https:\/\/hammertimecafe.hu\/#website"},"primaryImageOfPage":{"@id":"https:\/\/hammertimecafe.hu\/termek\/blood-angels-dominion-zephon-made-to-order-2023\/#primaryimage"},"image":{"@id":"https:\/\/hammertimecafe.hu\/termek\/blood-angels-dominion-zephon-made-to-order-2023\/#primaryimage"},"thumbnailUrl":"https:\/\/hammertimecafe.hu\/app\/uploads\/2025\/10\/99123001020.jpg","datePublished":"2025-10-29T00:50:31+00:00","dateModified":"2026-01-09T17:14:07+00:00","description":"BLOOD ANGELS: DOMINION ZEPHON","breadcrumb":{"@id":"https:\/\/hammertimecafe.hu\/termek\/blood-angels-dominion-zephon-made-to-order-2023\/#breadcrumb"},"inLanguage":"en-US","potentialAction":[{"@type":"ReadAction","target":["https:\/\/hammertimecafe.hu\/termek\/blood-angels-dominion-zephon-made-to-order-2023\/"]}]},{"@type":"ImageObject","inLanguage":"en-US","@id":"https:\/\/hammertimecafe.hu\/termek\/blood-angels-dominion-zephon-made-to-order-2023\/#primaryimage","url":"https:\/\/hammertimecafe.hu\/app\/uploads\/2025\/10\/99123001020.jpg","contentUrl":"https:\/\/hammertimecafe.hu\/app\/uploads\/2025\/10\/99123001020.jpg","width":1162,"height":1200},{"@type":"BreadcrumbList","@id":"https:\/\/hammertimecafe.hu\/termek\/blood-angels-dominion-zephon-made-to-order-2023\/#breadcrumb","itemListElement":[{"@type":"ListItem","position":1,"name":"Home","item":"https:\/\/hammertimecafe.hu\/"},{"@type":"ListItem","position":2,"name":"Shop","item":"https:\/\/hammertimecafe.hu\/uzlet\/"},{"@type":"ListItem","position":3,"name":"BLOOD ANGELS: DOMINION ZEPHON &#8211; MADE TO ORDER"}]},{"@type":"WebSite","@id":"https:\/\/hammertimecafe.hu\/#website","url":"https:\/\/hammertimecafe.hu\/","name":"Hammertimecafe","description":"The Official Website and Webshop of HammerTime Cafe.","publisher":{"@id":"https:\/\/hammertimecafe.hu\/#organization"},"potentialAction":[{"@type":"SearchAction","target":{"@type":"EntryPoint","urlTemplate":"https:\/\/hammertimecafe.hu\/?s={search_term_string}"},"query-input":{"@type":"PropertyValueSpecification","valueRequired":true,"valueName":"search_term_string"}}],"inLanguage":"en-US"},{"@type":"Organization","@id":"https:\/\/hammertimecafe.hu\/#organization","name":"Hammertimecafe","url":"https:\/\/hammertimecafe.hu\/","logo":{"@type":"ImageObject","inLanguage":"en-US","@id":"https:\/\/hammertimecafe.hu\/#\/schema\/logo\/image\/","url":"https:\/\/htcwoo.test\/app\/uploads\/2025\/08\/logo_of_htc.png","contentUrl":"https:\/\/htcwoo.test\/app\/uploads\/2025\/08\/logo_of_htc.png","width":166,"height":73,"caption":"Hammertimecafe"},"image":{"@id":"https:\/\/hammertimecafe.hu\/#\/schema\/logo\/image\/"}}]}},"_links":{"self":[{"href":"https:\/\/hammertimecafe.hu\/en\/wp-json\/wp\/v2\/product\/2984","targetHints":{"allow":["GET"]}}],"collection":[{"href":"https:\/\/hammertimecafe.hu\/en\/wp-json\/wp\/v2\/product"}],"about":[{"href":"https:\/\/hammertimecafe.hu\/en\/wp-json\/wp\/v2\/types\/product"}],"replies":[{"embeddable":true,"href":"https:\/\/hammertimecafe.hu\/en\/wp-json\/wp\/v2\/comments?post=2984"}],"wp:featuredmedia":[{"embeddable":true,"href":"https:\/\/hammertimecafe.hu\/en\/wp-json\/wp\/v2\/media\/8606"}],"wp:attachment":[{"href":"https:\/\/hammertimecafe.hu\/en\/wp-json\/wp\/v2\/media?parent=2984"}],"wp:term":[{"taxonomy":"product_brand","embeddable":true,"href":"https:\/\/hammertimecafe.hu\/en\/wp-json\/wp\/v2\/product_brand?post=2984"},{"taxonomy":"product_cat","embeddable":true,"href":"https:\/\/hammertimecafe.hu\/en\/wp-json\/wp\/v2\/product_cat?post=2984"},{"taxonomy":"product_tag","embeddable":true,"href":"https:\/\/hammertimecafe.hu\/en\/wp-json\/wp\/v2\/product_tag?post=2984"}],"curies":[{"name":"wp","href":"https:\/\/api.w.org\/{rel}","templated":true}]}}