{"id":3016,"date":"2025-10-29T01:51:08","date_gmt":"2025-10-29T00:51:08","guid":{"rendered":"https:\/\/htcwoo.test\/termek\/adeptus-mechanicus-tech-priest-dominus\/"},"modified":"2026-04-19T20:49:44","modified_gmt":"2026-04-19T18:49:44","slug":"adeptus-mechanicus-tech-priest-dominus","status":"publish","type":"product","link":"https:\/\/hammertimecafe.hu\/en\/product\/adeptus-mechanicus-tech-priest-dominus\/","title":{"rendered":"ADEPTUS MECHANICUS TECH-PRIEST DOMINUS"},"content":{"rendered":"<p>A Dominus a Cult Mechanicus egy magas rang&uacute; Techpapja, aki a h&aacute;bor&uacute; m\u0171v&eacute;szet&eacute;nek \u0171z&eacute;s&eacute;re specializ&aacute;lta test&eacute;t. Vill&aacute;mgyors agy&aacute;ban egy szempillant&aacute;s alatt &eacute;rtelmez harci adatokat, &eacute;s von le pontos k&ouml;vetkeztet&eacute;seket a csata menet&eacute;r\u0151l, hogy csapatainak mindig a legpontosabb parancsokat ossza ki. Term&eacute;szetesen a strat&eacute;giai tervez&eacute;sen fel&uuml;l a Dominus is r&eacute;szt vesz a G&eacute;p Isten ellens&eacute;geinek elpuszt&iacute;t&aacute;s&aacute;ban, h&aacute;la a test&eacute;t k&eacute;pez\u0151 speci&aacute;lis fegyvereknek.<\/p>\n<p>Ez a k&eacute;szlet minden sz&uuml;ks&eacute;ges elemet tartalmaz ahhoz, hogy meg&eacute;p&iacute;thess egy Tech Priest Dominus figur&aacute;t.<\/p>\n<p>A dobozban egy 50mm-es k&ouml;r alak&uacute; talp tal&aacute;lhat&oacute;.<\/p>","protected":false},"excerpt":{"rendered":"<p>A Dominus a Cult Mechanicus egy magas rang\u00fa Techpapja, aki a h\u00e1bor\u00fa m\u0171v\u00e9szet\u00e9nek \u0171z\u00e9s\u00e9re specializ\u00e1lta test\u00e9t. Vill\u00e1mgyors agy\u00e1ban egy szempillant\u00e1s alatt \u00e9rtelmez harci adatokat, \u00e9s von le pontos k\u00f6vetkeztet\u00e9seket a csata menet\u00e9r\u0151l, hogy csapatainak mindig a legpontosabb parancsokat ossza ki. Term\u00e9szetesen a strat\u00e9giai tervez\u00e9sen fel\u00fcl a Dominus is r\u00e9szt vesz a G\u00e9p Isten ellens\u00e9geinek elpuszt\u00edt\u00e1s\u00e1ban, h\u00e1la a test\u00e9t k\u00e9pez\u0151 speci\u00e1lis fegyvereknek. <\/p>","protected":false},"featured_media":8750,"comment_status":"open","ping_status":"closed","template":"","meta":{"_acf_changed":false},"product_brand":[46],"product_cat":[141,19],"product_tag":[],"class_list":{"0":"post-3016","1":"product","2":"type-product","3":"status-publish","4":"has-post-thumbnail","6":"product_brand-games-workshop","7":"product_cat-adeptus-mechanicus","8":"product_cat-wargame","10":"first","11":"onbackorder","12":"sale","13":"taxable","14":"shipping-taxable","15":"purchasable","16":"product-type-simple"},"acf":[],"yoast_head":"<!-- This site is optimized with the Yoast SEO Premium plugin v25.6 (Yoast SEO v25.6) - https:\/\/yoast.com\/wordpress\/plugins\/seo\/ -->\n<title>ADEPTUS MECHANICUS TECH-PRIEST DOMINUS<\/title>\n<meta name=\"description\" content=\"ADEPTUS MECHANICUS TECH-PRIEST DOMINUS\" \/>\n<meta name=\"robots\" content=\"index, follow, max-snippet:-1, max-image-preview:large, max-video-preview:-1\" \/>\n<link rel=\"canonical\" href=\"https:\/\/hammertimecafe.hu\/en\/product\/adeptus-mechanicus-tech-priest-dominus\/\" \/>\n<meta property=\"og:locale\" content=\"en_US\" \/>\n<meta property=\"og:type\" content=\"article\" \/>\n<meta property=\"og:title\" content=\"ADEPTUS MECHANICUS TECH-PRIEST DOMINUS\" \/>\n<meta property=\"og:description\" content=\"ADEPTUS MECHANICUS TECH-PRIEST DOMINUS\" \/>\n<meta property=\"og:url\" content=\"https:\/\/hammertimecafe.hu\/en\/product\/adeptus-mechanicus-tech-priest-dominus\/\" \/>\n<meta property=\"og:site_name\" content=\"HammerTime Cafe Webshop\" \/>\n<meta property=\"article:modified_time\" content=\"2026-04-19T18:49:44+00:00\" \/>\n<meta property=\"og:image\" content=\"https:\/\/hammertimecafe.hu\/app\/uploads\/2025\/10\/99070116001_admechtechpriestdominus08_1.jpg\" \/>\n\t<meta property=\"og:image:width\" content=\"600\" \/>\n\t<meta property=\"og:image:height\" content=\"620\" \/>\n\t<meta property=\"og:image:type\" content=\"image\/jpeg\" \/>\n<meta name=\"twitter:card\" content=\"summary_large_image\" \/>\n<meta name=\"twitter:label1\" content=\"Est. reading time\" \/>\n\t<meta name=\"twitter:data1\" content=\"1 minute\" \/>\n<script type=\"application\/ld+json\" class=\"yoast-schema-graph\">{\"@context\":\"https:\/\/schema.org\",\"@graph\":[{\"@type\":\"WebPage\",\"@id\":\"https:\/\/hammertimecafe.hu\/termek\/adeptus-mechanicus-tech-priest-dominus\/\",\"url\":\"https:\/\/hammertimecafe.hu\/termek\/adeptus-mechanicus-tech-priest-dominus\/\",\"name\":\"ADEPTUS MECHANICUS TECH-PRIEST DOMINUS\",\"isPartOf\":{\"@id\":\"https:\/\/hammertimecafe.hu\/#website\"},\"primaryImageOfPage\":{\"@id\":\"https:\/\/hammertimecafe.hu\/termek\/adeptus-mechanicus-tech-priest-dominus\/#primaryimage\"},\"image\":{\"@id\":\"https:\/\/hammertimecafe.hu\/termek\/adeptus-mechanicus-tech-priest-dominus\/#primaryimage\"},\"thumbnailUrl\":\"https:\/\/hammertimecafe.hu\/app\/uploads\/2025\/10\/99070116001_admechtechpriestdominus08_1.jpg\",\"datePublished\":\"2025-10-29T00:51:08+00:00\",\"dateModified\":\"2026-04-19T18:49:44+00:00\",\"description\":\"ADEPTUS MECHANICUS TECH-PRIEST DOMINUS\",\"breadcrumb\":{\"@id\":\"https:\/\/hammertimecafe.hu\/termek\/adeptus-mechanicus-tech-priest-dominus\/#breadcrumb\"},\"inLanguage\":\"en-US\",\"potentialAction\":[{\"@type\":\"ReadAction\",\"target\":[\"https:\/\/hammertimecafe.hu\/termek\/adeptus-mechanicus-tech-priest-dominus\/\"]}]},{\"@type\":\"ImageObject\",\"inLanguage\":\"en-US\",\"@id\":\"https:\/\/hammertimecafe.hu\/termek\/adeptus-mechanicus-tech-priest-dominus\/#primaryimage\",\"url\":\"https:\/\/hammertimecafe.hu\/app\/uploads\/2025\/10\/99070116001_admechtechpriestdominus08_1.jpg\",\"contentUrl\":\"https:\/\/hammertimecafe.hu\/app\/uploads\/2025\/10\/99070116001_admechtechpriestdominus08_1.jpg\",\"width\":600,\"height\":620},{\"@type\":\"BreadcrumbList\",\"@id\":\"https:\/\/hammertimecafe.hu\/termek\/adeptus-mechanicus-tech-priest-dominus\/#breadcrumb\",\"itemListElement\":[{\"@type\":\"ListItem\",\"position\":1,\"name\":\"Home\",\"item\":\"https:\/\/hammertimecafe.hu\/\"},{\"@type\":\"ListItem\",\"position\":2,\"name\":\"Shop\",\"item\":\"https:\/\/hammertimecafe.hu\/uzlet\/\"},{\"@type\":\"ListItem\",\"position\":3,\"name\":\"ADEPTUS MECHANICUS TECH-PRIEST DOMINUS\"}]},{\"@type\":\"WebSite\",\"@id\":\"https:\/\/hammertimecafe.hu\/#website\",\"url\":\"https:\/\/hammertimecafe.hu\/\",\"name\":\"Hammertimecafe\",\"description\":\"A HammerTime Cafe Hivatalos Weboldala \u00e9s Webshopja.\",\"publisher\":{\"@id\":\"https:\/\/hammertimecafe.hu\/#organization\"},\"potentialAction\":[{\"@type\":\"SearchAction\",\"target\":{\"@type\":\"EntryPoint\",\"urlTemplate\":\"https:\/\/hammertimecafe.hu\/?s={search_term_string}\"},\"query-input\":{\"@type\":\"PropertyValueSpecification\",\"valueRequired\":true,\"valueName\":\"search_term_string\"}}],\"inLanguage\":\"en-US\"},{\"@type\":\"Organization\",\"@id\":\"https:\/\/hammertimecafe.hu\/#organization\",\"name\":\"Hammertimecafe\",\"url\":\"https:\/\/hammertimecafe.hu\/\",\"logo\":{\"@type\":\"ImageObject\",\"inLanguage\":\"en-US\",\"@id\":\"https:\/\/hammertimecafe.hu\/#\/schema\/logo\/image\/\",\"url\":\"https:\/\/htcwoo.test\/app\/uploads\/2025\/08\/logo_of_htc.png\",\"contentUrl\":\"https:\/\/htcwoo.test\/app\/uploads\/2025\/08\/logo_of_htc.png\",\"width\":166,\"height\":73,\"caption\":\"Hammertimecafe\"},\"image\":{\"@id\":\"https:\/\/hammertimecafe.hu\/#\/schema\/logo\/image\/\"}}]}<\/script>\n<!-- \/ Yoast SEO Premium plugin. -->","yoast_head_json":{"title":"ADEPTUS MECHANICUS TECH-PRIEST DOMINUS","description":"ADEPTUS MECHANICUS TECH-PRIEST DOMINUS","robots":{"index":"index","follow":"follow","max-snippet":"max-snippet:-1","max-image-preview":"max-image-preview:large","max-video-preview":"max-video-preview:-1"},"canonical":"https:\/\/hammertimecafe.hu\/en\/product\/adeptus-mechanicus-tech-priest-dominus\/","og_locale":"en_US","og_type":"article","og_title":"ADEPTUS MECHANICUS TECH-PRIEST DOMINUS","og_description":"ADEPTUS MECHANICUS TECH-PRIEST DOMINUS","og_url":"https:\/\/hammertimecafe.hu\/en\/product\/adeptus-mechanicus-tech-priest-dominus\/","og_site_name":"HammerTime Cafe Webshop","article_modified_time":"2026-04-19T18:49:44+00:00","og_image":[{"width":600,"height":620,"url":"https:\/\/hammertimecafe.hu\/app\/uploads\/2025\/10\/99070116001_admechtechpriestdominus08_1.jpg","type":"image\/jpeg"}],"twitter_card":"summary_large_image","twitter_misc":{"Est. reading time":"1 minute"},"schema":{"@context":"https:\/\/schema.org","@graph":[{"@type":"WebPage","@id":"https:\/\/hammertimecafe.hu\/termek\/adeptus-mechanicus-tech-priest-dominus\/","url":"https:\/\/hammertimecafe.hu\/termek\/adeptus-mechanicus-tech-priest-dominus\/","name":"ADEPTUS MECHANICUS TECH-PRIEST DOMINUS","isPartOf":{"@id":"https:\/\/hammertimecafe.hu\/#website"},"primaryImageOfPage":{"@id":"https:\/\/hammertimecafe.hu\/termek\/adeptus-mechanicus-tech-priest-dominus\/#primaryimage"},"image":{"@id":"https:\/\/hammertimecafe.hu\/termek\/adeptus-mechanicus-tech-priest-dominus\/#primaryimage"},"thumbnailUrl":"https:\/\/hammertimecafe.hu\/app\/uploads\/2025\/10\/99070116001_admechtechpriestdominus08_1.jpg","datePublished":"2025-10-29T00:51:08+00:00","dateModified":"2026-04-19T18:49:44+00:00","description":"ADEPTUS MECHANICUS TECH-PRIEST DOMINUS","breadcrumb":{"@id":"https:\/\/hammertimecafe.hu\/termek\/adeptus-mechanicus-tech-priest-dominus\/#breadcrumb"},"inLanguage":"en-US","potentialAction":[{"@type":"ReadAction","target":["https:\/\/hammertimecafe.hu\/termek\/adeptus-mechanicus-tech-priest-dominus\/"]}]},{"@type":"ImageObject","inLanguage":"en-US","@id":"https:\/\/hammertimecafe.hu\/termek\/adeptus-mechanicus-tech-priest-dominus\/#primaryimage","url":"https:\/\/hammertimecafe.hu\/app\/uploads\/2025\/10\/99070116001_admechtechpriestdominus08_1.jpg","contentUrl":"https:\/\/hammertimecafe.hu\/app\/uploads\/2025\/10\/99070116001_admechtechpriestdominus08_1.jpg","width":600,"height":620},{"@type":"BreadcrumbList","@id":"https:\/\/hammertimecafe.hu\/termek\/adeptus-mechanicus-tech-priest-dominus\/#breadcrumb","itemListElement":[{"@type":"ListItem","position":1,"name":"Home","item":"https:\/\/hammertimecafe.hu\/"},{"@type":"ListItem","position":2,"name":"Shop","item":"https:\/\/hammertimecafe.hu\/uzlet\/"},{"@type":"ListItem","position":3,"name":"ADEPTUS MECHANICUS TECH-PRIEST DOMINUS"}]},{"@type":"WebSite","@id":"https:\/\/hammertimecafe.hu\/#website","url":"https:\/\/hammertimecafe.hu\/","name":"Hammertimecafe","description":"The Official Website and Webshop of HammerTime Cafe.","publisher":{"@id":"https:\/\/hammertimecafe.hu\/#organization"},"potentialAction":[{"@type":"SearchAction","target":{"@type":"EntryPoint","urlTemplate":"https:\/\/hammertimecafe.hu\/?s={search_term_string}"},"query-input":{"@type":"PropertyValueSpecification","valueRequired":true,"valueName":"search_term_string"}}],"inLanguage":"en-US"},{"@type":"Organization","@id":"https:\/\/hammertimecafe.hu\/#organization","name":"Hammertimecafe","url":"https:\/\/hammertimecafe.hu\/","logo":{"@type":"ImageObject","inLanguage":"en-US","@id":"https:\/\/hammertimecafe.hu\/#\/schema\/logo\/image\/","url":"https:\/\/htcwoo.test\/app\/uploads\/2025\/08\/logo_of_htc.png","contentUrl":"https:\/\/htcwoo.test\/app\/uploads\/2025\/08\/logo_of_htc.png","width":166,"height":73,"caption":"Hammertimecafe"},"image":{"@id":"https:\/\/hammertimecafe.hu\/#\/schema\/logo\/image\/"}}]}},"_links":{"self":[{"href":"https:\/\/hammertimecafe.hu\/en\/wp-json\/wp\/v2\/product\/3016","targetHints":{"allow":["GET"]}}],"collection":[{"href":"https:\/\/hammertimecafe.hu\/en\/wp-json\/wp\/v2\/product"}],"about":[{"href":"https:\/\/hammertimecafe.hu\/en\/wp-json\/wp\/v2\/types\/product"}],"replies":[{"embeddable":true,"href":"https:\/\/hammertimecafe.hu\/en\/wp-json\/wp\/v2\/comments?post=3016"}],"wp:featuredmedia":[{"embeddable":true,"href":"https:\/\/hammertimecafe.hu\/en\/wp-json\/wp\/v2\/media\/8750"}],"wp:attachment":[{"href":"https:\/\/hammertimecafe.hu\/en\/wp-json\/wp\/v2\/media?parent=3016"}],"wp:term":[{"taxonomy":"product_brand","embeddable":true,"href":"https:\/\/hammertimecafe.hu\/en\/wp-json\/wp\/v2\/product_brand?post=3016"},{"taxonomy":"product_cat","embeddable":true,"href":"https:\/\/hammertimecafe.hu\/en\/wp-json\/wp\/v2\/product_cat?post=3016"},{"taxonomy":"product_tag","embeddable":true,"href":"https:\/\/hammertimecafe.hu\/en\/wp-json\/wp\/v2\/product_tag?post=3016"}],"curies":[{"name":"wp","href":"https:\/\/api.w.org\/{rel}","templated":true}]}}