{"id":3024,"date":"2025-10-29T01:51:16","date_gmt":"2025-10-29T00:51:16","guid":{"rendered":"https:\/\/htcwoo.test\/termek\/skaven-pestilens-plague-monks\/"},"modified":"2026-04-19T20:49:44","modified_gmt":"2026-04-19T18:49:44","slug":"skaven-pestilens-plague-monks","status":"publish","type":"product","link":"https:\/\/hammertimecafe.hu\/en\/product\/skaven-pestilens-plague-monks\/","title":{"rendered":"SKAVEN: PLAGUE MONKS"},"content":{"rendered":"<p>A hatalmas t&ouml;megben t&aacute;mad&oacute;, b\u0171zl\u0151 &eacute;s fek&eacute;lyes Plague Monk-ok puszta jelenl&eacute;te is el&eacute;g, hogy a talaj, a leveg\u0151 &eacute;s a v&iacute;z m&eacute;telyes miazm&aacute;v&aacute; v&aacute;ltozzon, peng&eacute;ik csap&aacute;sai pedig m&eacute;rgez\u0151ek mindenkire aki nem &eacute;lvezi a Fert\u0151 Atya kegy&eacute;t.<\/p>\n<p>A doboz 20 figur&aacute;t tartalmaz.<\/p>\n<p>A doboz rengeteg alkatr&eacute;sz opci&oacute;t tartalmaz a figur&aacute;k v&aacute;ltozatos felszerel&eacute;s&eacute;hez!<\/p>\n<p>A figur&aacute;k ragaszt&aacute;st &eacute;s fest&eacute;st ig&eacute;nyelnek!<\/p>","protected":false},"excerpt":{"rendered":"<p>A hatalmas t\u00f6megben t\u00e1mad\u00f3, b\u0171zl\u0151 \u00e9s fek\u00e9lyes Plague Monk-ok puszta jelenl\u00e9te is el\u00e9g, hogy a talaj, a leveg\u0151 \u00e9s a v\u00edz m\u00e9telyes miazm\u00e1v\u00e1 v\u00e1ltozzon, peng\u00e9ik csap\u00e1sai pedig m\u00e9rgez\u0151ek mindenkire aki nem \u00e9lvezi a Fert\u0151 Atya kegy\u00e9t. <\/p>","protected":false},"featured_media":8786,"comment_status":"open","ping_status":"closed","template":"","meta":{"_acf_changed":false},"product_brand":[46],"product_cat":[43,44,19,42],"product_tag":[],"class_list":{"0":"post-3024","1":"product","2":"type-product","3":"status-publish","4":"has-post-thumbnail","6":"product_brand-games-workshop","7":"product_cat-grand-alliance-chaos","8":"product_cat-skaven","9":"product_cat-wargame","10":"product_cat-warhammer-age-of-sigmar","12":"first","13":"onbackorder","14":"sale","15":"taxable","16":"shipping-taxable","17":"purchasable","18":"product-type-simple"},"acf":[],"yoast_head":"<!-- This site is optimized with the Yoast SEO Premium plugin v25.6 (Yoast SEO v25.6) - https:\/\/yoast.com\/wordpress\/plugins\/seo\/ -->\n<title>SKAVEN PESTILENS PLAGUE MONKS<\/title>\n<meta name=\"description\" content=\"SKAVEN PESTILENS PLAGUE MONKS\" \/>\n<meta name=\"robots\" content=\"index, follow, max-snippet:-1, max-image-preview:large, max-video-preview:-1\" \/>\n<link rel=\"canonical\" href=\"https:\/\/hammertimecafe.hu\/en\/product\/skaven-pestilens-plague-monks\/\" \/>\n<meta property=\"og:locale\" content=\"en_US\" \/>\n<meta property=\"og:type\" content=\"article\" \/>\n<meta property=\"og:title\" content=\"SKAVEN: PLAGUE MONKS\" \/>\n<meta property=\"og:description\" content=\"SKAVEN PESTILENS PLAGUE MONKS\" \/>\n<meta property=\"og:url\" content=\"https:\/\/hammertimecafe.hu\/en\/product\/skaven-pestilens-plague-monks\/\" \/>\n<meta property=\"og:site_name\" content=\"HammerTime Cafe Webshop\" \/>\n<meta property=\"article:modified_time\" content=\"2026-04-19T18:49:44+00:00\" \/>\n<meta property=\"og:image\" content=\"https:\/\/hammertimecafe.hu\/app\/uploads\/2025\/10\/99120206021_pestelinplaguemonks02_1.jpg\" \/>\n\t<meta property=\"og:image:width\" content=\"600\" \/>\n\t<meta property=\"og:image:height\" content=\"620\" \/>\n\t<meta property=\"og:image:type\" content=\"image\/jpeg\" \/>\n<meta name=\"twitter:card\" content=\"summary_large_image\" \/>\n<meta name=\"twitter:label1\" content=\"Est. reading time\" \/>\n\t<meta name=\"twitter:data1\" content=\"1 minute\" \/>\n<script type=\"application\/ld+json\" class=\"yoast-schema-graph\">{\"@context\":\"https:\/\/schema.org\",\"@graph\":[{\"@type\":\"WebPage\",\"@id\":\"https:\/\/hammertimecafe.hu\/termek\/skaven-pestilens-plague-monks\/\",\"url\":\"https:\/\/hammertimecafe.hu\/termek\/skaven-pestilens-plague-monks\/\",\"name\":\"SKAVEN PESTILENS PLAGUE MONKS\",\"isPartOf\":{\"@id\":\"https:\/\/hammertimecafe.hu\/#website\"},\"primaryImageOfPage\":{\"@id\":\"https:\/\/hammertimecafe.hu\/termek\/skaven-pestilens-plague-monks\/#primaryimage\"},\"image\":{\"@id\":\"https:\/\/hammertimecafe.hu\/termek\/skaven-pestilens-plague-monks\/#primaryimage\"},\"thumbnailUrl\":\"https:\/\/hammertimecafe.hu\/app\/uploads\/2025\/10\/99120206021_pestelinplaguemonks02_1.jpg\",\"datePublished\":\"2025-10-29T00:51:16+00:00\",\"dateModified\":\"2026-04-19T18:49:44+00:00\",\"description\":\"SKAVEN PESTILENS PLAGUE MONKS\",\"breadcrumb\":{\"@id\":\"https:\/\/hammertimecafe.hu\/termek\/skaven-pestilens-plague-monks\/#breadcrumb\"},\"inLanguage\":\"en-US\",\"potentialAction\":[{\"@type\":\"ReadAction\",\"target\":[\"https:\/\/hammertimecafe.hu\/termek\/skaven-pestilens-plague-monks\/\"]}]},{\"@type\":\"ImageObject\",\"inLanguage\":\"en-US\",\"@id\":\"https:\/\/hammertimecafe.hu\/termek\/skaven-pestilens-plague-monks\/#primaryimage\",\"url\":\"https:\/\/hammertimecafe.hu\/app\/uploads\/2025\/10\/99120206021_pestelinplaguemonks02_1.jpg\",\"contentUrl\":\"https:\/\/hammertimecafe.hu\/app\/uploads\/2025\/10\/99120206021_pestelinplaguemonks02_1.jpg\",\"width\":600,\"height\":620},{\"@type\":\"BreadcrumbList\",\"@id\":\"https:\/\/hammertimecafe.hu\/termek\/skaven-pestilens-plague-monks\/#breadcrumb\",\"itemListElement\":[{\"@type\":\"ListItem\",\"position\":1,\"name\":\"Home\",\"item\":\"https:\/\/hammertimecafe.hu\/\"},{\"@type\":\"ListItem\",\"position\":2,\"name\":\"Shop\",\"item\":\"https:\/\/hammertimecafe.hu\/uzlet\/\"},{\"@type\":\"ListItem\",\"position\":3,\"name\":\"SKAVEN: PLAGUE MONKS\"}]},{\"@type\":\"WebSite\",\"@id\":\"https:\/\/hammertimecafe.hu\/#website\",\"url\":\"https:\/\/hammertimecafe.hu\/\",\"name\":\"Hammertimecafe\",\"description\":\"A HammerTime Cafe Hivatalos Weboldala \u00e9s Webshopja.\",\"publisher\":{\"@id\":\"https:\/\/hammertimecafe.hu\/#organization\"},\"potentialAction\":[{\"@type\":\"SearchAction\",\"target\":{\"@type\":\"EntryPoint\",\"urlTemplate\":\"https:\/\/hammertimecafe.hu\/?s={search_term_string}\"},\"query-input\":{\"@type\":\"PropertyValueSpecification\",\"valueRequired\":true,\"valueName\":\"search_term_string\"}}],\"inLanguage\":\"en-US\"},{\"@type\":\"Organization\",\"@id\":\"https:\/\/hammertimecafe.hu\/#organization\",\"name\":\"Hammertimecafe\",\"url\":\"https:\/\/hammertimecafe.hu\/\",\"logo\":{\"@type\":\"ImageObject\",\"inLanguage\":\"en-US\",\"@id\":\"https:\/\/hammertimecafe.hu\/#\/schema\/logo\/image\/\",\"url\":\"https:\/\/htcwoo.test\/app\/uploads\/2025\/08\/logo_of_htc.png\",\"contentUrl\":\"https:\/\/htcwoo.test\/app\/uploads\/2025\/08\/logo_of_htc.png\",\"width\":166,\"height\":73,\"caption\":\"Hammertimecafe\"},\"image\":{\"@id\":\"https:\/\/hammertimecafe.hu\/#\/schema\/logo\/image\/\"}}]}<\/script>\n<!-- \/ Yoast SEO Premium plugin. -->","yoast_head_json":{"title":"SKAVEN PESTILENS PLAGUE MONKS","description":"SKAVEN PESTILENS PLAGUE MONKS","robots":{"index":"index","follow":"follow","max-snippet":"max-snippet:-1","max-image-preview":"max-image-preview:large","max-video-preview":"max-video-preview:-1"},"canonical":"https:\/\/hammertimecafe.hu\/en\/product\/skaven-pestilens-plague-monks\/","og_locale":"en_US","og_type":"article","og_title":"SKAVEN: PLAGUE MONKS","og_description":"SKAVEN PESTILENS PLAGUE MONKS","og_url":"https:\/\/hammertimecafe.hu\/en\/product\/skaven-pestilens-plague-monks\/","og_site_name":"HammerTime Cafe Webshop","article_modified_time":"2026-04-19T18:49:44+00:00","og_image":[{"width":600,"height":620,"url":"https:\/\/hammertimecafe.hu\/app\/uploads\/2025\/10\/99120206021_pestelinplaguemonks02_1.jpg","type":"image\/jpeg"}],"twitter_card":"summary_large_image","twitter_misc":{"Est. reading time":"1 minute"},"schema":{"@context":"https:\/\/schema.org","@graph":[{"@type":"WebPage","@id":"https:\/\/hammertimecafe.hu\/termek\/skaven-pestilens-plague-monks\/","url":"https:\/\/hammertimecafe.hu\/termek\/skaven-pestilens-plague-monks\/","name":"SKAVEN PESTILENS PLAGUE MONKS","isPartOf":{"@id":"https:\/\/hammertimecafe.hu\/#website"},"primaryImageOfPage":{"@id":"https:\/\/hammertimecafe.hu\/termek\/skaven-pestilens-plague-monks\/#primaryimage"},"image":{"@id":"https:\/\/hammertimecafe.hu\/termek\/skaven-pestilens-plague-monks\/#primaryimage"},"thumbnailUrl":"https:\/\/hammertimecafe.hu\/app\/uploads\/2025\/10\/99120206021_pestelinplaguemonks02_1.jpg","datePublished":"2025-10-29T00:51:16+00:00","dateModified":"2026-04-19T18:49:44+00:00","description":"SKAVEN PESTILENS PLAGUE MONKS","breadcrumb":{"@id":"https:\/\/hammertimecafe.hu\/termek\/skaven-pestilens-plague-monks\/#breadcrumb"},"inLanguage":"en-US","potentialAction":[{"@type":"ReadAction","target":["https:\/\/hammertimecafe.hu\/termek\/skaven-pestilens-plague-monks\/"]}]},{"@type":"ImageObject","inLanguage":"en-US","@id":"https:\/\/hammertimecafe.hu\/termek\/skaven-pestilens-plague-monks\/#primaryimage","url":"https:\/\/hammertimecafe.hu\/app\/uploads\/2025\/10\/99120206021_pestelinplaguemonks02_1.jpg","contentUrl":"https:\/\/hammertimecafe.hu\/app\/uploads\/2025\/10\/99120206021_pestelinplaguemonks02_1.jpg","width":600,"height":620},{"@type":"BreadcrumbList","@id":"https:\/\/hammertimecafe.hu\/termek\/skaven-pestilens-plague-monks\/#breadcrumb","itemListElement":[{"@type":"ListItem","position":1,"name":"Home","item":"https:\/\/hammertimecafe.hu\/"},{"@type":"ListItem","position":2,"name":"Shop","item":"https:\/\/hammertimecafe.hu\/uzlet\/"},{"@type":"ListItem","position":3,"name":"SKAVEN: PLAGUE MONKS"}]},{"@type":"WebSite","@id":"https:\/\/hammertimecafe.hu\/#website","url":"https:\/\/hammertimecafe.hu\/","name":"Hammertimecafe","description":"The Official Website and Webshop of HammerTime Cafe.","publisher":{"@id":"https:\/\/hammertimecafe.hu\/#organization"},"potentialAction":[{"@type":"SearchAction","target":{"@type":"EntryPoint","urlTemplate":"https:\/\/hammertimecafe.hu\/?s={search_term_string}"},"query-input":{"@type":"PropertyValueSpecification","valueRequired":true,"valueName":"search_term_string"}}],"inLanguage":"en-US"},{"@type":"Organization","@id":"https:\/\/hammertimecafe.hu\/#organization","name":"Hammertimecafe","url":"https:\/\/hammertimecafe.hu\/","logo":{"@type":"ImageObject","inLanguage":"en-US","@id":"https:\/\/hammertimecafe.hu\/#\/schema\/logo\/image\/","url":"https:\/\/htcwoo.test\/app\/uploads\/2025\/08\/logo_of_htc.png","contentUrl":"https:\/\/htcwoo.test\/app\/uploads\/2025\/08\/logo_of_htc.png","width":166,"height":73,"caption":"Hammertimecafe"},"image":{"@id":"https:\/\/hammertimecafe.hu\/#\/schema\/logo\/image\/"}}]}},"_links":{"self":[{"href":"https:\/\/hammertimecafe.hu\/en\/wp-json\/wp\/v2\/product\/3024","targetHints":{"allow":["GET"]}}],"collection":[{"href":"https:\/\/hammertimecafe.hu\/en\/wp-json\/wp\/v2\/product"}],"about":[{"href":"https:\/\/hammertimecafe.hu\/en\/wp-json\/wp\/v2\/types\/product"}],"replies":[{"embeddable":true,"href":"https:\/\/hammertimecafe.hu\/en\/wp-json\/wp\/v2\/comments?post=3024"}],"wp:featuredmedia":[{"embeddable":true,"href":"https:\/\/hammertimecafe.hu\/en\/wp-json\/wp\/v2\/media\/8786"}],"wp:attachment":[{"href":"https:\/\/hammertimecafe.hu\/en\/wp-json\/wp\/v2\/media?parent=3024"}],"wp:term":[{"taxonomy":"product_brand","embeddable":true,"href":"https:\/\/hammertimecafe.hu\/en\/wp-json\/wp\/v2\/product_brand?post=3024"},{"taxonomy":"product_cat","embeddable":true,"href":"https:\/\/hammertimecafe.hu\/en\/wp-json\/wp\/v2\/product_cat?post=3024"},{"taxonomy":"product_tag","embeddable":true,"href":"https:\/\/hammertimecafe.hu\/en\/wp-json\/wp\/v2\/product_tag?post=3024"}],"curies":[{"name":"wp","href":"https:\/\/api.w.org\/{rel}","templated":true}]}}