{"id":3064,"date":"2025-10-29T01:51:59","date_gmt":"2025-10-29T00:51:59","guid":{"rendered":"https:\/\/htcwoo.test\/termek\/spiritstone-red\/"},"modified":"2026-04-24T17:39:16","modified_gmt":"2026-04-24T15:39:16","slug":"spiritstone-red","status":"publish","type":"product","link":"https:\/\/hammertimecafe.hu\/en\/product\/spiritstone-red\/","title":{"rendered":"TECHNICAL: SPIRITSTONE RED"},"content":{"rendered":"<p>A SpiritStone Red egy speci&aacute;lis technikai fest&eacute;k, amely &eacute;kk&ouml;vek fest&eacute;s&eacute;re tal&aacute;ltak ki.<br \/>A haszn&aacute;lata igen egyszer\u0171.<\/p>\n<p>1. Az &eacute;kk\u0151nek festend\u0151 r&eacute;szre vigy&uuml;nk fel egy nagyon vil&aacute;gos f&eacute;m sz&iacute;nt (P&eacute;ld&aacute;ul: <a href=\"http:\/\/hammertimecafe.hu\/en\/fulgurite-copper.html\/\" target=\"_blank\">Fulgurite Copper<\/a>).<br \/>2. Vigy&uuml;k fel az &eacute;kk\u0151 fest&eacute;ket az &eacute;kk\u0151 legalacsonyabb pontj&aacute;ra.<br \/>3. Majd ecsettel h&uacute;zzuk fel az &eacute;kk\u0151 legmagasabb pontj&aacute;ra, ahol s\u0171r\u0171bb &aacute;llapotban fog meg&aacute;llni a fest&eacute;k.<\/p>\n<p>A k&ouml;vetkez\u0151 vide&oacute;ban meg is n&eacute;zhetitek, hogy pontosan, hogyan kell haszn&aacute;lni ezt a fest&eacute;ket.<\/p><\/p>","protected":false},"excerpt":{"rendered":"<p>A SpiritStone Red egy speci\u00e1lis technikai fest\u00e9k, amely \u00e9kk\u00f6vek fest\u00e9s\u00e9re tal\u00e1ltak ki.<\/p>","protected":false},"featured_media":9149,"comment_status":"open","ping_status":"closed","template":"","meta":{"_acf_changed":false},"product_brand":[46],"product_cat":[382,127,386,129],"product_tag":[],"class_list":{"0":"post-3064","1":"product","2":"type-product","3":"status-publish","4":"has-post-thumbnail","6":"product_brand-games-workshop","7":"product_cat-citadel-festekek","8":"product_cat-festekek-es-eszkozok","9":"product_cat-technical","10":"product_cat-tegelyes-festekek","12":"first","13":"instock","14":"sale","15":"taxable","16":"shipping-taxable","17":"purchasable","18":"product-type-simple"},"acf":[],"yoast_head":"<!-- This site is optimized with the Yoast SEO Premium plugin v25.6 (Yoast SEO v25.6) - https:\/\/yoast.com\/wordpress\/plugins\/seo\/ -->\n<title>TECHNICAL: SPIRITSTONE RED - HammerTime Cafe Webshop<\/title>\n<meta name=\"robots\" content=\"index, follow, max-snippet:-1, max-image-preview:large, max-video-preview:-1\" \/>\n<link rel=\"canonical\" href=\"https:\/\/hammertimecafe.hu\/en\/product\/spiritstone-red\/\" \/>\n<meta property=\"og:locale\" content=\"en_US\" \/>\n<meta property=\"og:type\" content=\"article\" \/>\n<meta property=\"og:title\" content=\"TECHNICAL: SPIRITSTONE RED\" \/>\n<meta property=\"og:description\" content=\"A SpiritStone Red egy speci\u00e1lis technikai fest\u00e9k, amely \u00e9kk\u00f6vek fest\u00e9s\u00e9re tal\u00e1ltak ki.\" \/>\n<meta property=\"og:url\" content=\"https:\/\/hammertimecafe.hu\/en\/product\/spiritstone-red\/\" \/>\n<meta property=\"og:site_name\" content=\"HammerTime Cafe Webshop\" \/>\n<meta property=\"article:modified_time\" content=\"2026-04-24T15:39:16+00:00\" \/>\n<meta property=\"og:image\" content=\"https:\/\/hammertimecafe.hu\/app\/uploads\/2025\/10\/99189956015_spiritstoneredpaint01_1.jpg\" \/>\n\t<meta property=\"og:image:width\" content=\"599\" \/>\n\t<meta property=\"og:image:height\" content=\"620\" \/>\n\t<meta property=\"og:image:type\" content=\"image\/jpeg\" \/>\n<meta name=\"twitter:card\" content=\"summary_large_image\" \/>\n<meta name=\"twitter:label1\" content=\"Est. reading time\" \/>\n\t<meta name=\"twitter:data1\" content=\"1 minute\" \/>\n<script type=\"application\/ld+json\" class=\"yoast-schema-graph\">{\"@context\":\"https:\/\/schema.org\",\"@graph\":[{\"@type\":\"WebPage\",\"@id\":\"https:\/\/hammertimecafe.hu\/termek\/spiritstone-red\/\",\"url\":\"https:\/\/hammertimecafe.hu\/termek\/spiritstone-red\/\",\"name\":\"TECHNICAL: SPIRITSTONE RED - HammerTime Cafe Webshop\",\"isPartOf\":{\"@id\":\"https:\/\/hammertimecafe.hu\/#website\"},\"primaryImageOfPage\":{\"@id\":\"https:\/\/hammertimecafe.hu\/termek\/spiritstone-red\/#primaryimage\"},\"image\":{\"@id\":\"https:\/\/hammertimecafe.hu\/termek\/spiritstone-red\/#primaryimage\"},\"thumbnailUrl\":\"https:\/\/hammertimecafe.hu\/app\/uploads\/2025\/10\/99189956015_spiritstoneredpaint01_1.jpg\",\"datePublished\":\"2025-10-29T00:51:59+00:00\",\"dateModified\":\"2026-04-24T15:39:16+00:00\",\"breadcrumb\":{\"@id\":\"https:\/\/hammertimecafe.hu\/termek\/spiritstone-red\/#breadcrumb\"},\"inLanguage\":\"en-US\",\"potentialAction\":[{\"@type\":\"ReadAction\",\"target\":[\"https:\/\/hammertimecafe.hu\/termek\/spiritstone-red\/\"]}]},{\"@type\":\"ImageObject\",\"inLanguage\":\"en-US\",\"@id\":\"https:\/\/hammertimecafe.hu\/termek\/spiritstone-red\/#primaryimage\",\"url\":\"https:\/\/hammertimecafe.hu\/app\/uploads\/2025\/10\/99189956015_spiritstoneredpaint01_1.jpg\",\"contentUrl\":\"https:\/\/hammertimecafe.hu\/app\/uploads\/2025\/10\/99189956015_spiritstoneredpaint01_1.jpg\",\"width\":599,\"height\":620},{\"@type\":\"BreadcrumbList\",\"@id\":\"https:\/\/hammertimecafe.hu\/termek\/spiritstone-red\/#breadcrumb\",\"itemListElement\":[{\"@type\":\"ListItem\",\"position\":1,\"name\":\"Home\",\"item\":\"https:\/\/hammertimecafe.hu\/\"},{\"@type\":\"ListItem\",\"position\":2,\"name\":\"Shop\",\"item\":\"https:\/\/hammertimecafe.hu\/uzlet\/\"},{\"@type\":\"ListItem\",\"position\":3,\"name\":\"TECHNICAL: SPIRITSTONE RED\"}]},{\"@type\":\"WebSite\",\"@id\":\"https:\/\/hammertimecafe.hu\/#website\",\"url\":\"https:\/\/hammertimecafe.hu\/\",\"name\":\"Hammertimecafe\",\"description\":\"A HammerTime Cafe Hivatalos Weboldala \u00e9s Webshopja.\",\"publisher\":{\"@id\":\"https:\/\/hammertimecafe.hu\/#organization\"},\"potentialAction\":[{\"@type\":\"SearchAction\",\"target\":{\"@type\":\"EntryPoint\",\"urlTemplate\":\"https:\/\/hammertimecafe.hu\/?s={search_term_string}\"},\"query-input\":{\"@type\":\"PropertyValueSpecification\",\"valueRequired\":true,\"valueName\":\"search_term_string\"}}],\"inLanguage\":\"en-US\"},{\"@type\":\"Organization\",\"@id\":\"https:\/\/hammertimecafe.hu\/#organization\",\"name\":\"Hammertimecafe\",\"url\":\"https:\/\/hammertimecafe.hu\/\",\"logo\":{\"@type\":\"ImageObject\",\"inLanguage\":\"en-US\",\"@id\":\"https:\/\/hammertimecafe.hu\/#\/schema\/logo\/image\/\",\"url\":\"https:\/\/htcwoo.test\/app\/uploads\/2025\/08\/logo_of_htc.png\",\"contentUrl\":\"https:\/\/htcwoo.test\/app\/uploads\/2025\/08\/logo_of_htc.png\",\"width\":166,\"height\":73,\"caption\":\"Hammertimecafe\"},\"image\":{\"@id\":\"https:\/\/hammertimecafe.hu\/#\/schema\/logo\/image\/\"}}]}<\/script>\n<!-- \/ Yoast SEO Premium plugin. -->","yoast_head_json":{"title":"TECHNICAL: SPIRITSTONE RED - HammerTime Cafe Webshop","robots":{"index":"index","follow":"follow","max-snippet":"max-snippet:-1","max-image-preview":"max-image-preview:large","max-video-preview":"max-video-preview:-1"},"canonical":"https:\/\/hammertimecafe.hu\/en\/product\/spiritstone-red\/","og_locale":"en_US","og_type":"article","og_title":"TECHNICAL: SPIRITSTONE RED","og_description":"A SpiritStone Red egy speci\u00e1lis technikai fest\u00e9k, amely \u00e9kk\u00f6vek fest\u00e9s\u00e9re tal\u00e1ltak ki.","og_url":"https:\/\/hammertimecafe.hu\/en\/product\/spiritstone-red\/","og_site_name":"HammerTime Cafe Webshop","article_modified_time":"2026-04-24T15:39:16+00:00","og_image":[{"width":599,"height":620,"url":"https:\/\/hammertimecafe.hu\/app\/uploads\/2025\/10\/99189956015_spiritstoneredpaint01_1.jpg","type":"image\/jpeg"}],"twitter_card":"summary_large_image","twitter_misc":{"Est. reading time":"1 minute"},"schema":{"@context":"https:\/\/schema.org","@graph":[{"@type":"WebPage","@id":"https:\/\/hammertimecafe.hu\/termek\/spiritstone-red\/","url":"https:\/\/hammertimecafe.hu\/termek\/spiritstone-red\/","name":"TECHNICAL: SPIRITSTONE RED - HammerTime Cafe Webshop","isPartOf":{"@id":"https:\/\/hammertimecafe.hu\/#website"},"primaryImageOfPage":{"@id":"https:\/\/hammertimecafe.hu\/termek\/spiritstone-red\/#primaryimage"},"image":{"@id":"https:\/\/hammertimecafe.hu\/termek\/spiritstone-red\/#primaryimage"},"thumbnailUrl":"https:\/\/hammertimecafe.hu\/app\/uploads\/2025\/10\/99189956015_spiritstoneredpaint01_1.jpg","datePublished":"2025-10-29T00:51:59+00:00","dateModified":"2026-04-24T15:39:16+00:00","breadcrumb":{"@id":"https:\/\/hammertimecafe.hu\/termek\/spiritstone-red\/#breadcrumb"},"inLanguage":"en-US","potentialAction":[{"@type":"ReadAction","target":["https:\/\/hammertimecafe.hu\/termek\/spiritstone-red\/"]}]},{"@type":"ImageObject","inLanguage":"en-US","@id":"https:\/\/hammertimecafe.hu\/termek\/spiritstone-red\/#primaryimage","url":"https:\/\/hammertimecafe.hu\/app\/uploads\/2025\/10\/99189956015_spiritstoneredpaint01_1.jpg","contentUrl":"https:\/\/hammertimecafe.hu\/app\/uploads\/2025\/10\/99189956015_spiritstoneredpaint01_1.jpg","width":599,"height":620},{"@type":"BreadcrumbList","@id":"https:\/\/hammertimecafe.hu\/termek\/spiritstone-red\/#breadcrumb","itemListElement":[{"@type":"ListItem","position":1,"name":"Home","item":"https:\/\/hammertimecafe.hu\/"},{"@type":"ListItem","position":2,"name":"Shop","item":"https:\/\/hammertimecafe.hu\/uzlet\/"},{"@type":"ListItem","position":3,"name":"TECHNICAL: SPIRITSTONE RED"}]},{"@type":"WebSite","@id":"https:\/\/hammertimecafe.hu\/#website","url":"https:\/\/hammertimecafe.hu\/","name":"Hammertimecafe","description":"The Official Website and Webshop of HammerTime Cafe.","publisher":{"@id":"https:\/\/hammertimecafe.hu\/#organization"},"potentialAction":[{"@type":"SearchAction","target":{"@type":"EntryPoint","urlTemplate":"https:\/\/hammertimecafe.hu\/?s={search_term_string}"},"query-input":{"@type":"PropertyValueSpecification","valueRequired":true,"valueName":"search_term_string"}}],"inLanguage":"en-US"},{"@type":"Organization","@id":"https:\/\/hammertimecafe.hu\/#organization","name":"Hammertimecafe","url":"https:\/\/hammertimecafe.hu\/","logo":{"@type":"ImageObject","inLanguage":"en-US","@id":"https:\/\/hammertimecafe.hu\/#\/schema\/logo\/image\/","url":"https:\/\/htcwoo.test\/app\/uploads\/2025\/08\/logo_of_htc.png","contentUrl":"https:\/\/htcwoo.test\/app\/uploads\/2025\/08\/logo_of_htc.png","width":166,"height":73,"caption":"Hammertimecafe"},"image":{"@id":"https:\/\/hammertimecafe.hu\/#\/schema\/logo\/image\/"}}]}},"_links":{"self":[{"href":"https:\/\/hammertimecafe.hu\/en\/wp-json\/wp\/v2\/product\/3064","targetHints":{"allow":["GET"]}}],"collection":[{"href":"https:\/\/hammertimecafe.hu\/en\/wp-json\/wp\/v2\/product"}],"about":[{"href":"https:\/\/hammertimecafe.hu\/en\/wp-json\/wp\/v2\/types\/product"}],"replies":[{"embeddable":true,"href":"https:\/\/hammertimecafe.hu\/en\/wp-json\/wp\/v2\/comments?post=3064"}],"wp:featuredmedia":[{"embeddable":true,"href":"https:\/\/hammertimecafe.hu\/en\/wp-json\/wp\/v2\/media\/9149"}],"wp:attachment":[{"href":"https:\/\/hammertimecafe.hu\/en\/wp-json\/wp\/v2\/media?parent=3064"}],"wp:term":[{"taxonomy":"product_brand","embeddable":true,"href":"https:\/\/hammertimecafe.hu\/en\/wp-json\/wp\/v2\/product_brand?post=3064"},{"taxonomy":"product_cat","embeddable":true,"href":"https:\/\/hammertimecafe.hu\/en\/wp-json\/wp\/v2\/product_cat?post=3064"},{"taxonomy":"product_tag","embeddable":true,"href":"https:\/\/hammertimecafe.hu\/en\/wp-json\/wp\/v2\/product_tag?post=3064"}],"curies":[{"name":"wp","href":"https:\/\/api.w.org\/{rel}","templated":true}]}}