{"id":3067,"date":"2025-10-29T01:52:03","date_gmt":"2025-10-29T00:52:03","guid":{"rendered":"https:\/\/htcwoo.test\/termek\/sylvaneth-kurnoth-hunters\/"},"modified":"2026-04-19T20:49:38","modified_gmt":"2026-04-19T18:49:38","slug":"sylvaneth-kurnoth-hunters","status":"publish","type":"product","link":"https:\/\/hammertimecafe.hu\/en\/product\/sylvaneth-kurnoth-hunters\/","title":{"rendered":"SYLVANETH: KURNOTH HUNTERS"},"content":{"rendered":"<p>Ezek a l&eacute;nyek, Kurnoth a Term&eacute;szet Haragj&aacute;nak megtestes&uuml;l&eacute;sei, az erd\u0151k &eacute;s titkos tiszt&aacute;sok rettenthetetlen \u0151rei. utols&oacute; erej&uuml;kig harcolnak Ghyran-&eacute;rt, &eacute;s k&iacute;m&eacute;letlen&uuml;l elpuszt&iacute;tj&aacute;k annak ellens&eacute;geit.<\/p>\n<p>A doboz 3 figur&aacute;t tartalmaz.<\/p>\n<p>A doboz rengeteg alkatr&eacute;sz opci&oacute;t tartalmaz a figur&aacute;k v&aacute;ltozatos felszerel&eacute;s&eacute;hez!<\/p>\n<p>A figur&aacute;k ragaszt&aacute;st &eacute;s fest&eacute;st ig&eacute;nyelnek!<\/p>","protected":false},"excerpt":{"rendered":"<p>Ezek a l\u00e9nyek, Kurnoth a Term\u00e9szet Haragj\u00e1nak megtestes\u00fcl\u00e9sei, az erd\u0151k \u00e9s titkos tiszt\u00e1sok rettenthetetlen \u0151rei. utols\u00f3 erej\u00fckig harcolnak Ghyran-\u00e9rt, \u00e9s k\u00edm\u00e9letlen\u00fcl elpuszt\u00edtj\u00e1k annak ellens\u00e9geit. <\/p>","protected":false},"featured_media":9170,"comment_status":"open","ping_status":"closed","template":"","meta":{"_acf_changed":false},"product_brand":[46],"product_cat":[145,19,42],"product_tag":[],"class_list":{"0":"post-3067","1":"product","2":"type-product","3":"status-publish","4":"has-post-thumbnail","6":"product_brand-games-workshop","7":"product_cat-sylvaneth","8":"product_cat-wargame","9":"product_cat-warhammer-age-of-sigmar","11":"first","12":"instock","13":"sale","14":"taxable","15":"shipping-taxable","16":"purchasable","17":"product-type-simple"},"acf":[],"yoast_head":"<!-- This site is optimized with the Yoast SEO Premium plugin v25.6 (Yoast SEO v25.6) - https:\/\/yoast.com\/wordpress\/plugins\/seo\/ -->\n<title>SYLVANETH KURNOTH HUNTERS<\/title>\n<meta name=\"description\" content=\"SYLVANETH KURNOTH HUNTERS\" \/>\n<meta name=\"robots\" content=\"index, follow, max-snippet:-1, max-image-preview:large, max-video-preview:-1\" \/>\n<link rel=\"canonical\" href=\"https:\/\/hammertimecafe.hu\/en\/product\/sylvaneth-kurnoth-hunters\/\" \/>\n<meta property=\"og:locale\" content=\"en_US\" \/>\n<meta property=\"og:type\" content=\"article\" \/>\n<meta property=\"og:title\" content=\"SYLVANETH: KURNOTH HUNTERS\" \/>\n<meta property=\"og:description\" content=\"SYLVANETH KURNOTH HUNTERS\" \/>\n<meta property=\"og:url\" content=\"https:\/\/hammertimecafe.hu\/en\/product\/sylvaneth-kurnoth-hunters\/\" \/>\n<meta property=\"og:site_name\" content=\"HammerTime Cafe Webshop\" \/>\n<meta property=\"article:modified_time\" content=\"2026-04-19T18:49:38+00:00\" \/>\n<meta property=\"og:image\" content=\"https:\/\/hammertimecafe.hu\/app\/uploads\/2025\/10\/99120204018_kurnothhunters03_1.jpg\" \/>\n\t<meta property=\"og:image:width\" content=\"600\" \/>\n\t<meta property=\"og:image:height\" content=\"620\" \/>\n\t<meta property=\"og:image:type\" content=\"image\/jpeg\" \/>\n<meta name=\"twitter:card\" content=\"summary_large_image\" \/>\n<script type=\"application\/ld+json\" class=\"yoast-schema-graph\">{\"@context\":\"https:\/\/schema.org\",\"@graph\":[{\"@type\":\"WebPage\",\"@id\":\"https:\/\/hammertimecafe.hu\/termek\/sylvaneth-kurnoth-hunters\/\",\"url\":\"https:\/\/hammertimecafe.hu\/termek\/sylvaneth-kurnoth-hunters\/\",\"name\":\"SYLVANETH KURNOTH HUNTERS\",\"isPartOf\":{\"@id\":\"https:\/\/hammertimecafe.hu\/#website\"},\"primaryImageOfPage\":{\"@id\":\"https:\/\/hammertimecafe.hu\/termek\/sylvaneth-kurnoth-hunters\/#primaryimage\"},\"image\":{\"@id\":\"https:\/\/hammertimecafe.hu\/termek\/sylvaneth-kurnoth-hunters\/#primaryimage\"},\"thumbnailUrl\":\"https:\/\/hammertimecafe.hu\/app\/uploads\/2025\/10\/99120204018_kurnothhunters03_1.jpg\",\"datePublished\":\"2025-10-29T00:52:03+00:00\",\"dateModified\":\"2026-04-19T18:49:38+00:00\",\"description\":\"SYLVANETH KURNOTH HUNTERS\",\"breadcrumb\":{\"@id\":\"https:\/\/hammertimecafe.hu\/termek\/sylvaneth-kurnoth-hunters\/#breadcrumb\"},\"inLanguage\":\"en-US\",\"potentialAction\":[{\"@type\":\"ReadAction\",\"target\":[\"https:\/\/hammertimecafe.hu\/termek\/sylvaneth-kurnoth-hunters\/\"]}]},{\"@type\":\"ImageObject\",\"inLanguage\":\"en-US\",\"@id\":\"https:\/\/hammertimecafe.hu\/termek\/sylvaneth-kurnoth-hunters\/#primaryimage\",\"url\":\"https:\/\/hammertimecafe.hu\/app\/uploads\/2025\/10\/99120204018_kurnothhunters03_1.jpg\",\"contentUrl\":\"https:\/\/hammertimecafe.hu\/app\/uploads\/2025\/10\/99120204018_kurnothhunters03_1.jpg\",\"width\":600,\"height\":620},{\"@type\":\"BreadcrumbList\",\"@id\":\"https:\/\/hammertimecafe.hu\/termek\/sylvaneth-kurnoth-hunters\/#breadcrumb\",\"itemListElement\":[{\"@type\":\"ListItem\",\"position\":1,\"name\":\"Home\",\"item\":\"https:\/\/hammertimecafe.hu\/\"},{\"@type\":\"ListItem\",\"position\":2,\"name\":\"Shop\",\"item\":\"https:\/\/hammertimecafe.hu\/uzlet\/\"},{\"@type\":\"ListItem\",\"position\":3,\"name\":\"SYLVANETH: KURNOTH HUNTERS\"}]},{\"@type\":\"WebSite\",\"@id\":\"https:\/\/hammertimecafe.hu\/#website\",\"url\":\"https:\/\/hammertimecafe.hu\/\",\"name\":\"Hammertimecafe\",\"description\":\"A HammerTime Cafe Hivatalos Weboldala \u00e9s Webshopja.\",\"publisher\":{\"@id\":\"https:\/\/hammertimecafe.hu\/#organization\"},\"potentialAction\":[{\"@type\":\"SearchAction\",\"target\":{\"@type\":\"EntryPoint\",\"urlTemplate\":\"https:\/\/hammertimecafe.hu\/?s={search_term_string}\"},\"query-input\":{\"@type\":\"PropertyValueSpecification\",\"valueRequired\":true,\"valueName\":\"search_term_string\"}}],\"inLanguage\":\"en-US\"},{\"@type\":\"Organization\",\"@id\":\"https:\/\/hammertimecafe.hu\/#organization\",\"name\":\"Hammertimecafe\",\"url\":\"https:\/\/hammertimecafe.hu\/\",\"logo\":{\"@type\":\"ImageObject\",\"inLanguage\":\"en-US\",\"@id\":\"https:\/\/hammertimecafe.hu\/#\/schema\/logo\/image\/\",\"url\":\"https:\/\/htcwoo.test\/app\/uploads\/2025\/08\/logo_of_htc.png\",\"contentUrl\":\"https:\/\/htcwoo.test\/app\/uploads\/2025\/08\/logo_of_htc.png\",\"width\":166,\"height\":73,\"caption\":\"Hammertimecafe\"},\"image\":{\"@id\":\"https:\/\/hammertimecafe.hu\/#\/schema\/logo\/image\/\"}}]}<\/script>\n<!-- \/ Yoast SEO Premium plugin. -->","yoast_head_json":{"title":"SYLVANETH KURNOTH HUNTERS","description":"SYLVANETH KURNOTH HUNTERS","robots":{"index":"index","follow":"follow","max-snippet":"max-snippet:-1","max-image-preview":"max-image-preview:large","max-video-preview":"max-video-preview:-1"},"canonical":"https:\/\/hammertimecafe.hu\/en\/product\/sylvaneth-kurnoth-hunters\/","og_locale":"en_US","og_type":"article","og_title":"SYLVANETH: KURNOTH HUNTERS","og_description":"SYLVANETH KURNOTH HUNTERS","og_url":"https:\/\/hammertimecafe.hu\/en\/product\/sylvaneth-kurnoth-hunters\/","og_site_name":"HammerTime Cafe Webshop","article_modified_time":"2026-04-19T18:49:38+00:00","og_image":[{"width":600,"height":620,"url":"https:\/\/hammertimecafe.hu\/app\/uploads\/2025\/10\/99120204018_kurnothhunters03_1.jpg","type":"image\/jpeg"}],"twitter_card":"summary_large_image","schema":{"@context":"https:\/\/schema.org","@graph":[{"@type":"WebPage","@id":"https:\/\/hammertimecafe.hu\/termek\/sylvaneth-kurnoth-hunters\/","url":"https:\/\/hammertimecafe.hu\/termek\/sylvaneth-kurnoth-hunters\/","name":"SYLVANETH KURNOTH HUNTERS","isPartOf":{"@id":"https:\/\/hammertimecafe.hu\/#website"},"primaryImageOfPage":{"@id":"https:\/\/hammertimecafe.hu\/termek\/sylvaneth-kurnoth-hunters\/#primaryimage"},"image":{"@id":"https:\/\/hammertimecafe.hu\/termek\/sylvaneth-kurnoth-hunters\/#primaryimage"},"thumbnailUrl":"https:\/\/hammertimecafe.hu\/app\/uploads\/2025\/10\/99120204018_kurnothhunters03_1.jpg","datePublished":"2025-10-29T00:52:03+00:00","dateModified":"2026-04-19T18:49:38+00:00","description":"SYLVANETH KURNOTH HUNTERS","breadcrumb":{"@id":"https:\/\/hammertimecafe.hu\/termek\/sylvaneth-kurnoth-hunters\/#breadcrumb"},"inLanguage":"en-US","potentialAction":[{"@type":"ReadAction","target":["https:\/\/hammertimecafe.hu\/termek\/sylvaneth-kurnoth-hunters\/"]}]},{"@type":"ImageObject","inLanguage":"en-US","@id":"https:\/\/hammertimecafe.hu\/termek\/sylvaneth-kurnoth-hunters\/#primaryimage","url":"https:\/\/hammertimecafe.hu\/app\/uploads\/2025\/10\/99120204018_kurnothhunters03_1.jpg","contentUrl":"https:\/\/hammertimecafe.hu\/app\/uploads\/2025\/10\/99120204018_kurnothhunters03_1.jpg","width":600,"height":620},{"@type":"BreadcrumbList","@id":"https:\/\/hammertimecafe.hu\/termek\/sylvaneth-kurnoth-hunters\/#breadcrumb","itemListElement":[{"@type":"ListItem","position":1,"name":"Home","item":"https:\/\/hammertimecafe.hu\/"},{"@type":"ListItem","position":2,"name":"Shop","item":"https:\/\/hammertimecafe.hu\/uzlet\/"},{"@type":"ListItem","position":3,"name":"SYLVANETH: KURNOTH HUNTERS"}]},{"@type":"WebSite","@id":"https:\/\/hammertimecafe.hu\/#website","url":"https:\/\/hammertimecafe.hu\/","name":"Hammertimecafe","description":"The Official Website and Webshop of HammerTime Cafe.","publisher":{"@id":"https:\/\/hammertimecafe.hu\/#organization"},"potentialAction":[{"@type":"SearchAction","target":{"@type":"EntryPoint","urlTemplate":"https:\/\/hammertimecafe.hu\/?s={search_term_string}"},"query-input":{"@type":"PropertyValueSpecification","valueRequired":true,"valueName":"search_term_string"}}],"inLanguage":"en-US"},{"@type":"Organization","@id":"https:\/\/hammertimecafe.hu\/#organization","name":"Hammertimecafe","url":"https:\/\/hammertimecafe.hu\/","logo":{"@type":"ImageObject","inLanguage":"en-US","@id":"https:\/\/hammertimecafe.hu\/#\/schema\/logo\/image\/","url":"https:\/\/htcwoo.test\/app\/uploads\/2025\/08\/logo_of_htc.png","contentUrl":"https:\/\/htcwoo.test\/app\/uploads\/2025\/08\/logo_of_htc.png","width":166,"height":73,"caption":"Hammertimecafe"},"image":{"@id":"https:\/\/hammertimecafe.hu\/#\/schema\/logo\/image\/"}}]}},"_links":{"self":[{"href":"https:\/\/hammertimecafe.hu\/en\/wp-json\/wp\/v2\/product\/3067","targetHints":{"allow":["GET"]}}],"collection":[{"href":"https:\/\/hammertimecafe.hu\/en\/wp-json\/wp\/v2\/product"}],"about":[{"href":"https:\/\/hammertimecafe.hu\/en\/wp-json\/wp\/v2\/types\/product"}],"replies":[{"embeddable":true,"href":"https:\/\/hammertimecafe.hu\/en\/wp-json\/wp\/v2\/comments?post=3067"}],"wp:featuredmedia":[{"embeddable":true,"href":"https:\/\/hammertimecafe.hu\/en\/wp-json\/wp\/v2\/media\/9170"}],"wp:attachment":[{"href":"https:\/\/hammertimecafe.hu\/en\/wp-json\/wp\/v2\/media?parent=3067"}],"wp:term":[{"taxonomy":"product_brand","embeddable":true,"href":"https:\/\/hammertimecafe.hu\/en\/wp-json\/wp\/v2\/product_brand?post=3067"},{"taxonomy":"product_cat","embeddable":true,"href":"https:\/\/hammertimecafe.hu\/en\/wp-json\/wp\/v2\/product_cat?post=3067"},{"taxonomy":"product_tag","embeddable":true,"href":"https:\/\/hammertimecafe.hu\/en\/wp-json\/wp\/v2\/product_tag?post=3067"}],"curies":[{"name":"wp","href":"https:\/\/api.w.org\/{rel}","templated":true}]}}