{"id":3073,"date":"2025-10-29T01:52:09","date_gmt":"2025-10-29T00:52:09","guid":{"rendered":"https:\/\/htcwoo.test\/termek\/deathwatch-corvus-blackstar\/"},"modified":"2026-04-19T20:49:37","modified_gmt":"2026-04-19T18:49:37","slug":"deathwatch-corvus-blackstar","status":"publish","type":"product","link":"https:\/\/hammertimecafe.hu\/en\/product\/deathwatch-corvus-blackstar\/","title":{"rendered":"DEATHWATCH CORVUS BLACKSTAR"},"content":{"rendered":"<p>A Corvus Blackstar az Imperium egyik legfejlettebb haj\u00f3ja, gyors, fordul\u00e9kony \u00e9s hal\u00e1los. Egyszerre szolg\u00e1l a Deathwatch Kill team-ek sz\u00e1ll\u00edt\u00e1s\u00e1ra \u00e9s az ellens\u00e9ges Xeno haj\u00f3k semleges\u00edt\u00e9s\u00e9re.<\/p>\n<p>A doboz egy modellt tartalmaz.<\/p>\n<p>A modell ragaszt\u00e1st \u00e9s fest\u00e9st ig\u00e9nyel!<br \/>A doboz rengeteg alkatr\u00e9sz opci\u00f3t tartalmaz, ami lehet\u0151v\u00e9 teszi a modell v\u00e1ltozatos felszerel\u00e9s\u00e9t!<\/p>","protected":false},"excerpt":{"rendered":"<p>A Corvus Blackstar az Imperium egyik legfejlettebb haj\u00f3ja, gyors, fordul\u00e9kony \u00e9s hal\u00e1los. Egyszerre szolg\u00e1l a Deathwatch Kill team-ek sz\u00e1ll\u00edt\u00e1s\u00e1ra \u00e9s az ellens\u00e9ges Xeno haj\u00f3k semleges\u00edt\u00e9s\u00e9re. <\/p>","protected":false},"featured_media":9225,"comment_status":"open","ping_status":"closed","template":"","meta":{"_acf_changed":false},"product_brand":[46],"product_cat":[159,19],"product_tag":[],"class_list":{"0":"post-3073","1":"product","2":"type-product","3":"status-publish","4":"has-post-thumbnail","6":"product_brand-games-workshop","7":"product_cat-deathwatch","8":"product_cat-wargame","10":"first","11":"onbackorder","12":"sale","13":"taxable","14":"shipping-taxable","15":"purchasable","16":"product-type-simple"},"acf":[],"yoast_head":"<!-- This site is optimized with the Yoast SEO Premium plugin v25.6 (Yoast SEO v25.6) - https:\/\/yoast.com\/wordpress\/plugins\/seo\/ -->\n<title>DEATHWATCH CORVUS BLACKSTAR<\/title>\n<meta name=\"description\" content=\"DEATHWATCH CORVUS BLACKSTAR\" \/>\n<meta name=\"robots\" content=\"index, follow, max-snippet:-1, max-image-preview:large, max-video-preview:-1\" \/>\n<link rel=\"canonical\" href=\"https:\/\/hammertimecafe.hu\/en\/product\/deathwatch-corvus-blackstar\/\" \/>\n<meta property=\"og:locale\" content=\"en_US\" \/>\n<meta property=\"og:type\" content=\"article\" \/>\n<meta property=\"og:title\" content=\"DEATHWATCH CORVUS BLACKSTAR\" \/>\n<meta property=\"og:description\" content=\"DEATHWATCH CORVUS BLACKSTAR\" \/>\n<meta property=\"og:url\" content=\"https:\/\/hammertimecafe.hu\/en\/product\/deathwatch-corvus-blackstar\/\" \/>\n<meta property=\"og:site_name\" content=\"HammerTime Cafe Webshop\" \/>\n<meta property=\"article:modified_time\" content=\"2026-04-19T18:49:37+00:00\" \/>\n<meta property=\"og:image\" content=\"https:\/\/hammertimecafe.hu\/app\/uploads\/2025\/10\/99120109002_corvusblackstar01_1.jpg\" \/>\n\t<meta property=\"og:image:width\" content=\"600\" \/>\n\t<meta property=\"og:image:height\" content=\"620\" \/>\n\t<meta property=\"og:image:type\" content=\"image\/jpeg\" \/>\n<meta name=\"twitter:card\" content=\"summary_large_image\" \/>\n<script type=\"application\/ld+json\" class=\"yoast-schema-graph\">{\"@context\":\"https:\/\/schema.org\",\"@graph\":[{\"@type\":\"WebPage\",\"@id\":\"https:\/\/hammertimecafe.hu\/termek\/deathwatch-corvus-blackstar\/\",\"url\":\"https:\/\/hammertimecafe.hu\/termek\/deathwatch-corvus-blackstar\/\",\"name\":\"DEATHWATCH CORVUS BLACKSTAR\",\"isPartOf\":{\"@id\":\"https:\/\/hammertimecafe.hu\/#website\"},\"primaryImageOfPage\":{\"@id\":\"https:\/\/hammertimecafe.hu\/termek\/deathwatch-corvus-blackstar\/#primaryimage\"},\"image\":{\"@id\":\"https:\/\/hammertimecafe.hu\/termek\/deathwatch-corvus-blackstar\/#primaryimage\"},\"thumbnailUrl\":\"https:\/\/hammertimecafe.hu\/app\/uploads\/2025\/10\/99120109002_corvusblackstar01_1.jpg\",\"datePublished\":\"2025-10-29T00:52:09+00:00\",\"dateModified\":\"2026-04-19T18:49:37+00:00\",\"description\":\"DEATHWATCH CORVUS BLACKSTAR\",\"breadcrumb\":{\"@id\":\"https:\/\/hammertimecafe.hu\/termek\/deathwatch-corvus-blackstar\/#breadcrumb\"},\"inLanguage\":\"en-US\",\"potentialAction\":[{\"@type\":\"ReadAction\",\"target\":[\"https:\/\/hammertimecafe.hu\/termek\/deathwatch-corvus-blackstar\/\"]}]},{\"@type\":\"ImageObject\",\"inLanguage\":\"en-US\",\"@id\":\"https:\/\/hammertimecafe.hu\/termek\/deathwatch-corvus-blackstar\/#primaryimage\",\"url\":\"https:\/\/hammertimecafe.hu\/app\/uploads\/2025\/10\/99120109002_corvusblackstar01_1.jpg\",\"contentUrl\":\"https:\/\/hammertimecafe.hu\/app\/uploads\/2025\/10\/99120109002_corvusblackstar01_1.jpg\",\"width\":600,\"height\":620},{\"@type\":\"BreadcrumbList\",\"@id\":\"https:\/\/hammertimecafe.hu\/termek\/deathwatch-corvus-blackstar\/#breadcrumb\",\"itemListElement\":[{\"@type\":\"ListItem\",\"position\":1,\"name\":\"Home\",\"item\":\"https:\/\/hammertimecafe.hu\/\"},{\"@type\":\"ListItem\",\"position\":2,\"name\":\"Shop\",\"item\":\"https:\/\/hammertimecafe.hu\/uzlet\/\"},{\"@type\":\"ListItem\",\"position\":3,\"name\":\"DEATHWATCH CORVUS BLACKSTAR\"}]},{\"@type\":\"WebSite\",\"@id\":\"https:\/\/hammertimecafe.hu\/#website\",\"url\":\"https:\/\/hammertimecafe.hu\/\",\"name\":\"Hammertimecafe\",\"description\":\"A HammerTime Cafe Hivatalos Weboldala \u00e9s Webshopja.\",\"publisher\":{\"@id\":\"https:\/\/hammertimecafe.hu\/#organization\"},\"potentialAction\":[{\"@type\":\"SearchAction\",\"target\":{\"@type\":\"EntryPoint\",\"urlTemplate\":\"https:\/\/hammertimecafe.hu\/?s={search_term_string}\"},\"query-input\":{\"@type\":\"PropertyValueSpecification\",\"valueRequired\":true,\"valueName\":\"search_term_string\"}}],\"inLanguage\":\"en-US\"},{\"@type\":\"Organization\",\"@id\":\"https:\/\/hammertimecafe.hu\/#organization\",\"name\":\"Hammertimecafe\",\"url\":\"https:\/\/hammertimecafe.hu\/\",\"logo\":{\"@type\":\"ImageObject\",\"inLanguage\":\"en-US\",\"@id\":\"https:\/\/hammertimecafe.hu\/#\/schema\/logo\/image\/\",\"url\":\"https:\/\/htcwoo.test\/app\/uploads\/2025\/08\/logo_of_htc.png\",\"contentUrl\":\"https:\/\/htcwoo.test\/app\/uploads\/2025\/08\/logo_of_htc.png\",\"width\":166,\"height\":73,\"caption\":\"Hammertimecafe\"},\"image\":{\"@id\":\"https:\/\/hammertimecafe.hu\/#\/schema\/logo\/image\/\"}}]}<\/script>\n<!-- \/ Yoast SEO Premium plugin. -->","yoast_head_json":{"title":"DEATHWATCH CORVUS BLACKSTAR","description":"DEATHWATCH CORVUS BLACKSTAR","robots":{"index":"index","follow":"follow","max-snippet":"max-snippet:-1","max-image-preview":"max-image-preview:large","max-video-preview":"max-video-preview:-1"},"canonical":"https:\/\/hammertimecafe.hu\/en\/product\/deathwatch-corvus-blackstar\/","og_locale":"en_US","og_type":"article","og_title":"DEATHWATCH CORVUS BLACKSTAR","og_description":"DEATHWATCH CORVUS BLACKSTAR","og_url":"https:\/\/hammertimecafe.hu\/en\/product\/deathwatch-corvus-blackstar\/","og_site_name":"HammerTime Cafe Webshop","article_modified_time":"2026-04-19T18:49:37+00:00","og_image":[{"width":600,"height":620,"url":"https:\/\/hammertimecafe.hu\/app\/uploads\/2025\/10\/99120109002_corvusblackstar01_1.jpg","type":"image\/jpeg"}],"twitter_card":"summary_large_image","schema":{"@context":"https:\/\/schema.org","@graph":[{"@type":"WebPage","@id":"https:\/\/hammertimecafe.hu\/termek\/deathwatch-corvus-blackstar\/","url":"https:\/\/hammertimecafe.hu\/termek\/deathwatch-corvus-blackstar\/","name":"DEATHWATCH CORVUS BLACKSTAR","isPartOf":{"@id":"https:\/\/hammertimecafe.hu\/#website"},"primaryImageOfPage":{"@id":"https:\/\/hammertimecafe.hu\/termek\/deathwatch-corvus-blackstar\/#primaryimage"},"image":{"@id":"https:\/\/hammertimecafe.hu\/termek\/deathwatch-corvus-blackstar\/#primaryimage"},"thumbnailUrl":"https:\/\/hammertimecafe.hu\/app\/uploads\/2025\/10\/99120109002_corvusblackstar01_1.jpg","datePublished":"2025-10-29T00:52:09+00:00","dateModified":"2026-04-19T18:49:37+00:00","description":"DEATHWATCH CORVUS BLACKSTAR","breadcrumb":{"@id":"https:\/\/hammertimecafe.hu\/termek\/deathwatch-corvus-blackstar\/#breadcrumb"},"inLanguage":"en-US","potentialAction":[{"@type":"ReadAction","target":["https:\/\/hammertimecafe.hu\/termek\/deathwatch-corvus-blackstar\/"]}]},{"@type":"ImageObject","inLanguage":"en-US","@id":"https:\/\/hammertimecafe.hu\/termek\/deathwatch-corvus-blackstar\/#primaryimage","url":"https:\/\/hammertimecafe.hu\/app\/uploads\/2025\/10\/99120109002_corvusblackstar01_1.jpg","contentUrl":"https:\/\/hammertimecafe.hu\/app\/uploads\/2025\/10\/99120109002_corvusblackstar01_1.jpg","width":600,"height":620},{"@type":"BreadcrumbList","@id":"https:\/\/hammertimecafe.hu\/termek\/deathwatch-corvus-blackstar\/#breadcrumb","itemListElement":[{"@type":"ListItem","position":1,"name":"Home","item":"https:\/\/hammertimecafe.hu\/"},{"@type":"ListItem","position":2,"name":"Shop","item":"https:\/\/hammertimecafe.hu\/uzlet\/"},{"@type":"ListItem","position":3,"name":"DEATHWATCH CORVUS BLACKSTAR"}]},{"@type":"WebSite","@id":"https:\/\/hammertimecafe.hu\/#website","url":"https:\/\/hammertimecafe.hu\/","name":"Hammertimecafe","description":"The Official Website and Webshop of HammerTime Cafe.","publisher":{"@id":"https:\/\/hammertimecafe.hu\/#organization"},"potentialAction":[{"@type":"SearchAction","target":{"@type":"EntryPoint","urlTemplate":"https:\/\/hammertimecafe.hu\/?s={search_term_string}"},"query-input":{"@type":"PropertyValueSpecification","valueRequired":true,"valueName":"search_term_string"}}],"inLanguage":"en-US"},{"@type":"Organization","@id":"https:\/\/hammertimecafe.hu\/#organization","name":"Hammertimecafe","url":"https:\/\/hammertimecafe.hu\/","logo":{"@type":"ImageObject","inLanguage":"en-US","@id":"https:\/\/hammertimecafe.hu\/#\/schema\/logo\/image\/","url":"https:\/\/htcwoo.test\/app\/uploads\/2025\/08\/logo_of_htc.png","contentUrl":"https:\/\/htcwoo.test\/app\/uploads\/2025\/08\/logo_of_htc.png","width":166,"height":73,"caption":"Hammertimecafe"},"image":{"@id":"https:\/\/hammertimecafe.hu\/#\/schema\/logo\/image\/"}}]}},"_links":{"self":[{"href":"https:\/\/hammertimecafe.hu\/en\/wp-json\/wp\/v2\/product\/3073","targetHints":{"allow":["GET"]}}],"collection":[{"href":"https:\/\/hammertimecafe.hu\/en\/wp-json\/wp\/v2\/product"}],"about":[{"href":"https:\/\/hammertimecafe.hu\/en\/wp-json\/wp\/v2\/types\/product"}],"replies":[{"embeddable":true,"href":"https:\/\/hammertimecafe.hu\/en\/wp-json\/wp\/v2\/comments?post=3073"}],"wp:featuredmedia":[{"embeddable":true,"href":"https:\/\/hammertimecafe.hu\/en\/wp-json\/wp\/v2\/media\/9225"}],"wp:attachment":[{"href":"https:\/\/hammertimecafe.hu\/en\/wp-json\/wp\/v2\/media?parent=3073"}],"wp:term":[{"taxonomy":"product_brand","embeddable":true,"href":"https:\/\/hammertimecafe.hu\/en\/wp-json\/wp\/v2\/product_brand?post=3073"},{"taxonomy":"product_cat","embeddable":true,"href":"https:\/\/hammertimecafe.hu\/en\/wp-json\/wp\/v2\/product_cat?post=3073"},{"taxonomy":"product_tag","embeddable":true,"href":"https:\/\/hammertimecafe.hu\/en\/wp-json\/wp\/v2\/product_tag?post=3073"}],"curies":[{"name":"wp","href":"https:\/\/api.w.org\/{rel}","templated":true}]}}