{"id":3089,"date":"2025-10-29T01:52:26","date_gmt":"2025-10-29T00:52:26","guid":{"rendered":"https:\/\/htcwoo.test\/termek\/disciples-of-tzeentch-tzaangor-enlightened\/"},"modified":"2026-04-19T20:49:35","modified_gmt":"2026-04-19T18:49:35","slug":"disciples-of-tzeentch-tzaangor-enlightened","status":"publish","type":"product","link":"https:\/\/hammertimecafe.hu\/en\/product\/disciples-of-tzeentch-tzaangor-enlightened\/","title":{"rendered":"DISCIPLES OF TZEENTCH: TZAANGOR ENLIGHTENED"},"content":{"rendered":"<p>A Tzaangor Enlightened harcosok elit besti\u00e1k, akik k\u00e9pesek belel\u00e1tni a m\u00falt hull\u00e1maiba \u00e9s \u00edgy ismerik ellenfeleik olyan titkait, melyeket senkinek sem mondtak el.<\/p>\n<p>A Tzaangor Skyfires harcosok viszont a j\u00f6v\u0151be l\u00e1tnak, \u00e9s az elj\u00f6vend\u0151 zavaros f\u00f6rgeteg\u00e9be l\u00f6vik a v\u00e1ltoz\u00e1s nyilait.<\/p>\n<p>A doboz h\u00e1rom figur\u00e1t tartalmaz, melyeket opcion\u00e1lisan Enlightened-k\u00e9nt vagy Skyfires-k\u00e9nt lehet \u00f6sszerakni.<\/p>\n<p>The miniatures require assembly and painting.<\/p>","protected":false},"excerpt":{"rendered":"<p>A Tzaangor Enlightened harcosok elit besti&aacute;k, akik k&eacute;pesek belel&aacute;tni a m&uacute;lt hull&aacute;maiba &eacute;s &iacute;gy ismerik ellenfeleik olyan titkait, melyeket senkinek sem mondtak el.<\/p>\n<p>A Tzaangor Skyfires harcosok viszont a j&ouml;v\u0151be l&aacute;tnak, &eacute;s az elj&ouml;vend\u0151 zavaros f&ouml;rgeteg&eacute;be l&ouml;vik a v&aacute;ltoz&aacute;s nyilait.<\/p>","protected":false},"featured_media":9299,"comment_status":"open","ping_status":"closed","template":"","meta":{"_acf_changed":false},"product_brand":[46],"product_cat":[167,43,19,42],"product_tag":[],"class_list":{"0":"post-3089","1":"product","2":"type-product","3":"status-publish","4":"has-post-thumbnail","6":"product_brand-games-workshop","7":"product_cat-disciples-of-tzeentch","8":"product_cat-grand-alliance-chaos","9":"product_cat-wargame","10":"product_cat-warhammer-age-of-sigmar","12":"first","13":"onbackorder","14":"sale","15":"taxable","16":"shipping-taxable","17":"purchasable","18":"product-type-simple"},"acf":[],"yoast_head":"<!-- This site is optimized with the Yoast SEO Premium plugin v25.6 (Yoast SEO v25.6) - https:\/\/yoast.com\/wordpress\/plugins\/seo\/ -->\n<title>DISCIPLES OF TZEENTCH: TZAANGOR ENLIGHTENED<\/title>\n<meta name=\"description\" content=\"DISCIPLES OF TZEENTCH: TZAANGOR ENLIGHTENED\" \/>\n<meta name=\"robots\" content=\"index, follow, max-snippet:-1, max-image-preview:large, max-video-preview:-1\" \/>\n<link rel=\"canonical\" href=\"https:\/\/hammertimecafe.hu\/en\/product\/disciples-of-tzeentch-tzaangor-enlightened\/\" \/>\n<meta property=\"og:locale\" content=\"en_US\" \/>\n<meta property=\"og:type\" content=\"article\" \/>\n<meta property=\"og:title\" content=\"DISCIPLES OF TZEENTCH: TZAANGOR ENLIGHTENED\" \/>\n<meta property=\"og:description\" content=\"DISCIPLES OF TZEENTCH: TZAANGOR ENLIGHTENED\" \/>\n<meta property=\"og:url\" content=\"https:\/\/hammertimecafe.hu\/en\/product\/disciples-of-tzeentch-tzaangor-enlightened\/\" \/>\n<meta property=\"og:site_name\" content=\"HammerTime Cafe Webshop\" \/>\n<meta property=\"article:modified_time\" content=\"2026-04-19T18:49:35+00:00\" \/>\n<meta property=\"og:image\" content=\"https:\/\/hammertimecafe.hu\/app\/uploads\/2025\/10\/99120201143_dottzaangorenlightenedstock_a.jpg\" \/>\n\t<meta property=\"og:image:width\" content=\"918\" \/>\n\t<meta property=\"og:image:height\" content=\"948\" \/>\n\t<meta property=\"og:image:type\" content=\"image\/jpeg\" \/>\n<meta name=\"twitter:card\" content=\"summary_large_image\" \/>\n<script type=\"application\/ld+json\" class=\"yoast-schema-graph\">{\"@context\":\"https:\/\/schema.org\",\"@graph\":[{\"@type\":\"WebPage\",\"@id\":\"https:\/\/hammertimecafe.hu\/termek\/disciples-of-tzeentch-tzaangor-enlightened\/\",\"url\":\"https:\/\/hammertimecafe.hu\/termek\/disciples-of-tzeentch-tzaangor-enlightened\/\",\"name\":\"DISCIPLES OF TZEENTCH: TZAANGOR ENLIGHTENED\",\"isPartOf\":{\"@id\":\"https:\/\/hammertimecafe.hu\/#website\"},\"primaryImageOfPage\":{\"@id\":\"https:\/\/hammertimecafe.hu\/termek\/disciples-of-tzeentch-tzaangor-enlightened\/#primaryimage\"},\"image\":{\"@id\":\"https:\/\/hammertimecafe.hu\/termek\/disciples-of-tzeentch-tzaangor-enlightened\/#primaryimage\"},\"thumbnailUrl\":\"https:\/\/hammertimecafe.hu\/app\/uploads\/2025\/10\/99120201143_dottzaangorenlightenedstock_a.jpg\",\"datePublished\":\"2025-10-29T00:52:26+00:00\",\"dateModified\":\"2026-04-19T18:49:35+00:00\",\"description\":\"DISCIPLES OF TZEENTCH: TZAANGOR ENLIGHTENED\",\"breadcrumb\":{\"@id\":\"https:\/\/hammertimecafe.hu\/termek\/disciples-of-tzeentch-tzaangor-enlightened\/#breadcrumb\"},\"inLanguage\":\"en-US\",\"potentialAction\":[{\"@type\":\"ReadAction\",\"target\":[\"https:\/\/hammertimecafe.hu\/termek\/disciples-of-tzeentch-tzaangor-enlightened\/\"]}]},{\"@type\":\"ImageObject\",\"inLanguage\":\"en-US\",\"@id\":\"https:\/\/hammertimecafe.hu\/termek\/disciples-of-tzeentch-tzaangor-enlightened\/#primaryimage\",\"url\":\"https:\/\/hammertimecafe.hu\/app\/uploads\/2025\/10\/99120201143_dottzaangorenlightenedstock_a.jpg\",\"contentUrl\":\"https:\/\/hammertimecafe.hu\/app\/uploads\/2025\/10\/99120201143_dottzaangorenlightenedstock_a.jpg\",\"width\":918,\"height\":948},{\"@type\":\"BreadcrumbList\",\"@id\":\"https:\/\/hammertimecafe.hu\/termek\/disciples-of-tzeentch-tzaangor-enlightened\/#breadcrumb\",\"itemListElement\":[{\"@type\":\"ListItem\",\"position\":1,\"name\":\"Home\",\"item\":\"https:\/\/hammertimecafe.hu\/\"},{\"@type\":\"ListItem\",\"position\":2,\"name\":\"Shop\",\"item\":\"https:\/\/hammertimecafe.hu\/uzlet\/\"},{\"@type\":\"ListItem\",\"position\":3,\"name\":\"DISCIPLES OF TZEENTCH: TZAANGOR ENLIGHTENED\"}]},{\"@type\":\"WebSite\",\"@id\":\"https:\/\/hammertimecafe.hu\/#website\",\"url\":\"https:\/\/hammertimecafe.hu\/\",\"name\":\"Hammertimecafe\",\"description\":\"A HammerTime Cafe Hivatalos Weboldala \u00e9s Webshopja.\",\"publisher\":{\"@id\":\"https:\/\/hammertimecafe.hu\/#organization\"},\"potentialAction\":[{\"@type\":\"SearchAction\",\"target\":{\"@type\":\"EntryPoint\",\"urlTemplate\":\"https:\/\/hammertimecafe.hu\/?s={search_term_string}\"},\"query-input\":{\"@type\":\"PropertyValueSpecification\",\"valueRequired\":true,\"valueName\":\"search_term_string\"}}],\"inLanguage\":\"en-US\"},{\"@type\":\"Organization\",\"@id\":\"https:\/\/hammertimecafe.hu\/#organization\",\"name\":\"Hammertimecafe\",\"url\":\"https:\/\/hammertimecafe.hu\/\",\"logo\":{\"@type\":\"ImageObject\",\"inLanguage\":\"en-US\",\"@id\":\"https:\/\/hammertimecafe.hu\/#\/schema\/logo\/image\/\",\"url\":\"https:\/\/htcwoo.test\/app\/uploads\/2025\/08\/logo_of_htc.png\",\"contentUrl\":\"https:\/\/htcwoo.test\/app\/uploads\/2025\/08\/logo_of_htc.png\",\"width\":166,\"height\":73,\"caption\":\"Hammertimecafe\"},\"image\":{\"@id\":\"https:\/\/hammertimecafe.hu\/#\/schema\/logo\/image\/\"}}]}<\/script>\n<!-- \/ Yoast SEO Premium plugin. -->","yoast_head_json":{"title":"DISCIPLES OF TZEENTCH: TZAANGOR ENLIGHTENED","description":"DISCIPLES OF TZEENTCH: TZAANGOR ENLIGHTENED","robots":{"index":"index","follow":"follow","max-snippet":"max-snippet:-1","max-image-preview":"max-image-preview:large","max-video-preview":"max-video-preview:-1"},"canonical":"https:\/\/hammertimecafe.hu\/en\/product\/disciples-of-tzeentch-tzaangor-enlightened\/","og_locale":"en_US","og_type":"article","og_title":"DISCIPLES OF TZEENTCH: TZAANGOR ENLIGHTENED","og_description":"DISCIPLES OF TZEENTCH: TZAANGOR ENLIGHTENED","og_url":"https:\/\/hammertimecafe.hu\/en\/product\/disciples-of-tzeentch-tzaangor-enlightened\/","og_site_name":"HammerTime Cafe Webshop","article_modified_time":"2026-04-19T18:49:35+00:00","og_image":[{"width":918,"height":948,"url":"https:\/\/hammertimecafe.hu\/app\/uploads\/2025\/10\/99120201143_dottzaangorenlightenedstock_a.jpg","type":"image\/jpeg"}],"twitter_card":"summary_large_image","schema":{"@context":"https:\/\/schema.org","@graph":[{"@type":"WebPage","@id":"https:\/\/hammertimecafe.hu\/termek\/disciples-of-tzeentch-tzaangor-enlightened\/","url":"https:\/\/hammertimecafe.hu\/termek\/disciples-of-tzeentch-tzaangor-enlightened\/","name":"DISCIPLES OF TZEENTCH: TZAANGOR ENLIGHTENED","isPartOf":{"@id":"https:\/\/hammertimecafe.hu\/#website"},"primaryImageOfPage":{"@id":"https:\/\/hammertimecafe.hu\/termek\/disciples-of-tzeentch-tzaangor-enlightened\/#primaryimage"},"image":{"@id":"https:\/\/hammertimecafe.hu\/termek\/disciples-of-tzeentch-tzaangor-enlightened\/#primaryimage"},"thumbnailUrl":"https:\/\/hammertimecafe.hu\/app\/uploads\/2025\/10\/99120201143_dottzaangorenlightenedstock_a.jpg","datePublished":"2025-10-29T00:52:26+00:00","dateModified":"2026-04-19T18:49:35+00:00","description":"DISCIPLES OF TZEENTCH: TZAANGOR ENLIGHTENED","breadcrumb":{"@id":"https:\/\/hammertimecafe.hu\/termek\/disciples-of-tzeentch-tzaangor-enlightened\/#breadcrumb"},"inLanguage":"en-US","potentialAction":[{"@type":"ReadAction","target":["https:\/\/hammertimecafe.hu\/termek\/disciples-of-tzeentch-tzaangor-enlightened\/"]}]},{"@type":"ImageObject","inLanguage":"en-US","@id":"https:\/\/hammertimecafe.hu\/termek\/disciples-of-tzeentch-tzaangor-enlightened\/#primaryimage","url":"https:\/\/hammertimecafe.hu\/app\/uploads\/2025\/10\/99120201143_dottzaangorenlightenedstock_a.jpg","contentUrl":"https:\/\/hammertimecafe.hu\/app\/uploads\/2025\/10\/99120201143_dottzaangorenlightenedstock_a.jpg","width":918,"height":948},{"@type":"BreadcrumbList","@id":"https:\/\/hammertimecafe.hu\/termek\/disciples-of-tzeentch-tzaangor-enlightened\/#breadcrumb","itemListElement":[{"@type":"ListItem","position":1,"name":"Home","item":"https:\/\/hammertimecafe.hu\/"},{"@type":"ListItem","position":2,"name":"Shop","item":"https:\/\/hammertimecafe.hu\/uzlet\/"},{"@type":"ListItem","position":3,"name":"DISCIPLES OF TZEENTCH: TZAANGOR ENLIGHTENED"}]},{"@type":"WebSite","@id":"https:\/\/hammertimecafe.hu\/#website","url":"https:\/\/hammertimecafe.hu\/","name":"Hammertimecafe","description":"The Official Website and Webshop of HammerTime Cafe.","publisher":{"@id":"https:\/\/hammertimecafe.hu\/#organization"},"potentialAction":[{"@type":"SearchAction","target":{"@type":"EntryPoint","urlTemplate":"https:\/\/hammertimecafe.hu\/?s={search_term_string}"},"query-input":{"@type":"PropertyValueSpecification","valueRequired":true,"valueName":"search_term_string"}}],"inLanguage":"en-US"},{"@type":"Organization","@id":"https:\/\/hammertimecafe.hu\/#organization","name":"Hammertimecafe","url":"https:\/\/hammertimecafe.hu\/","logo":{"@type":"ImageObject","inLanguage":"en-US","@id":"https:\/\/hammertimecafe.hu\/#\/schema\/logo\/image\/","url":"https:\/\/htcwoo.test\/app\/uploads\/2025\/08\/logo_of_htc.png","contentUrl":"https:\/\/htcwoo.test\/app\/uploads\/2025\/08\/logo_of_htc.png","width":166,"height":73,"caption":"Hammertimecafe"},"image":{"@id":"https:\/\/hammertimecafe.hu\/#\/schema\/logo\/image\/"}}]}},"_links":{"self":[{"href":"https:\/\/hammertimecafe.hu\/en\/wp-json\/wp\/v2\/product\/3089","targetHints":{"allow":["GET"]}}],"collection":[{"href":"https:\/\/hammertimecafe.hu\/en\/wp-json\/wp\/v2\/product"}],"about":[{"href":"https:\/\/hammertimecafe.hu\/en\/wp-json\/wp\/v2\/types\/product"}],"replies":[{"embeddable":true,"href":"https:\/\/hammertimecafe.hu\/en\/wp-json\/wp\/v2\/comments?post=3089"}],"wp:featuredmedia":[{"embeddable":true,"href":"https:\/\/hammertimecafe.hu\/en\/wp-json\/wp\/v2\/media\/9299"}],"wp:attachment":[{"href":"https:\/\/hammertimecafe.hu\/en\/wp-json\/wp\/v2\/media?parent=3089"}],"wp:term":[{"taxonomy":"product_brand","embeddable":true,"href":"https:\/\/hammertimecafe.hu\/en\/wp-json\/wp\/v2\/product_brand?post=3089"},{"taxonomy":"product_cat","embeddable":true,"href":"https:\/\/hammertimecafe.hu\/en\/wp-json\/wp\/v2\/product_cat?post=3089"},{"taxonomy":"product_tag","embeddable":true,"href":"https:\/\/hammertimecafe.hu\/en\/wp-json\/wp\/v2\/product_tag?post=3089"}],"curies":[{"name":"wp","href":"https:\/\/api.w.org\/{rel}","templated":true}]}}