{"id":3110,"date":"2025-10-29T01:52:49","date_gmt":"2025-10-29T00:52:49","guid":{"rendered":"https:\/\/htcwoo.test\/termek\/space-marines-primaris-apothecary\/"},"modified":"2026-04-30T23:16:26","modified_gmt":"2026-04-30T21:16:26","slug":"space-marines-primaris-apothecary","status":"publish","type":"product","link":"https:\/\/hammertimecafe.hu\/en\/product\/space-marines-primaris-apothecary\/","title":{"rendered":"SPACE MARINES PRIMARIS APOTHECARY"},"content":{"rendered":"<p><span>Mindenkit meg kell menteni, akit lehets&eacute;ges. A s&uacute;lyos s&eacute;r&uuml;l&eacute;sek ell&aacute;t&aacute;s&aacute;ra, vagy &eacute;ppen az &eacute;rt&eacute;kes g&eacute;ncs&iacute;r&aacute;k kiment&eacute;s&eacute;re az Apothecary-k a felel\u0151ssek. Minden seregben sz&uuml;ks&eacute;g van r&aacute;juk.<\/span><\/p>\n<p><span>A doboz 1 figur&aacute;t tartalmaz.<\/span><\/p>\n<p><span>A figur&aacute;k ragaszt&aacute;st &eacute;s fest&eacute;st ig&eacute;nyelnek!<\/span><span><br \/><\/span><\/p>","protected":false},"excerpt":{"rendered":"<p>Mindenkit meg kell menteni, akit lehets\u00e9ges. A s\u00falyos s\u00e9r\u00fcl\u00e9sek ell\u00e1t\u00e1s\u00e1ra, vagy \u00e9ppen az \u00e9rt\u00e9kes g\u00e9ncs\u00edr\u00e1k kiment\u00e9s\u00e9re az Apothecary-k a felel\u0151ssek. Minden seregben sz\u00fcks\u00e9g van r\u00e1juk.<\/p>","protected":false},"featured_media":9358,"comment_status":"open","ping_status":"closed","template":"","meta":{"_acf_changed":false},"product_brand":[46],"product_cat":[93,19],"product_tag":[],"class_list":{"0":"post-3110","1":"product","2":"type-product","3":"status-publish","4":"has-post-thumbnail","6":"product_brand-games-workshop","7":"product_cat-space-marines","8":"product_cat-wargame","10":"first","11":"instock","12":"sale","13":"taxable","14":"shipping-taxable","15":"purchasable","16":"product-type-simple"},"acf":[],"yoast_head":"<!-- This site is optimized with the Yoast SEO Premium plugin v25.6 (Yoast SEO v25.6) - https:\/\/yoast.com\/wordpress\/plugins\/seo\/ -->\n<title>SPACE MARINES PRIMARIS APOTHECARY<\/title>\n<meta name=\"description\" content=\"SPACE MARINES PRIMARIS APOTHECARY\" \/>\n<meta name=\"robots\" content=\"index, follow, max-snippet:-1, max-image-preview:large, max-video-preview:-1\" \/>\n<link rel=\"canonical\" href=\"https:\/\/hammertimecafe.hu\/en\/product\/space-marines-primaris-apothecary\/\" \/>\n<meta property=\"og:locale\" content=\"en_US\" \/>\n<meta property=\"og:type\" content=\"article\" \/>\n<meta property=\"og:title\" content=\"SPACE MARINES PRIMARIS APOTHECARY\" \/>\n<meta property=\"og:description\" content=\"SPACE MARINES PRIMARIS APOTHECARY\" \/>\n<meta property=\"og:url\" content=\"https:\/\/hammertimecafe.hu\/en\/product\/space-marines-primaris-apothecary\/\" \/>\n<meta property=\"og:site_name\" content=\"HammerTime Cafe Webshop\" \/>\n<meta property=\"article:modified_time\" content=\"2026-04-30T21:16:26+00:00\" \/>\n<meta property=\"og:image\" content=\"https:\/\/hammertimecafe.hu\/app\/uploads\/2025\/10\/99070101060.jpg\" \/>\n\t<meta property=\"og:image:width\" content=\"1162\" \/>\n\t<meta property=\"og:image:height\" content=\"1200\" \/>\n\t<meta property=\"og:image:type\" content=\"image\/jpeg\" \/>\n<meta name=\"twitter:card\" content=\"summary_large_image\" \/>\n<script type=\"application\/ld+json\" class=\"yoast-schema-graph\">{\"@context\":\"https:\/\/schema.org\",\"@graph\":[{\"@type\":\"WebPage\",\"@id\":\"https:\/\/hammertimecafe.hu\/termek\/space-marines-primaris-apothecary\/\",\"url\":\"https:\/\/hammertimecafe.hu\/termek\/space-marines-primaris-apothecary\/\",\"name\":\"SPACE MARINES PRIMARIS APOTHECARY\",\"isPartOf\":{\"@id\":\"https:\/\/hammertimecafe.hu\/#website\"},\"primaryImageOfPage\":{\"@id\":\"https:\/\/hammertimecafe.hu\/termek\/space-marines-primaris-apothecary\/#primaryimage\"},\"image\":{\"@id\":\"https:\/\/hammertimecafe.hu\/termek\/space-marines-primaris-apothecary\/#primaryimage\"},\"thumbnailUrl\":\"https:\/\/hammertimecafe.hu\/app\/uploads\/2025\/10\/99070101060.jpg\",\"datePublished\":\"2025-10-29T00:52:49+00:00\",\"dateModified\":\"2026-04-30T21:16:26+00:00\",\"description\":\"SPACE MARINES PRIMARIS APOTHECARY\",\"breadcrumb\":{\"@id\":\"https:\/\/hammertimecafe.hu\/termek\/space-marines-primaris-apothecary\/#breadcrumb\"},\"inLanguage\":\"en-US\",\"potentialAction\":[{\"@type\":\"ReadAction\",\"target\":[\"https:\/\/hammertimecafe.hu\/termek\/space-marines-primaris-apothecary\/\"]}]},{\"@type\":\"ImageObject\",\"inLanguage\":\"en-US\",\"@id\":\"https:\/\/hammertimecafe.hu\/termek\/space-marines-primaris-apothecary\/#primaryimage\",\"url\":\"https:\/\/hammertimecafe.hu\/app\/uploads\/2025\/10\/99070101060.jpg\",\"contentUrl\":\"https:\/\/hammertimecafe.hu\/app\/uploads\/2025\/10\/99070101060.jpg\",\"width\":1162,\"height\":1200},{\"@type\":\"BreadcrumbList\",\"@id\":\"https:\/\/hammertimecafe.hu\/termek\/space-marines-primaris-apothecary\/#breadcrumb\",\"itemListElement\":[{\"@type\":\"ListItem\",\"position\":1,\"name\":\"Home\",\"item\":\"https:\/\/hammertimecafe.hu\/\"},{\"@type\":\"ListItem\",\"position\":2,\"name\":\"Shop\",\"item\":\"https:\/\/hammertimecafe.hu\/uzlet\/\"},{\"@type\":\"ListItem\",\"position\":3,\"name\":\"SPACE MARINES PRIMARIS APOTHECARY\"}]},{\"@type\":\"WebSite\",\"@id\":\"https:\/\/hammertimecafe.hu\/#website\",\"url\":\"https:\/\/hammertimecafe.hu\/\",\"name\":\"Hammertimecafe\",\"description\":\"A HammerTime Cafe Hivatalos Weboldala \u00e9s Webshopja.\",\"publisher\":{\"@id\":\"https:\/\/hammertimecafe.hu\/#organization\"},\"potentialAction\":[{\"@type\":\"SearchAction\",\"target\":{\"@type\":\"EntryPoint\",\"urlTemplate\":\"https:\/\/hammertimecafe.hu\/?s={search_term_string}\"},\"query-input\":{\"@type\":\"PropertyValueSpecification\",\"valueRequired\":true,\"valueName\":\"search_term_string\"}}],\"inLanguage\":\"en-US\"},{\"@type\":\"Organization\",\"@id\":\"https:\/\/hammertimecafe.hu\/#organization\",\"name\":\"Hammertimecafe\",\"url\":\"https:\/\/hammertimecafe.hu\/\",\"logo\":{\"@type\":\"ImageObject\",\"inLanguage\":\"en-US\",\"@id\":\"https:\/\/hammertimecafe.hu\/#\/schema\/logo\/image\/\",\"url\":\"https:\/\/htcwoo.test\/app\/uploads\/2025\/08\/logo_of_htc.png\",\"contentUrl\":\"https:\/\/htcwoo.test\/app\/uploads\/2025\/08\/logo_of_htc.png\",\"width\":166,\"height\":73,\"caption\":\"Hammertimecafe\"},\"image\":{\"@id\":\"https:\/\/hammertimecafe.hu\/#\/schema\/logo\/image\/\"}}]}<\/script>\n<!-- \/ Yoast SEO Premium plugin. -->","yoast_head_json":{"title":"SPACE MARINES PRIMARIS APOTHECARY","description":"SPACE MARINES PRIMARIS APOTHECARY","robots":{"index":"index","follow":"follow","max-snippet":"max-snippet:-1","max-image-preview":"max-image-preview:large","max-video-preview":"max-video-preview:-1"},"canonical":"https:\/\/hammertimecafe.hu\/en\/product\/space-marines-primaris-apothecary\/","og_locale":"en_US","og_type":"article","og_title":"SPACE MARINES PRIMARIS APOTHECARY","og_description":"SPACE MARINES PRIMARIS APOTHECARY","og_url":"https:\/\/hammertimecafe.hu\/en\/product\/space-marines-primaris-apothecary\/","og_site_name":"HammerTime Cafe Webshop","article_modified_time":"2026-04-30T21:16:26+00:00","og_image":[{"width":1162,"height":1200,"url":"https:\/\/hammertimecafe.hu\/app\/uploads\/2025\/10\/99070101060.jpg","type":"image\/jpeg"}],"twitter_card":"summary_large_image","schema":{"@context":"https:\/\/schema.org","@graph":[{"@type":"WebPage","@id":"https:\/\/hammertimecafe.hu\/termek\/space-marines-primaris-apothecary\/","url":"https:\/\/hammertimecafe.hu\/termek\/space-marines-primaris-apothecary\/","name":"SPACE MARINES PRIMARIS APOTHECARY","isPartOf":{"@id":"https:\/\/hammertimecafe.hu\/#website"},"primaryImageOfPage":{"@id":"https:\/\/hammertimecafe.hu\/termek\/space-marines-primaris-apothecary\/#primaryimage"},"image":{"@id":"https:\/\/hammertimecafe.hu\/termek\/space-marines-primaris-apothecary\/#primaryimage"},"thumbnailUrl":"https:\/\/hammertimecafe.hu\/app\/uploads\/2025\/10\/99070101060.jpg","datePublished":"2025-10-29T00:52:49+00:00","dateModified":"2026-04-30T21:16:26+00:00","description":"SPACE MARINES PRIMARIS APOTHECARY","breadcrumb":{"@id":"https:\/\/hammertimecafe.hu\/termek\/space-marines-primaris-apothecary\/#breadcrumb"},"inLanguage":"en-US","potentialAction":[{"@type":"ReadAction","target":["https:\/\/hammertimecafe.hu\/termek\/space-marines-primaris-apothecary\/"]}]},{"@type":"ImageObject","inLanguage":"en-US","@id":"https:\/\/hammertimecafe.hu\/termek\/space-marines-primaris-apothecary\/#primaryimage","url":"https:\/\/hammertimecafe.hu\/app\/uploads\/2025\/10\/99070101060.jpg","contentUrl":"https:\/\/hammertimecafe.hu\/app\/uploads\/2025\/10\/99070101060.jpg","width":1162,"height":1200},{"@type":"BreadcrumbList","@id":"https:\/\/hammertimecafe.hu\/termek\/space-marines-primaris-apothecary\/#breadcrumb","itemListElement":[{"@type":"ListItem","position":1,"name":"Home","item":"https:\/\/hammertimecafe.hu\/"},{"@type":"ListItem","position":2,"name":"Shop","item":"https:\/\/hammertimecafe.hu\/uzlet\/"},{"@type":"ListItem","position":3,"name":"SPACE MARINES PRIMARIS APOTHECARY"}]},{"@type":"WebSite","@id":"https:\/\/hammertimecafe.hu\/#website","url":"https:\/\/hammertimecafe.hu\/","name":"Hammertimecafe","description":"The Official Website and Webshop of HammerTime Cafe.","publisher":{"@id":"https:\/\/hammertimecafe.hu\/#organization"},"potentialAction":[{"@type":"SearchAction","target":{"@type":"EntryPoint","urlTemplate":"https:\/\/hammertimecafe.hu\/?s={search_term_string}"},"query-input":{"@type":"PropertyValueSpecification","valueRequired":true,"valueName":"search_term_string"}}],"inLanguage":"en-US"},{"@type":"Organization","@id":"https:\/\/hammertimecafe.hu\/#organization","name":"Hammertimecafe","url":"https:\/\/hammertimecafe.hu\/","logo":{"@type":"ImageObject","inLanguage":"en-US","@id":"https:\/\/hammertimecafe.hu\/#\/schema\/logo\/image\/","url":"https:\/\/htcwoo.test\/app\/uploads\/2025\/08\/logo_of_htc.png","contentUrl":"https:\/\/htcwoo.test\/app\/uploads\/2025\/08\/logo_of_htc.png","width":166,"height":73,"caption":"Hammertimecafe"},"image":{"@id":"https:\/\/hammertimecafe.hu\/#\/schema\/logo\/image\/"}}]}},"_links":{"self":[{"href":"https:\/\/hammertimecafe.hu\/en\/wp-json\/wp\/v2\/product\/3110","targetHints":{"allow":["GET"]}}],"collection":[{"href":"https:\/\/hammertimecafe.hu\/en\/wp-json\/wp\/v2\/product"}],"about":[{"href":"https:\/\/hammertimecafe.hu\/en\/wp-json\/wp\/v2\/types\/product"}],"replies":[{"embeddable":true,"href":"https:\/\/hammertimecafe.hu\/en\/wp-json\/wp\/v2\/comments?post=3110"}],"wp:featuredmedia":[{"embeddable":true,"href":"https:\/\/hammertimecafe.hu\/en\/wp-json\/wp\/v2\/media\/9358"}],"wp:attachment":[{"href":"https:\/\/hammertimecafe.hu\/en\/wp-json\/wp\/v2\/media?parent=3110"}],"wp:term":[{"taxonomy":"product_brand","embeddable":true,"href":"https:\/\/hammertimecafe.hu\/en\/wp-json\/wp\/v2\/product_brand?post=3110"},{"taxonomy":"product_cat","embeddable":true,"href":"https:\/\/hammertimecafe.hu\/en\/wp-json\/wp\/v2\/product_cat?post=3110"},{"taxonomy":"product_tag","embeddable":true,"href":"https:\/\/hammertimecafe.hu\/en\/wp-json\/wp\/v2\/product_tag?post=3110"}],"curies":[{"name":"wp","href":"https:\/\/api.w.org\/{rel}","templated":true}]}}