{"id":3124,"date":"2025-10-29T01:53:05","date_gmt":"2025-10-29T00:53:05","guid":{"rendered":"https:\/\/htcwoo.test\/termek\/typhus-herald-of-the-plague-god\/"},"modified":"2026-04-19T20:49:31","modified_gmt":"2026-04-19T18:49:31","slug":"typhus-herald-of-the-plague-god","status":"publish","type":"product","link":"https:\/\/hammertimecafe.hu\/en\/product\/typhus-herald-of-the-plague-god\/","title":{"rendered":"DEATH GUARD: TYPHUS HERALD OF THE PLAGUE GOD"},"content":{"rendered":"<p>Typhus, Mortarion els\u0151 rag&aacute;ly sz&aacute;zad&aacute;nak vezet\u0151je &eacute;s a legh&iacute;rhedtebb parancsnoka a d&ouml;gv&eacute;sz flott&aacute;nak. \u0150si haj&oacute;j&aacute;r&oacute;l, a Terminus Est-r\u0151l, terjeszti Nurgle betegs&eacute;g&eacute;t &eacute;s a szenved&eacute;st a galaxis minden r&eacute;sz&eacute;be. A birodalmi bolyg&oacute;kon, a fert\u0151z&eacute;se &aacute;ltal, a halottak is &eacute;letre kelnek, akiket csak pestis zombiknak neveznek. Harap&aacute;suk &aacute;ltal tov&aacute;bb terjed Nurgle &rdquo;&aacute;ld&aacute;sa&rdquo; &eacute;s ezzel a k&aacute;osz is az Ember Birodalm&aacute;ban.<\/p>\n<p>A doboz 1 figur&aacute;t tartalmaz.<\/p>\n<p> A figur&aacute;k ragaszt&aacute;st &eacute;s fest&eacute;st ig&eacute;nyelnek!<\/p>","protected":false},"excerpt":{"rendered":"<p>Typhus, Mortarion els\u0151 rag&aacute;ly sz&aacute;zad&aacute;nak vezet\u0151je &eacute;s a legh&iacute;rhedtebb parancsnoka a d&ouml;gv&eacute;sz flott&aacute;nak. \u0150si haj&oacute;j&aacute;r&oacute;l, a Terminus Est-r\u0151l, terjeszti Nurgle betegs&eacute;g&eacute;t &eacute;s a szenved&eacute;st a galaxis minden r&eacute;sz&eacute;be. A birodalmi bolyg&oacute;kon, a fert\u0151z&eacute;se &aacute;ltal, a halottak is &eacute;letre kelnek, akiket csak pestis zombiknak neveznek. Harap&aacute;suk &aacute;ltal tov&aacute;bb terjed Nurgle &rdquo;&aacute;ld&aacute;sa&rdquo; &eacute;s ezzel a k&aacute;osz is az Ember Birodalm&aacute;ban.<\/p>","protected":false},"featured_media":9396,"comment_status":"open","ping_status":"closed","template":"","meta":{"_acf_changed":false},"product_brand":[46],"product_cat":[19],"product_tag":[],"class_list":{"0":"post-3124","1":"product","2":"type-product","3":"status-publish","4":"has-post-thumbnail","6":"product_brand-games-workshop","7":"product_cat-wargame","9":"first","10":"instock","11":"sale","12":"taxable","13":"shipping-taxable","14":"purchasable","15":"product-type-simple"},"acf":[],"yoast_head":"<!-- This site is optimized with the Yoast SEO Premium plugin v25.6 (Yoast SEO v25.6) - https:\/\/yoast.com\/wordpress\/plugins\/seo\/ -->\n<title>DEATH GUARD: TYPHUS HERALD OF THE PLAGUE GOD - HammerTime Cafe Webshop<\/title>\n<meta name=\"robots\" content=\"index, follow, max-snippet:-1, max-image-preview:large, max-video-preview:-1\" \/>\n<link rel=\"canonical\" href=\"https:\/\/hammertimecafe.hu\/en\/product\/typhus-herald-of-the-plague-god\/\" \/>\n<meta property=\"og:locale\" content=\"en_US\" \/>\n<meta property=\"og:type\" content=\"article\" \/>\n<meta property=\"og:title\" content=\"DEATH GUARD: TYPHUS HERALD OF THE PLAGUE GOD\" \/>\n<meta property=\"og:description\" content=\"Typhus, Mortarion els\u0151 rag&aacute;ly sz&aacute;zad&aacute;nak vezet\u0151je &eacute;s a legh&iacute;rhedtebb parancsnoka a d&ouml;gv&eacute;sz flott&aacute;nak. \u0150si haj&oacute;j&aacute;r&oacute;l, a Terminus Est-r\u0151l, terjeszti Nurgle betegs&eacute;g&eacute;t &eacute;s a szenved&eacute;st a galaxis minden r&eacute;sz&eacute;be. A birodalmi bolyg&oacute;kon, a fert\u0151z&eacute;se &aacute;ltal, a halottak is &eacute;letre kelnek, akiket csak pestis zombiknak neveznek. Harap&aacute;suk &aacute;ltal tov&aacute;bb terjed Nurgle &rdquo;&aacute;ld&aacute;sa&rdquo; &eacute;s ezzel a k&aacute;osz is az Ember Birodalm&aacute;ban.\" \/>\n<meta property=\"og:url\" content=\"https:\/\/hammertimecafe.hu\/en\/product\/typhus-herald-of-the-plague-god\/\" \/>\n<meta property=\"og:site_name\" content=\"HammerTime Cafe Webshop\" \/>\n<meta property=\"article:modified_time\" content=\"2026-04-19T18:49:31+00:00\" \/>\n<meta property=\"og:image\" content=\"https:\/\/hammertimecafe.hu\/app\/uploads\/2025\/10\/99120102076_1.jpg\" \/>\n\t<meta property=\"og:image:width\" content=\"600\" \/>\n\t<meta property=\"og:image:height\" content=\"620\" \/>\n\t<meta property=\"og:image:type\" content=\"image\/jpeg\" \/>\n<meta name=\"twitter:card\" content=\"summary_large_image\" \/>\n<meta name=\"twitter:label1\" content=\"Est. reading time\" \/>\n\t<meta name=\"twitter:data1\" content=\"1 minute\" \/>\n<script type=\"application\/ld+json\" class=\"yoast-schema-graph\">{\"@context\":\"https:\/\/schema.org\",\"@graph\":[{\"@type\":\"WebPage\",\"@id\":\"https:\/\/hammertimecafe.hu\/termek\/typhus-herald-of-the-plague-god\/\",\"url\":\"https:\/\/hammertimecafe.hu\/termek\/typhus-herald-of-the-plague-god\/\",\"name\":\"DEATH GUARD: TYPHUS HERALD OF THE PLAGUE GOD - HammerTime Cafe Webshop\",\"isPartOf\":{\"@id\":\"https:\/\/hammertimecafe.hu\/#website\"},\"primaryImageOfPage\":{\"@id\":\"https:\/\/hammertimecafe.hu\/termek\/typhus-herald-of-the-plague-god\/#primaryimage\"},\"image\":{\"@id\":\"https:\/\/hammertimecafe.hu\/termek\/typhus-herald-of-the-plague-god\/#primaryimage\"},\"thumbnailUrl\":\"https:\/\/hammertimecafe.hu\/app\/uploads\/2025\/10\/99120102076_1.jpg\",\"datePublished\":\"2025-10-29T00:53:05+00:00\",\"dateModified\":\"2026-04-19T18:49:31+00:00\",\"breadcrumb\":{\"@id\":\"https:\/\/hammertimecafe.hu\/termek\/typhus-herald-of-the-plague-god\/#breadcrumb\"},\"inLanguage\":\"en-US\",\"potentialAction\":[{\"@type\":\"ReadAction\",\"target\":[\"https:\/\/hammertimecafe.hu\/termek\/typhus-herald-of-the-plague-god\/\"]}]},{\"@type\":\"ImageObject\",\"inLanguage\":\"en-US\",\"@id\":\"https:\/\/hammertimecafe.hu\/termek\/typhus-herald-of-the-plague-god\/#primaryimage\",\"url\":\"https:\/\/hammertimecafe.hu\/app\/uploads\/2025\/10\/99120102076_1.jpg\",\"contentUrl\":\"https:\/\/hammertimecafe.hu\/app\/uploads\/2025\/10\/99120102076_1.jpg\",\"width\":600,\"height\":620},{\"@type\":\"BreadcrumbList\",\"@id\":\"https:\/\/hammertimecafe.hu\/termek\/typhus-herald-of-the-plague-god\/#breadcrumb\",\"itemListElement\":[{\"@type\":\"ListItem\",\"position\":1,\"name\":\"Home\",\"item\":\"https:\/\/hammertimecafe.hu\/\"},{\"@type\":\"ListItem\",\"position\":2,\"name\":\"Shop\",\"item\":\"https:\/\/hammertimecafe.hu\/uzlet\/\"},{\"@type\":\"ListItem\",\"position\":3,\"name\":\"DEATH GUARD: TYPHUS HERALD OF THE PLAGUE GOD\"}]},{\"@type\":\"WebSite\",\"@id\":\"https:\/\/hammertimecafe.hu\/#website\",\"url\":\"https:\/\/hammertimecafe.hu\/\",\"name\":\"Hammertimecafe\",\"description\":\"A HammerTime Cafe Hivatalos Weboldala \u00e9s Webshopja.\",\"publisher\":{\"@id\":\"https:\/\/hammertimecafe.hu\/#organization\"},\"potentialAction\":[{\"@type\":\"SearchAction\",\"target\":{\"@type\":\"EntryPoint\",\"urlTemplate\":\"https:\/\/hammertimecafe.hu\/?s={search_term_string}\"},\"query-input\":{\"@type\":\"PropertyValueSpecification\",\"valueRequired\":true,\"valueName\":\"search_term_string\"}}],\"inLanguage\":\"en-US\"},{\"@type\":\"Organization\",\"@id\":\"https:\/\/hammertimecafe.hu\/#organization\",\"name\":\"Hammertimecafe\",\"url\":\"https:\/\/hammertimecafe.hu\/\",\"logo\":{\"@type\":\"ImageObject\",\"inLanguage\":\"en-US\",\"@id\":\"https:\/\/hammertimecafe.hu\/#\/schema\/logo\/image\/\",\"url\":\"https:\/\/htcwoo.test\/app\/uploads\/2025\/08\/logo_of_htc.png\",\"contentUrl\":\"https:\/\/htcwoo.test\/app\/uploads\/2025\/08\/logo_of_htc.png\",\"width\":166,\"height\":73,\"caption\":\"Hammertimecafe\"},\"image\":{\"@id\":\"https:\/\/hammertimecafe.hu\/#\/schema\/logo\/image\/\"}}]}<\/script>\n<!-- \/ Yoast SEO Premium plugin. -->","yoast_head_json":{"title":"DEATH GUARD: TYPHUS HERALD OF THE PLAGUE GOD - HammerTime Cafe Webshop","robots":{"index":"index","follow":"follow","max-snippet":"max-snippet:-1","max-image-preview":"max-image-preview:large","max-video-preview":"max-video-preview:-1"},"canonical":"https:\/\/hammertimecafe.hu\/en\/product\/typhus-herald-of-the-plague-god\/","og_locale":"en_US","og_type":"article","og_title":"DEATH GUARD: TYPHUS HERALD OF THE PLAGUE GOD","og_description":"Typhus, Mortarion els\u0151 rag&aacute;ly sz&aacute;zad&aacute;nak vezet\u0151je &eacute;s a legh&iacute;rhedtebb parancsnoka a d&ouml;gv&eacute;sz flott&aacute;nak. \u0150si haj&oacute;j&aacute;r&oacute;l, a Terminus Est-r\u0151l, terjeszti Nurgle betegs&eacute;g&eacute;t &eacute;s a szenved&eacute;st a galaxis minden r&eacute;sz&eacute;be. A birodalmi bolyg&oacute;kon, a fert\u0151z&eacute;se &aacute;ltal, a halottak is &eacute;letre kelnek, akiket csak pestis zombiknak neveznek. Harap&aacute;suk &aacute;ltal tov&aacute;bb terjed Nurgle &rdquo;&aacute;ld&aacute;sa&rdquo; &eacute;s ezzel a k&aacute;osz is az Ember Birodalm&aacute;ban.","og_url":"https:\/\/hammertimecafe.hu\/en\/product\/typhus-herald-of-the-plague-god\/","og_site_name":"HammerTime Cafe Webshop","article_modified_time":"2026-04-19T18:49:31+00:00","og_image":[{"width":600,"height":620,"url":"https:\/\/hammertimecafe.hu\/app\/uploads\/2025\/10\/99120102076_1.jpg","type":"image\/jpeg"}],"twitter_card":"summary_large_image","twitter_misc":{"Est. reading time":"1 minute"},"schema":{"@context":"https:\/\/schema.org","@graph":[{"@type":"WebPage","@id":"https:\/\/hammertimecafe.hu\/termek\/typhus-herald-of-the-plague-god\/","url":"https:\/\/hammertimecafe.hu\/termek\/typhus-herald-of-the-plague-god\/","name":"DEATH GUARD: TYPHUS HERALD OF THE PLAGUE GOD - HammerTime Cafe Webshop","isPartOf":{"@id":"https:\/\/hammertimecafe.hu\/#website"},"primaryImageOfPage":{"@id":"https:\/\/hammertimecafe.hu\/termek\/typhus-herald-of-the-plague-god\/#primaryimage"},"image":{"@id":"https:\/\/hammertimecafe.hu\/termek\/typhus-herald-of-the-plague-god\/#primaryimage"},"thumbnailUrl":"https:\/\/hammertimecafe.hu\/app\/uploads\/2025\/10\/99120102076_1.jpg","datePublished":"2025-10-29T00:53:05+00:00","dateModified":"2026-04-19T18:49:31+00:00","breadcrumb":{"@id":"https:\/\/hammertimecafe.hu\/termek\/typhus-herald-of-the-plague-god\/#breadcrumb"},"inLanguage":"en-US","potentialAction":[{"@type":"ReadAction","target":["https:\/\/hammertimecafe.hu\/termek\/typhus-herald-of-the-plague-god\/"]}]},{"@type":"ImageObject","inLanguage":"en-US","@id":"https:\/\/hammertimecafe.hu\/termek\/typhus-herald-of-the-plague-god\/#primaryimage","url":"https:\/\/hammertimecafe.hu\/app\/uploads\/2025\/10\/99120102076_1.jpg","contentUrl":"https:\/\/hammertimecafe.hu\/app\/uploads\/2025\/10\/99120102076_1.jpg","width":600,"height":620},{"@type":"BreadcrumbList","@id":"https:\/\/hammertimecafe.hu\/termek\/typhus-herald-of-the-plague-god\/#breadcrumb","itemListElement":[{"@type":"ListItem","position":1,"name":"Home","item":"https:\/\/hammertimecafe.hu\/"},{"@type":"ListItem","position":2,"name":"Shop","item":"https:\/\/hammertimecafe.hu\/uzlet\/"},{"@type":"ListItem","position":3,"name":"DEATH GUARD: TYPHUS HERALD OF THE PLAGUE GOD"}]},{"@type":"WebSite","@id":"https:\/\/hammertimecafe.hu\/#website","url":"https:\/\/hammertimecafe.hu\/","name":"Hammertimecafe","description":"The Official Website and Webshop of HammerTime Cafe.","publisher":{"@id":"https:\/\/hammertimecafe.hu\/#organization"},"potentialAction":[{"@type":"SearchAction","target":{"@type":"EntryPoint","urlTemplate":"https:\/\/hammertimecafe.hu\/?s={search_term_string}"},"query-input":{"@type":"PropertyValueSpecification","valueRequired":true,"valueName":"search_term_string"}}],"inLanguage":"en-US"},{"@type":"Organization","@id":"https:\/\/hammertimecafe.hu\/#organization","name":"Hammertimecafe","url":"https:\/\/hammertimecafe.hu\/","logo":{"@type":"ImageObject","inLanguage":"en-US","@id":"https:\/\/hammertimecafe.hu\/#\/schema\/logo\/image\/","url":"https:\/\/htcwoo.test\/app\/uploads\/2025\/08\/logo_of_htc.png","contentUrl":"https:\/\/htcwoo.test\/app\/uploads\/2025\/08\/logo_of_htc.png","width":166,"height":73,"caption":"Hammertimecafe"},"image":{"@id":"https:\/\/hammertimecafe.hu\/#\/schema\/logo\/image\/"}}]}},"_links":{"self":[{"href":"https:\/\/hammertimecafe.hu\/en\/wp-json\/wp\/v2\/product\/3124","targetHints":{"allow":["GET"]}}],"collection":[{"href":"https:\/\/hammertimecafe.hu\/en\/wp-json\/wp\/v2\/product"}],"about":[{"href":"https:\/\/hammertimecafe.hu\/en\/wp-json\/wp\/v2\/types\/product"}],"replies":[{"embeddable":true,"href":"https:\/\/hammertimecafe.hu\/en\/wp-json\/wp\/v2\/comments?post=3124"}],"wp:featuredmedia":[{"embeddable":true,"href":"https:\/\/hammertimecafe.hu\/en\/wp-json\/wp\/v2\/media\/9396"}],"wp:attachment":[{"href":"https:\/\/hammertimecafe.hu\/en\/wp-json\/wp\/v2\/media?parent=3124"}],"wp:term":[{"taxonomy":"product_brand","embeddable":true,"href":"https:\/\/hammertimecafe.hu\/en\/wp-json\/wp\/v2\/product_brand?post=3124"},{"taxonomy":"product_cat","embeddable":true,"href":"https:\/\/hammertimecafe.hu\/en\/wp-json\/wp\/v2\/product_cat?post=3124"},{"taxonomy":"product_tag","embeddable":true,"href":"https:\/\/hammertimecafe.hu\/en\/wp-json\/wp\/v2\/product_tag?post=3124"}],"curies":[{"name":"wp","href":"https:\/\/api.w.org\/{rel}","templated":true}]}}