{"id":3151,"date":"2025-10-29T01:53:37","date_gmt":"2025-10-29T00:53:37","guid":{"rendered":"https:\/\/htcwoo.test\/termek\/daughters-of-khaine-morathi\/"},"modified":"2026-04-19T20:49:27","modified_gmt":"2026-04-19T18:49:27","slug":"daughters-of-khaine-morathi","status":"publish","type":"product","link":"https:\/\/hammertimecafe.hu\/en\/product\/daughters-of-khaine-morathi\/","title":{"rendered":"DAUGHTERS OF KHAINE: MORATHI"},"content":{"rendered":"<p>Morathi, az aelf teretm&eacute;ny mely a m&aacute;gia, manipul&aacute;ci&oacute; urn\u0151je, \u0150 Khaine f\u0151 Or&aacute;kuluma. Hatalmas s&ouml;t&eacute;t m&aacute;gi&aacute;val meg&aacute;ldott kreat&uacute;ra ki r&aacute;szolg&aacute;lt az &Aacute;rnyak Kir&aacute;lyn\u0151je n&eacute;vre s ki Heartrendert forgatva v&aacute;g v&eacute;r&aacute;ztatta gyalog&ouml;sv&eacute;nyt az ellens&eacute;g soraiba.<\/p>\n<p>A doboz k&eacute;t figur&aacute;t tartalmaz!<\/p>\n<p>-High Oracle of Khaine<\/p>\n<p>-Shadow Queen<\/p>\n<p>A figur&aacute;k ragaszt&aacute;st &eacute;s fest&eacute;st ig&eacute;nyelnek!<\/p>","protected":false},"excerpt":{"rendered":"<p>Morathi, az aelf teretm\u00e9ny mely a m\u00e1gia, manipul\u00e1ci\u00f3 urn\u0151je, \u0150 Khaine f\u0151 Or\u00e1kuluma. Hatalmas s\u00f6t\u00e9t m\u00e1gi\u00e1val meg\u00e1ldott kreat\u00fara ki r\u00e1szolg\u00e1lt az \u00c1rnyak Kir\u00e1lyn\u0151je n\u00e9vre s ki Heartrendert forgatva v\u00e1g v\u00e9r\u00e1ztatta gyalog\u00f6sv\u00e9nyt az ellens\u00e9g soraiba.<\/p>","protected":false},"featured_media":9502,"comment_status":"open","ping_status":"closed","template":"","meta":{"_acf_changed":false},"product_brand":[46],"product_cat":[179,19,42],"product_tag":[],"class_list":{"0":"post-3151","1":"product","2":"type-product","3":"status-publish","4":"has-post-thumbnail","6":"product_brand-games-workshop","7":"product_cat-daughters-of-khaine","8":"product_cat-wargame","9":"product_cat-warhammer-age-of-sigmar","11":"first","12":"onbackorder","13":"sale","14":"taxable","15":"shipping-taxable","16":"purchasable","17":"product-type-simple"},"acf":[],"yoast_head":"<!-- This site is optimized with the Yoast SEO Premium plugin v25.6 (Yoast SEO v25.6) - https:\/\/yoast.com\/wordpress\/plugins\/seo\/ -->\n<title>DAUGHTERS OF KHAINE: MORATHI - HammerTime Cafe Webshop<\/title>\n<meta name=\"robots\" content=\"index, follow, max-snippet:-1, max-image-preview:large, max-video-preview:-1\" \/>\n<link rel=\"canonical\" href=\"https:\/\/hammertimecafe.hu\/en\/product\/daughters-of-khaine-morathi\/\" \/>\n<meta property=\"og:locale\" content=\"en_US\" \/>\n<meta property=\"og:type\" content=\"article\" \/>\n<meta property=\"og:title\" content=\"DAUGHTERS OF KHAINE: MORATHI\" \/>\n<meta property=\"og:description\" content=\"Morathi, az aelf teretm\u00e9ny mely a m\u00e1gia, manipul\u00e1ci\u00f3 urn\u0151je, \u0150 Khaine f\u0151 Or\u00e1kuluma. Hatalmas s\u00f6t\u00e9t m\u00e1gi\u00e1val meg\u00e1ldott kreat\u00fara ki r\u00e1szolg\u00e1lt az \u00c1rnyak Kir\u00e1lyn\u0151je n\u00e9vre s ki Heartrendert forgatva v\u00e1g v\u00e9r\u00e1ztatta gyalog\u00f6sv\u00e9nyt az ellens\u00e9g soraiba.\" \/>\n<meta property=\"og:url\" content=\"https:\/\/hammertimecafe.hu\/en\/product\/daughters-of-khaine-morathi\/\" \/>\n<meta property=\"og:site_name\" content=\"HammerTime Cafe Webshop\" \/>\n<meta property=\"article:modified_time\" content=\"2026-04-19T18:49:27+00:00\" \/>\n<meta property=\"og:image\" content=\"https:\/\/hammertimecafe.hu\/app\/uploads\/2025\/10\/99120212015_1.jpg\" \/>\n\t<meta property=\"og:image:width\" content=\"920\" \/>\n\t<meta property=\"og:image:height\" content=\"950\" \/>\n\t<meta property=\"og:image:type\" content=\"image\/jpeg\" \/>\n<meta name=\"twitter:card\" content=\"summary_large_image\" \/>\n<meta name=\"twitter:label1\" content=\"Est. reading time\" \/>\n\t<meta name=\"twitter:data1\" content=\"1 minute\" \/>\n<script type=\"application\/ld+json\" class=\"yoast-schema-graph\">{\"@context\":\"https:\/\/schema.org\",\"@graph\":[{\"@type\":\"WebPage\",\"@id\":\"https:\/\/hammertimecafe.hu\/termek\/daughters-of-khaine-morathi\/\",\"url\":\"https:\/\/hammertimecafe.hu\/termek\/daughters-of-khaine-morathi\/\",\"name\":\"DAUGHTERS OF KHAINE: MORATHI - HammerTime Cafe Webshop\",\"isPartOf\":{\"@id\":\"https:\/\/hammertimecafe.hu\/#website\"},\"primaryImageOfPage\":{\"@id\":\"https:\/\/hammertimecafe.hu\/termek\/daughters-of-khaine-morathi\/#primaryimage\"},\"image\":{\"@id\":\"https:\/\/hammertimecafe.hu\/termek\/daughters-of-khaine-morathi\/#primaryimage\"},\"thumbnailUrl\":\"https:\/\/hammertimecafe.hu\/app\/uploads\/2025\/10\/99120212015_1.jpg\",\"datePublished\":\"2025-10-29T00:53:37+00:00\",\"dateModified\":\"2026-04-19T18:49:27+00:00\",\"breadcrumb\":{\"@id\":\"https:\/\/hammertimecafe.hu\/termek\/daughters-of-khaine-morathi\/#breadcrumb\"},\"inLanguage\":\"en-US\",\"potentialAction\":[{\"@type\":\"ReadAction\",\"target\":[\"https:\/\/hammertimecafe.hu\/termek\/daughters-of-khaine-morathi\/\"]}]},{\"@type\":\"ImageObject\",\"inLanguage\":\"en-US\",\"@id\":\"https:\/\/hammertimecafe.hu\/termek\/daughters-of-khaine-morathi\/#primaryimage\",\"url\":\"https:\/\/hammertimecafe.hu\/app\/uploads\/2025\/10\/99120212015_1.jpg\",\"contentUrl\":\"https:\/\/hammertimecafe.hu\/app\/uploads\/2025\/10\/99120212015_1.jpg\",\"width\":920,\"height\":950},{\"@type\":\"BreadcrumbList\",\"@id\":\"https:\/\/hammertimecafe.hu\/termek\/daughters-of-khaine-morathi\/#breadcrumb\",\"itemListElement\":[{\"@type\":\"ListItem\",\"position\":1,\"name\":\"Home\",\"item\":\"https:\/\/hammertimecafe.hu\/\"},{\"@type\":\"ListItem\",\"position\":2,\"name\":\"Shop\",\"item\":\"https:\/\/hammertimecafe.hu\/uzlet\/\"},{\"@type\":\"ListItem\",\"position\":3,\"name\":\"DAUGHTERS OF KHAINE: MORATHI\"}]},{\"@type\":\"WebSite\",\"@id\":\"https:\/\/hammertimecafe.hu\/#website\",\"url\":\"https:\/\/hammertimecafe.hu\/\",\"name\":\"Hammertimecafe\",\"description\":\"A HammerTime Cafe Hivatalos Weboldala \u00e9s Webshopja.\",\"publisher\":{\"@id\":\"https:\/\/hammertimecafe.hu\/#organization\"},\"potentialAction\":[{\"@type\":\"SearchAction\",\"target\":{\"@type\":\"EntryPoint\",\"urlTemplate\":\"https:\/\/hammertimecafe.hu\/?s={search_term_string}\"},\"query-input\":{\"@type\":\"PropertyValueSpecification\",\"valueRequired\":true,\"valueName\":\"search_term_string\"}}],\"inLanguage\":\"en-US\"},{\"@type\":\"Organization\",\"@id\":\"https:\/\/hammertimecafe.hu\/#organization\",\"name\":\"Hammertimecafe\",\"url\":\"https:\/\/hammertimecafe.hu\/\",\"logo\":{\"@type\":\"ImageObject\",\"inLanguage\":\"en-US\",\"@id\":\"https:\/\/hammertimecafe.hu\/#\/schema\/logo\/image\/\",\"url\":\"https:\/\/htcwoo.test\/app\/uploads\/2025\/08\/logo_of_htc.png\",\"contentUrl\":\"https:\/\/htcwoo.test\/app\/uploads\/2025\/08\/logo_of_htc.png\",\"width\":166,\"height\":73,\"caption\":\"Hammertimecafe\"},\"image\":{\"@id\":\"https:\/\/hammertimecafe.hu\/#\/schema\/logo\/image\/\"}}]}<\/script>\n<!-- \/ Yoast SEO Premium plugin. -->","yoast_head_json":{"title":"DAUGHTERS OF KHAINE: MORATHI - HammerTime Cafe Webshop","robots":{"index":"index","follow":"follow","max-snippet":"max-snippet:-1","max-image-preview":"max-image-preview:large","max-video-preview":"max-video-preview:-1"},"canonical":"https:\/\/hammertimecafe.hu\/en\/product\/daughters-of-khaine-morathi\/","og_locale":"en_US","og_type":"article","og_title":"DAUGHTERS OF KHAINE: MORATHI","og_description":"Morathi, az aelf teretm\u00e9ny mely a m\u00e1gia, manipul\u00e1ci\u00f3 urn\u0151je, \u0150 Khaine f\u0151 Or\u00e1kuluma. Hatalmas s\u00f6t\u00e9t m\u00e1gi\u00e1val meg\u00e1ldott kreat\u00fara ki r\u00e1szolg\u00e1lt az \u00c1rnyak Kir\u00e1lyn\u0151je n\u00e9vre s ki Heartrendert forgatva v\u00e1g v\u00e9r\u00e1ztatta gyalog\u00f6sv\u00e9nyt az ellens\u00e9g soraiba.","og_url":"https:\/\/hammertimecafe.hu\/en\/product\/daughters-of-khaine-morathi\/","og_site_name":"HammerTime Cafe Webshop","article_modified_time":"2026-04-19T18:49:27+00:00","og_image":[{"width":920,"height":950,"url":"https:\/\/hammertimecafe.hu\/app\/uploads\/2025\/10\/99120212015_1.jpg","type":"image\/jpeg"}],"twitter_card":"summary_large_image","twitter_misc":{"Est. reading time":"1 minute"},"schema":{"@context":"https:\/\/schema.org","@graph":[{"@type":"WebPage","@id":"https:\/\/hammertimecafe.hu\/termek\/daughters-of-khaine-morathi\/","url":"https:\/\/hammertimecafe.hu\/termek\/daughters-of-khaine-morathi\/","name":"DAUGHTERS OF KHAINE: MORATHI - HammerTime Cafe Webshop","isPartOf":{"@id":"https:\/\/hammertimecafe.hu\/#website"},"primaryImageOfPage":{"@id":"https:\/\/hammertimecafe.hu\/termek\/daughters-of-khaine-morathi\/#primaryimage"},"image":{"@id":"https:\/\/hammertimecafe.hu\/termek\/daughters-of-khaine-morathi\/#primaryimage"},"thumbnailUrl":"https:\/\/hammertimecafe.hu\/app\/uploads\/2025\/10\/99120212015_1.jpg","datePublished":"2025-10-29T00:53:37+00:00","dateModified":"2026-04-19T18:49:27+00:00","breadcrumb":{"@id":"https:\/\/hammertimecafe.hu\/termek\/daughters-of-khaine-morathi\/#breadcrumb"},"inLanguage":"en-US","potentialAction":[{"@type":"ReadAction","target":["https:\/\/hammertimecafe.hu\/termek\/daughters-of-khaine-morathi\/"]}]},{"@type":"ImageObject","inLanguage":"en-US","@id":"https:\/\/hammertimecafe.hu\/termek\/daughters-of-khaine-morathi\/#primaryimage","url":"https:\/\/hammertimecafe.hu\/app\/uploads\/2025\/10\/99120212015_1.jpg","contentUrl":"https:\/\/hammertimecafe.hu\/app\/uploads\/2025\/10\/99120212015_1.jpg","width":920,"height":950},{"@type":"BreadcrumbList","@id":"https:\/\/hammertimecafe.hu\/termek\/daughters-of-khaine-morathi\/#breadcrumb","itemListElement":[{"@type":"ListItem","position":1,"name":"Home","item":"https:\/\/hammertimecafe.hu\/"},{"@type":"ListItem","position":2,"name":"Shop","item":"https:\/\/hammertimecafe.hu\/uzlet\/"},{"@type":"ListItem","position":3,"name":"DAUGHTERS OF KHAINE: MORATHI"}]},{"@type":"WebSite","@id":"https:\/\/hammertimecafe.hu\/#website","url":"https:\/\/hammertimecafe.hu\/","name":"Hammertimecafe","description":"The Official Website and Webshop of HammerTime Cafe.","publisher":{"@id":"https:\/\/hammertimecafe.hu\/#organization"},"potentialAction":[{"@type":"SearchAction","target":{"@type":"EntryPoint","urlTemplate":"https:\/\/hammertimecafe.hu\/?s={search_term_string}"},"query-input":{"@type":"PropertyValueSpecification","valueRequired":true,"valueName":"search_term_string"}}],"inLanguage":"en-US"},{"@type":"Organization","@id":"https:\/\/hammertimecafe.hu\/#organization","name":"Hammertimecafe","url":"https:\/\/hammertimecafe.hu\/","logo":{"@type":"ImageObject","inLanguage":"en-US","@id":"https:\/\/hammertimecafe.hu\/#\/schema\/logo\/image\/","url":"https:\/\/htcwoo.test\/app\/uploads\/2025\/08\/logo_of_htc.png","contentUrl":"https:\/\/htcwoo.test\/app\/uploads\/2025\/08\/logo_of_htc.png","width":166,"height":73,"caption":"Hammertimecafe"},"image":{"@id":"https:\/\/hammertimecafe.hu\/#\/schema\/logo\/image\/"}}]}},"_links":{"self":[{"href":"https:\/\/hammertimecafe.hu\/en\/wp-json\/wp\/v2\/product\/3151","targetHints":{"allow":["GET"]}}],"collection":[{"href":"https:\/\/hammertimecafe.hu\/en\/wp-json\/wp\/v2\/product"}],"about":[{"href":"https:\/\/hammertimecafe.hu\/en\/wp-json\/wp\/v2\/types\/product"}],"replies":[{"embeddable":true,"href":"https:\/\/hammertimecafe.hu\/en\/wp-json\/wp\/v2\/comments?post=3151"}],"wp:featuredmedia":[{"embeddable":true,"href":"https:\/\/hammertimecafe.hu\/en\/wp-json\/wp\/v2\/media\/9502"}],"wp:attachment":[{"href":"https:\/\/hammertimecafe.hu\/en\/wp-json\/wp\/v2\/media?parent=3151"}],"wp:term":[{"taxonomy":"product_brand","embeddable":true,"href":"https:\/\/hammertimecafe.hu\/en\/wp-json\/wp\/v2\/product_brand?post=3151"},{"taxonomy":"product_cat","embeddable":true,"href":"https:\/\/hammertimecafe.hu\/en\/wp-json\/wp\/v2\/product_cat?post=3151"},{"taxonomy":"product_tag","embeddable":true,"href":"https:\/\/hammertimecafe.hu\/en\/wp-json\/wp\/v2\/product_tag?post=3151"}],"curies":[{"name":"wp","href":"https:\/\/api.w.org\/{rel}","templated":true}]}}