{"id":3152,"date":"2025-10-29T01:53:38","date_gmt":"2025-10-29T00:53:38","guid":{"rendered":"https:\/\/htcwoo.test\/termek\/daughters-of-khaine-khinerai\/"},"modified":"2026-04-19T20:49:27","modified_gmt":"2026-04-19T18:49:27","slug":"daughters-of-khaine-khinerai","status":"publish","type":"product","link":"https:\/\/hammertimecafe.hu\/en\/product\/daughters-of-khaine-khinerai\/","title":{"rendered":"DAUGHTERS OF KHAINE: KHINERAI HEARTRENDERS"},"content":{"rendered":"<p>A harc &oacute;r&aacute;k &oacute;ta tart s imm&aacute;ron v&eacute;r cs&ouml;rgedezik &aacute;tal a romok k&ouml;z&ouml;tt. Khaine L&aacute;nyai utols&oacute; er\u0151fesz&iacute;t&eacute;seiket teszik s imm&aacute;ron biztos hogy a Stormcast Eternalok &uacute;jabb rohama els&ouml;pri soraikat. Csend honol melyet egy ismeretlen hang t&ouml;r meg, mintha nedves b\u0151r csap&oacute;dna a foly&oacute;parti k\u0151h&ouml;z, vagy denev&eacute;rsz&aacute;rnyak suhog&aacute;sa lenne. Khinerai harcosok a magasb&oacute;l csapnak le &aacute;ldozataikra hogy els&ouml;p&ouml;rj&eacute;k \u0151ket s fel\u0151r&ouml;lj&eacute;k soraikat.<\/p>\n<p>Daughters of Khaine: Khinerai remek kieg&eacute;sz&iacute;t\u0151je seregednek melyb\u0151l k&eacute;t f&eacute;le osztag ki&eacute;p&iacute;thet\u0151:<\/p>\n<p>-Khinerai Lifetakers<\/p>\n<p>-Khinerai Heartrenders<\/p>\n<p>A figur&aacute;k ragast&aacute;st &eacute;s fest&eacute;st ig&eacute;nyelnek.<\/p>","protected":false},"excerpt":{"rendered":"<p>A harc \u00f3r\u00e1k \u00f3ta tart s imm\u00e1ron v\u00e9r cs\u00f6rgedezik \u00e1tal a romok k\u00f6z\u00f6tt. Khaine L\u00e1nyai utols\u00f3 er\u0151fesz\u00edt\u00e9seiket teszik s imm\u00e1ron biztos hogy a Stormcast Eternalok \u00fajabb rohama els\u00f6pri soraikat. Csend honol melyet egy ismeretlen hang t\u00f6r meg, mintha nedves b\u0151r csap\u00f3dna a foly\u00f3parti k\u0151h\u00f6z, vagy denev\u00e9rsz\u00e1rnyak suhog\u00e1sa lenne. Khinerai harcosok a magasb\u00f3l csapnak le \u00e1ldozataikra hogy els\u00f6p\u00f6rj\u00e9k \u0151ket s fel\u0151r\u00f6lj\u00e9k soraikat.<\/p>","protected":false},"featured_media":9504,"comment_status":"open","ping_status":"closed","template":"","meta":{"_acf_changed":false},"product_brand":[46],"product_cat":[179,19,42],"product_tag":[],"class_list":{"0":"post-3152","1":"product","2":"type-product","3":"status-publish","4":"has-post-thumbnail","6":"product_brand-games-workshop","7":"product_cat-daughters-of-khaine","8":"product_cat-wargame","9":"product_cat-warhammer-age-of-sigmar","11":"first","12":"onbackorder","13":"sale","14":"taxable","15":"shipping-taxable","16":"purchasable","17":"product-type-simple"},"acf":[],"yoast_head":"<!-- This site is optimized with the Yoast SEO Premium plugin v25.6 (Yoast SEO v25.6) - https:\/\/yoast.com\/wordpress\/plugins\/seo\/ -->\n<title>DAUGHTERS OF KHAINE: KHINERAI HEARTRENDERS - HammerTime Cafe Webshop<\/title>\n<meta name=\"robots\" content=\"index, follow, max-snippet:-1, max-image-preview:large, max-video-preview:-1\" \/>\n<link rel=\"canonical\" href=\"https:\/\/hammertimecafe.hu\/en\/product\/daughters-of-khaine-khinerai\/\" \/>\n<meta property=\"og:locale\" content=\"en_US\" \/>\n<meta property=\"og:type\" content=\"article\" \/>\n<meta property=\"og:title\" content=\"DAUGHTERS OF KHAINE: KHINERAI HEARTRENDERS\" \/>\n<meta property=\"og:description\" content=\"A harc \u00f3r\u00e1k \u00f3ta tart s imm\u00e1ron v\u00e9r cs\u00f6rgedezik \u00e1tal a romok k\u00f6z\u00f6tt. Khaine L\u00e1nyai utols\u00f3 er\u0151fesz\u00edt\u00e9seiket teszik s imm\u00e1ron biztos hogy a Stormcast Eternalok \u00fajabb rohama els\u00f6pri soraikat. Csend honol melyet egy ismeretlen hang t\u00f6r meg, mintha nedves b\u0151r csap\u00f3dna a foly\u00f3parti k\u0151h\u00f6z, vagy denev\u00e9rsz\u00e1rnyak suhog\u00e1sa lenne. Khinerai harcosok a magasb\u00f3l csapnak le \u00e1ldozataikra hogy els\u00f6p\u00f6rj\u00e9k \u0151ket s fel\u0151r\u00f6lj\u00e9k soraikat.\" \/>\n<meta property=\"og:url\" content=\"https:\/\/hammertimecafe.hu\/en\/product\/daughters-of-khaine-khinerai\/\" \/>\n<meta property=\"og:site_name\" content=\"HammerTime Cafe Webshop\" \/>\n<meta property=\"article:modified_time\" content=\"2026-04-19T18:49:27+00:00\" \/>\n<meta property=\"og:image\" content=\"https:\/\/hammertimecafe.hu\/app\/uploads\/2025\/10\/99120212016_2.jpg\" \/>\n\t<meta property=\"og:image:width\" content=\"920\" \/>\n\t<meta property=\"og:image:height\" content=\"950\" \/>\n\t<meta property=\"og:image:type\" content=\"image\/jpeg\" \/>\n<meta name=\"twitter:card\" content=\"summary_large_image\" \/>\n<meta name=\"twitter:label1\" content=\"Est. reading time\" \/>\n\t<meta name=\"twitter:data1\" content=\"1 minute\" \/>\n<script type=\"application\/ld+json\" class=\"yoast-schema-graph\">{\"@context\":\"https:\/\/schema.org\",\"@graph\":[{\"@type\":\"WebPage\",\"@id\":\"https:\/\/hammertimecafe.hu\/termek\/daughters-of-khaine-khinerai\/\",\"url\":\"https:\/\/hammertimecafe.hu\/termek\/daughters-of-khaine-khinerai\/\",\"name\":\"DAUGHTERS OF KHAINE: KHINERAI HEARTRENDERS - HammerTime Cafe Webshop\",\"isPartOf\":{\"@id\":\"https:\/\/hammertimecafe.hu\/#website\"},\"primaryImageOfPage\":{\"@id\":\"https:\/\/hammertimecafe.hu\/termek\/daughters-of-khaine-khinerai\/#primaryimage\"},\"image\":{\"@id\":\"https:\/\/hammertimecafe.hu\/termek\/daughters-of-khaine-khinerai\/#primaryimage\"},\"thumbnailUrl\":\"https:\/\/hammertimecafe.hu\/app\/uploads\/2025\/10\/99120212016_2.jpg\",\"datePublished\":\"2025-10-29T00:53:38+00:00\",\"dateModified\":\"2026-04-19T18:49:27+00:00\",\"breadcrumb\":{\"@id\":\"https:\/\/hammertimecafe.hu\/termek\/daughters-of-khaine-khinerai\/#breadcrumb\"},\"inLanguage\":\"en-US\",\"potentialAction\":[{\"@type\":\"ReadAction\",\"target\":[\"https:\/\/hammertimecafe.hu\/termek\/daughters-of-khaine-khinerai\/\"]}]},{\"@type\":\"ImageObject\",\"inLanguage\":\"en-US\",\"@id\":\"https:\/\/hammertimecafe.hu\/termek\/daughters-of-khaine-khinerai\/#primaryimage\",\"url\":\"https:\/\/hammertimecafe.hu\/app\/uploads\/2025\/10\/99120212016_2.jpg\",\"contentUrl\":\"https:\/\/hammertimecafe.hu\/app\/uploads\/2025\/10\/99120212016_2.jpg\",\"width\":920,\"height\":950},{\"@type\":\"BreadcrumbList\",\"@id\":\"https:\/\/hammertimecafe.hu\/termek\/daughters-of-khaine-khinerai\/#breadcrumb\",\"itemListElement\":[{\"@type\":\"ListItem\",\"position\":1,\"name\":\"Home\",\"item\":\"https:\/\/hammertimecafe.hu\/\"},{\"@type\":\"ListItem\",\"position\":2,\"name\":\"Shop\",\"item\":\"https:\/\/hammertimecafe.hu\/uzlet\/\"},{\"@type\":\"ListItem\",\"position\":3,\"name\":\"DAUGHTERS OF KHAINE: KHINERAI HEARTRENDERS\"}]},{\"@type\":\"WebSite\",\"@id\":\"https:\/\/hammertimecafe.hu\/#website\",\"url\":\"https:\/\/hammertimecafe.hu\/\",\"name\":\"Hammertimecafe\",\"description\":\"A HammerTime Cafe Hivatalos Weboldala \u00e9s Webshopja.\",\"publisher\":{\"@id\":\"https:\/\/hammertimecafe.hu\/#organization\"},\"potentialAction\":[{\"@type\":\"SearchAction\",\"target\":{\"@type\":\"EntryPoint\",\"urlTemplate\":\"https:\/\/hammertimecafe.hu\/?s={search_term_string}\"},\"query-input\":{\"@type\":\"PropertyValueSpecification\",\"valueRequired\":true,\"valueName\":\"search_term_string\"}}],\"inLanguage\":\"en-US\"},{\"@type\":\"Organization\",\"@id\":\"https:\/\/hammertimecafe.hu\/#organization\",\"name\":\"Hammertimecafe\",\"url\":\"https:\/\/hammertimecafe.hu\/\",\"logo\":{\"@type\":\"ImageObject\",\"inLanguage\":\"en-US\",\"@id\":\"https:\/\/hammertimecafe.hu\/#\/schema\/logo\/image\/\",\"url\":\"https:\/\/htcwoo.test\/app\/uploads\/2025\/08\/logo_of_htc.png\",\"contentUrl\":\"https:\/\/htcwoo.test\/app\/uploads\/2025\/08\/logo_of_htc.png\",\"width\":166,\"height\":73,\"caption\":\"Hammertimecafe\"},\"image\":{\"@id\":\"https:\/\/hammertimecafe.hu\/#\/schema\/logo\/image\/\"}}]}<\/script>\n<!-- \/ Yoast SEO Premium plugin. -->","yoast_head_json":{"title":"DAUGHTERS OF KHAINE: KHINERAI HEARTRENDERS - HammerTime Cafe Webshop","robots":{"index":"index","follow":"follow","max-snippet":"max-snippet:-1","max-image-preview":"max-image-preview:large","max-video-preview":"max-video-preview:-1"},"canonical":"https:\/\/hammertimecafe.hu\/en\/product\/daughters-of-khaine-khinerai\/","og_locale":"en_US","og_type":"article","og_title":"DAUGHTERS OF KHAINE: KHINERAI HEARTRENDERS","og_description":"A harc \u00f3r\u00e1k \u00f3ta tart s imm\u00e1ron v\u00e9r cs\u00f6rgedezik \u00e1tal a romok k\u00f6z\u00f6tt. Khaine L\u00e1nyai utols\u00f3 er\u0151fesz\u00edt\u00e9seiket teszik s imm\u00e1ron biztos hogy a Stormcast Eternalok \u00fajabb rohama els\u00f6pri soraikat. Csend honol melyet egy ismeretlen hang t\u00f6r meg, mintha nedves b\u0151r csap\u00f3dna a foly\u00f3parti k\u0151h\u00f6z, vagy denev\u00e9rsz\u00e1rnyak suhog\u00e1sa lenne. Khinerai harcosok a magasb\u00f3l csapnak le \u00e1ldozataikra hogy els\u00f6p\u00f6rj\u00e9k \u0151ket s fel\u0151r\u00f6lj\u00e9k soraikat.","og_url":"https:\/\/hammertimecafe.hu\/en\/product\/daughters-of-khaine-khinerai\/","og_site_name":"HammerTime Cafe Webshop","article_modified_time":"2026-04-19T18:49:27+00:00","og_image":[{"width":920,"height":950,"url":"https:\/\/hammertimecafe.hu\/app\/uploads\/2025\/10\/99120212016_2.jpg","type":"image\/jpeg"}],"twitter_card":"summary_large_image","twitter_misc":{"Est. reading time":"1 minute"},"schema":{"@context":"https:\/\/schema.org","@graph":[{"@type":"WebPage","@id":"https:\/\/hammertimecafe.hu\/termek\/daughters-of-khaine-khinerai\/","url":"https:\/\/hammertimecafe.hu\/termek\/daughters-of-khaine-khinerai\/","name":"DAUGHTERS OF KHAINE: KHINERAI HEARTRENDERS - HammerTime Cafe Webshop","isPartOf":{"@id":"https:\/\/hammertimecafe.hu\/#website"},"primaryImageOfPage":{"@id":"https:\/\/hammertimecafe.hu\/termek\/daughters-of-khaine-khinerai\/#primaryimage"},"image":{"@id":"https:\/\/hammertimecafe.hu\/termek\/daughters-of-khaine-khinerai\/#primaryimage"},"thumbnailUrl":"https:\/\/hammertimecafe.hu\/app\/uploads\/2025\/10\/99120212016_2.jpg","datePublished":"2025-10-29T00:53:38+00:00","dateModified":"2026-04-19T18:49:27+00:00","breadcrumb":{"@id":"https:\/\/hammertimecafe.hu\/termek\/daughters-of-khaine-khinerai\/#breadcrumb"},"inLanguage":"en-US","potentialAction":[{"@type":"ReadAction","target":["https:\/\/hammertimecafe.hu\/termek\/daughters-of-khaine-khinerai\/"]}]},{"@type":"ImageObject","inLanguage":"en-US","@id":"https:\/\/hammertimecafe.hu\/termek\/daughters-of-khaine-khinerai\/#primaryimage","url":"https:\/\/hammertimecafe.hu\/app\/uploads\/2025\/10\/99120212016_2.jpg","contentUrl":"https:\/\/hammertimecafe.hu\/app\/uploads\/2025\/10\/99120212016_2.jpg","width":920,"height":950},{"@type":"BreadcrumbList","@id":"https:\/\/hammertimecafe.hu\/termek\/daughters-of-khaine-khinerai\/#breadcrumb","itemListElement":[{"@type":"ListItem","position":1,"name":"Home","item":"https:\/\/hammertimecafe.hu\/"},{"@type":"ListItem","position":2,"name":"Shop","item":"https:\/\/hammertimecafe.hu\/uzlet\/"},{"@type":"ListItem","position":3,"name":"DAUGHTERS OF KHAINE: KHINERAI HEARTRENDERS"}]},{"@type":"WebSite","@id":"https:\/\/hammertimecafe.hu\/#website","url":"https:\/\/hammertimecafe.hu\/","name":"Hammertimecafe","description":"The Official Website and Webshop of HammerTime Cafe.","publisher":{"@id":"https:\/\/hammertimecafe.hu\/#organization"},"potentialAction":[{"@type":"SearchAction","target":{"@type":"EntryPoint","urlTemplate":"https:\/\/hammertimecafe.hu\/?s={search_term_string}"},"query-input":{"@type":"PropertyValueSpecification","valueRequired":true,"valueName":"search_term_string"}}],"inLanguage":"en-US"},{"@type":"Organization","@id":"https:\/\/hammertimecafe.hu\/#organization","name":"Hammertimecafe","url":"https:\/\/hammertimecafe.hu\/","logo":{"@type":"ImageObject","inLanguage":"en-US","@id":"https:\/\/hammertimecafe.hu\/#\/schema\/logo\/image\/","url":"https:\/\/htcwoo.test\/app\/uploads\/2025\/08\/logo_of_htc.png","contentUrl":"https:\/\/htcwoo.test\/app\/uploads\/2025\/08\/logo_of_htc.png","width":166,"height":73,"caption":"Hammertimecafe"},"image":{"@id":"https:\/\/hammertimecafe.hu\/#\/schema\/logo\/image\/"}}]}},"_links":{"self":[{"href":"https:\/\/hammertimecafe.hu\/en\/wp-json\/wp\/v2\/product\/3152","targetHints":{"allow":["GET"]}}],"collection":[{"href":"https:\/\/hammertimecafe.hu\/en\/wp-json\/wp\/v2\/product"}],"about":[{"href":"https:\/\/hammertimecafe.hu\/en\/wp-json\/wp\/v2\/types\/product"}],"replies":[{"embeddable":true,"href":"https:\/\/hammertimecafe.hu\/en\/wp-json\/wp\/v2\/comments?post=3152"}],"wp:featuredmedia":[{"embeddable":true,"href":"https:\/\/hammertimecafe.hu\/en\/wp-json\/wp\/v2\/media\/9504"}],"wp:attachment":[{"href":"https:\/\/hammertimecafe.hu\/en\/wp-json\/wp\/v2\/media?parent=3152"}],"wp:term":[{"taxonomy":"product_brand","embeddable":true,"href":"https:\/\/hammertimecafe.hu\/en\/wp-json\/wp\/v2\/product_brand?post=3152"},{"taxonomy":"product_cat","embeddable":true,"href":"https:\/\/hammertimecafe.hu\/en\/wp-json\/wp\/v2\/product_cat?post=3152"},{"taxonomy":"product_tag","embeddable":true,"href":"https:\/\/hammertimecafe.hu\/en\/wp-json\/wp\/v2\/product_tag?post=3152"}],"curies":[{"name":"wp","href":"https:\/\/api.w.org\/{rel}","templated":true}]}}