{"id":3172,"date":"2025-10-29T01:54:03","date_gmt":"2025-10-29T00:54:03","guid":{"rendered":"https:\/\/htcwoo.test\/termek\/black-coach\/"},"modified":"2025-12-14T19:09:45","modified_gmt":"2025-12-14T18:09:45","slug":"black-coach","status":"publish","type":"product","link":"https:\/\/hammertimecafe.hu\/en\/product\/black-coach\/","title":{"rendered":"NIGHTHAUNT: BLACK COACH"},"content":{"rendered":"<p>A Fekete Szek\u00e9r az alvil\u00e1g halottaskocsija, amely a halottaknak minden k\u00e9zzel foghat\u00f3 maradv\u00e1ny\u00e1t \u00f6sszeszedi, bele\u00e9rtve azokat a t\u00e1rgyi \u00e1ldozatokat melyek az\u00e9rt felelnek, hogy a t\u00falvil\u00e1gra biztons\u00e1gos utat biztos\u00edtson a halott lelk\u00e9nek. A Fekete Szek\u00e9r a hal\u00e1lb\u00f3l \u00e9s az ag\u00f3ni\u00e1b\u00f3l mer\u00edt er\u0151t amelyet az ellens\u00e9gre z\u00fad\u00edt a megfelel\u0151 pillanatban \u00e9s helyen.<\/p>\n<p>The miniatures require assembly and painting.<\/p>","protected":false},"excerpt":{"rendered":"<p>A Fekete Szek\u00e9r az alvil\u00e1g halottaskocsija, amely a halottaknak minden k\u00e9zzel foghat\u00f3 maradv\u00e1ny\u00e1t \u00f6sszeszedi, bele\u00e9rtve azokat a t\u00e1rgyi \u00e1ldozatokat melyek az\u00e9rt felelnek, hogy a t\u00falvil\u00e1gra biztons\u00e1gos utat biztos\u00edtson a halott lelk\u00e9nek. A Fekete Szek\u00e9r a hal\u00e1lb\u00f3l \u00e9s az ag\u00f3ni\u00e1b\u00f3l mer\u00edt er\u0151t amelyet az ellens\u00e9gre z\u00fad\u00edt a megfelel\u0151 pillanatban \u00e9s helyen.<\/p>","protected":false},"featured_media":9588,"comment_status":"open","ping_status":"closed","template":"","meta":{"_acf_changed":false},"product_brand":[46],"product_cat":[87,19,42],"product_tag":[],"class_list":{"0":"post-3172","1":"product","2":"type-product","3":"status-publish","4":"has-post-thumbnail","6":"product_brand-games-workshop","7":"product_cat-nighthaunt","8":"product_cat-wargame","9":"product_cat-warhammer-age-of-sigmar","11":"first","12":"onbackorder","13":"sale","14":"taxable","15":"shipping-taxable","16":"purchasable","17":"product-type-simple"},"acf":[],"yoast_head":"<!-- This site is optimized with the Yoast SEO Premium plugin v25.6 (Yoast SEO v25.6) - https:\/\/yoast.com\/wordpress\/plugins\/seo\/ -->\n<title>NIGHTHAUNT: BLACK COACH - HammerTime Cafe Webshop<\/title>\n<meta name=\"robots\" content=\"index, follow, max-snippet:-1, max-image-preview:large, max-video-preview:-1\" \/>\n<link rel=\"canonical\" href=\"https:\/\/hammertimecafe.hu\/en\/product\/black-coach\/\" \/>\n<meta property=\"og:locale\" content=\"en_US\" \/>\n<meta property=\"og:type\" content=\"article\" \/>\n<meta property=\"og:title\" content=\"NIGHTHAUNT: BLACK COACH\" \/>\n<meta property=\"og:description\" content=\"A Fekete Szek\u00e9r az alvil\u00e1g halottaskocsija, amely a halottaknak minden k\u00e9zzel foghat\u00f3 maradv\u00e1ny\u00e1t \u00f6sszeszedi, bele\u00e9rtve azokat a t\u00e1rgyi \u00e1ldozatokat melyek az\u00e9rt felelnek, hogy a t\u00falvil\u00e1gra biztons\u00e1gos utat biztos\u00edtson a halott lelk\u00e9nek. A Fekete Szek\u00e9r a hal\u00e1lb\u00f3l \u00e9s az ag\u00f3ni\u00e1b\u00f3l mer\u00edt er\u0151t amelyet az ellens\u00e9gre z\u00fad\u00edt a megfelel\u0151 pillanatban \u00e9s helyen.\" \/>\n<meta property=\"og:url\" content=\"https:\/\/hammertimecafe.hu\/en\/product\/black-coach\/\" \/>\n<meta property=\"og:site_name\" content=\"HammerTime Cafe Webshop\" \/>\n<meta property=\"article:modified_time\" content=\"2025-12-14T18:09:45+00:00\" \/>\n<meta property=\"og:image\" content=\"https:\/\/hammertimecafe.hu\/app\/uploads\/2025\/10\/99120207118.jpg\" \/>\n\t<meta property=\"og:image:width\" content=\"1162\" \/>\n\t<meta property=\"og:image:height\" content=\"1200\" \/>\n\t<meta property=\"og:image:type\" content=\"image\/jpeg\" \/>\n<meta name=\"twitter:card\" content=\"summary_large_image\" \/>\n<meta name=\"twitter:label1\" content=\"Est. reading time\" \/>\n\t<meta name=\"twitter:data1\" content=\"1 minute\" \/>\n<script type=\"application\/ld+json\" class=\"yoast-schema-graph\">{\"@context\":\"https:\/\/schema.org\",\"@graph\":[{\"@type\":\"WebPage\",\"@id\":\"https:\/\/hammertimecafe.hu\/termek\/black-coach\/\",\"url\":\"https:\/\/hammertimecafe.hu\/termek\/black-coach\/\",\"name\":\"NIGHTHAUNT: BLACK COACH - HammerTime Cafe Webshop\",\"isPartOf\":{\"@id\":\"https:\/\/hammertimecafe.hu\/#website\"},\"primaryImageOfPage\":{\"@id\":\"https:\/\/hammertimecafe.hu\/termek\/black-coach\/#primaryimage\"},\"image\":{\"@id\":\"https:\/\/hammertimecafe.hu\/termek\/black-coach\/#primaryimage\"},\"thumbnailUrl\":\"https:\/\/hammertimecafe.hu\/app\/uploads\/2025\/10\/99120207118.jpg\",\"datePublished\":\"2025-10-29T00:54:03+00:00\",\"dateModified\":\"2025-12-14T18:09:45+00:00\",\"breadcrumb\":{\"@id\":\"https:\/\/hammertimecafe.hu\/termek\/black-coach\/#breadcrumb\"},\"inLanguage\":\"en-US\",\"potentialAction\":[{\"@type\":\"ReadAction\",\"target\":[\"https:\/\/hammertimecafe.hu\/termek\/black-coach\/\"]}]},{\"@type\":\"ImageObject\",\"inLanguage\":\"en-US\",\"@id\":\"https:\/\/hammertimecafe.hu\/termek\/black-coach\/#primaryimage\",\"url\":\"https:\/\/hammertimecafe.hu\/app\/uploads\/2025\/10\/99120207118.jpg\",\"contentUrl\":\"https:\/\/hammertimecafe.hu\/app\/uploads\/2025\/10\/99120207118.jpg\",\"width\":1162,\"height\":1200},{\"@type\":\"BreadcrumbList\",\"@id\":\"https:\/\/hammertimecafe.hu\/termek\/black-coach\/#breadcrumb\",\"itemListElement\":[{\"@type\":\"ListItem\",\"position\":1,\"name\":\"Home\",\"item\":\"https:\/\/hammertimecafe.hu\/\"},{\"@type\":\"ListItem\",\"position\":2,\"name\":\"Shop\",\"item\":\"https:\/\/hammertimecafe.hu\/uzlet\/\"},{\"@type\":\"ListItem\",\"position\":3,\"name\":\"NIGHTHAUNT: BLACK COACH\"}]},{\"@type\":\"WebSite\",\"@id\":\"https:\/\/hammertimecafe.hu\/#website\",\"url\":\"https:\/\/hammertimecafe.hu\/\",\"name\":\"Hammertimecafe\",\"description\":\"A HammerTime Cafe Hivatalos Weboldala \u00e9s Webshopja.\",\"publisher\":{\"@id\":\"https:\/\/hammertimecafe.hu\/#organization\"},\"potentialAction\":[{\"@type\":\"SearchAction\",\"target\":{\"@type\":\"EntryPoint\",\"urlTemplate\":\"https:\/\/hammertimecafe.hu\/?s={search_term_string}\"},\"query-input\":{\"@type\":\"PropertyValueSpecification\",\"valueRequired\":true,\"valueName\":\"search_term_string\"}}],\"inLanguage\":\"en-US\"},{\"@type\":\"Organization\",\"@id\":\"https:\/\/hammertimecafe.hu\/#organization\",\"name\":\"Hammertimecafe\",\"url\":\"https:\/\/hammertimecafe.hu\/\",\"logo\":{\"@type\":\"ImageObject\",\"inLanguage\":\"en-US\",\"@id\":\"https:\/\/hammertimecafe.hu\/#\/schema\/logo\/image\/\",\"url\":\"https:\/\/htcwoo.test\/app\/uploads\/2025\/08\/logo_of_htc.png\",\"contentUrl\":\"https:\/\/htcwoo.test\/app\/uploads\/2025\/08\/logo_of_htc.png\",\"width\":166,\"height\":73,\"caption\":\"Hammertimecafe\"},\"image\":{\"@id\":\"https:\/\/hammertimecafe.hu\/#\/schema\/logo\/image\/\"}}]}<\/script>\n<!-- \/ Yoast SEO Premium plugin. -->","yoast_head_json":{"title":"NIGHTHAUNT: BLACK COACH - HammerTime Cafe Webshop","robots":{"index":"index","follow":"follow","max-snippet":"max-snippet:-1","max-image-preview":"max-image-preview:large","max-video-preview":"max-video-preview:-1"},"canonical":"https:\/\/hammertimecafe.hu\/en\/product\/black-coach\/","og_locale":"en_US","og_type":"article","og_title":"NIGHTHAUNT: BLACK COACH","og_description":"A Fekete Szek\u00e9r az alvil\u00e1g halottaskocsija, amely a halottaknak minden k\u00e9zzel foghat\u00f3 maradv\u00e1ny\u00e1t \u00f6sszeszedi, bele\u00e9rtve azokat a t\u00e1rgyi \u00e1ldozatokat melyek az\u00e9rt felelnek, hogy a t\u00falvil\u00e1gra biztons\u00e1gos utat biztos\u00edtson a halott lelk\u00e9nek. A Fekete Szek\u00e9r a hal\u00e1lb\u00f3l \u00e9s az ag\u00f3ni\u00e1b\u00f3l mer\u00edt er\u0151t amelyet az ellens\u00e9gre z\u00fad\u00edt a megfelel\u0151 pillanatban \u00e9s helyen.","og_url":"https:\/\/hammertimecafe.hu\/en\/product\/black-coach\/","og_site_name":"HammerTime Cafe Webshop","article_modified_time":"2025-12-14T18:09:45+00:00","og_image":[{"width":1162,"height":1200,"url":"https:\/\/hammertimecafe.hu\/app\/uploads\/2025\/10\/99120207118.jpg","type":"image\/jpeg"}],"twitter_card":"summary_large_image","twitter_misc":{"Est. reading time":"1 minute"},"schema":{"@context":"https:\/\/schema.org","@graph":[{"@type":"WebPage","@id":"https:\/\/hammertimecafe.hu\/termek\/black-coach\/","url":"https:\/\/hammertimecafe.hu\/termek\/black-coach\/","name":"NIGHTHAUNT: BLACK COACH - HammerTime Cafe Webshop","isPartOf":{"@id":"https:\/\/hammertimecafe.hu\/#website"},"primaryImageOfPage":{"@id":"https:\/\/hammertimecafe.hu\/termek\/black-coach\/#primaryimage"},"image":{"@id":"https:\/\/hammertimecafe.hu\/termek\/black-coach\/#primaryimage"},"thumbnailUrl":"https:\/\/hammertimecafe.hu\/app\/uploads\/2025\/10\/99120207118.jpg","datePublished":"2025-10-29T00:54:03+00:00","dateModified":"2025-12-14T18:09:45+00:00","breadcrumb":{"@id":"https:\/\/hammertimecafe.hu\/termek\/black-coach\/#breadcrumb"},"inLanguage":"en-US","potentialAction":[{"@type":"ReadAction","target":["https:\/\/hammertimecafe.hu\/termek\/black-coach\/"]}]},{"@type":"ImageObject","inLanguage":"en-US","@id":"https:\/\/hammertimecafe.hu\/termek\/black-coach\/#primaryimage","url":"https:\/\/hammertimecafe.hu\/app\/uploads\/2025\/10\/99120207118.jpg","contentUrl":"https:\/\/hammertimecafe.hu\/app\/uploads\/2025\/10\/99120207118.jpg","width":1162,"height":1200},{"@type":"BreadcrumbList","@id":"https:\/\/hammertimecafe.hu\/termek\/black-coach\/#breadcrumb","itemListElement":[{"@type":"ListItem","position":1,"name":"Home","item":"https:\/\/hammertimecafe.hu\/"},{"@type":"ListItem","position":2,"name":"Shop","item":"https:\/\/hammertimecafe.hu\/uzlet\/"},{"@type":"ListItem","position":3,"name":"NIGHTHAUNT: BLACK COACH"}]},{"@type":"WebSite","@id":"https:\/\/hammertimecafe.hu\/#website","url":"https:\/\/hammertimecafe.hu\/","name":"Hammertimecafe","description":"The Official Website and Webshop of HammerTime Cafe.","publisher":{"@id":"https:\/\/hammertimecafe.hu\/#organization"},"potentialAction":[{"@type":"SearchAction","target":{"@type":"EntryPoint","urlTemplate":"https:\/\/hammertimecafe.hu\/?s={search_term_string}"},"query-input":{"@type":"PropertyValueSpecification","valueRequired":true,"valueName":"search_term_string"}}],"inLanguage":"en-US"},{"@type":"Organization","@id":"https:\/\/hammertimecafe.hu\/#organization","name":"Hammertimecafe","url":"https:\/\/hammertimecafe.hu\/","logo":{"@type":"ImageObject","inLanguage":"en-US","@id":"https:\/\/hammertimecafe.hu\/#\/schema\/logo\/image\/","url":"https:\/\/htcwoo.test\/app\/uploads\/2025\/08\/logo_of_htc.png","contentUrl":"https:\/\/htcwoo.test\/app\/uploads\/2025\/08\/logo_of_htc.png","width":166,"height":73,"caption":"Hammertimecafe"},"image":{"@id":"https:\/\/hammertimecafe.hu\/#\/schema\/logo\/image\/"}}]}},"_links":{"self":[{"href":"https:\/\/hammertimecafe.hu\/en\/wp-json\/wp\/v2\/product\/3172","targetHints":{"allow":["GET"]}}],"collection":[{"href":"https:\/\/hammertimecafe.hu\/en\/wp-json\/wp\/v2\/product"}],"about":[{"href":"https:\/\/hammertimecafe.hu\/en\/wp-json\/wp\/v2\/types\/product"}],"replies":[{"embeddable":true,"href":"https:\/\/hammertimecafe.hu\/en\/wp-json\/wp\/v2\/comments?post=3172"}],"wp:featuredmedia":[{"embeddable":true,"href":"https:\/\/hammertimecafe.hu\/en\/wp-json\/wp\/v2\/media\/9588"}],"wp:attachment":[{"href":"https:\/\/hammertimecafe.hu\/en\/wp-json\/wp\/v2\/media?parent=3172"}],"wp:term":[{"taxonomy":"product_brand","embeddable":true,"href":"https:\/\/hammertimecafe.hu\/en\/wp-json\/wp\/v2\/product_brand?post=3172"},{"taxonomy":"product_cat","embeddable":true,"href":"https:\/\/hammertimecafe.hu\/en\/wp-json\/wp\/v2\/product_cat?post=3172"},{"taxonomy":"product_tag","embeddable":true,"href":"https:\/\/hammertimecafe.hu\/en\/wp-json\/wp\/v2\/product_tag?post=3172"}],"curies":[{"name":"wp","href":"https:\/\/api.w.org\/{rel}","templated":true}]}}