{"id":3177,"date":"2025-10-29T01:54:10","date_gmt":"2025-10-29T00:54:10","guid":{"rendered":"https:\/\/htcwoo.test\/termek\/middle-earth-strategy-battle-game-great-eagles\/"},"modified":"2025-12-14T19:09:44","modified_gmt":"2025-12-14T18:09:44","slug":"middle-earth-strategy-battle-game-great-eagles","status":"publish","type":"product","link":"https:\/\/hammertimecafe.hu\/en\/product\/middle-earth-strategy-battle-game-great-eagles\/","title":{"rendered":"MIDDLE-EARTH STRATEGY BATTLE GAME: GREAT EAGLES"},"content":{"rendered":"<p>A Misty Mountains ormain &eacute;l\u0151 hatalmas s&oacute;lymok, akik sokszor seg&iacute;tett&eacute;k, mind a Gy\u0171r\u0171k Sz&ouml;vets&eacute;g&eacute;t mind Bilb&oacute;t &eacute;s a t&ouml;rp&eacute;ket.<\/p>\n<p>A figur&aacute;k ragaszt&aacute;st &eacute;s fest&eacute;st ig&eacute;nyelnek!<\/p>","protected":false},"excerpt":{"rendered":"<p>A Misty Mountains ormain \u00e9l\u0151 hatalmas s\u00f3lymok, akik sokszor seg\u00edtett\u00e9k, mind a Gy\u0171r\u0171k Sz\u00f6vets\u00e9g\u00e9t mind Bilb\u00f3t \u00e9s a t\u00f6rp\u00e9ket.<\/p>","protected":false},"featured_media":9606,"comment_status":"open","ping_status":"closed","template":"","meta":{"_acf_changed":false},"product_brand":[46],"product_cat":[183,19],"product_tag":[],"class_list":{"0":"post-3177","1":"product","2":"type-product","3":"status-publish","4":"has-post-thumbnail","6":"product_brand-games-workshop","7":"product_cat-the-lord-of-the-rings","8":"product_cat-wargame","10":"first","11":"onbackorder","12":"sale","13":"taxable","14":"shipping-taxable","15":"purchasable","16":"product-type-simple"},"acf":[],"yoast_head":"<!-- This site is optimized with the Yoast SEO Premium plugin v25.6 (Yoast SEO v25.6) - https:\/\/yoast.com\/wordpress\/plugins\/seo\/ -->\n<title>MIDDLE-EARTH STRATEGY BATTLE GAME: GREAT EAGLES<\/title>\n<meta name=\"description\" content=\"A Misty Mountains ormain \u00e9l\u0151 hatalmas s\u00f3lymok, akik sokszor seg\u00edtett\u00e9k, mind a Gy\u0171r\u0171k Sz\u00f6vets\u00e9g\u00e9t mind Bilb\u00f3t \u00e9s a t\u00f6rp\u00e9ket.\" \/>\n<meta name=\"robots\" content=\"index, follow, max-snippet:-1, max-image-preview:large, max-video-preview:-1\" \/>\n<link rel=\"canonical\" href=\"https:\/\/hammertimecafe.hu\/en\/product\/middle-earth-strategy-battle-game-great-eagles\/\" \/>\n<meta property=\"og:locale\" content=\"en_US\" \/>\n<meta property=\"og:type\" content=\"article\" \/>\n<meta property=\"og:title\" content=\"MIDDLE-EARTH STRATEGY BATTLE GAME: GREAT EAGLES\" \/>\n<meta property=\"og:description\" content=\"A Misty Mountains ormain \u00e9l\u0151 hatalmas s\u00f3lymok, akik sokszor seg\u00edtett\u00e9k, mind a Gy\u0171r\u0171k Sz\u00f6vets\u00e9g\u00e9t mind Bilb\u00f3t \u00e9s a t\u00f6rp\u00e9ket.\" \/>\n<meta property=\"og:url\" content=\"https:\/\/hammertimecafe.hu\/en\/product\/middle-earth-strategy-battle-game-great-eagles\/\" \/>\n<meta property=\"og:site_name\" content=\"HammerTime Cafe Webshop\" \/>\n<meta property=\"article:modified_time\" content=\"2025-12-14T18:09:44+00:00\" \/>\n<meta property=\"og:image\" content=\"https:\/\/hammertimecafe.hu\/app\/uploads\/2025\/10\/great_eagles.jpg\" \/>\n\t<meta property=\"og:image:width\" content=\"1162\" \/>\n\t<meta property=\"og:image:height\" content=\"1200\" \/>\n\t<meta property=\"og:image:type\" content=\"image\/jpeg\" \/>\n<meta name=\"twitter:card\" content=\"summary_large_image\" \/>\n<script type=\"application\/ld+json\" class=\"yoast-schema-graph\">{\"@context\":\"https:\/\/schema.org\",\"@graph\":[{\"@type\":\"WebPage\",\"@id\":\"https:\/\/hammertimecafe.hu\/termek\/middle-earth-strategy-battle-game-great-eagles\/\",\"url\":\"https:\/\/hammertimecafe.hu\/termek\/middle-earth-strategy-battle-game-great-eagles\/\",\"name\":\"MIDDLE-EARTH STRATEGY BATTLE GAME: GREAT EAGLES\",\"isPartOf\":{\"@id\":\"https:\/\/hammertimecafe.hu\/#website\"},\"primaryImageOfPage\":{\"@id\":\"https:\/\/hammertimecafe.hu\/termek\/middle-earth-strategy-battle-game-great-eagles\/#primaryimage\"},\"image\":{\"@id\":\"https:\/\/hammertimecafe.hu\/termek\/middle-earth-strategy-battle-game-great-eagles\/#primaryimage\"},\"thumbnailUrl\":\"https:\/\/hammertimecafe.hu\/app\/uploads\/2025\/10\/great_eagles.jpg\",\"datePublished\":\"2025-10-29T00:54:10+00:00\",\"dateModified\":\"2025-12-14T18:09:44+00:00\",\"description\":\"A Misty Mountains ormain \u00e9l\u0151 hatalmas s\u00f3lymok, akik sokszor seg\u00edtett\u00e9k, mind a Gy\u0171r\u0171k Sz\u00f6vets\u00e9g\u00e9t mind Bilb\u00f3t \u00e9s a t\u00f6rp\u00e9ket.\",\"breadcrumb\":{\"@id\":\"https:\/\/hammertimecafe.hu\/termek\/middle-earth-strategy-battle-game-great-eagles\/#breadcrumb\"},\"inLanguage\":\"en-US\",\"potentialAction\":[{\"@type\":\"ReadAction\",\"target\":[\"https:\/\/hammertimecafe.hu\/termek\/middle-earth-strategy-battle-game-great-eagles\/\"]}]},{\"@type\":\"ImageObject\",\"inLanguage\":\"en-US\",\"@id\":\"https:\/\/hammertimecafe.hu\/termek\/middle-earth-strategy-battle-game-great-eagles\/#primaryimage\",\"url\":\"https:\/\/hammertimecafe.hu\/app\/uploads\/2025\/10\/great_eagles.jpg\",\"contentUrl\":\"https:\/\/hammertimecafe.hu\/app\/uploads\/2025\/10\/great_eagles.jpg\",\"width\":1162,\"height\":1200},{\"@type\":\"BreadcrumbList\",\"@id\":\"https:\/\/hammertimecafe.hu\/termek\/middle-earth-strategy-battle-game-great-eagles\/#breadcrumb\",\"itemListElement\":[{\"@type\":\"ListItem\",\"position\":1,\"name\":\"Home\",\"item\":\"https:\/\/hammertimecafe.hu\/\"},{\"@type\":\"ListItem\",\"position\":2,\"name\":\"Shop\",\"item\":\"https:\/\/hammertimecafe.hu\/uzlet\/\"},{\"@type\":\"ListItem\",\"position\":3,\"name\":\"MIDDLE-EARTH STRATEGY BATTLE GAME: GREAT EAGLES\"}]},{\"@type\":\"WebSite\",\"@id\":\"https:\/\/hammertimecafe.hu\/#website\",\"url\":\"https:\/\/hammertimecafe.hu\/\",\"name\":\"Hammertimecafe\",\"description\":\"A HammerTime Cafe Hivatalos Weboldala \u00e9s Webshopja.\",\"publisher\":{\"@id\":\"https:\/\/hammertimecafe.hu\/#organization\"},\"potentialAction\":[{\"@type\":\"SearchAction\",\"target\":{\"@type\":\"EntryPoint\",\"urlTemplate\":\"https:\/\/hammertimecafe.hu\/?s={search_term_string}\"},\"query-input\":{\"@type\":\"PropertyValueSpecification\",\"valueRequired\":true,\"valueName\":\"search_term_string\"}}],\"inLanguage\":\"en-US\"},{\"@type\":\"Organization\",\"@id\":\"https:\/\/hammertimecafe.hu\/#organization\",\"name\":\"Hammertimecafe\",\"url\":\"https:\/\/hammertimecafe.hu\/\",\"logo\":{\"@type\":\"ImageObject\",\"inLanguage\":\"en-US\",\"@id\":\"https:\/\/hammertimecafe.hu\/#\/schema\/logo\/image\/\",\"url\":\"https:\/\/htcwoo.test\/app\/uploads\/2025\/08\/logo_of_htc.png\",\"contentUrl\":\"https:\/\/htcwoo.test\/app\/uploads\/2025\/08\/logo_of_htc.png\",\"width\":166,\"height\":73,\"caption\":\"Hammertimecafe\"},\"image\":{\"@id\":\"https:\/\/hammertimecafe.hu\/#\/schema\/logo\/image\/\"}}]}<\/script>\n<!-- \/ Yoast SEO Premium plugin. -->","yoast_head_json":{"title":"MIDDLE-EARTH STRATEGY BATTLE GAME: GREAT EAGLES","description":"A Misty Mountains ormain \u00e9l\u0151 hatalmas s\u00f3lymok, akik sokszor seg\u00edtett\u00e9k, mind a Gy\u0171r\u0171k Sz\u00f6vets\u00e9g\u00e9t mind Bilb\u00f3t \u00e9s a t\u00f6rp\u00e9ket.","robots":{"index":"index","follow":"follow","max-snippet":"max-snippet:-1","max-image-preview":"max-image-preview:large","max-video-preview":"max-video-preview:-1"},"canonical":"https:\/\/hammertimecafe.hu\/en\/product\/middle-earth-strategy-battle-game-great-eagles\/","og_locale":"en_US","og_type":"article","og_title":"MIDDLE-EARTH STRATEGY BATTLE GAME: GREAT EAGLES","og_description":"A Misty Mountains ormain \u00e9l\u0151 hatalmas s\u00f3lymok, akik sokszor seg\u00edtett\u00e9k, mind a Gy\u0171r\u0171k Sz\u00f6vets\u00e9g\u00e9t mind Bilb\u00f3t \u00e9s a t\u00f6rp\u00e9ket.","og_url":"https:\/\/hammertimecafe.hu\/en\/product\/middle-earth-strategy-battle-game-great-eagles\/","og_site_name":"HammerTime Cafe Webshop","article_modified_time":"2025-12-14T18:09:44+00:00","og_image":[{"width":1162,"height":1200,"url":"https:\/\/hammertimecafe.hu\/app\/uploads\/2025\/10\/great_eagles.jpg","type":"image\/jpeg"}],"twitter_card":"summary_large_image","schema":{"@context":"https:\/\/schema.org","@graph":[{"@type":"WebPage","@id":"https:\/\/hammertimecafe.hu\/termek\/middle-earth-strategy-battle-game-great-eagles\/","url":"https:\/\/hammertimecafe.hu\/termek\/middle-earth-strategy-battle-game-great-eagles\/","name":"MIDDLE-EARTH STRATEGY BATTLE GAME: GREAT EAGLES","isPartOf":{"@id":"https:\/\/hammertimecafe.hu\/#website"},"primaryImageOfPage":{"@id":"https:\/\/hammertimecafe.hu\/termek\/middle-earth-strategy-battle-game-great-eagles\/#primaryimage"},"image":{"@id":"https:\/\/hammertimecafe.hu\/termek\/middle-earth-strategy-battle-game-great-eagles\/#primaryimage"},"thumbnailUrl":"https:\/\/hammertimecafe.hu\/app\/uploads\/2025\/10\/great_eagles.jpg","datePublished":"2025-10-29T00:54:10+00:00","dateModified":"2025-12-14T18:09:44+00:00","description":"A Misty Mountains ormain \u00e9l\u0151 hatalmas s\u00f3lymok, akik sokszor seg\u00edtett\u00e9k, mind a Gy\u0171r\u0171k Sz\u00f6vets\u00e9g\u00e9t mind Bilb\u00f3t \u00e9s a t\u00f6rp\u00e9ket.","breadcrumb":{"@id":"https:\/\/hammertimecafe.hu\/termek\/middle-earth-strategy-battle-game-great-eagles\/#breadcrumb"},"inLanguage":"en-US","potentialAction":[{"@type":"ReadAction","target":["https:\/\/hammertimecafe.hu\/termek\/middle-earth-strategy-battle-game-great-eagles\/"]}]},{"@type":"ImageObject","inLanguage":"en-US","@id":"https:\/\/hammertimecafe.hu\/termek\/middle-earth-strategy-battle-game-great-eagles\/#primaryimage","url":"https:\/\/hammertimecafe.hu\/app\/uploads\/2025\/10\/great_eagles.jpg","contentUrl":"https:\/\/hammertimecafe.hu\/app\/uploads\/2025\/10\/great_eagles.jpg","width":1162,"height":1200},{"@type":"BreadcrumbList","@id":"https:\/\/hammertimecafe.hu\/termek\/middle-earth-strategy-battle-game-great-eagles\/#breadcrumb","itemListElement":[{"@type":"ListItem","position":1,"name":"Home","item":"https:\/\/hammertimecafe.hu\/"},{"@type":"ListItem","position":2,"name":"Shop","item":"https:\/\/hammertimecafe.hu\/uzlet\/"},{"@type":"ListItem","position":3,"name":"MIDDLE-EARTH STRATEGY BATTLE GAME: GREAT EAGLES"}]},{"@type":"WebSite","@id":"https:\/\/hammertimecafe.hu\/#website","url":"https:\/\/hammertimecafe.hu\/","name":"Hammertimecafe","description":"The Official Website and Webshop of HammerTime Cafe.","publisher":{"@id":"https:\/\/hammertimecafe.hu\/#organization"},"potentialAction":[{"@type":"SearchAction","target":{"@type":"EntryPoint","urlTemplate":"https:\/\/hammertimecafe.hu\/?s={search_term_string}"},"query-input":{"@type":"PropertyValueSpecification","valueRequired":true,"valueName":"search_term_string"}}],"inLanguage":"en-US"},{"@type":"Organization","@id":"https:\/\/hammertimecafe.hu\/#organization","name":"Hammertimecafe","url":"https:\/\/hammertimecafe.hu\/","logo":{"@type":"ImageObject","inLanguage":"en-US","@id":"https:\/\/hammertimecafe.hu\/#\/schema\/logo\/image\/","url":"https:\/\/htcwoo.test\/app\/uploads\/2025\/08\/logo_of_htc.png","contentUrl":"https:\/\/htcwoo.test\/app\/uploads\/2025\/08\/logo_of_htc.png","width":166,"height":73,"caption":"Hammertimecafe"},"image":{"@id":"https:\/\/hammertimecafe.hu\/#\/schema\/logo\/image\/"}}]}},"_links":{"self":[{"href":"https:\/\/hammertimecafe.hu\/en\/wp-json\/wp\/v2\/product\/3177","targetHints":{"allow":["GET"]}}],"collection":[{"href":"https:\/\/hammertimecafe.hu\/en\/wp-json\/wp\/v2\/product"}],"about":[{"href":"https:\/\/hammertimecafe.hu\/en\/wp-json\/wp\/v2\/types\/product"}],"replies":[{"embeddable":true,"href":"https:\/\/hammertimecafe.hu\/en\/wp-json\/wp\/v2\/comments?post=3177"}],"wp:featuredmedia":[{"embeddable":true,"href":"https:\/\/hammertimecafe.hu\/en\/wp-json\/wp\/v2\/media\/9606"}],"wp:attachment":[{"href":"https:\/\/hammertimecafe.hu\/en\/wp-json\/wp\/v2\/media?parent=3177"}],"wp:term":[{"taxonomy":"product_brand","embeddable":true,"href":"https:\/\/hammertimecafe.hu\/en\/wp-json\/wp\/v2\/product_brand?post=3177"},{"taxonomy":"product_cat","embeddable":true,"href":"https:\/\/hammertimecafe.hu\/en\/wp-json\/wp\/v2\/product_cat?post=3177"},{"taxonomy":"product_tag","embeddable":true,"href":"https:\/\/hammertimecafe.hu\/en\/wp-json\/wp\/v2\/product_tag?post=3177"}],"curies":[{"name":"wp","href":"https:\/\/api.w.org\/{rel}","templated":true}]}}