{"id":3316,"date":"2025-10-29T01:56:50","date_gmt":"2025-10-29T00:56:50","guid":{"rendered":"https:\/\/htcwoo.test\/termek\/space-marine-primaris-invictor-tactical-warsuit\/"},"modified":"2026-04-19T20:49:06","modified_gmt":"2026-04-19T18:49:06","slug":"space-marine-primaris-invictor-tactical-warsuit","status":"publish","type":"product","link":"https:\/\/hammertimecafe.hu\/en\/product\/space-marine-primaris-invictor-tactical-warsuit\/","title":{"rendered":"SPACE MARINE PRIMARIS INVICTOR TACTICAL WARSUIT"},"content":{"rendered":"<p>Ebben az &uacute;j fajta Dreadnought p&aacute;nc&eacute;lban, ellent&eacute;tben az eddigi Dreadnought-okkal egy &eacute;l\u0151 Space Marine foglal helyet, aki &iacute;gy m&eacute;g nagyobb puszt&iacute;t&aacute;st k&eacute;pes v&eacute;gezni Az Ember Birodalm&aacute;nak ellens&eacute;geinek soraiban. T&ouml;k&eacute;letes v&aacute;laszt&aacute;s ha valaki &ouml;tv&ouml;zni szeretn&eacute; a gyalogos alakulatokat a harcig&eacute;pekkel.<\/p>\n<p>A figura ragaszt&aacute;st &eacute;s fest&eacute;st ig&eacute;nyel.<\/p>","protected":false},"excerpt":{"rendered":"<p>Ebben az \u00faj fajta Dreadnought p\u00e1nc\u00e9lban, ellent\u00e9tben az eddigi Dreadnought-okkal egy \u00e9l\u0151 Space Marine foglal helyet, aki \u00edgy m\u00e9g nagyobb puszt\u00edt\u00e1st k\u00e9pes v\u00e9gezni Az Ember Birodalm\u00e1nak ellens\u00e9geinek soraiban. T\u00f6k\u00e9letes v\u00e1laszt\u00e1s ha valaki \u00f6tv\u00f6zni szeretn\u00e9 a gyalogos alakulatokat a harcig\u00e9pekkel.<\/p>","protected":false},"featured_media":10440,"comment_status":"open","ping_status":"closed","template":"","meta":{"_acf_changed":false},"product_brand":[46],"product_cat":[93,19],"product_tag":[],"class_list":{"0":"post-3316","1":"product","2":"type-product","3":"status-publish","4":"has-post-thumbnail","6":"product_brand-games-workshop","7":"product_cat-space-marines","8":"product_cat-wargame","10":"first","11":"onbackorder","12":"sale","13":"taxable","14":"shipping-taxable","15":"purchasable","16":"product-type-simple"},"acf":[],"yoast_head":"<!-- This site is optimized with the Yoast SEO Premium plugin v25.6 (Yoast SEO v25.6) - https:\/\/yoast.com\/wordpress\/plugins\/seo\/ -->\n<title>SPACE MARINE PRIMARIS INVICTOR TACTICAL WARSUIT - HammerTime Cafe Webshop<\/title>\n<meta name=\"robots\" content=\"index, follow, max-snippet:-1, max-image-preview:large, max-video-preview:-1\" \/>\n<link rel=\"canonical\" href=\"https:\/\/hammertimecafe.hu\/en\/product\/space-marine-primaris-invictor-tactical-warsuit\/\" \/>\n<meta property=\"og:locale\" content=\"en_US\" \/>\n<meta property=\"og:type\" content=\"article\" \/>\n<meta property=\"og:title\" content=\"SPACE MARINE PRIMARIS INVICTOR TACTICAL WARSUIT\" \/>\n<meta property=\"og:description\" content=\"Ebben az \u00faj fajta Dreadnought p\u00e1nc\u00e9lban, ellent\u00e9tben az eddigi Dreadnought-okkal egy \u00e9l\u0151 Space Marine foglal helyet, aki \u00edgy m\u00e9g nagyobb puszt\u00edt\u00e1st k\u00e9pes v\u00e9gezni Az Ember Birodalm\u00e1nak ellens\u00e9geinek soraiban. T\u00f6k\u00e9letes v\u00e1laszt\u00e1s ha valaki \u00f6tv\u00f6zni szeretn\u00e9 a gyalogos alakulatokat a harcig\u00e9pekkel.\" \/>\n<meta property=\"og:url\" content=\"https:\/\/hammertimecafe.hu\/en\/product\/space-marine-primaris-invictor-tactical-warsuit\/\" \/>\n<meta property=\"og:site_name\" content=\"HammerTime Cafe Webshop\" \/>\n<meta property=\"article:modified_time\" content=\"2026-04-19T18:49:06+00:00\" \/>\n<meta property=\"og:image\" content=\"https:\/\/hammertimecafe.hu\/app\/uploads\/2025\/10\/99120101264_2.jpg\" \/>\n\t<meta property=\"og:image:width\" content=\"1000\" \/>\n\t<meta property=\"og:image:height\" content=\"1033\" \/>\n\t<meta property=\"og:image:type\" content=\"image\/jpeg\" \/>\n<meta name=\"twitter:card\" content=\"summary_large_image\" \/>\n<script type=\"application\/ld+json\" class=\"yoast-schema-graph\">{\"@context\":\"https:\/\/schema.org\",\"@graph\":[{\"@type\":\"WebPage\",\"@id\":\"https:\/\/hammertimecafe.hu\/termek\/space-marine-primaris-invictor-tactical-warsuit\/\",\"url\":\"https:\/\/hammertimecafe.hu\/termek\/space-marine-primaris-invictor-tactical-warsuit\/\",\"name\":\"SPACE MARINE PRIMARIS INVICTOR TACTICAL WARSUIT - HammerTime Cafe Webshop\",\"isPartOf\":{\"@id\":\"https:\/\/hammertimecafe.hu\/#website\"},\"primaryImageOfPage\":{\"@id\":\"https:\/\/hammertimecafe.hu\/termek\/space-marine-primaris-invictor-tactical-warsuit\/#primaryimage\"},\"image\":{\"@id\":\"https:\/\/hammertimecafe.hu\/termek\/space-marine-primaris-invictor-tactical-warsuit\/#primaryimage\"},\"thumbnailUrl\":\"https:\/\/hammertimecafe.hu\/app\/uploads\/2025\/10\/99120101264_2.jpg\",\"datePublished\":\"2025-10-29T00:56:50+00:00\",\"dateModified\":\"2026-04-19T18:49:06+00:00\",\"breadcrumb\":{\"@id\":\"https:\/\/hammertimecafe.hu\/termek\/space-marine-primaris-invictor-tactical-warsuit\/#breadcrumb\"},\"inLanguage\":\"en-US\",\"potentialAction\":[{\"@type\":\"ReadAction\",\"target\":[\"https:\/\/hammertimecafe.hu\/termek\/space-marine-primaris-invictor-tactical-warsuit\/\"]}]},{\"@type\":\"ImageObject\",\"inLanguage\":\"en-US\",\"@id\":\"https:\/\/hammertimecafe.hu\/termek\/space-marine-primaris-invictor-tactical-warsuit\/#primaryimage\",\"url\":\"https:\/\/hammertimecafe.hu\/app\/uploads\/2025\/10\/99120101264_2.jpg\",\"contentUrl\":\"https:\/\/hammertimecafe.hu\/app\/uploads\/2025\/10\/99120101264_2.jpg\",\"width\":1000,\"height\":1033},{\"@type\":\"BreadcrumbList\",\"@id\":\"https:\/\/hammertimecafe.hu\/termek\/space-marine-primaris-invictor-tactical-warsuit\/#breadcrumb\",\"itemListElement\":[{\"@type\":\"ListItem\",\"position\":1,\"name\":\"Home\",\"item\":\"https:\/\/hammertimecafe.hu\/\"},{\"@type\":\"ListItem\",\"position\":2,\"name\":\"Shop\",\"item\":\"https:\/\/hammertimecafe.hu\/uzlet\/\"},{\"@type\":\"ListItem\",\"position\":3,\"name\":\"SPACE MARINE PRIMARIS INVICTOR TACTICAL WARSUIT\"}]},{\"@type\":\"WebSite\",\"@id\":\"https:\/\/hammertimecafe.hu\/#website\",\"url\":\"https:\/\/hammertimecafe.hu\/\",\"name\":\"Hammertimecafe\",\"description\":\"A HammerTime Cafe Hivatalos Weboldala \u00e9s Webshopja.\",\"publisher\":{\"@id\":\"https:\/\/hammertimecafe.hu\/#organization\"},\"potentialAction\":[{\"@type\":\"SearchAction\",\"target\":{\"@type\":\"EntryPoint\",\"urlTemplate\":\"https:\/\/hammertimecafe.hu\/?s={search_term_string}\"},\"query-input\":{\"@type\":\"PropertyValueSpecification\",\"valueRequired\":true,\"valueName\":\"search_term_string\"}}],\"inLanguage\":\"en-US\"},{\"@type\":\"Organization\",\"@id\":\"https:\/\/hammertimecafe.hu\/#organization\",\"name\":\"Hammertimecafe\",\"url\":\"https:\/\/hammertimecafe.hu\/\",\"logo\":{\"@type\":\"ImageObject\",\"inLanguage\":\"en-US\",\"@id\":\"https:\/\/hammertimecafe.hu\/#\/schema\/logo\/image\/\",\"url\":\"https:\/\/htcwoo.test\/app\/uploads\/2025\/08\/logo_of_htc.png\",\"contentUrl\":\"https:\/\/htcwoo.test\/app\/uploads\/2025\/08\/logo_of_htc.png\",\"width\":166,\"height\":73,\"caption\":\"Hammertimecafe\"},\"image\":{\"@id\":\"https:\/\/hammertimecafe.hu\/#\/schema\/logo\/image\/\"}}]}<\/script>\n<!-- \/ Yoast SEO Premium plugin. -->","yoast_head_json":{"title":"SPACE MARINE PRIMARIS INVICTOR TACTICAL WARSUIT - HammerTime Cafe Webshop","robots":{"index":"index","follow":"follow","max-snippet":"max-snippet:-1","max-image-preview":"max-image-preview:large","max-video-preview":"max-video-preview:-1"},"canonical":"https:\/\/hammertimecafe.hu\/en\/product\/space-marine-primaris-invictor-tactical-warsuit\/","og_locale":"en_US","og_type":"article","og_title":"SPACE MARINE PRIMARIS INVICTOR TACTICAL WARSUIT","og_description":"Ebben az \u00faj fajta Dreadnought p\u00e1nc\u00e9lban, ellent\u00e9tben az eddigi Dreadnought-okkal egy \u00e9l\u0151 Space Marine foglal helyet, aki \u00edgy m\u00e9g nagyobb puszt\u00edt\u00e1st k\u00e9pes v\u00e9gezni Az Ember Birodalm\u00e1nak ellens\u00e9geinek soraiban. T\u00f6k\u00e9letes v\u00e1laszt\u00e1s ha valaki \u00f6tv\u00f6zni szeretn\u00e9 a gyalogos alakulatokat a harcig\u00e9pekkel.","og_url":"https:\/\/hammertimecafe.hu\/en\/product\/space-marine-primaris-invictor-tactical-warsuit\/","og_site_name":"HammerTime Cafe Webshop","article_modified_time":"2026-04-19T18:49:06+00:00","og_image":[{"width":1000,"height":1033,"url":"https:\/\/hammertimecafe.hu\/app\/uploads\/2025\/10\/99120101264_2.jpg","type":"image\/jpeg"}],"twitter_card":"summary_large_image","schema":{"@context":"https:\/\/schema.org","@graph":[{"@type":"WebPage","@id":"https:\/\/hammertimecafe.hu\/termek\/space-marine-primaris-invictor-tactical-warsuit\/","url":"https:\/\/hammertimecafe.hu\/termek\/space-marine-primaris-invictor-tactical-warsuit\/","name":"SPACE MARINE PRIMARIS INVICTOR TACTICAL WARSUIT - HammerTime Cafe Webshop","isPartOf":{"@id":"https:\/\/hammertimecafe.hu\/#website"},"primaryImageOfPage":{"@id":"https:\/\/hammertimecafe.hu\/termek\/space-marine-primaris-invictor-tactical-warsuit\/#primaryimage"},"image":{"@id":"https:\/\/hammertimecafe.hu\/termek\/space-marine-primaris-invictor-tactical-warsuit\/#primaryimage"},"thumbnailUrl":"https:\/\/hammertimecafe.hu\/app\/uploads\/2025\/10\/99120101264_2.jpg","datePublished":"2025-10-29T00:56:50+00:00","dateModified":"2026-04-19T18:49:06+00:00","breadcrumb":{"@id":"https:\/\/hammertimecafe.hu\/termek\/space-marine-primaris-invictor-tactical-warsuit\/#breadcrumb"},"inLanguage":"en-US","potentialAction":[{"@type":"ReadAction","target":["https:\/\/hammertimecafe.hu\/termek\/space-marine-primaris-invictor-tactical-warsuit\/"]}]},{"@type":"ImageObject","inLanguage":"en-US","@id":"https:\/\/hammertimecafe.hu\/termek\/space-marine-primaris-invictor-tactical-warsuit\/#primaryimage","url":"https:\/\/hammertimecafe.hu\/app\/uploads\/2025\/10\/99120101264_2.jpg","contentUrl":"https:\/\/hammertimecafe.hu\/app\/uploads\/2025\/10\/99120101264_2.jpg","width":1000,"height":1033},{"@type":"BreadcrumbList","@id":"https:\/\/hammertimecafe.hu\/termek\/space-marine-primaris-invictor-tactical-warsuit\/#breadcrumb","itemListElement":[{"@type":"ListItem","position":1,"name":"Home","item":"https:\/\/hammertimecafe.hu\/"},{"@type":"ListItem","position":2,"name":"Shop","item":"https:\/\/hammertimecafe.hu\/uzlet\/"},{"@type":"ListItem","position":3,"name":"SPACE MARINE PRIMARIS INVICTOR TACTICAL WARSUIT"}]},{"@type":"WebSite","@id":"https:\/\/hammertimecafe.hu\/#website","url":"https:\/\/hammertimecafe.hu\/","name":"Hammertimecafe","description":"The Official Website and Webshop of HammerTime Cafe.","publisher":{"@id":"https:\/\/hammertimecafe.hu\/#organization"},"potentialAction":[{"@type":"SearchAction","target":{"@type":"EntryPoint","urlTemplate":"https:\/\/hammertimecafe.hu\/?s={search_term_string}"},"query-input":{"@type":"PropertyValueSpecification","valueRequired":true,"valueName":"search_term_string"}}],"inLanguage":"en-US"},{"@type":"Organization","@id":"https:\/\/hammertimecafe.hu\/#organization","name":"Hammertimecafe","url":"https:\/\/hammertimecafe.hu\/","logo":{"@type":"ImageObject","inLanguage":"en-US","@id":"https:\/\/hammertimecafe.hu\/#\/schema\/logo\/image\/","url":"https:\/\/htcwoo.test\/app\/uploads\/2025\/08\/logo_of_htc.png","contentUrl":"https:\/\/htcwoo.test\/app\/uploads\/2025\/08\/logo_of_htc.png","width":166,"height":73,"caption":"Hammertimecafe"},"image":{"@id":"https:\/\/hammertimecafe.hu\/#\/schema\/logo\/image\/"}}]}},"_links":{"self":[{"href":"https:\/\/hammertimecafe.hu\/en\/wp-json\/wp\/v2\/product\/3316","targetHints":{"allow":["GET"]}}],"collection":[{"href":"https:\/\/hammertimecafe.hu\/en\/wp-json\/wp\/v2\/product"}],"about":[{"href":"https:\/\/hammertimecafe.hu\/en\/wp-json\/wp\/v2\/types\/product"}],"replies":[{"embeddable":true,"href":"https:\/\/hammertimecafe.hu\/en\/wp-json\/wp\/v2\/comments?post=3316"}],"wp:featuredmedia":[{"embeddable":true,"href":"https:\/\/hammertimecafe.hu\/en\/wp-json\/wp\/v2\/media\/10440"}],"wp:attachment":[{"href":"https:\/\/hammertimecafe.hu\/en\/wp-json\/wp\/v2\/media?parent=3316"}],"wp:term":[{"taxonomy":"product_brand","embeddable":true,"href":"https:\/\/hammertimecafe.hu\/en\/wp-json\/wp\/v2\/product_brand?post=3316"},{"taxonomy":"product_cat","embeddable":true,"href":"https:\/\/hammertimecafe.hu\/en\/wp-json\/wp\/v2\/product_cat?post=3316"},{"taxonomy":"product_tag","embeddable":true,"href":"https:\/\/hammertimecafe.hu\/en\/wp-json\/wp\/v2\/product_tag?post=3316"}],"curies":[{"name":"wp","href":"https:\/\/api.w.org\/{rel}","templated":true}]}}