{"id":3861,"date":"2025-10-29T02:07:00","date_gmt":"2025-10-29T01:07:00","guid":{"rendered":"https:\/\/htcwoo.test\/termek\/71197-model-air-1941-to-1943-great-patriotic-war-paint-set\/"},"modified":"2026-04-19T20:47:53","modified_gmt":"2026-04-19T18:47:53","slug":"71197-model-air-1941-to-1943-great-patriotic-war-paint-set","status":"publish","type":"product","link":"https:\/\/hammertimecafe.hu\/en\/product\/71197-model-air-1941-to-1943-great-patriotic-war-paint-set\/","title":{"rendered":"71197 Model Air &#8211; 1941 To 1943 &#8211; Great Patriotic War Paint set"},"content":{"rendered":"<p>Set with 8 Model Air colors in 17ml. developed to paint the various camouflage schemes of Soviet aircraft and their different color combinations, from the beginning of the \u201cGreat Patriotic War\u201d in June 1941 until the year 1943, turning point on the Easter<\/p>","protected":false},"excerpt":{"rendered":"<p>8db a nagy patrit\u00f3ta h\u00e1bor\u00fa 1941-43 k\u00f6zti id\u0151szak\u00e1nak sz\u00edneit tartalmaz\u00f3 fest\u00e9kk\u00e9szlet<\/p>","protected":false},"featured_media":16771,"comment_status":"open","ping_status":"closed","template":"","meta":{"_acf_changed":false},"product_brand":[380],"product_cat":[129,207],"product_tag":[],"class_list":{"0":"post-3861","1":"product","2":"type-product","3":"status-publish","4":"has-post-thumbnail","6":"product_brand-vallejo","7":"product_cat-tegelyes-festekek","8":"product_cat-vallejo","10":"first","11":"onbackorder","12":"sale","13":"taxable","14":"shipping-taxable","15":"purchasable","16":"product-type-simple"},"acf":[],"yoast_head":"<!-- This site is optimized with the Yoast SEO Premium plugin v25.6 (Yoast SEO v25.6) - https:\/\/yoast.com\/wordpress\/plugins\/seo\/ -->\n<title>71197 Model Air - 1941 To 1943 - Great Patriotic War Paint set<\/title>\n<meta name=\"description\" content=\"71197 Model Air - 1941 To 1943 - Great Patriotic War Paint set\" \/>\n<meta name=\"robots\" content=\"index, follow, max-snippet:-1, max-image-preview:large, max-video-preview:-1\" \/>\n<link rel=\"canonical\" href=\"https:\/\/hammertimecafe.hu\/en\/product\/71197-model-air-1941-to-1943-great-patriotic-war-paint-set\/\" \/>\n<meta property=\"og:locale\" content=\"en_US\" \/>\n<meta property=\"og:type\" content=\"article\" \/>\n<meta property=\"og:title\" content=\"71197 Model Air - 1941 To 1943 - Great Patriotic War Paint set\" \/>\n<meta property=\"og:description\" content=\"71197 Model Air - 1941 To 1943 - Great Patriotic War Paint set\" \/>\n<meta property=\"og:url\" content=\"https:\/\/hammertimecafe.hu\/en\/product\/71197-model-air-1941-to-1943-great-patriotic-war-paint-set\/\" \/>\n<meta property=\"og:site_name\" content=\"HammerTime Cafe Webshop\" \/>\n<meta property=\"article:modified_time\" content=\"2026-04-19T18:47:53+00:00\" \/>\n<meta property=\"og:image\" content=\"https:\/\/hammertimecafe.hu\/app\/uploads\/2025\/10\/8429551711975_wfahjvvgubmuq2i0.png\" \/>\n\t<meta property=\"og:image:width\" content=\"1000\" \/>\n\t<meta property=\"og:image:height\" content=\"639\" \/>\n\t<meta property=\"og:image:type\" content=\"image\/png\" \/>\n<meta name=\"twitter:card\" content=\"summary_large_image\" \/>\n<script type=\"application\/ld+json\" class=\"yoast-schema-graph\">{\"@context\":\"https:\/\/schema.org\",\"@graph\":[{\"@type\":\"WebPage\",\"@id\":\"https:\/\/hammertimecafe.hu\/termek\/71197-model-air-1941-to-1943-great-patriotic-war-paint-set\/\",\"url\":\"https:\/\/hammertimecafe.hu\/termek\/71197-model-air-1941-to-1943-great-patriotic-war-paint-set\/\",\"name\":\"71197 Model Air - 1941 To 1943 - Great Patriotic War Paint set\",\"isPartOf\":{\"@id\":\"https:\/\/hammertimecafe.hu\/#website\"},\"primaryImageOfPage\":{\"@id\":\"https:\/\/hammertimecafe.hu\/termek\/71197-model-air-1941-to-1943-great-patriotic-war-paint-set\/#primaryimage\"},\"image\":{\"@id\":\"https:\/\/hammertimecafe.hu\/termek\/71197-model-air-1941-to-1943-great-patriotic-war-paint-set\/#primaryimage\"},\"thumbnailUrl\":\"https:\/\/hammertimecafe.hu\/app\/uploads\/2025\/10\/8429551711975_wfahjvvgubmuq2i0.png\",\"datePublished\":\"2025-10-29T01:07:00+00:00\",\"dateModified\":\"2026-04-19T18:47:53+00:00\",\"description\":\"71197 Model Air - 1941 To 1943 - Great Patriotic War Paint set\",\"breadcrumb\":{\"@id\":\"https:\/\/hammertimecafe.hu\/termek\/71197-model-air-1941-to-1943-great-patriotic-war-paint-set\/#breadcrumb\"},\"inLanguage\":\"en-US\",\"potentialAction\":[{\"@type\":\"ReadAction\",\"target\":[\"https:\/\/hammertimecafe.hu\/termek\/71197-model-air-1941-to-1943-great-patriotic-war-paint-set\/\"]}]},{\"@type\":\"ImageObject\",\"inLanguage\":\"en-US\",\"@id\":\"https:\/\/hammertimecafe.hu\/termek\/71197-model-air-1941-to-1943-great-patriotic-war-paint-set\/#primaryimage\",\"url\":\"https:\/\/hammertimecafe.hu\/app\/uploads\/2025\/10\/8429551711975_wfahjvvgubmuq2i0.png\",\"contentUrl\":\"https:\/\/hammertimecafe.hu\/app\/uploads\/2025\/10\/8429551711975_wfahjvvgubmuq2i0.png\",\"width\":1000,\"height\":639},{\"@type\":\"BreadcrumbList\",\"@id\":\"https:\/\/hammertimecafe.hu\/termek\/71197-model-air-1941-to-1943-great-patriotic-war-paint-set\/#breadcrumb\",\"itemListElement\":[{\"@type\":\"ListItem\",\"position\":1,\"name\":\"Home\",\"item\":\"https:\/\/hammertimecafe.hu\/\"},{\"@type\":\"ListItem\",\"position\":2,\"name\":\"Shop\",\"item\":\"https:\/\/hammertimecafe.hu\/uzlet\/\"},{\"@type\":\"ListItem\",\"position\":3,\"name\":\"71197 Model Air &#8211; 1941 To 1943 &#8211; Great Patriotic War Paint set\"}]},{\"@type\":\"WebSite\",\"@id\":\"https:\/\/hammertimecafe.hu\/#website\",\"url\":\"https:\/\/hammertimecafe.hu\/\",\"name\":\"Hammertimecafe\",\"description\":\"A HammerTime Cafe Hivatalos Weboldala \u00e9s Webshopja.\",\"publisher\":{\"@id\":\"https:\/\/hammertimecafe.hu\/#organization\"},\"potentialAction\":[{\"@type\":\"SearchAction\",\"target\":{\"@type\":\"EntryPoint\",\"urlTemplate\":\"https:\/\/hammertimecafe.hu\/?s={search_term_string}\"},\"query-input\":{\"@type\":\"PropertyValueSpecification\",\"valueRequired\":true,\"valueName\":\"search_term_string\"}}],\"inLanguage\":\"en-US\"},{\"@type\":\"Organization\",\"@id\":\"https:\/\/hammertimecafe.hu\/#organization\",\"name\":\"Hammertimecafe\",\"url\":\"https:\/\/hammertimecafe.hu\/\",\"logo\":{\"@type\":\"ImageObject\",\"inLanguage\":\"en-US\",\"@id\":\"https:\/\/hammertimecafe.hu\/#\/schema\/logo\/image\/\",\"url\":\"https:\/\/htcwoo.test\/app\/uploads\/2025\/08\/logo_of_htc.png\",\"contentUrl\":\"https:\/\/htcwoo.test\/app\/uploads\/2025\/08\/logo_of_htc.png\",\"width\":166,\"height\":73,\"caption\":\"Hammertimecafe\"},\"image\":{\"@id\":\"https:\/\/hammertimecafe.hu\/#\/schema\/logo\/image\/\"}}]}<\/script>\n<!-- \/ Yoast SEO Premium plugin. -->","yoast_head_json":{"title":"71197 Model Air - 1941 To 1943 - Great Patriotic War Paint set","description":"71197 Model Air - 1941 To 1943 - Great Patriotic War Paint set","robots":{"index":"index","follow":"follow","max-snippet":"max-snippet:-1","max-image-preview":"max-image-preview:large","max-video-preview":"max-video-preview:-1"},"canonical":"https:\/\/hammertimecafe.hu\/en\/product\/71197-model-air-1941-to-1943-great-patriotic-war-paint-set\/","og_locale":"en_US","og_type":"article","og_title":"71197 Model Air - 1941 To 1943 - Great Patriotic War Paint set","og_description":"71197 Model Air - 1941 To 1943 - Great Patriotic War Paint set","og_url":"https:\/\/hammertimecafe.hu\/en\/product\/71197-model-air-1941-to-1943-great-patriotic-war-paint-set\/","og_site_name":"HammerTime Cafe Webshop","article_modified_time":"2026-04-19T18:47:53+00:00","og_image":[{"width":1000,"height":639,"url":"https:\/\/hammertimecafe.hu\/app\/uploads\/2025\/10\/8429551711975_wfahjvvgubmuq2i0.png","type":"image\/png"}],"twitter_card":"summary_large_image","schema":{"@context":"https:\/\/schema.org","@graph":[{"@type":"WebPage","@id":"https:\/\/hammertimecafe.hu\/termek\/71197-model-air-1941-to-1943-great-patriotic-war-paint-set\/","url":"https:\/\/hammertimecafe.hu\/termek\/71197-model-air-1941-to-1943-great-patriotic-war-paint-set\/","name":"71197 Model Air - 1941 To 1943 - Great Patriotic War Paint set","isPartOf":{"@id":"https:\/\/hammertimecafe.hu\/#website"},"primaryImageOfPage":{"@id":"https:\/\/hammertimecafe.hu\/termek\/71197-model-air-1941-to-1943-great-patriotic-war-paint-set\/#primaryimage"},"image":{"@id":"https:\/\/hammertimecafe.hu\/termek\/71197-model-air-1941-to-1943-great-patriotic-war-paint-set\/#primaryimage"},"thumbnailUrl":"https:\/\/hammertimecafe.hu\/app\/uploads\/2025\/10\/8429551711975_wfahjvvgubmuq2i0.png","datePublished":"2025-10-29T01:07:00+00:00","dateModified":"2026-04-19T18:47:53+00:00","description":"71197 Model Air - 1941 To 1943 - Great Patriotic War Paint set","breadcrumb":{"@id":"https:\/\/hammertimecafe.hu\/termek\/71197-model-air-1941-to-1943-great-patriotic-war-paint-set\/#breadcrumb"},"inLanguage":"en-US","potentialAction":[{"@type":"ReadAction","target":["https:\/\/hammertimecafe.hu\/termek\/71197-model-air-1941-to-1943-great-patriotic-war-paint-set\/"]}]},{"@type":"ImageObject","inLanguage":"en-US","@id":"https:\/\/hammertimecafe.hu\/termek\/71197-model-air-1941-to-1943-great-patriotic-war-paint-set\/#primaryimage","url":"https:\/\/hammertimecafe.hu\/app\/uploads\/2025\/10\/8429551711975_wfahjvvgubmuq2i0.png","contentUrl":"https:\/\/hammertimecafe.hu\/app\/uploads\/2025\/10\/8429551711975_wfahjvvgubmuq2i0.png","width":1000,"height":639},{"@type":"BreadcrumbList","@id":"https:\/\/hammertimecafe.hu\/termek\/71197-model-air-1941-to-1943-great-patriotic-war-paint-set\/#breadcrumb","itemListElement":[{"@type":"ListItem","position":1,"name":"Home","item":"https:\/\/hammertimecafe.hu\/"},{"@type":"ListItem","position":2,"name":"Shop","item":"https:\/\/hammertimecafe.hu\/uzlet\/"},{"@type":"ListItem","position":3,"name":"71197 Model Air &#8211; 1941 To 1943 &#8211; Great Patriotic War Paint set"}]},{"@type":"WebSite","@id":"https:\/\/hammertimecafe.hu\/#website","url":"https:\/\/hammertimecafe.hu\/","name":"Hammertimecafe","description":"The Official Website and Webshop of HammerTime Cafe.","publisher":{"@id":"https:\/\/hammertimecafe.hu\/#organization"},"potentialAction":[{"@type":"SearchAction","target":{"@type":"EntryPoint","urlTemplate":"https:\/\/hammertimecafe.hu\/?s={search_term_string}"},"query-input":{"@type":"PropertyValueSpecification","valueRequired":true,"valueName":"search_term_string"}}],"inLanguage":"en-US"},{"@type":"Organization","@id":"https:\/\/hammertimecafe.hu\/#organization","name":"Hammertimecafe","url":"https:\/\/hammertimecafe.hu\/","logo":{"@type":"ImageObject","inLanguage":"en-US","@id":"https:\/\/hammertimecafe.hu\/#\/schema\/logo\/image\/","url":"https:\/\/htcwoo.test\/app\/uploads\/2025\/08\/logo_of_htc.png","contentUrl":"https:\/\/htcwoo.test\/app\/uploads\/2025\/08\/logo_of_htc.png","width":166,"height":73,"caption":"Hammertimecafe"},"image":{"@id":"https:\/\/hammertimecafe.hu\/#\/schema\/logo\/image\/"}}]}},"_links":{"self":[{"href":"https:\/\/hammertimecafe.hu\/en\/wp-json\/wp\/v2\/product\/3861","targetHints":{"allow":["GET"]}}],"collection":[{"href":"https:\/\/hammertimecafe.hu\/en\/wp-json\/wp\/v2\/product"}],"about":[{"href":"https:\/\/hammertimecafe.hu\/en\/wp-json\/wp\/v2\/types\/product"}],"replies":[{"embeddable":true,"href":"https:\/\/hammertimecafe.hu\/en\/wp-json\/wp\/v2\/comments?post=3861"}],"wp:featuredmedia":[{"embeddable":true,"href":"https:\/\/hammertimecafe.hu\/en\/wp-json\/wp\/v2\/media\/16771"}],"wp:attachment":[{"href":"https:\/\/hammertimecafe.hu\/en\/wp-json\/wp\/v2\/media?parent=3861"}],"wp:term":[{"taxonomy":"product_brand","embeddable":true,"href":"https:\/\/hammertimecafe.hu\/en\/wp-json\/wp\/v2\/product_brand?post=3861"},{"taxonomy":"product_cat","embeddable":true,"href":"https:\/\/hammertimecafe.hu\/en\/wp-json\/wp\/v2\/product_cat?post=3861"},{"taxonomy":"product_tag","embeddable":true,"href":"https:\/\/hammertimecafe.hu\/en\/wp-json\/wp\/v2\/product_tag?post=3861"}],"curies":[{"name":"wp","href":"https:\/\/api.w.org\/{rel}","templated":true}]}}