{"id":4235,"date":"2025-10-29T02:13:57","date_gmt":"2025-10-29T01:13:57","guid":{"rendered":"https:\/\/htcwoo.test\/termek\/permanent-matt-varnish-18-ml\/"},"modified":"2026-05-07T16:19:13","modified_gmt":"2026-05-07T14:19:13","slug":"permanent-matt-varnish-18-ml","status":"publish","type":"product","link":"https:\/\/hammertimecafe.hu\/en\/product\/permanent-matt-varnish-18-ml\/","title":{"rendered":"PERMANENT MATT VARNISH 18 ml"},"content":{"rendered":"<p><span data-sheets-root=\"1\">PERMANENT MATT VARNISH<\/span><\/p>\n<p><span data-sheets-root=\"1\">V\u00edzb\u00e1zis\u00fa akril matt lakk, gyorsan sz\u00e1rad\u00f3 \u00e9s rendk\u00edv\u00fcli kem\u00e9nys\u00e9g\u0171 \u00e9s tart\u00f3ss\u00e1g\u00fa akrilgyanta. Megv\u00e9di a festett modelleket a port\u00f3l \u00e9s a karcol\u00e1sokt\u00f3l, a szennyez\u0151d\u00e9st\u0151l \u00e9s a nedvess\u00e9gt\u0151l.<\/span><\/p>","protected":false},"excerpt":{"rendered":"<p><span data-sheets-root=\"1\">PERMANENT MATT VARNISH<\/span><\/p>\n<p><span data-sheets-root=\"1\">V\u00edzb\u00e1zis\u00fa akril matt lakk, gyorsan sz\u00e1rad\u00f3 \u00e9s rendk\u00edv\u00fcli kem\u00e9nys\u00e9g\u0171 \u00e9s tart\u00f3ss\u00e1g\u00fa akrilgyanta. Megv\u00e9di a festett modelleket a port\u00f3l \u00e9s a karcol\u00e1sokt\u00f3l, a szennyez\u0151d\u00e9st\u0151l \u00e9s a nedvess\u00e9gt\u0151l.<\/span><\/p>","protected":false},"featured_media":18310,"comment_status":"open","ping_status":"closed","template":"","meta":{"_acf_changed":false},"product_brand":[380],"product_cat":[129,207],"product_tag":[],"class_list":{"0":"post-4235","1":"product","2":"type-product","3":"status-publish","4":"has-post-thumbnail","6":"product_brand-vallejo","7":"product_cat-tegelyes-festekek","8":"product_cat-vallejo","10":"first","11":"onbackorder","12":"sale","13":"taxable","14":"shipping-taxable","15":"purchasable","16":"product-type-simple"},"acf":[],"yoast_head":"<!-- This site is optimized with the Yoast SEO Premium plugin v25.6 (Yoast SEO v25.6) - https:\/\/yoast.com\/wordpress\/plugins\/seo\/ -->\n<title>PERMANENT MATT VARNISH 18 ml<\/title>\n<meta name=\"description\" content=\"V\u00edzb\u00e1zis\u00fa akril matt lakk, gyorsan sz\u00e1rad\u00f3 \u00e9s rendk\u00edv\u00fcli kem\u00e9nys\u00e9g\u0171 \u00e9s tart\u00f3ss\u00e1g\u00fa akrilgyanta.\" \/>\n<meta name=\"robots\" content=\"index, follow, max-snippet:-1, max-image-preview:large, max-video-preview:-1\" \/>\n<link rel=\"canonical\" href=\"https:\/\/hammertimecafe.hu\/en\/product\/permanent-matt-varnish-18-ml\/\" \/>\n<meta property=\"og:locale\" content=\"en_US\" \/>\n<meta property=\"og:type\" content=\"article\" \/>\n<meta property=\"og:title\" content=\"PERMANENT MATT VARNISH 18 ml\" \/>\n<meta property=\"og:description\" content=\"V\u00edzb\u00e1zis\u00fa akril matt lakk, gyorsan sz\u00e1rad\u00f3 \u00e9s rendk\u00edv\u00fcli kem\u00e9nys\u00e9g\u0171 \u00e9s tart\u00f3ss\u00e1g\u00fa akrilgyanta.\" \/>\n<meta property=\"og:url\" content=\"https:\/\/hammertimecafe.hu\/en\/product\/permanent-matt-varnish-18-ml\/\" \/>\n<meta property=\"og:site_name\" content=\"HammerTime Cafe Webshop\" \/>\n<meta property=\"article:modified_time\" content=\"2026-05-07T14:19:13+00:00\" \/>\n<meta property=\"og:image\" content=\"https:\/\/hammertimecafe.hu\/app\/uploads\/2025\/10\/permanent_matt_varnish_.jpeg\" \/>\n\t<meta property=\"og:image:width\" content=\"800\" \/>\n\t<meta property=\"og:image:height\" content=\"800\" \/>\n\t<meta property=\"og:image:type\" content=\"image\/jpeg\" \/>\n<meta name=\"twitter:card\" content=\"summary_large_image\" \/>\n<script type=\"application\/ld+json\" class=\"yoast-schema-graph\">{\"@context\":\"https:\/\/schema.org\",\"@graph\":[{\"@type\":\"WebPage\",\"@id\":\"https:\/\/hammertimecafe.hu\/termek\/permanent-matt-varnish-18-ml\/\",\"url\":\"https:\/\/hammertimecafe.hu\/termek\/permanent-matt-varnish-18-ml\/\",\"name\":\"PERMANENT MATT VARNISH 18 ml\",\"isPartOf\":{\"@id\":\"https:\/\/hammertimecafe.hu\/#website\"},\"primaryImageOfPage\":{\"@id\":\"https:\/\/hammertimecafe.hu\/termek\/permanent-matt-varnish-18-ml\/#primaryimage\"},\"image\":{\"@id\":\"https:\/\/hammertimecafe.hu\/termek\/permanent-matt-varnish-18-ml\/#primaryimage\"},\"thumbnailUrl\":\"https:\/\/hammertimecafe.hu\/app\/uploads\/2025\/10\/permanent_matt_varnish_.jpeg\",\"datePublished\":\"2025-10-29T01:13:57+00:00\",\"dateModified\":\"2026-05-07T14:19:13+00:00\",\"description\":\"V\u00edzb\u00e1zis\u00fa akril matt lakk, gyorsan sz\u00e1rad\u00f3 \u00e9s rendk\u00edv\u00fcli kem\u00e9nys\u00e9g\u0171 \u00e9s tart\u00f3ss\u00e1g\u00fa akrilgyanta.\",\"breadcrumb\":{\"@id\":\"https:\/\/hammertimecafe.hu\/termek\/permanent-matt-varnish-18-ml\/#breadcrumb\"},\"inLanguage\":\"en-US\",\"potentialAction\":[{\"@type\":\"ReadAction\",\"target\":[\"https:\/\/hammertimecafe.hu\/termek\/permanent-matt-varnish-18-ml\/\"]}]},{\"@type\":\"ImageObject\",\"inLanguage\":\"en-US\",\"@id\":\"https:\/\/hammertimecafe.hu\/termek\/permanent-matt-varnish-18-ml\/#primaryimage\",\"url\":\"https:\/\/hammertimecafe.hu\/app\/uploads\/2025\/10\/permanent_matt_varnish_.jpeg\",\"contentUrl\":\"https:\/\/hammertimecafe.hu\/app\/uploads\/2025\/10\/permanent_matt_varnish_.jpeg\",\"width\":800,\"height\":800},{\"@type\":\"BreadcrumbList\",\"@id\":\"https:\/\/hammertimecafe.hu\/termek\/permanent-matt-varnish-18-ml\/#breadcrumb\",\"itemListElement\":[{\"@type\":\"ListItem\",\"position\":1,\"name\":\"Home\",\"item\":\"https:\/\/hammertimecafe.hu\/\"},{\"@type\":\"ListItem\",\"position\":2,\"name\":\"Shop\",\"item\":\"https:\/\/hammertimecafe.hu\/uzlet\/\"},{\"@type\":\"ListItem\",\"position\":3,\"name\":\"PERMANENT MATT VARNISH 18 ml\"}]},{\"@type\":\"WebSite\",\"@id\":\"https:\/\/hammertimecafe.hu\/#website\",\"url\":\"https:\/\/hammertimecafe.hu\/\",\"name\":\"Hammertimecafe\",\"description\":\"A HammerTime Cafe Hivatalos Weboldala \u00e9s Webshopja.\",\"publisher\":{\"@id\":\"https:\/\/hammertimecafe.hu\/#organization\"},\"potentialAction\":[{\"@type\":\"SearchAction\",\"target\":{\"@type\":\"EntryPoint\",\"urlTemplate\":\"https:\/\/hammertimecafe.hu\/?s={search_term_string}\"},\"query-input\":{\"@type\":\"PropertyValueSpecification\",\"valueRequired\":true,\"valueName\":\"search_term_string\"}}],\"inLanguage\":\"en-US\"},{\"@type\":\"Organization\",\"@id\":\"https:\/\/hammertimecafe.hu\/#organization\",\"name\":\"Hammertimecafe\",\"url\":\"https:\/\/hammertimecafe.hu\/\",\"logo\":{\"@type\":\"ImageObject\",\"inLanguage\":\"en-US\",\"@id\":\"https:\/\/hammertimecafe.hu\/#\/schema\/logo\/image\/\",\"url\":\"https:\/\/htcwoo.test\/app\/uploads\/2025\/08\/logo_of_htc.png\",\"contentUrl\":\"https:\/\/htcwoo.test\/app\/uploads\/2025\/08\/logo_of_htc.png\",\"width\":166,\"height\":73,\"caption\":\"Hammertimecafe\"},\"image\":{\"@id\":\"https:\/\/hammertimecafe.hu\/#\/schema\/logo\/image\/\"}}]}<\/script>\n<!-- \/ Yoast SEO Premium plugin. -->","yoast_head_json":{"title":"PERMANENT MATT VARNISH 18 ml","description":"V\u00edzb\u00e1zis\u00fa akril matt lakk, gyorsan sz\u00e1rad\u00f3 \u00e9s rendk\u00edv\u00fcli kem\u00e9nys\u00e9g\u0171 \u00e9s tart\u00f3ss\u00e1g\u00fa akrilgyanta.","robots":{"index":"index","follow":"follow","max-snippet":"max-snippet:-1","max-image-preview":"max-image-preview:large","max-video-preview":"max-video-preview:-1"},"canonical":"https:\/\/hammertimecafe.hu\/en\/product\/permanent-matt-varnish-18-ml\/","og_locale":"en_US","og_type":"article","og_title":"PERMANENT MATT VARNISH 18 ml","og_description":"V\u00edzb\u00e1zis\u00fa akril matt lakk, gyorsan sz\u00e1rad\u00f3 \u00e9s rendk\u00edv\u00fcli kem\u00e9nys\u00e9g\u0171 \u00e9s tart\u00f3ss\u00e1g\u00fa akrilgyanta.","og_url":"https:\/\/hammertimecafe.hu\/en\/product\/permanent-matt-varnish-18-ml\/","og_site_name":"HammerTime Cafe Webshop","article_modified_time":"2026-05-07T14:19:13+00:00","og_image":[{"width":800,"height":800,"url":"https:\/\/hammertimecafe.hu\/app\/uploads\/2025\/10\/permanent_matt_varnish_.jpeg","type":"image\/jpeg"}],"twitter_card":"summary_large_image","schema":{"@context":"https:\/\/schema.org","@graph":[{"@type":"WebPage","@id":"https:\/\/hammertimecafe.hu\/termek\/permanent-matt-varnish-18-ml\/","url":"https:\/\/hammertimecafe.hu\/termek\/permanent-matt-varnish-18-ml\/","name":"PERMANENT MATT VARNISH 18 ml","isPartOf":{"@id":"https:\/\/hammertimecafe.hu\/#website"},"primaryImageOfPage":{"@id":"https:\/\/hammertimecafe.hu\/termek\/permanent-matt-varnish-18-ml\/#primaryimage"},"image":{"@id":"https:\/\/hammertimecafe.hu\/termek\/permanent-matt-varnish-18-ml\/#primaryimage"},"thumbnailUrl":"https:\/\/hammertimecafe.hu\/app\/uploads\/2025\/10\/permanent_matt_varnish_.jpeg","datePublished":"2025-10-29T01:13:57+00:00","dateModified":"2026-05-07T14:19:13+00:00","description":"V\u00edzb\u00e1zis\u00fa akril matt lakk, gyorsan sz\u00e1rad\u00f3 \u00e9s rendk\u00edv\u00fcli kem\u00e9nys\u00e9g\u0171 \u00e9s tart\u00f3ss\u00e1g\u00fa akrilgyanta.","breadcrumb":{"@id":"https:\/\/hammertimecafe.hu\/termek\/permanent-matt-varnish-18-ml\/#breadcrumb"},"inLanguage":"en-US","potentialAction":[{"@type":"ReadAction","target":["https:\/\/hammertimecafe.hu\/termek\/permanent-matt-varnish-18-ml\/"]}]},{"@type":"ImageObject","inLanguage":"en-US","@id":"https:\/\/hammertimecafe.hu\/termek\/permanent-matt-varnish-18-ml\/#primaryimage","url":"https:\/\/hammertimecafe.hu\/app\/uploads\/2025\/10\/permanent_matt_varnish_.jpeg","contentUrl":"https:\/\/hammertimecafe.hu\/app\/uploads\/2025\/10\/permanent_matt_varnish_.jpeg","width":800,"height":800},{"@type":"BreadcrumbList","@id":"https:\/\/hammertimecafe.hu\/termek\/permanent-matt-varnish-18-ml\/#breadcrumb","itemListElement":[{"@type":"ListItem","position":1,"name":"Home","item":"https:\/\/hammertimecafe.hu\/"},{"@type":"ListItem","position":2,"name":"Shop","item":"https:\/\/hammertimecafe.hu\/uzlet\/"},{"@type":"ListItem","position":3,"name":"PERMANENT MATT VARNISH 18 ml"}]},{"@type":"WebSite","@id":"https:\/\/hammertimecafe.hu\/#website","url":"https:\/\/hammertimecafe.hu\/","name":"Hammertimecafe","description":"The Official Website and Webshop of HammerTime Cafe.","publisher":{"@id":"https:\/\/hammertimecafe.hu\/#organization"},"potentialAction":[{"@type":"SearchAction","target":{"@type":"EntryPoint","urlTemplate":"https:\/\/hammertimecafe.hu\/?s={search_term_string}"},"query-input":{"@type":"PropertyValueSpecification","valueRequired":true,"valueName":"search_term_string"}}],"inLanguage":"en-US"},{"@type":"Organization","@id":"https:\/\/hammertimecafe.hu\/#organization","name":"Hammertimecafe","url":"https:\/\/hammertimecafe.hu\/","logo":{"@type":"ImageObject","inLanguage":"en-US","@id":"https:\/\/hammertimecafe.hu\/#\/schema\/logo\/image\/","url":"https:\/\/htcwoo.test\/app\/uploads\/2025\/08\/logo_of_htc.png","contentUrl":"https:\/\/htcwoo.test\/app\/uploads\/2025\/08\/logo_of_htc.png","width":166,"height":73,"caption":"Hammertimecafe"},"image":{"@id":"https:\/\/hammertimecafe.hu\/#\/schema\/logo\/image\/"}}]}},"_links":{"self":[{"href":"https:\/\/hammertimecafe.hu\/en\/wp-json\/wp\/v2\/product\/4235","targetHints":{"allow":["GET"]}}],"collection":[{"href":"https:\/\/hammertimecafe.hu\/en\/wp-json\/wp\/v2\/product"}],"about":[{"href":"https:\/\/hammertimecafe.hu\/en\/wp-json\/wp\/v2\/types\/product"}],"replies":[{"embeddable":true,"href":"https:\/\/hammertimecafe.hu\/en\/wp-json\/wp\/v2\/comments?post=4235"}],"wp:featuredmedia":[{"embeddable":true,"href":"https:\/\/hammertimecafe.hu\/en\/wp-json\/wp\/v2\/media\/18310"}],"wp:attachment":[{"href":"https:\/\/hammertimecafe.hu\/en\/wp-json\/wp\/v2\/media?parent=4235"}],"wp:term":[{"taxonomy":"product_brand","embeddable":true,"href":"https:\/\/hammertimecafe.hu\/en\/wp-json\/wp\/v2\/product_brand?post=4235"},{"taxonomy":"product_cat","embeddable":true,"href":"https:\/\/hammertimecafe.hu\/en\/wp-json\/wp\/v2\/product_cat?post=4235"},{"taxonomy":"product_tag","embeddable":true,"href":"https:\/\/hammertimecafe.hu\/en\/wp-json\/wp\/v2\/product_tag?post=4235"}],"curies":[{"name":"wp","href":"https:\/\/api.w.org\/{rel}","templated":true}]}}