{"id":4469,"date":"2025-10-29T02:15:39","date_gmt":"2025-10-29T01:15:39","guid":{"rendered":"https:\/\/htcwoo.test\/termek\/70108-model-color-panzer-colors-paint-set\/"},"modified":"2026-04-19T20:46:43","modified_gmt":"2026-04-19T18:46:43","slug":"70108-model-color-panzer-colors-paint-set","status":"publish","type":"product","link":"https:\/\/hammertimecafe.hu\/en\/product\/70108-model-color-panzer-colors-paint-set\/","title":{"rendered":"70108 Model Color &#8211; Panzer Colors Paint set"},"content":{"rendered":"<p>Tartalma:<\/p>\n<div class=\"woocommerce-product-details__short-description\">\n<p>70.862 Black Grey<br \/>70.872 Chocolate Brown<br \/>70.879 Green Brown<br \/>70.880 Khaki Grey<br \/>70.890 Refractive Green<br \/>70.978 Dark Yellow<br \/>70.916 Sand Yellow<br \/>70.865 Oily Steel<\/p>\n<div class=\"heateor_sss_sharing_container heateor_sss_horizontal_sharing\" data-heateor-ss-offset=\"0\" data-heateor-sss-href=\"https:\/\/acrylicosvallejo.com\/en\/product\/hobby\/sets\/afv-color-series\/panzer-colors-70108\/\">\n<div class=\"heateor_sss_sharing_ul\">\u00a0<\/div>\n<div class=\"heateorSssClear\">\u00a0<\/div>\n<\/div>\n<\/div>\n<div class=\"product_meta\">\u00a0<\/div>","protected":false},"excerpt":{"rendered":"<p>8 db-os fest\u00e9k szett, p\u00e1nc\u00e9lozott j\u00e1rm\u0171vek fest\u00e9s\u00e9hez.<\/p>","protected":false},"featured_media":20324,"comment_status":"open","ping_status":"closed","template":"","meta":{"_acf_changed":false},"product_brand":[380],"product_cat":[128,207],"product_tag":[],"class_list":{"0":"post-4469","1":"product","2":"type-product","3":"status-publish","4":"has-post-thumbnail","6":"product_brand-vallejo","7":"product_cat-festek-szettek","8":"product_cat-vallejo","10":"first","11":"onbackorder","12":"sale","13":"taxable","14":"shipping-taxable","15":"purchasable","16":"product-type-simple"},"acf":[],"yoast_head":"<!-- This site is optimized with the Yoast SEO Premium plugin v25.6 (Yoast SEO v25.6) - https:\/\/yoast.com\/wordpress\/plugins\/seo\/ -->\n<title>70108 Model Color - Panzer Colors Paint set<\/title>\n<meta name=\"description\" content=\"70108 Model Color - Panzer Colors Paint set\" \/>\n<meta name=\"robots\" content=\"index, follow, max-snippet:-1, max-image-preview:large, max-video-preview:-1\" \/>\n<link rel=\"canonical\" href=\"https:\/\/hammertimecafe.hu\/en\/product\/70108-model-color-panzer-colors-paint-set\/\" \/>\n<meta property=\"og:locale\" content=\"en_US\" \/>\n<meta property=\"og:type\" content=\"article\" \/>\n<meta property=\"og:title\" content=\"70108 Model Color - Panzer Colors Paint set\" \/>\n<meta property=\"og:description\" content=\"70108 Model Color - Panzer Colors Paint set\" \/>\n<meta property=\"og:url\" content=\"https:\/\/hammertimecafe.hu\/en\/product\/70108-model-color-panzer-colors-paint-set\/\" \/>\n<meta property=\"og:site_name\" content=\"HammerTime Cafe Webshop\" \/>\n<meta property=\"article:modified_time\" content=\"2026-04-19T18:46:43+00:00\" \/>\n<meta property=\"og:image\" content=\"https:\/\/hammertimecafe.hu\/app\/uploads\/2025\/10\/70108.jpg\" \/>\n\t<meta property=\"og:image:width\" content=\"800\" \/>\n\t<meta property=\"og:image:height\" content=\"800\" \/>\n\t<meta property=\"og:image:type\" content=\"image\/jpeg\" \/>\n<meta name=\"twitter:card\" content=\"summary_large_image\" \/>\n<script type=\"application\/ld+json\" class=\"yoast-schema-graph\">{\"@context\":\"https:\/\/schema.org\",\"@graph\":[{\"@type\":\"WebPage\",\"@id\":\"https:\/\/hammertimecafe.hu\/termek\/70108-model-color-panzer-colors-paint-set\/\",\"url\":\"https:\/\/hammertimecafe.hu\/termek\/70108-model-color-panzer-colors-paint-set\/\",\"name\":\"70108 Model Color - Panzer Colors Paint set\",\"isPartOf\":{\"@id\":\"https:\/\/hammertimecafe.hu\/#website\"},\"primaryImageOfPage\":{\"@id\":\"https:\/\/hammertimecafe.hu\/termek\/70108-model-color-panzer-colors-paint-set\/#primaryimage\"},\"image\":{\"@id\":\"https:\/\/hammertimecafe.hu\/termek\/70108-model-color-panzer-colors-paint-set\/#primaryimage\"},\"thumbnailUrl\":\"https:\/\/hammertimecafe.hu\/app\/uploads\/2025\/10\/70108.jpg\",\"datePublished\":\"2025-10-29T01:15:39+00:00\",\"dateModified\":\"2026-04-19T18:46:43+00:00\",\"description\":\"70108 Model Color - Panzer Colors Paint set\",\"breadcrumb\":{\"@id\":\"https:\/\/hammertimecafe.hu\/termek\/70108-model-color-panzer-colors-paint-set\/#breadcrumb\"},\"inLanguage\":\"en-US\",\"potentialAction\":[{\"@type\":\"ReadAction\",\"target\":[\"https:\/\/hammertimecafe.hu\/termek\/70108-model-color-panzer-colors-paint-set\/\"]}]},{\"@type\":\"ImageObject\",\"inLanguage\":\"en-US\",\"@id\":\"https:\/\/hammertimecafe.hu\/termek\/70108-model-color-panzer-colors-paint-set\/#primaryimage\",\"url\":\"https:\/\/hammertimecafe.hu\/app\/uploads\/2025\/10\/70108.jpg\",\"contentUrl\":\"https:\/\/hammertimecafe.hu\/app\/uploads\/2025\/10\/70108.jpg\",\"width\":800,\"height\":800},{\"@type\":\"BreadcrumbList\",\"@id\":\"https:\/\/hammertimecafe.hu\/termek\/70108-model-color-panzer-colors-paint-set\/#breadcrumb\",\"itemListElement\":[{\"@type\":\"ListItem\",\"position\":1,\"name\":\"Home\",\"item\":\"https:\/\/hammertimecafe.hu\/\"},{\"@type\":\"ListItem\",\"position\":2,\"name\":\"Shop\",\"item\":\"https:\/\/hammertimecafe.hu\/uzlet\/\"},{\"@type\":\"ListItem\",\"position\":3,\"name\":\"70108 Model Color &#8211; Panzer Colors Paint set\"}]},{\"@type\":\"WebSite\",\"@id\":\"https:\/\/hammertimecafe.hu\/#website\",\"url\":\"https:\/\/hammertimecafe.hu\/\",\"name\":\"Hammertimecafe\",\"description\":\"A HammerTime Cafe Hivatalos Weboldala \u00e9s Webshopja.\",\"publisher\":{\"@id\":\"https:\/\/hammertimecafe.hu\/#organization\"},\"potentialAction\":[{\"@type\":\"SearchAction\",\"target\":{\"@type\":\"EntryPoint\",\"urlTemplate\":\"https:\/\/hammertimecafe.hu\/?s={search_term_string}\"},\"query-input\":{\"@type\":\"PropertyValueSpecification\",\"valueRequired\":true,\"valueName\":\"search_term_string\"}}],\"inLanguage\":\"en-US\"},{\"@type\":\"Organization\",\"@id\":\"https:\/\/hammertimecafe.hu\/#organization\",\"name\":\"Hammertimecafe\",\"url\":\"https:\/\/hammertimecafe.hu\/\",\"logo\":{\"@type\":\"ImageObject\",\"inLanguage\":\"en-US\",\"@id\":\"https:\/\/hammertimecafe.hu\/#\/schema\/logo\/image\/\",\"url\":\"https:\/\/htcwoo.test\/app\/uploads\/2025\/08\/logo_of_htc.png\",\"contentUrl\":\"https:\/\/htcwoo.test\/app\/uploads\/2025\/08\/logo_of_htc.png\",\"width\":166,\"height\":73,\"caption\":\"Hammertimecafe\"},\"image\":{\"@id\":\"https:\/\/hammertimecafe.hu\/#\/schema\/logo\/image\/\"}}]}<\/script>\n<!-- \/ Yoast SEO Premium plugin. -->","yoast_head_json":{"title":"70108 Model Color - Panzer Colors Paint set","description":"70108 Model Color - Panzer Colors Paint set","robots":{"index":"index","follow":"follow","max-snippet":"max-snippet:-1","max-image-preview":"max-image-preview:large","max-video-preview":"max-video-preview:-1"},"canonical":"https:\/\/hammertimecafe.hu\/en\/product\/70108-model-color-panzer-colors-paint-set\/","og_locale":"en_US","og_type":"article","og_title":"70108 Model Color - Panzer Colors Paint set","og_description":"70108 Model Color - Panzer Colors Paint set","og_url":"https:\/\/hammertimecafe.hu\/en\/product\/70108-model-color-panzer-colors-paint-set\/","og_site_name":"HammerTime Cafe Webshop","article_modified_time":"2026-04-19T18:46:43+00:00","og_image":[{"width":800,"height":800,"url":"https:\/\/hammertimecafe.hu\/app\/uploads\/2025\/10\/70108.jpg","type":"image\/jpeg"}],"twitter_card":"summary_large_image","schema":{"@context":"https:\/\/schema.org","@graph":[{"@type":"WebPage","@id":"https:\/\/hammertimecafe.hu\/termek\/70108-model-color-panzer-colors-paint-set\/","url":"https:\/\/hammertimecafe.hu\/termek\/70108-model-color-panzer-colors-paint-set\/","name":"70108 Model Color - Panzer Colors Paint set","isPartOf":{"@id":"https:\/\/hammertimecafe.hu\/#website"},"primaryImageOfPage":{"@id":"https:\/\/hammertimecafe.hu\/termek\/70108-model-color-panzer-colors-paint-set\/#primaryimage"},"image":{"@id":"https:\/\/hammertimecafe.hu\/termek\/70108-model-color-panzer-colors-paint-set\/#primaryimage"},"thumbnailUrl":"https:\/\/hammertimecafe.hu\/app\/uploads\/2025\/10\/70108.jpg","datePublished":"2025-10-29T01:15:39+00:00","dateModified":"2026-04-19T18:46:43+00:00","description":"70108 Model Color - Panzer Colors Paint set","breadcrumb":{"@id":"https:\/\/hammertimecafe.hu\/termek\/70108-model-color-panzer-colors-paint-set\/#breadcrumb"},"inLanguage":"en-US","potentialAction":[{"@type":"ReadAction","target":["https:\/\/hammertimecafe.hu\/termek\/70108-model-color-panzer-colors-paint-set\/"]}]},{"@type":"ImageObject","inLanguage":"en-US","@id":"https:\/\/hammertimecafe.hu\/termek\/70108-model-color-panzer-colors-paint-set\/#primaryimage","url":"https:\/\/hammertimecafe.hu\/app\/uploads\/2025\/10\/70108.jpg","contentUrl":"https:\/\/hammertimecafe.hu\/app\/uploads\/2025\/10\/70108.jpg","width":800,"height":800},{"@type":"BreadcrumbList","@id":"https:\/\/hammertimecafe.hu\/termek\/70108-model-color-panzer-colors-paint-set\/#breadcrumb","itemListElement":[{"@type":"ListItem","position":1,"name":"Home","item":"https:\/\/hammertimecafe.hu\/"},{"@type":"ListItem","position":2,"name":"Shop","item":"https:\/\/hammertimecafe.hu\/uzlet\/"},{"@type":"ListItem","position":3,"name":"70108 Model Color &#8211; Panzer Colors Paint set"}]},{"@type":"WebSite","@id":"https:\/\/hammertimecafe.hu\/#website","url":"https:\/\/hammertimecafe.hu\/","name":"Hammertimecafe","description":"The Official Website and Webshop of HammerTime Cafe.","publisher":{"@id":"https:\/\/hammertimecafe.hu\/#organization"},"potentialAction":[{"@type":"SearchAction","target":{"@type":"EntryPoint","urlTemplate":"https:\/\/hammertimecafe.hu\/?s={search_term_string}"},"query-input":{"@type":"PropertyValueSpecification","valueRequired":true,"valueName":"search_term_string"}}],"inLanguage":"en-US"},{"@type":"Organization","@id":"https:\/\/hammertimecafe.hu\/#organization","name":"Hammertimecafe","url":"https:\/\/hammertimecafe.hu\/","logo":{"@type":"ImageObject","inLanguage":"en-US","@id":"https:\/\/hammertimecafe.hu\/#\/schema\/logo\/image\/","url":"https:\/\/htcwoo.test\/app\/uploads\/2025\/08\/logo_of_htc.png","contentUrl":"https:\/\/htcwoo.test\/app\/uploads\/2025\/08\/logo_of_htc.png","width":166,"height":73,"caption":"Hammertimecafe"},"image":{"@id":"https:\/\/hammertimecafe.hu\/#\/schema\/logo\/image\/"}}]}},"_links":{"self":[{"href":"https:\/\/hammertimecafe.hu\/en\/wp-json\/wp\/v2\/product\/4469","targetHints":{"allow":["GET"]}}],"collection":[{"href":"https:\/\/hammertimecafe.hu\/en\/wp-json\/wp\/v2\/product"}],"about":[{"href":"https:\/\/hammertimecafe.hu\/en\/wp-json\/wp\/v2\/types\/product"}],"replies":[{"embeddable":true,"href":"https:\/\/hammertimecafe.hu\/en\/wp-json\/wp\/v2\/comments?post=4469"}],"wp:featuredmedia":[{"embeddable":true,"href":"https:\/\/hammertimecafe.hu\/en\/wp-json\/wp\/v2\/media\/20324"}],"wp:attachment":[{"href":"https:\/\/hammertimecafe.hu\/en\/wp-json\/wp\/v2\/media?parent=4469"}],"wp:term":[{"taxonomy":"product_brand","embeddable":true,"href":"https:\/\/hammertimecafe.hu\/en\/wp-json\/wp\/v2\/product_brand?post=4469"},{"taxonomy":"product_cat","embeddable":true,"href":"https:\/\/hammertimecafe.hu\/en\/wp-json\/wp\/v2\/product_cat?post=4469"},{"taxonomy":"product_tag","embeddable":true,"href":"https:\/\/hammertimecafe.hu\/en\/wp-json\/wp\/v2\/product_tag?post=4469"}],"curies":[{"name":"wp","href":"https:\/\/api.w.org\/{rel}","templated":true}]}}