{"id":5406,"date":"2025-10-29T02:21:26","date_gmt":"2025-10-29T01:21:26","guid":{"rendered":"https:\/\/htcwoo.test\/termek\/space-wolves-fenrisian-wolves\/"},"modified":"2025-12-14T19:06:37","modified_gmt":"2025-12-14T18:06:37","slug":"space-wolves-fenrisian-wolves","status":"publish","type":"product","link":"https:\/\/hammertimecafe.hu\/en\/product\/space-wolves-fenrisian-wolves\/","title":{"rendered":"SPACE WOLVES FENRISIAN WOLVES"},"content":{"rendered":"<p>A fenrisi farkasokkal a Space Wolf rendh\u00e1z sokszor harcol egy\u00fctt, amivel \u00edgy az ellens\u00e9get eltudja terelni vagy \u00e9ppen a sorait sz\u00e9tzil\u00e1lni.<\/p>\n<p>A doboz 5 figur\u00e1t tartalmaz, amely r\u00e9szletezve a k\u00f6vetkez\u0151k:<\/p>\n<p>The miniatures require assembly and painting.<\/p>","protected":false},"excerpt":{"rendered":"<p>A Fenrisi farkasokkal a Space Wolf rendh\u00e1z sokszor harcol egy\u00fctt, amivel \u00edgy az ellens\u00e9get eltudja terelni vagy \u00e9ppen a sorait sz\u00e9tzil\u00e1lni.<\/p>","protected":false},"featured_media":18744,"comment_status":"open","ping_status":"closed","template":"","meta":{"_acf_changed":false},"product_brand":[46],"product_cat":[95,19],"product_tag":[],"class_list":{"0":"post-5406","1":"product","2":"type-product","3":"status-publish","4":"has-post-thumbnail","6":"product_brand-games-workshop","7":"product_cat-space-wolves","8":"product_cat-wargame","10":"first","11":"onbackorder","12":"sale","13":"taxable","14":"shipping-taxable","15":"purchasable","16":"product-type-simple"},"acf":[],"yoast_head":"<!-- This site is optimized with the Yoast SEO Premium plugin v25.6 (Yoast SEO v25.6) - https:\/\/yoast.com\/wordpress\/plugins\/seo\/ -->\n<title>SPACE WOLVES FENRISIAN WOLVES<\/title>\n<meta name=\"description\" content=\"A fenrisi farkasokkal a Space Wolf rendh\u00e1z sokszor harcol egy\u00fctt, amivel \u00edgy az ellens\u00e9get eltudja terelni vagy \u00e9ppen a sorait sz\u00e9tzil\u00e1lni.\" \/>\n<meta name=\"robots\" content=\"index, follow, max-snippet:-1, max-image-preview:large, max-video-preview:-1\" \/>\n<link rel=\"canonical\" href=\"https:\/\/hammertimecafe.hu\/en\/product\/space-wolves-fenrisian-wolves\/\" \/>\n<meta property=\"og:locale\" content=\"en_US\" \/>\n<meta property=\"og:type\" content=\"article\" \/>\n<meta property=\"og:title\" content=\"SPACE WOLVES FENRISIAN WOLVES\" \/>\n<meta property=\"og:description\" content=\"A fenrisi farkasokkal a Space Wolf rendh\u00e1z sokszor harcol egy\u00fctt, amivel \u00edgy az ellens\u00e9get eltudja terelni vagy \u00e9ppen a sorait sz\u00e9tzil\u00e1lni.\" \/>\n<meta property=\"og:url\" content=\"https:\/\/hammertimecafe.hu\/en\/product\/space-wolves-fenrisian-wolves\/\" \/>\n<meta property=\"og:site_name\" content=\"HammerTime Cafe Webshop\" \/>\n<meta property=\"article:modified_time\" content=\"2025-12-14T18:06:37+00:00\" \/>\n<meta property=\"og:image\" content=\"https:\/\/hammertimecafe.hu\/app\/uploads\/2025\/10\/99120101352.jpg\" \/>\n\t<meta property=\"og:image:width\" content=\"920\" \/>\n\t<meta property=\"og:image:height\" content=\"950\" \/>\n\t<meta property=\"og:image:type\" content=\"image\/jpeg\" \/>\n<meta name=\"twitter:card\" content=\"summary_large_image\" \/>\n<script type=\"application\/ld+json\" class=\"yoast-schema-graph\">{\"@context\":\"https:\/\/schema.org\",\"@graph\":[{\"@type\":\"WebPage\",\"@id\":\"https:\/\/hammertimecafe.hu\/termek\/space-wolves-fenrisian-wolves\/\",\"url\":\"https:\/\/hammertimecafe.hu\/termek\/space-wolves-fenrisian-wolves\/\",\"name\":\"SPACE WOLVES FENRISIAN WOLVES\",\"isPartOf\":{\"@id\":\"https:\/\/hammertimecafe.hu\/#website\"},\"primaryImageOfPage\":{\"@id\":\"https:\/\/hammertimecafe.hu\/termek\/space-wolves-fenrisian-wolves\/#primaryimage\"},\"image\":{\"@id\":\"https:\/\/hammertimecafe.hu\/termek\/space-wolves-fenrisian-wolves\/#primaryimage\"},\"thumbnailUrl\":\"https:\/\/hammertimecafe.hu\/app\/uploads\/2025\/10\/99120101352.jpg\",\"datePublished\":\"2025-10-29T01:21:26+00:00\",\"dateModified\":\"2025-12-14T18:06:37+00:00\",\"description\":\"A fenrisi farkasokkal a Space Wolf rendh\u00e1z sokszor harcol egy\u00fctt, amivel \u00edgy az ellens\u00e9get eltudja terelni vagy \u00e9ppen a sorait sz\u00e9tzil\u00e1lni.\",\"breadcrumb\":{\"@id\":\"https:\/\/hammertimecafe.hu\/termek\/space-wolves-fenrisian-wolves\/#breadcrumb\"},\"inLanguage\":\"en-US\",\"potentialAction\":[{\"@type\":\"ReadAction\",\"target\":[\"https:\/\/hammertimecafe.hu\/termek\/space-wolves-fenrisian-wolves\/\"]}]},{\"@type\":\"ImageObject\",\"inLanguage\":\"en-US\",\"@id\":\"https:\/\/hammertimecafe.hu\/termek\/space-wolves-fenrisian-wolves\/#primaryimage\",\"url\":\"https:\/\/hammertimecafe.hu\/app\/uploads\/2025\/10\/99120101352.jpg\",\"contentUrl\":\"https:\/\/hammertimecafe.hu\/app\/uploads\/2025\/10\/99120101352.jpg\",\"width\":920,\"height\":950},{\"@type\":\"BreadcrumbList\",\"@id\":\"https:\/\/hammertimecafe.hu\/termek\/space-wolves-fenrisian-wolves\/#breadcrumb\",\"itemListElement\":[{\"@type\":\"ListItem\",\"position\":1,\"name\":\"Home\",\"item\":\"https:\/\/hammertimecafe.hu\/\"},{\"@type\":\"ListItem\",\"position\":2,\"name\":\"Shop\",\"item\":\"https:\/\/hammertimecafe.hu\/uzlet\/\"},{\"@type\":\"ListItem\",\"position\":3,\"name\":\"SPACE WOLVES FENRISIAN WOLVES\"}]},{\"@type\":\"WebSite\",\"@id\":\"https:\/\/hammertimecafe.hu\/#website\",\"url\":\"https:\/\/hammertimecafe.hu\/\",\"name\":\"Hammertimecafe\",\"description\":\"A HammerTime Cafe Hivatalos Weboldala \u00e9s Webshopja.\",\"publisher\":{\"@id\":\"https:\/\/hammertimecafe.hu\/#organization\"},\"potentialAction\":[{\"@type\":\"SearchAction\",\"target\":{\"@type\":\"EntryPoint\",\"urlTemplate\":\"https:\/\/hammertimecafe.hu\/?s={search_term_string}\"},\"query-input\":{\"@type\":\"PropertyValueSpecification\",\"valueRequired\":true,\"valueName\":\"search_term_string\"}}],\"inLanguage\":\"en-US\"},{\"@type\":\"Organization\",\"@id\":\"https:\/\/hammertimecafe.hu\/#organization\",\"name\":\"Hammertimecafe\",\"url\":\"https:\/\/hammertimecafe.hu\/\",\"logo\":{\"@type\":\"ImageObject\",\"inLanguage\":\"en-US\",\"@id\":\"https:\/\/hammertimecafe.hu\/#\/schema\/logo\/image\/\",\"url\":\"https:\/\/htcwoo.test\/app\/uploads\/2025\/08\/logo_of_htc.png\",\"contentUrl\":\"https:\/\/htcwoo.test\/app\/uploads\/2025\/08\/logo_of_htc.png\",\"width\":166,\"height\":73,\"caption\":\"Hammertimecafe\"},\"image\":{\"@id\":\"https:\/\/hammertimecafe.hu\/#\/schema\/logo\/image\/\"}}]}<\/script>\n<!-- \/ Yoast SEO Premium plugin. -->","yoast_head_json":{"title":"SPACE WOLVES FENRISIAN WOLVES","description":"A fenrisi farkasokkal a Space Wolf rendh\u00e1z sokszor harcol egy\u00fctt, amivel \u00edgy az ellens\u00e9get eltudja terelni vagy \u00e9ppen a sorait sz\u00e9tzil\u00e1lni.","robots":{"index":"index","follow":"follow","max-snippet":"max-snippet:-1","max-image-preview":"max-image-preview:large","max-video-preview":"max-video-preview:-1"},"canonical":"https:\/\/hammertimecafe.hu\/en\/product\/space-wolves-fenrisian-wolves\/","og_locale":"en_US","og_type":"article","og_title":"SPACE WOLVES FENRISIAN WOLVES","og_description":"A fenrisi farkasokkal a Space Wolf rendh\u00e1z sokszor harcol egy\u00fctt, amivel \u00edgy az ellens\u00e9get eltudja terelni vagy \u00e9ppen a sorait sz\u00e9tzil\u00e1lni.","og_url":"https:\/\/hammertimecafe.hu\/en\/product\/space-wolves-fenrisian-wolves\/","og_site_name":"HammerTime Cafe Webshop","article_modified_time":"2025-12-14T18:06:37+00:00","og_image":[{"width":920,"height":950,"url":"https:\/\/hammertimecafe.hu\/app\/uploads\/2025\/10\/99120101352.jpg","type":"image\/jpeg"}],"twitter_card":"summary_large_image","schema":{"@context":"https:\/\/schema.org","@graph":[{"@type":"WebPage","@id":"https:\/\/hammertimecafe.hu\/termek\/space-wolves-fenrisian-wolves\/","url":"https:\/\/hammertimecafe.hu\/termek\/space-wolves-fenrisian-wolves\/","name":"SPACE WOLVES FENRISIAN WOLVES","isPartOf":{"@id":"https:\/\/hammertimecafe.hu\/#website"},"primaryImageOfPage":{"@id":"https:\/\/hammertimecafe.hu\/termek\/space-wolves-fenrisian-wolves\/#primaryimage"},"image":{"@id":"https:\/\/hammertimecafe.hu\/termek\/space-wolves-fenrisian-wolves\/#primaryimage"},"thumbnailUrl":"https:\/\/hammertimecafe.hu\/app\/uploads\/2025\/10\/99120101352.jpg","datePublished":"2025-10-29T01:21:26+00:00","dateModified":"2025-12-14T18:06:37+00:00","description":"A fenrisi farkasokkal a Space Wolf rendh\u00e1z sokszor harcol egy\u00fctt, amivel \u00edgy az ellens\u00e9get eltudja terelni vagy \u00e9ppen a sorait sz\u00e9tzil\u00e1lni.","breadcrumb":{"@id":"https:\/\/hammertimecafe.hu\/termek\/space-wolves-fenrisian-wolves\/#breadcrumb"},"inLanguage":"en-US","potentialAction":[{"@type":"ReadAction","target":["https:\/\/hammertimecafe.hu\/termek\/space-wolves-fenrisian-wolves\/"]}]},{"@type":"ImageObject","inLanguage":"en-US","@id":"https:\/\/hammertimecafe.hu\/termek\/space-wolves-fenrisian-wolves\/#primaryimage","url":"https:\/\/hammertimecafe.hu\/app\/uploads\/2025\/10\/99120101352.jpg","contentUrl":"https:\/\/hammertimecafe.hu\/app\/uploads\/2025\/10\/99120101352.jpg","width":920,"height":950},{"@type":"BreadcrumbList","@id":"https:\/\/hammertimecafe.hu\/termek\/space-wolves-fenrisian-wolves\/#breadcrumb","itemListElement":[{"@type":"ListItem","position":1,"name":"Home","item":"https:\/\/hammertimecafe.hu\/"},{"@type":"ListItem","position":2,"name":"Shop","item":"https:\/\/hammertimecafe.hu\/uzlet\/"},{"@type":"ListItem","position":3,"name":"SPACE WOLVES FENRISIAN WOLVES"}]},{"@type":"WebSite","@id":"https:\/\/hammertimecafe.hu\/#website","url":"https:\/\/hammertimecafe.hu\/","name":"Hammertimecafe","description":"The Official Website and Webshop of HammerTime Cafe.","publisher":{"@id":"https:\/\/hammertimecafe.hu\/#organization"},"potentialAction":[{"@type":"SearchAction","target":{"@type":"EntryPoint","urlTemplate":"https:\/\/hammertimecafe.hu\/?s={search_term_string}"},"query-input":{"@type":"PropertyValueSpecification","valueRequired":true,"valueName":"search_term_string"}}],"inLanguage":"en-US"},{"@type":"Organization","@id":"https:\/\/hammertimecafe.hu\/#organization","name":"Hammertimecafe","url":"https:\/\/hammertimecafe.hu\/","logo":{"@type":"ImageObject","inLanguage":"en-US","@id":"https:\/\/hammertimecafe.hu\/#\/schema\/logo\/image\/","url":"https:\/\/htcwoo.test\/app\/uploads\/2025\/08\/logo_of_htc.png","contentUrl":"https:\/\/htcwoo.test\/app\/uploads\/2025\/08\/logo_of_htc.png","width":166,"height":73,"caption":"Hammertimecafe"},"image":{"@id":"https:\/\/hammertimecafe.hu\/#\/schema\/logo\/image\/"}}]}},"_links":{"self":[{"href":"https:\/\/hammertimecafe.hu\/en\/wp-json\/wp\/v2\/product\/5406","targetHints":{"allow":["GET"]}}],"collection":[{"href":"https:\/\/hammertimecafe.hu\/en\/wp-json\/wp\/v2\/product"}],"about":[{"href":"https:\/\/hammertimecafe.hu\/en\/wp-json\/wp\/v2\/types\/product"}],"replies":[{"embeddable":true,"href":"https:\/\/hammertimecafe.hu\/en\/wp-json\/wp\/v2\/comments?post=5406"}],"wp:featuredmedia":[{"embeddable":true,"href":"https:\/\/hammertimecafe.hu\/en\/wp-json\/wp\/v2\/media\/18744"}],"wp:attachment":[{"href":"https:\/\/hammertimecafe.hu\/en\/wp-json\/wp\/v2\/media?parent=5406"}],"wp:term":[{"taxonomy":"product_brand","embeddable":true,"href":"https:\/\/hammertimecafe.hu\/en\/wp-json\/wp\/v2\/product_brand?post=5406"},{"taxonomy":"product_cat","embeddable":true,"href":"https:\/\/hammertimecafe.hu\/en\/wp-json\/wp\/v2\/product_cat?post=5406"},{"taxonomy":"product_tag","embeddable":true,"href":"https:\/\/hammertimecafe.hu\/en\/wp-json\/wp\/v2\/product_tag?post=5406"}],"curies":[{"name":"wp","href":"https:\/\/api.w.org\/{rel}","templated":true}]}}