{"id":5411,"date":"2025-10-29T02:21:28","date_gmt":"2025-10-29T01:21:28","guid":{"rendered":"https:\/\/htcwoo.test\/termek\/tamogato-voucher-10-000-ft\/"},"modified":"2025-10-29T02:21:28","modified_gmt":"2025-10-29T01:21:28","slug":"tamogato-voucher-10-000-ft","status":"publish","type":"product","link":"https:\/\/hammertimecafe.hu\/en\/product\/tamogato-voucher-10-000-ft\/","title":{"rendered":"T\u00e1mogat\u00f3 Voucher (10 000 Ft)"},"content":{"rendered":"<p>Seg\u00edtsd a fennmarad\u00e1sunkat \u00e9s vegy\u00e9l T\u00e1mogat\u00f3 Voucher-t!<\/p>\n<p>Ezzel a Voucherrel seg\u00edtesz nek\u00fcnk, hogy fenn tudjunk maradni, \u00e9s amint \u00fajranyithatunk, \u00fagy le tudod fogyasztani vagy le tudod v\u00e1s\u00e1rolni a boltban tal\u00e1lhat\u00f3 term\u00e9kekre (a term\u00e9kben megjel\u00f6lt \u00e9rt\u00e9kben).<\/p>\n<p>A vouchert egyszerre kell felhaszn\u00e1lni. Ez azt jelenti, hogy ha nem fogyasztod le egy nap alatt az eg\u00e9sz vouchert, akkor nincsen m\u00f3dunkban feljegyezni a marad\u00e9kot.<\/p>\n<p>P\u00e9ld\u00e1ul van 3 darab 10 000 Ft-os vouchered. Ebb\u0151l 1 darabot felhaszn\u00e1lsz, de csak 7500 Ft \u00e9rt\u00e9kben fogyasztasz. Ez azt jelnti, hogy a marad\u00e9k 2 500 Ft elv\u00e9sz, \u00edgy marad m\u00e9g 2 db 10 000 Ft-os vouchered.<\/p>\n<p>K\u00f6sz\u00f6nj\u00fck az eddigi \u00e9s a mostani t\u00e1magat\u00e1sodat!<\/p>","protected":false},"excerpt":{"rendered":"<p>Seg\u00edtsd a fennmarad\u00e1sunkat \u00e9s vegy\u00e9l Voucher-t!<\/p>\n<p>Ezzel a Voucherrel seg\u00edtesz nek\u00fcnk, hogy fenn tudjunk maradni, \u00e9s amint \u00fajranyithatunk, \u00fagy le tudod fogyasztani vagy le tudod v\u00e1s\u00e1rolni a boltban tal\u00e1lhat\u00f3 term\u00e9kekre (a term\u00e9kben megjel\u00f6lt \u00e9rt\u00e9kben).<\/p>","protected":false},"featured_media":20528,"comment_status":"open","ping_status":"closed","template":"","meta":{"_acf_changed":false},"product_brand":[],"product_cat":[15],"product_tag":[],"class_list":{"0":"post-5411","1":"product","2":"type-product","3":"status-publish","4":"has-post-thumbnail","6":"product_cat-egyeb","8":"first","9":"instock","10":"taxable","11":"shipping-taxable","12":"purchasable","13":"product-type-simple"},"acf":[],"yoast_head":"<!-- This site is optimized with the Yoast SEO Premium plugin v25.6 (Yoast SEO v25.6) - https:\/\/yoast.com\/wordpress\/plugins\/seo\/ -->\n<title>Nem-Alkoholos Ital Voucher (10 000 Ft)<\/title>\n<meta name=\"description\" content=\"Seg\u00edtsd a fennmarad\u00e1sunkat \u00e9s vegy\u00e9l Voucher-t! Ezzel a Voucherrel seg\u00edtesz nek\u00fcnk, hogy fenn tudjunk maradni, \u00e9s amint \u00fajranyithatunk, \u00fagy letudod fogyasztani a voucherjeidet.\" \/>\n<meta name=\"robots\" content=\"index, follow, max-snippet:-1, max-image-preview:large, max-video-preview:-1\" \/>\n<link rel=\"canonical\" href=\"https:\/\/hammertimecafe.hu\/en\/product\/tamogato-voucher-10-000-ft\/\" \/>\n<meta property=\"og:locale\" content=\"en_US\" \/>\n<meta property=\"og:type\" content=\"article\" \/>\n<meta property=\"og:title\" content=\"T\u00e1mogat\u00f3 Voucher (10 000 Ft)\" \/>\n<meta property=\"og:description\" content=\"Seg\u00edtsd a fennmarad\u00e1sunkat \u00e9s vegy\u00e9l Voucher-t! Ezzel a Voucherrel seg\u00edtesz nek\u00fcnk, hogy fenn tudjunk maradni, \u00e9s amint \u00fajranyithatunk, \u00fagy letudod fogyasztani a voucherjeidet.\" \/>\n<meta property=\"og:url\" content=\"https:\/\/hammertimecafe.hu\/en\/product\/tamogato-voucher-10-000-ft\/\" \/>\n<meta property=\"og:site_name\" content=\"HammerTime Cafe Webshop\" \/>\n<meta property=\"og:image\" content=\"https:\/\/hammertimecafe.hu\/app\/uploads\/2025\/10\/voucher_1_1_1.png\" \/>\n\t<meta property=\"og:image:width\" content=\"1162\" \/>\n\t<meta property=\"og:image:height\" content=\"1200\" \/>\n\t<meta property=\"og:image:type\" content=\"image\/png\" \/>\n<meta name=\"twitter:card\" content=\"summary_large_image\" \/>\n<meta name=\"twitter:label1\" content=\"Est. reading time\" \/>\n\t<meta name=\"twitter:data1\" content=\"1 minute\" \/>\n<script type=\"application\/ld+json\" class=\"yoast-schema-graph\">{\"@context\":\"https:\/\/schema.org\",\"@graph\":[{\"@type\":\"WebPage\",\"@id\":\"https:\/\/hammertimecafe.hu\/termek\/tamogato-voucher-10-000-ft\/\",\"url\":\"https:\/\/hammertimecafe.hu\/termek\/tamogato-voucher-10-000-ft\/\",\"name\":\"Nem-Alkoholos Ital Voucher (10 000 Ft)\",\"isPartOf\":{\"@id\":\"https:\/\/hammertimecafe.hu\/#website\"},\"primaryImageOfPage\":{\"@id\":\"https:\/\/hammertimecafe.hu\/termek\/tamogato-voucher-10-000-ft\/#primaryimage\"},\"image\":{\"@id\":\"https:\/\/hammertimecafe.hu\/termek\/tamogato-voucher-10-000-ft\/#primaryimage\"},\"thumbnailUrl\":\"https:\/\/hammertimecafe.hu\/app\/uploads\/2025\/10\/voucher_1_1_1.png\",\"datePublished\":\"2025-10-29T01:21:28+00:00\",\"description\":\"Seg\u00edtsd a fennmarad\u00e1sunkat \u00e9s vegy\u00e9l Voucher-t! Ezzel a Voucherrel seg\u00edtesz nek\u00fcnk, hogy fenn tudjunk maradni, \u00e9s amint \u00fajranyithatunk, \u00fagy letudod fogyasztani a voucherjeidet.\",\"breadcrumb\":{\"@id\":\"https:\/\/hammertimecafe.hu\/termek\/tamogato-voucher-10-000-ft\/#breadcrumb\"},\"inLanguage\":\"en-US\",\"potentialAction\":[{\"@type\":\"ReadAction\",\"target\":[\"https:\/\/hammertimecafe.hu\/termek\/tamogato-voucher-10-000-ft\/\"]}]},{\"@type\":\"ImageObject\",\"inLanguage\":\"en-US\",\"@id\":\"https:\/\/hammertimecafe.hu\/termek\/tamogato-voucher-10-000-ft\/#primaryimage\",\"url\":\"https:\/\/hammertimecafe.hu\/app\/uploads\/2025\/10\/voucher_1_1_1.png\",\"contentUrl\":\"https:\/\/hammertimecafe.hu\/app\/uploads\/2025\/10\/voucher_1_1_1.png\",\"width\":1162,\"height\":1200},{\"@type\":\"BreadcrumbList\",\"@id\":\"https:\/\/hammertimecafe.hu\/termek\/tamogato-voucher-10-000-ft\/#breadcrumb\",\"itemListElement\":[{\"@type\":\"ListItem\",\"position\":1,\"name\":\"Home\",\"item\":\"https:\/\/hammertimecafe.hu\/\"},{\"@type\":\"ListItem\",\"position\":2,\"name\":\"Shop\",\"item\":\"https:\/\/hammertimecafe.hu\/uzlet\/\"},{\"@type\":\"ListItem\",\"position\":3,\"name\":\"T\u00e1mogat\u00f3 Voucher (10 000 Ft)\"}]},{\"@type\":\"WebSite\",\"@id\":\"https:\/\/hammertimecafe.hu\/#website\",\"url\":\"https:\/\/hammertimecafe.hu\/\",\"name\":\"Hammertimecafe\",\"description\":\"A HammerTime Cafe Hivatalos Weboldala \u00e9s Webshopja.\",\"publisher\":{\"@id\":\"https:\/\/hammertimecafe.hu\/#organization\"},\"potentialAction\":[{\"@type\":\"SearchAction\",\"target\":{\"@type\":\"EntryPoint\",\"urlTemplate\":\"https:\/\/hammertimecafe.hu\/?s={search_term_string}\"},\"query-input\":{\"@type\":\"PropertyValueSpecification\",\"valueRequired\":true,\"valueName\":\"search_term_string\"}}],\"inLanguage\":\"en-US\"},{\"@type\":\"Organization\",\"@id\":\"https:\/\/hammertimecafe.hu\/#organization\",\"name\":\"Hammertimecafe\",\"url\":\"https:\/\/hammertimecafe.hu\/\",\"logo\":{\"@type\":\"ImageObject\",\"inLanguage\":\"en-US\",\"@id\":\"https:\/\/hammertimecafe.hu\/#\/schema\/logo\/image\/\",\"url\":\"https:\/\/htcwoo.test\/app\/uploads\/2025\/08\/logo_of_htc.png\",\"contentUrl\":\"https:\/\/htcwoo.test\/app\/uploads\/2025\/08\/logo_of_htc.png\",\"width\":166,\"height\":73,\"caption\":\"Hammertimecafe\"},\"image\":{\"@id\":\"https:\/\/hammertimecafe.hu\/#\/schema\/logo\/image\/\"}}]}<\/script>\n<!-- \/ Yoast SEO Premium plugin. -->","yoast_head_json":{"title":"Nem-Alkoholos Ital Voucher (10 000 Ft)","description":"Seg\u00edtsd a fennmarad\u00e1sunkat \u00e9s vegy\u00e9l Voucher-t! Ezzel a Voucherrel seg\u00edtesz nek\u00fcnk, hogy fenn tudjunk maradni, \u00e9s amint \u00fajranyithatunk, \u00fagy letudod fogyasztani a voucherjeidet.","robots":{"index":"index","follow":"follow","max-snippet":"max-snippet:-1","max-image-preview":"max-image-preview:large","max-video-preview":"max-video-preview:-1"},"canonical":"https:\/\/hammertimecafe.hu\/en\/product\/tamogato-voucher-10-000-ft\/","og_locale":"en_US","og_type":"article","og_title":"T\u00e1mogat\u00f3 Voucher (10 000 Ft)","og_description":"Seg\u00edtsd a fennmarad\u00e1sunkat \u00e9s vegy\u00e9l Voucher-t! Ezzel a Voucherrel seg\u00edtesz nek\u00fcnk, hogy fenn tudjunk maradni, \u00e9s amint \u00fajranyithatunk, \u00fagy letudod fogyasztani a voucherjeidet.","og_url":"https:\/\/hammertimecafe.hu\/en\/product\/tamogato-voucher-10-000-ft\/","og_site_name":"HammerTime Cafe Webshop","og_image":[{"width":1162,"height":1200,"url":"https:\/\/hammertimecafe.hu\/app\/uploads\/2025\/10\/voucher_1_1_1.png","type":"image\/png"}],"twitter_card":"summary_large_image","twitter_misc":{"Est. reading time":"1 minute"},"schema":{"@context":"https:\/\/schema.org","@graph":[{"@type":"WebPage","@id":"https:\/\/hammertimecafe.hu\/termek\/tamogato-voucher-10-000-ft\/","url":"https:\/\/hammertimecafe.hu\/termek\/tamogato-voucher-10-000-ft\/","name":"Nem-Alkoholos Ital Voucher (10 000 Ft)","isPartOf":{"@id":"https:\/\/hammertimecafe.hu\/#website"},"primaryImageOfPage":{"@id":"https:\/\/hammertimecafe.hu\/termek\/tamogato-voucher-10-000-ft\/#primaryimage"},"image":{"@id":"https:\/\/hammertimecafe.hu\/termek\/tamogato-voucher-10-000-ft\/#primaryimage"},"thumbnailUrl":"https:\/\/hammertimecafe.hu\/app\/uploads\/2025\/10\/voucher_1_1_1.png","datePublished":"2025-10-29T01:21:28+00:00","description":"Seg\u00edtsd a fennmarad\u00e1sunkat \u00e9s vegy\u00e9l Voucher-t! Ezzel a Voucherrel seg\u00edtesz nek\u00fcnk, hogy fenn tudjunk maradni, \u00e9s amint \u00fajranyithatunk, \u00fagy letudod fogyasztani a voucherjeidet.","breadcrumb":{"@id":"https:\/\/hammertimecafe.hu\/termek\/tamogato-voucher-10-000-ft\/#breadcrumb"},"inLanguage":"en-US","potentialAction":[{"@type":"ReadAction","target":["https:\/\/hammertimecafe.hu\/termek\/tamogato-voucher-10-000-ft\/"]}]},{"@type":"ImageObject","inLanguage":"en-US","@id":"https:\/\/hammertimecafe.hu\/termek\/tamogato-voucher-10-000-ft\/#primaryimage","url":"https:\/\/hammertimecafe.hu\/app\/uploads\/2025\/10\/voucher_1_1_1.png","contentUrl":"https:\/\/hammertimecafe.hu\/app\/uploads\/2025\/10\/voucher_1_1_1.png","width":1162,"height":1200},{"@type":"BreadcrumbList","@id":"https:\/\/hammertimecafe.hu\/termek\/tamogato-voucher-10-000-ft\/#breadcrumb","itemListElement":[{"@type":"ListItem","position":1,"name":"Home","item":"https:\/\/hammertimecafe.hu\/"},{"@type":"ListItem","position":2,"name":"Shop","item":"https:\/\/hammertimecafe.hu\/uzlet\/"},{"@type":"ListItem","position":3,"name":"T\u00e1mogat\u00f3 Voucher (10 000 Ft)"}]},{"@type":"WebSite","@id":"https:\/\/hammertimecafe.hu\/#website","url":"https:\/\/hammertimecafe.hu\/","name":"Hammertimecafe","description":"The Official Website and Webshop of HammerTime Cafe.","publisher":{"@id":"https:\/\/hammertimecafe.hu\/#organization"},"potentialAction":[{"@type":"SearchAction","target":{"@type":"EntryPoint","urlTemplate":"https:\/\/hammertimecafe.hu\/?s={search_term_string}"},"query-input":{"@type":"PropertyValueSpecification","valueRequired":true,"valueName":"search_term_string"}}],"inLanguage":"en-US"},{"@type":"Organization","@id":"https:\/\/hammertimecafe.hu\/#organization","name":"Hammertimecafe","url":"https:\/\/hammertimecafe.hu\/","logo":{"@type":"ImageObject","inLanguage":"en-US","@id":"https:\/\/hammertimecafe.hu\/#\/schema\/logo\/image\/","url":"https:\/\/htcwoo.test\/app\/uploads\/2025\/08\/logo_of_htc.png","contentUrl":"https:\/\/htcwoo.test\/app\/uploads\/2025\/08\/logo_of_htc.png","width":166,"height":73,"caption":"Hammertimecafe"},"image":{"@id":"https:\/\/hammertimecafe.hu\/#\/schema\/logo\/image\/"}}]}},"_links":{"self":[{"href":"https:\/\/hammertimecafe.hu\/en\/wp-json\/wp\/v2\/product\/5411","targetHints":{"allow":["GET"]}}],"collection":[{"href":"https:\/\/hammertimecafe.hu\/en\/wp-json\/wp\/v2\/product"}],"about":[{"href":"https:\/\/hammertimecafe.hu\/en\/wp-json\/wp\/v2\/types\/product"}],"replies":[{"embeddable":true,"href":"https:\/\/hammertimecafe.hu\/en\/wp-json\/wp\/v2\/comments?post=5411"}],"wp:featuredmedia":[{"embeddable":true,"href":"https:\/\/hammertimecafe.hu\/en\/wp-json\/wp\/v2\/media\/20528"}],"wp:attachment":[{"href":"https:\/\/hammertimecafe.hu\/en\/wp-json\/wp\/v2\/media?parent=5411"}],"wp:term":[{"taxonomy":"product_brand","embeddable":true,"href":"https:\/\/hammertimecafe.hu\/en\/wp-json\/wp\/v2\/product_brand?post=5411"},{"taxonomy":"product_cat","embeddable":true,"href":"https:\/\/hammertimecafe.hu\/en\/wp-json\/wp\/v2\/product_cat?post=5411"},{"taxonomy":"product_tag","embeddable":true,"href":"https:\/\/hammertimecafe.hu\/en\/wp-json\/wp\/v2\/product_tag?post=5411"}],"curies":[{"name":"wp","href":"https:\/\/api.w.org\/{rel}","templated":true}]}}