{"id":5730,"date":"2025-10-29T02:23:22","date_gmt":"2025-10-29T01:23:22","guid":{"rendered":"https:\/\/htcwoo.test\/termek\/flesh-wash-01\/"},"modified":"2025-12-14T19:06:24","modified_gmt":"2025-12-14T18:06:24","slug":"flesh-wash-01","status":"publish","type":"product","link":"https:\/\/hammertimecafe.hu\/en\/product\/flesh-wash-01\/","title":{"rendered":"Flesh Wash"},"content":{"rendered":"<p><!--td {border: 1px solid #ccc;}br {mso-data-placement:same-cell;}--><br \/>\n<!--td {border: 1px solid #ccc;}br {mso-data-placement:same-cell;}--><span id=\"mce_marker\" data-mce-type=\"bookmark\"><\/span><span id=\"__caret\">_<\/span><br \/>\n<!--td {border: 1px solid #ccc;}br {mso-data-placement:same-cell;}--><\/p>\n<p>Akril alap\u00fa fest\u00e9k figur\u00e1k fest\u00e9s\u00e9hez. Speci\u00e1lis fest\u00e9kek, melyeket \u00fagy alak\u00edtottak ki, hogy m\u00e1s fest\u00e9kek fel\u00fclet\u00e9n elfolyjanak \u00e9s be\u00fcljenek a r\u00e9sekbe. Ez\u00e9rt \u00e1rny\u00e9kol\u00f3\/bemos\u00f3 (shading\/washing) technik\u00e1hoz haszn\u00e1lhat\u00f3.<\/p>","protected":false},"excerpt":{"rendered":"<p><!--td {border: 1px solid #ccc;}br {mso-data-placement:same-cell;}--><br \/>\n<!--td {border: 1px solid #ccc;}br {mso-data-placement:same-cell;}--><br \/>\n<!--td {border: 1px solid #ccc;}br {mso-data-placement:same-cell;}--><br \/>\n<!--td {border: 1px solid #ccc;}br {mso-data-placement:same-cell;}--><br \/>\n<!--td {border: 1px solid #ccc;}br {mso-data-placement:same-cell;}--><br \/>\n<!--td {border: 1px solid #ccc;}br {mso-data-placement:same-cell;}--><br \/>\n<!--td {border: 1px solid #ccc;}br {mso-data-placement:same-cell;}--><br \/>\n<!--td {border: 1px solid #ccc;}br {mso-data-placement:same-cell;}--><br \/>\n<!--td {border: 1px solid #ccc;}br {mso-data-placement:same-cell;}--><br \/>\n<!--td {border: 1px solid #ccc;}br {mso-data-placement:same-cell;}--><br \/>\n<!--td {border: 1px solid #ccc;}br {mso-data-placement:same-cell;}--><span id=\"mce_marker\" data-mce-type=\"bookmark\"><\/span><span id=\"__caret\">_<\/span><br \/>\n<!--td {border: 1px solid #ccc;}br {mso-data-placement:same-cell;}--><br \/>\n<!--td {border: 1px solid #ccc;}br {mso-data-placement:same-cell;}--><br \/>\n<!--td {border: 1px solid #ccc;}br {mso-data-placement:same-cell;}--><span id=\"mce_marker\" data-mce-type=\"bookmark\"><\/span><span id=\"__caret\">_<\/span><br \/>\n<!--td {border: 1px solid #ccc;}br {mso-data-placement:same-cell;}--><br \/>\n<!--td {border: 1px solid #ccc;}br {mso-data-placement:same-cell;}--><br \/>\n<!--td {border: 1px solid #ccc;}br {mso-data-placement:same-cell;}--><span id=\"mce_marker\" data-mce-type=\"bookmark\"><\/span><span id=\"__caret\">_<\/span><br \/>\n<!--td {border: 1px solid #ccc;}br {mso-data-placement:same-cell;}--><br \/>\n<!--td {border: 1px solid #ccc;}br {mso-data-placement:same-cell;}--><br \/>\n<!--td {border: 1px solid #ccc;}br {mso-data-placement:same-cell;}--><span id=\"mce_marker\" data-mce-type=\"bookmark\"><\/span><span id=\"__caret\">_<\/span><br \/>\n<!--td {border: 1px solid #ccc;}br {mso-data-placement:same-cell;}--><br \/>\n<!--td {border: 1px solid #ccc;}br {mso-data-placement:same-cell;}--><br \/>\n<!--td {border: 1px solid #ccc;}br {mso-data-placement:same-cell;}--><span id=\"mce_marker\" data-mce-type=\"bookmark\"><\/span><span id=\"__caret\">_<\/span><br \/>\n<!--td {border: 1px solid #ccc;}br {mso-data-placement:same-cell;}--><\/p>\n<p>Akril alap\u00fa fest\u00e9k figur\u00e1k fest\u00e9s\u00e9hez. Speci\u00e1lis fest\u00e9kek, melyeket \u00fagy alak\u00edtottak ki, hogy m\u00e1s fest\u00e9kek fel\u00fclet\u00e9n elfolyjanak \u00e9s be\u00fcljenek a r\u00e9sekbe. Ez\u00e9rt \u00e1rny\u00e9kol\u00f3\/bemos\u00f3 (shading\/washing) technik\u00e1hoz haszn\u00e1lhat\u00f3.<\/p>","protected":false},"featured_media":20599,"comment_status":"open","ping_status":"closed","template":"","meta":{"_acf_changed":false},"product_brand":[46,379],"product_cat":[213,127,129,19],"product_tag":[],"class_list":{"0":"post-5730","1":"product","2":"type-product","3":"status-publish","4":"has-post-thumbnail","6":"product_brand-games-workshop","7":"product_brand-the-army-painter","8":"product_cat-army-painter","9":"product_cat-festekek-es-eszkozok","10":"product_cat-tegelyes-festekek","11":"product_cat-wargame","13":"first","14":"onbackorder","15":"sale","16":"taxable","17":"shipping-taxable","18":"purchasable","19":"product-type-simple"},"acf":[],"yoast_head":"<!-- This site is optimized with the Yoast SEO Premium plugin v25.6 (Yoast SEO v25.6) - https:\/\/yoast.com\/wordpress\/plugins\/seo\/ -->\n<title>Flesh Wash<\/title>\n<meta name=\"description\" content=\"Akril alap\u00fa fest\u00e9k figur\u00e1k fest\u00e9s\u00e9hez. Speci\u00e1lis fest\u00e9kek, melyeket \u00fagy alak\u00edtottak ki, hogy m\u00e1s fest\u00e9kek fel\u00fclet\u00e9n elfollyanak \u00e9s be\u00fcljenek a r\u00e9sekbe. Ez\u00e9rt \u00e1rny\u00e9kol\u00f3\/bemos\u00f3 (shading\/washing) technik\u00e1hoz haszn\u00e1lhat\u00f3.\" \/>\n<meta name=\"robots\" content=\"index, follow, max-snippet:-1, max-image-preview:large, max-video-preview:-1\" \/>\n<link rel=\"canonical\" href=\"https:\/\/hammertimecafe.hu\/en\/product\/flesh-wash-01\/\" \/>\n<meta property=\"og:locale\" content=\"en_US\" \/>\n<meta property=\"og:type\" content=\"article\" \/>\n<meta property=\"og:title\" content=\"Flesh Wash\" \/>\n<meta property=\"og:description\" content=\"Akril alap\u00fa fest\u00e9k figur\u00e1k fest\u00e9s\u00e9hez. Speci\u00e1lis fest\u00e9kek, melyeket \u00fagy alak\u00edtottak ki, hogy m\u00e1s fest\u00e9kek fel\u00fclet\u00e9n elfollyanak \u00e9s be\u00fcljenek a r\u00e9sekbe. Ez\u00e9rt \u00e1rny\u00e9kol\u00f3\/bemos\u00f3 (shading\/washing) technik\u00e1hoz haszn\u00e1lhat\u00f3.\" \/>\n<meta property=\"og:url\" content=\"https:\/\/hammertimecafe.hu\/en\/product\/flesh-wash-01\/\" \/>\n<meta property=\"og:site_name\" content=\"HammerTime Cafe Webshop\" \/>\n<meta property=\"article:modified_time\" content=\"2025-12-14T18:06:24+00:00\" \/>\n<meta property=\"og:image\" content=\"https:\/\/hammertimecafe.hu\/app\/uploads\/2025\/10\/wp1143.jpg\" \/>\n\t<meta property=\"og:image:width\" content=\"1200\" \/>\n\t<meta property=\"og:image:height\" content=\"1200\" \/>\n\t<meta property=\"og:image:type\" content=\"image\/jpeg\" \/>\n<meta name=\"twitter:card\" content=\"summary_large_image\" \/>\n<script type=\"application\/ld+json\" class=\"yoast-schema-graph\">{\"@context\":\"https:\/\/schema.org\",\"@graph\":[{\"@type\":\"WebPage\",\"@id\":\"https:\/\/hammertimecafe.hu\/en\/product\/flesh-wash-01\/\",\"url\":\"https:\/\/hammertimecafe.hu\/en\/product\/flesh-wash-01\/\",\"name\":\"Flesh Wash\",\"isPartOf\":{\"@id\":\"https:\/\/hammertimecafe.hu\/#website\"},\"primaryImageOfPage\":{\"@id\":\"https:\/\/hammertimecafe.hu\/en\/product\/flesh-wash-01\/#primaryimage\"},\"image\":{\"@id\":\"https:\/\/hammertimecafe.hu\/en\/product\/flesh-wash-01\/#primaryimage\"},\"thumbnailUrl\":\"https:\/\/hammertimecafe.hu\/app\/uploads\/2025\/10\/wp1143.jpg\",\"datePublished\":\"2025-10-29T01:23:22+00:00\",\"dateModified\":\"2025-12-14T18:06:24+00:00\",\"description\":\"Akril alap\u00fa fest\u00e9k figur\u00e1k fest\u00e9s\u00e9hez. Speci\u00e1lis fest\u00e9kek, melyeket \u00fagy alak\u00edtottak ki, hogy m\u00e1s fest\u00e9kek fel\u00fclet\u00e9n elfollyanak \u00e9s be\u00fcljenek a r\u00e9sekbe. Ez\u00e9rt \u00e1rny\u00e9kol\u00f3\/bemos\u00f3 (shading\/washing) technik\u00e1hoz haszn\u00e1lhat\u00f3.\",\"breadcrumb\":{\"@id\":\"https:\/\/hammertimecafe.hu\/en\/product\/flesh-wash-01\/#breadcrumb\"},\"inLanguage\":\"en-US\",\"potentialAction\":[{\"@type\":\"ReadAction\",\"target\":[\"https:\/\/hammertimecafe.hu\/en\/product\/flesh-wash-01\/\"]}]},{\"@type\":\"ImageObject\",\"inLanguage\":\"en-US\",\"@id\":\"https:\/\/hammertimecafe.hu\/en\/product\/flesh-wash-01\/#primaryimage\",\"url\":\"https:\/\/hammertimecafe.hu\/app\/uploads\/2025\/10\/wp1143.jpg\",\"contentUrl\":\"https:\/\/hammertimecafe.hu\/app\/uploads\/2025\/10\/wp1143.jpg\",\"width\":1200,\"height\":1200},{\"@type\":\"BreadcrumbList\",\"@id\":\"https:\/\/hammertimecafe.hu\/en\/product\/flesh-wash-01\/#breadcrumb\",\"itemListElement\":[{\"@type\":\"ListItem\",\"position\":1,\"name\":\"Home\",\"item\":\"https:\/\/hammertimecafe.hu\/\"},{\"@type\":\"ListItem\",\"position\":2,\"name\":\"Shop\",\"item\":\"https:\/\/hammertimecafe.hu\/uzlet\/\"},{\"@type\":\"ListItem\",\"position\":3,\"name\":\"Flesh Wash\"}]},{\"@type\":\"WebSite\",\"@id\":\"https:\/\/hammertimecafe.hu\/#website\",\"url\":\"https:\/\/hammertimecafe.hu\/\",\"name\":\"Hammertimecafe\",\"description\":\"A HammerTime Cafe Hivatalos Weboldala \u00e9s Webshopja.\",\"publisher\":{\"@id\":\"https:\/\/hammertimecafe.hu\/#organization\"},\"potentialAction\":[{\"@type\":\"SearchAction\",\"target\":{\"@type\":\"EntryPoint\",\"urlTemplate\":\"https:\/\/hammertimecafe.hu\/?s={search_term_string}\"},\"query-input\":{\"@type\":\"PropertyValueSpecification\",\"valueRequired\":true,\"valueName\":\"search_term_string\"}}],\"inLanguage\":\"en-US\"},{\"@type\":\"Organization\",\"@id\":\"https:\/\/hammertimecafe.hu\/#organization\",\"name\":\"Hammertimecafe\",\"url\":\"https:\/\/hammertimecafe.hu\/\",\"logo\":{\"@type\":\"ImageObject\",\"inLanguage\":\"en-US\",\"@id\":\"https:\/\/hammertimecafe.hu\/#\/schema\/logo\/image\/\",\"url\":\"https:\/\/htcwoo.test\/app\/uploads\/2025\/08\/logo_of_htc.png\",\"contentUrl\":\"https:\/\/htcwoo.test\/app\/uploads\/2025\/08\/logo_of_htc.png\",\"width\":166,\"height\":73,\"caption\":\"Hammertimecafe\"},\"image\":{\"@id\":\"https:\/\/hammertimecafe.hu\/#\/schema\/logo\/image\/\"}}]}<\/script>\n<!-- \/ Yoast SEO Premium plugin. -->","yoast_head_json":{"title":"Flesh Wash","description":"Akril alap\u00fa fest\u00e9k figur\u00e1k fest\u00e9s\u00e9hez. Speci\u00e1lis fest\u00e9kek, melyeket \u00fagy alak\u00edtottak ki, hogy m\u00e1s fest\u00e9kek fel\u00fclet\u00e9n elfollyanak \u00e9s be\u00fcljenek a r\u00e9sekbe. Ez\u00e9rt \u00e1rny\u00e9kol\u00f3\/bemos\u00f3 (shading\/washing) technik\u00e1hoz haszn\u00e1lhat\u00f3.","robots":{"index":"index","follow":"follow","max-snippet":"max-snippet:-1","max-image-preview":"max-image-preview:large","max-video-preview":"max-video-preview:-1"},"canonical":"https:\/\/hammertimecafe.hu\/en\/product\/flesh-wash-01\/","og_locale":"en_US","og_type":"article","og_title":"Flesh Wash","og_description":"Akril alap\u00fa fest\u00e9k figur\u00e1k fest\u00e9s\u00e9hez. Speci\u00e1lis fest\u00e9kek, melyeket \u00fagy alak\u00edtottak ki, hogy m\u00e1s fest\u00e9kek fel\u00fclet\u00e9n elfollyanak \u00e9s be\u00fcljenek a r\u00e9sekbe. Ez\u00e9rt \u00e1rny\u00e9kol\u00f3\/bemos\u00f3 (shading\/washing) technik\u00e1hoz haszn\u00e1lhat\u00f3.","og_url":"https:\/\/hammertimecafe.hu\/en\/product\/flesh-wash-01\/","og_site_name":"HammerTime Cafe Webshop","article_modified_time":"2025-12-14T18:06:24+00:00","og_image":[{"width":1200,"height":1200,"url":"https:\/\/hammertimecafe.hu\/app\/uploads\/2025\/10\/wp1143.jpg","type":"image\/jpeg"}],"twitter_card":"summary_large_image","schema":{"@context":"https:\/\/schema.org","@graph":[{"@type":"WebPage","@id":"https:\/\/hammertimecafe.hu\/en\/product\/flesh-wash-01\/","url":"https:\/\/hammertimecafe.hu\/en\/product\/flesh-wash-01\/","name":"Flesh Wash","isPartOf":{"@id":"https:\/\/hammertimecafe.hu\/#website"},"primaryImageOfPage":{"@id":"https:\/\/hammertimecafe.hu\/en\/product\/flesh-wash-01\/#primaryimage"},"image":{"@id":"https:\/\/hammertimecafe.hu\/en\/product\/flesh-wash-01\/#primaryimage"},"thumbnailUrl":"https:\/\/hammertimecafe.hu\/app\/uploads\/2025\/10\/wp1143.jpg","datePublished":"2025-10-29T01:23:22+00:00","dateModified":"2025-12-14T18:06:24+00:00","description":"Akril alap\u00fa fest\u00e9k figur\u00e1k fest\u00e9s\u00e9hez. Speci\u00e1lis fest\u00e9kek, melyeket \u00fagy alak\u00edtottak ki, hogy m\u00e1s fest\u00e9kek fel\u00fclet\u00e9n elfollyanak \u00e9s be\u00fcljenek a r\u00e9sekbe. Ez\u00e9rt \u00e1rny\u00e9kol\u00f3\/bemos\u00f3 (shading\/washing) technik\u00e1hoz haszn\u00e1lhat\u00f3.","breadcrumb":{"@id":"https:\/\/hammertimecafe.hu\/en\/product\/flesh-wash-01\/#breadcrumb"},"inLanguage":"en-US","potentialAction":[{"@type":"ReadAction","target":["https:\/\/hammertimecafe.hu\/en\/product\/flesh-wash-01\/"]}]},{"@type":"ImageObject","inLanguage":"en-US","@id":"https:\/\/hammertimecafe.hu\/en\/product\/flesh-wash-01\/#primaryimage","url":"https:\/\/hammertimecafe.hu\/app\/uploads\/2025\/10\/wp1143.jpg","contentUrl":"https:\/\/hammertimecafe.hu\/app\/uploads\/2025\/10\/wp1143.jpg","width":1200,"height":1200},{"@type":"BreadcrumbList","@id":"https:\/\/hammertimecafe.hu\/en\/product\/flesh-wash-01\/#breadcrumb","itemListElement":[{"@type":"ListItem","position":1,"name":"Home","item":"https:\/\/hammertimecafe.hu\/"},{"@type":"ListItem","position":2,"name":"Shop","item":"https:\/\/hammertimecafe.hu\/uzlet\/"},{"@type":"ListItem","position":3,"name":"Flesh Wash"}]},{"@type":"WebSite","@id":"https:\/\/hammertimecafe.hu\/#website","url":"https:\/\/hammertimecafe.hu\/","name":"Hammertimecafe","description":"The Official Website and Webshop of HammerTime Cafe.","publisher":{"@id":"https:\/\/hammertimecafe.hu\/#organization"},"potentialAction":[{"@type":"SearchAction","target":{"@type":"EntryPoint","urlTemplate":"https:\/\/hammertimecafe.hu\/?s={search_term_string}"},"query-input":{"@type":"PropertyValueSpecification","valueRequired":true,"valueName":"search_term_string"}}],"inLanguage":"en-US"},{"@type":"Organization","@id":"https:\/\/hammertimecafe.hu\/#organization","name":"Hammertimecafe","url":"https:\/\/hammertimecafe.hu\/","logo":{"@type":"ImageObject","inLanguage":"en-US","@id":"https:\/\/hammertimecafe.hu\/#\/schema\/logo\/image\/","url":"https:\/\/htcwoo.test\/app\/uploads\/2025\/08\/logo_of_htc.png","contentUrl":"https:\/\/htcwoo.test\/app\/uploads\/2025\/08\/logo_of_htc.png","width":166,"height":73,"caption":"Hammertimecafe"},"image":{"@id":"https:\/\/hammertimecafe.hu\/#\/schema\/logo\/image\/"}}]}},"_links":{"self":[{"href":"https:\/\/hammertimecafe.hu\/en\/wp-json\/wp\/v2\/product\/5730","targetHints":{"allow":["GET"]}}],"collection":[{"href":"https:\/\/hammertimecafe.hu\/en\/wp-json\/wp\/v2\/product"}],"about":[{"href":"https:\/\/hammertimecafe.hu\/en\/wp-json\/wp\/v2\/types\/product"}],"replies":[{"embeddable":true,"href":"https:\/\/hammertimecafe.hu\/en\/wp-json\/wp\/v2\/comments?post=5730"}],"wp:featuredmedia":[{"embeddable":true,"href":"https:\/\/hammertimecafe.hu\/en\/wp-json\/wp\/v2\/media\/20599"}],"wp:attachment":[{"href":"https:\/\/hammertimecafe.hu\/en\/wp-json\/wp\/v2\/media?parent=5730"}],"wp:term":[{"taxonomy":"product_brand","embeddable":true,"href":"https:\/\/hammertimecafe.hu\/en\/wp-json\/wp\/v2\/product_brand?post=5730"},{"taxonomy":"product_cat","embeddable":true,"href":"https:\/\/hammertimecafe.hu\/en\/wp-json\/wp\/v2\/product_cat?post=5730"},{"taxonomy":"product_tag","embeddable":true,"href":"https:\/\/hammertimecafe.hu\/en\/wp-json\/wp\/v2\/product_tag?post=5730"}],"curies":[{"name":"wp","href":"https:\/\/api.w.org\/{rel}","templated":true}]}}