{"id":5749,"date":"2025-10-29T02:23:31","date_gmt":"2025-10-29T01:23:31","guid":{"rendered":"https:\/\/htcwoo.test\/termek\/warpaints-fanatic-metallic-rough-iron\/"},"modified":"2026-04-10T13:06:14","modified_gmt":"2026-04-10T11:06:14","slug":"warpaints-fanatic-metallic-rough-iron","status":"publish","type":"product","link":"https:\/\/hammertimecafe.hu\/en\/product\/warpaints-fanatic-metallic-rough-iron\/","title":{"rendered":"Warpaints Fanatic Metallic: Rough Iron"},"content":{"rendered":"<p><!--td {border: 1px solid #ccc;}br {mso-data-placement:same-cell;}--><br \/>\n<!--td {border: 1px solid #ccc;}br {mso-data-placement:same-cell;}--><span id=\"mce_marker\" data-mce-type=\"bookmark\"><\/span><span id=\"__caret\">_<\/span><br \/>\n<!--td {border: 1px solid #ccc;}br {mso-data-placement:same-cell;}--><\/p>\n<p>A Warpaints Fanatic Metallic akril alap\u00fa fest\u00e9kek f\u00e9mes hat\u00e1s\u00fa fest\u00e9kek, amelyeket a k\u00fcl\u00f6nf\u00e9le miniat\u0171r\u00f6k, p\u00e9ld\u00e1ul hadseregfigur\u00e1k, fantasy karakterek vagy j\u00e1rm\u0171vek fest\u00e9s\u00e9re terveztek. Ezek a fest\u00e9kek lehet\u0151v\u00e9 teszik, hogy k\u00f6nnyed\u00e9n \u00e9s hat\u00e9konyan adj hozz\u00e1 f\u00e9mes r\u00e9szleteket a modelljeidhez, l\u00e9trehozva \u00e9leth\u0171 \u00e9s l\u00e1tv\u00e1nyos hat\u00e1sokat.<\/p>\n<p>A Warpaints Fanatic Metallic: Rough Iron egy m\u00e9lybarna f\u00e9mes hat\u00e1s\u00fa fest\u00e9k, amely az Army Painter saj\u00e1t kever\u00e9k\u00e9b\u0151l k\u00e9sz\u00fclt, alum\u00edniumb\u00f3l \u00e9s mica-b\u00f3l a fed\u00e9s \u00e9s a f\u00e9nyess\u00e9g \u00e9rdek\u00e9ben.<\/p>","protected":false},"excerpt":{"rendered":"<p><!--td {border: 1px solid #ccc;}br {mso-data-placement:same-cell;}--><br \/>\n<!--td {border: 1px solid #ccc;}br {mso-data-placement:same-cell;}--><br \/>\n<!--td {border: 1px solid #ccc;}br {mso-data-placement:same-cell;}--><br \/>\n<!--td {border: 1px solid #ccc;}br {mso-data-placement:same-cell;}--><br \/>\n<!--td {border: 1px solid #ccc;}br {mso-data-placement:same-cell;}--><br \/>\n<!--td {border: 1px solid #ccc;}br {mso-data-placement:same-cell;}--><br \/>\n<!--td {border: 1px solid #ccc;}br {mso-data-placement:same-cell;}--><br \/>\n<!--td {border: 1px solid #ccc;}br {mso-data-placement:same-cell;}--><br \/>\n<!--td {border: 1px solid #ccc;}br {mso-data-placement:same-cell;}--><br \/>\n<!--td {border: 1px solid #ccc;}br {mso-data-placement:same-cell;}--><br \/>\n<!--td {border: 1px solid #ccc;}br {mso-data-placement:same-cell;}--><span id=\"mce_marker\" data-mce-type=\"bookmark\"><\/span><span id=\"__caret\">_<\/span><br \/>\n<!--td {border: 1px solid #ccc;}br {mso-data-placement:same-cell;}--><br \/>\n<!--td {border: 1px solid #ccc;}br {mso-data-placement:same-cell;}--><br \/>\n<!--td {border: 1px solid #ccc;}br {mso-data-placement:same-cell;}--><span id=\"mce_marker\" data-mce-type=\"bookmark\"><\/span><span id=\"__caret\">_<\/span><br \/>\n<!--td {border: 1px solid #ccc;}br {mso-data-placement:same-cell;}--><br \/>\n<!--td {border: 1px solid #ccc;}br {mso-data-placement:same-cell;}--><br \/>\n<!--td {border: 1px solid #ccc;}br {mso-data-placement:same-cell;}--><span id=\"mce_marker\" data-mce-type=\"bookmark\"><\/span><span id=\"__caret\">_<\/span><br \/>\n<!--td {border: 1px solid #ccc;}br {mso-data-placement:same-cell;}--><br \/>\n<!--td {border: 1px solid #ccc;}br {mso-data-placement:same-cell;}--><br \/>\n<!--td {border: 1px solid #ccc;}br {mso-data-placement:same-cell;}--><span id=\"mce_marker\" data-mce-type=\"bookmark\"><\/span><span id=\"__caret\">_<\/span><br \/>\n<!--td {border: 1px solid #ccc;}br {mso-data-placement:same-cell;}--><br \/>\n<!--td {border: 1px solid #ccc;}br {mso-data-placement:same-cell;}--><br \/>\n<!--td {border: 1px solid #ccc;}br {mso-data-placement:same-cell;}--><span id=\"mce_marker\" data-mce-type=\"bookmark\"><\/span><span id=\"__caret\">_<\/span><br \/>\n<!--td {border: 1px solid #ccc;}br {mso-data-placement:same-cell;}--><\/p>\n<p>A Warpaints Fanatic Metallic akril alap\u00fa fest\u00e9kek f\u00e9mes hat\u00e1s\u00fa fest\u00e9kek, amelyeket a k\u00fcl\u00f6nf\u00e9le miniat\u0171r\u00f6k, p\u00e9ld\u00e1ul hadseregfigur\u00e1k, fantasy karakterek vagy j\u00e1rm\u0171vek fest\u00e9s\u00e9re terveztek. Ezek a fest\u00e9kek lehet\u0151v\u00e9 teszik, hogy k\u00f6nnyed\u00e9n \u00e9s hat\u00e9konyan adj hozz\u00e1 f\u00e9mes r\u00e9szleteket a modelljeidhez, l\u00e9trehozva \u00e9leth\u0171 \u00e9s l\u00e1tv\u00e1nyos hat\u00e1sokat.<\/p>\n<p>A Warpaints Fanatic Metallic: Rough Iron egy m\u00e9lybarna f\u00e9mes hat\u00e1s\u00fa fest\u00e9k, amely az Army Painter saj\u00e1t kever\u00e9k\u00e9b\u0151l k\u00e9sz\u00fclt, alum\u00edniumb\u00f3l \u00e9s mica-b\u00f3l a fed\u00e9s \u00e9s a f\u00e9nyess\u00e9g \u00e9rdek\u00e9ben.<\/p>","protected":false},"featured_media":20604,"comment_status":"open","ping_status":"closed","template":"","meta":{"_acf_changed":false},"product_brand":[46,379],"product_cat":[213,127,129,19],"product_tag":[],"class_list":{"0":"post-5749","1":"product","2":"type-product","3":"status-publish","4":"has-post-thumbnail","6":"product_brand-games-workshop","7":"product_brand-the-army-painter","8":"product_cat-army-painter","9":"product_cat-festekek-es-eszkozok","10":"product_cat-tegelyes-festekek","11":"product_cat-wargame","13":"first","14":"onbackorder","15":"sale","16":"taxable","17":"shipping-taxable","18":"purchasable","19":"product-type-simple"},"acf":[],"yoast_head":"<!-- This site is optimized with the Yoast SEO Premium plugin v25.6 (Yoast SEO v25.6) - https:\/\/yoast.com\/wordpress\/plugins\/seo\/ -->\n<title>Warpaints Fanatic Metallic: Rough Iron<\/title>\n<meta name=\"description\" content=\"A Warpaints Fanatic Metallic fest\u00e9kek sz\u00e9les v\u00e1laszt\u00e9ka csak r\u00e1d v\u00e1r, bele\u00e9rtve az aranyat, ez\u00fcst\u00f6t, bronzot \u00e9s sok m\u00e1s sz\u00ednt, \u00edgy k\u00f6nnyed\u00e9n megtal\u00e1lhatod a projektjeidhez legmegfelel\u0151bb \u00e1rnyalatot.\" \/>\n<meta name=\"robots\" content=\"index, follow, max-snippet:-1, max-image-preview:large, max-video-preview:-1\" \/>\n<link rel=\"canonical\" href=\"https:\/\/hammertimecafe.hu\/en\/product\/warpaints-fanatic-metallic-rough-iron\/\" \/>\n<meta property=\"og:locale\" content=\"en_US\" \/>\n<meta property=\"og:type\" content=\"article\" \/>\n<meta property=\"og:title\" content=\"Warpaints Fanatic Metallic: Rough Iron\" \/>\n<meta property=\"og:description\" content=\"A Warpaints Fanatic Metallic fest\u00e9kek sz\u00e9les v\u00e1laszt\u00e9ka csak r\u00e1d v\u00e1r, bele\u00e9rtve az aranyat, ez\u00fcst\u00f6t, bronzot \u00e9s sok m\u00e1s sz\u00ednt, \u00edgy k\u00f6nnyed\u00e9n megtal\u00e1lhatod a projektjeidhez legmegfelel\u0151bb \u00e1rnyalatot.\" \/>\n<meta property=\"og:url\" content=\"https:\/\/hammertimecafe.hu\/en\/product\/warpaints-fanatic-metallic-rough-iron\/\" \/>\n<meta property=\"og:site_name\" content=\"HammerTime Cafe Webshop\" \/>\n<meta property=\"article:modified_time\" content=\"2026-04-10T11:06:14+00:00\" \/>\n<meta property=\"og:image\" content=\"https:\/\/hammertimecafe.hu\/app\/uploads\/2025\/10\/warpaints_fanatic_metallic-_rough_iron.jpeg\" \/>\n\t<meta property=\"og:image:width\" content=\"1200\" \/>\n\t<meta property=\"og:image:height\" content=\"1200\" \/>\n\t<meta property=\"og:image:type\" content=\"image\/jpeg\" \/>\n<meta name=\"twitter:card\" content=\"summary_large_image\" \/>\n<meta name=\"twitter:label1\" content=\"Est. reading time\" \/>\n\t<meta name=\"twitter:data1\" content=\"1 minute\" \/>\n<script type=\"application\/ld+json\" class=\"yoast-schema-graph\">{\"@context\":\"https:\/\/schema.org\",\"@graph\":[{\"@type\":\"WebPage\",\"@id\":\"https:\/\/hammertimecafe.hu\/termek\/warpaints-fanatic-metallic-rough-iron\/\",\"url\":\"https:\/\/hammertimecafe.hu\/termek\/warpaints-fanatic-metallic-rough-iron\/\",\"name\":\"Warpaints Fanatic Metallic: Rough Iron\",\"isPartOf\":{\"@id\":\"https:\/\/hammertimecafe.hu\/#website\"},\"primaryImageOfPage\":{\"@id\":\"https:\/\/hammertimecafe.hu\/termek\/warpaints-fanatic-metallic-rough-iron\/#primaryimage\"},\"image\":{\"@id\":\"https:\/\/hammertimecafe.hu\/termek\/warpaints-fanatic-metallic-rough-iron\/#primaryimage\"},\"thumbnailUrl\":\"https:\/\/hammertimecafe.hu\/app\/uploads\/2025\/10\/warpaints_fanatic_metallic-_rough_iron.jpeg\",\"datePublished\":\"2025-10-29T01:23:31+00:00\",\"dateModified\":\"2026-04-10T11:06:14+00:00\",\"description\":\"A Warpaints Fanatic Metallic fest\u00e9kek sz\u00e9les v\u00e1laszt\u00e9ka csak r\u00e1d v\u00e1r, bele\u00e9rtve az aranyat, ez\u00fcst\u00f6t, bronzot \u00e9s sok m\u00e1s sz\u00ednt, \u00edgy k\u00f6nnyed\u00e9n megtal\u00e1lhatod a projektjeidhez legmegfelel\u0151bb \u00e1rnyalatot.\",\"breadcrumb\":{\"@id\":\"https:\/\/hammertimecafe.hu\/termek\/warpaints-fanatic-metallic-rough-iron\/#breadcrumb\"},\"inLanguage\":\"en-US\",\"potentialAction\":[{\"@type\":\"ReadAction\",\"target\":[\"https:\/\/hammertimecafe.hu\/termek\/warpaints-fanatic-metallic-rough-iron\/\"]}]},{\"@type\":\"ImageObject\",\"inLanguage\":\"en-US\",\"@id\":\"https:\/\/hammertimecafe.hu\/termek\/warpaints-fanatic-metallic-rough-iron\/#primaryimage\",\"url\":\"https:\/\/hammertimecafe.hu\/app\/uploads\/2025\/10\/warpaints_fanatic_metallic-_rough_iron.jpeg\",\"contentUrl\":\"https:\/\/hammertimecafe.hu\/app\/uploads\/2025\/10\/warpaints_fanatic_metallic-_rough_iron.jpeg\",\"width\":1200,\"height\":1200},{\"@type\":\"BreadcrumbList\",\"@id\":\"https:\/\/hammertimecafe.hu\/termek\/warpaints-fanatic-metallic-rough-iron\/#breadcrumb\",\"itemListElement\":[{\"@type\":\"ListItem\",\"position\":1,\"name\":\"Home\",\"item\":\"https:\/\/hammertimecafe.hu\/\"},{\"@type\":\"ListItem\",\"position\":2,\"name\":\"Shop\",\"item\":\"https:\/\/hammertimecafe.hu\/uzlet\/\"},{\"@type\":\"ListItem\",\"position\":3,\"name\":\"Warpaints Fanatic Metallic: Rough Iron\"}]},{\"@type\":\"WebSite\",\"@id\":\"https:\/\/hammertimecafe.hu\/#website\",\"url\":\"https:\/\/hammertimecafe.hu\/\",\"name\":\"Hammertimecafe\",\"description\":\"A HammerTime Cafe Hivatalos Weboldala \u00e9s Webshopja.\",\"publisher\":{\"@id\":\"https:\/\/hammertimecafe.hu\/#organization\"},\"potentialAction\":[{\"@type\":\"SearchAction\",\"target\":{\"@type\":\"EntryPoint\",\"urlTemplate\":\"https:\/\/hammertimecafe.hu\/?s={search_term_string}\"},\"query-input\":{\"@type\":\"PropertyValueSpecification\",\"valueRequired\":true,\"valueName\":\"search_term_string\"}}],\"inLanguage\":\"en-US\"},{\"@type\":\"Organization\",\"@id\":\"https:\/\/hammertimecafe.hu\/#organization\",\"name\":\"Hammertimecafe\",\"url\":\"https:\/\/hammertimecafe.hu\/\",\"logo\":{\"@type\":\"ImageObject\",\"inLanguage\":\"en-US\",\"@id\":\"https:\/\/hammertimecafe.hu\/#\/schema\/logo\/image\/\",\"url\":\"https:\/\/htcwoo.test\/app\/uploads\/2025\/08\/logo_of_htc.png\",\"contentUrl\":\"https:\/\/htcwoo.test\/app\/uploads\/2025\/08\/logo_of_htc.png\",\"width\":166,\"height\":73,\"caption\":\"Hammertimecafe\"},\"image\":{\"@id\":\"https:\/\/hammertimecafe.hu\/#\/schema\/logo\/image\/\"}}]}<\/script>\n<!-- \/ Yoast SEO Premium plugin. -->","yoast_head_json":{"title":"Warpaints Fanatic Metallic: Rough Iron","description":"A Warpaints Fanatic Metallic fest\u00e9kek sz\u00e9les v\u00e1laszt\u00e9ka csak r\u00e1d v\u00e1r, bele\u00e9rtve az aranyat, ez\u00fcst\u00f6t, bronzot \u00e9s sok m\u00e1s sz\u00ednt, \u00edgy k\u00f6nnyed\u00e9n megtal\u00e1lhatod a projektjeidhez legmegfelel\u0151bb \u00e1rnyalatot.","robots":{"index":"index","follow":"follow","max-snippet":"max-snippet:-1","max-image-preview":"max-image-preview:large","max-video-preview":"max-video-preview:-1"},"canonical":"https:\/\/hammertimecafe.hu\/en\/product\/warpaints-fanatic-metallic-rough-iron\/","og_locale":"en_US","og_type":"article","og_title":"Warpaints Fanatic Metallic: Rough Iron","og_description":"A Warpaints Fanatic Metallic fest\u00e9kek sz\u00e9les v\u00e1laszt\u00e9ka csak r\u00e1d v\u00e1r, bele\u00e9rtve az aranyat, ez\u00fcst\u00f6t, bronzot \u00e9s sok m\u00e1s sz\u00ednt, \u00edgy k\u00f6nnyed\u00e9n megtal\u00e1lhatod a projektjeidhez legmegfelel\u0151bb \u00e1rnyalatot.","og_url":"https:\/\/hammertimecafe.hu\/en\/product\/warpaints-fanatic-metallic-rough-iron\/","og_site_name":"HammerTime Cafe Webshop","article_modified_time":"2026-04-10T11:06:14+00:00","og_image":[{"width":1200,"height":1200,"url":"https:\/\/hammertimecafe.hu\/app\/uploads\/2025\/10\/warpaints_fanatic_metallic-_rough_iron.jpeg","type":"image\/jpeg"}],"twitter_card":"summary_large_image","twitter_misc":{"Est. reading time":"1 minute"},"schema":{"@context":"https:\/\/schema.org","@graph":[{"@type":"WebPage","@id":"https:\/\/hammertimecafe.hu\/termek\/warpaints-fanatic-metallic-rough-iron\/","url":"https:\/\/hammertimecafe.hu\/termek\/warpaints-fanatic-metallic-rough-iron\/","name":"Warpaints Fanatic Metallic: Rough Iron","isPartOf":{"@id":"https:\/\/hammertimecafe.hu\/#website"},"primaryImageOfPage":{"@id":"https:\/\/hammertimecafe.hu\/termek\/warpaints-fanatic-metallic-rough-iron\/#primaryimage"},"image":{"@id":"https:\/\/hammertimecafe.hu\/termek\/warpaints-fanatic-metallic-rough-iron\/#primaryimage"},"thumbnailUrl":"https:\/\/hammertimecafe.hu\/app\/uploads\/2025\/10\/warpaints_fanatic_metallic-_rough_iron.jpeg","datePublished":"2025-10-29T01:23:31+00:00","dateModified":"2026-04-10T11:06:14+00:00","description":"A Warpaints Fanatic Metallic fest\u00e9kek sz\u00e9les v\u00e1laszt\u00e9ka csak r\u00e1d v\u00e1r, bele\u00e9rtve az aranyat, ez\u00fcst\u00f6t, bronzot \u00e9s sok m\u00e1s sz\u00ednt, \u00edgy k\u00f6nnyed\u00e9n megtal\u00e1lhatod a projektjeidhez legmegfelel\u0151bb \u00e1rnyalatot.","breadcrumb":{"@id":"https:\/\/hammertimecafe.hu\/termek\/warpaints-fanatic-metallic-rough-iron\/#breadcrumb"},"inLanguage":"en-US","potentialAction":[{"@type":"ReadAction","target":["https:\/\/hammertimecafe.hu\/termek\/warpaints-fanatic-metallic-rough-iron\/"]}]},{"@type":"ImageObject","inLanguage":"en-US","@id":"https:\/\/hammertimecafe.hu\/termek\/warpaints-fanatic-metallic-rough-iron\/#primaryimage","url":"https:\/\/hammertimecafe.hu\/app\/uploads\/2025\/10\/warpaints_fanatic_metallic-_rough_iron.jpeg","contentUrl":"https:\/\/hammertimecafe.hu\/app\/uploads\/2025\/10\/warpaints_fanatic_metallic-_rough_iron.jpeg","width":1200,"height":1200},{"@type":"BreadcrumbList","@id":"https:\/\/hammertimecafe.hu\/termek\/warpaints-fanatic-metallic-rough-iron\/#breadcrumb","itemListElement":[{"@type":"ListItem","position":1,"name":"Home","item":"https:\/\/hammertimecafe.hu\/"},{"@type":"ListItem","position":2,"name":"Shop","item":"https:\/\/hammertimecafe.hu\/uzlet\/"},{"@type":"ListItem","position":3,"name":"Warpaints Fanatic Metallic: Rough Iron"}]},{"@type":"WebSite","@id":"https:\/\/hammertimecafe.hu\/#website","url":"https:\/\/hammertimecafe.hu\/","name":"Hammertimecafe","description":"The Official Website and Webshop of HammerTime Cafe.","publisher":{"@id":"https:\/\/hammertimecafe.hu\/#organization"},"potentialAction":[{"@type":"SearchAction","target":{"@type":"EntryPoint","urlTemplate":"https:\/\/hammertimecafe.hu\/?s={search_term_string}"},"query-input":{"@type":"PropertyValueSpecification","valueRequired":true,"valueName":"search_term_string"}}],"inLanguage":"en-US"},{"@type":"Organization","@id":"https:\/\/hammertimecafe.hu\/#organization","name":"Hammertimecafe","url":"https:\/\/hammertimecafe.hu\/","logo":{"@type":"ImageObject","inLanguage":"en-US","@id":"https:\/\/hammertimecafe.hu\/#\/schema\/logo\/image\/","url":"https:\/\/htcwoo.test\/app\/uploads\/2025\/08\/logo_of_htc.png","contentUrl":"https:\/\/htcwoo.test\/app\/uploads\/2025\/08\/logo_of_htc.png","width":166,"height":73,"caption":"Hammertimecafe"},"image":{"@id":"https:\/\/hammertimecafe.hu\/#\/schema\/logo\/image\/"}}]}},"_links":{"self":[{"href":"https:\/\/hammertimecafe.hu\/en\/wp-json\/wp\/v2\/product\/5749","targetHints":{"allow":["GET"]}}],"collection":[{"href":"https:\/\/hammertimecafe.hu\/en\/wp-json\/wp\/v2\/product"}],"about":[{"href":"https:\/\/hammertimecafe.hu\/en\/wp-json\/wp\/v2\/types\/product"}],"replies":[{"embeddable":true,"href":"https:\/\/hammertimecafe.hu\/en\/wp-json\/wp\/v2\/comments?post=5749"}],"wp:featuredmedia":[{"embeddable":true,"href":"https:\/\/hammertimecafe.hu\/en\/wp-json\/wp\/v2\/media\/20604"}],"wp:attachment":[{"href":"https:\/\/hammertimecafe.hu\/en\/wp-json\/wp\/v2\/media?parent=5749"}],"wp:term":[{"taxonomy":"product_brand","embeddable":true,"href":"https:\/\/hammertimecafe.hu\/en\/wp-json\/wp\/v2\/product_brand?post=5749"},{"taxonomy":"product_cat","embeddable":true,"href":"https:\/\/hammertimecafe.hu\/en\/wp-json\/wp\/v2\/product_cat?post=5749"},{"taxonomy":"product_tag","embeddable":true,"href":"https:\/\/hammertimecafe.hu\/en\/wp-json\/wp\/v2\/product_tag?post=5749"}],"curies":[{"name":"wp","href":"https:\/\/api.w.org\/{rel}","templated":true}]}}