{"id":6035,"date":"2025-10-29T02:25:34","date_gmt":"2025-10-29T01:25:34","guid":{"rendered":"https:\/\/htcwoo.test\/termek\/plastic-frame-cutter\/"},"modified":"2026-04-30T20:04:58","modified_gmt":"2026-04-30T18:04:58","slug":"plastic-frame-cutter","status":"publish","type":"product","link":"https:\/\/hammertimecafe.hu\/en\/product\/plastic-frame-cutter\/","title":{"rendered":"Plastic Frame Cutter"},"content":{"rendered":"<p>T\u00f6k\u00e9letes eszk\u00f6z a figur\u00e1k keretr\u0151l val\u00f3 lev\u00e1g\u00e1s\u00e1hoz.<\/p>","protected":false},"excerpt":{"rendered":"<p><!--td {border: 1px solid #ccc;}br {mso-data-placement:same-cell;}--><br \/>\n<!--td {border: 1px solid #ccc;}br {mso-data-placement:same-cell;}--><br \/>\n<!--td {border: 1px solid #ccc;}br {mso-data-placement:same-cell;}--><br \/>\n<!--td {border: 1px solid #ccc;}br {mso-data-placement:same-cell;}--><br \/>\n<!--td {border: 1px solid #ccc;}br {mso-data-placement:same-cell;}--><br \/>\n<!--td {border: 1px solid #ccc;}br {mso-data-placement:same-cell;}--><br \/>\n<!--td {border: 1px solid #ccc;}br {mso-data-placement:same-cell;}--><br \/>\n<!--td {border: 1px solid #ccc;}br {mso-data-placement:same-cell;}--><br \/>\n<!--td {border: 1px solid #ccc;}br {mso-data-placement:same-cell;}--><br \/>\n<!--td {border: 1px solid #ccc;}br {mso-data-placement:same-cell;}--><br \/>\n<!--td {border: 1px solid #ccc;}br {mso-data-placement:same-cell;}--><span id=\"mce_marker\" data-mce-type=\"bookmark\"><\/span><span id=\"__caret\">_<\/span><br \/>\n<!--td {border: 1px solid #ccc;}br {mso-data-placement:same-cell;}--><br \/>\n<!--td {border: 1px solid #ccc;}br {mso-data-placement:same-cell;}--><br \/>\n<!--td {border: 1px solid #ccc;}br {mso-data-placement:same-cell;}--><span id=\"mce_marker\" data-mce-type=\"bookmark\"><\/span><span id=\"__caret\">_<\/span><br \/>\n<!--td {border: 1px solid #ccc;}br {mso-data-placement:same-cell;}--><br \/>\n<!--td {border: 1px solid #ccc;}br {mso-data-placement:same-cell;}--><br \/>\n<!--td {border: 1px solid #ccc;}br {mso-data-placement:same-cell;}--><span id=\"mce_marker\" data-mce-type=\"bookmark\"><\/span><span id=\"__caret\">_<\/span><br \/>\n<!--td {border: 1px solid #ccc;}br {mso-data-placement:same-cell;}--><br \/>\n<!--td {border: 1px solid #ccc;}br {mso-data-placement:same-cell;}--><br \/>\n<!--td {border: 1px solid #ccc;}br {mso-data-placement:same-cell;}--><span id=\"mce_marker\" data-mce-type=\"bookmark\"><\/span><span id=\"__caret\">_<\/span><br \/>\n<!--td {border: 1px solid #ccc;}br {mso-data-placement:same-cell;}--><br \/>\n<!--td {border: 1px solid #ccc;}br {mso-data-placement:same-cell;}--><br \/>\n<!--td {border: 1px solid #ccc;}br {mso-data-placement:same-cell;}--><span id=\"mce_marker\" data-mce-type=\"bookmark\"><\/span><span id=\"__caret\">_<\/span><br \/>\n<!--td {border: 1px solid #ccc;}br {mso-data-placement:same-cell;}--><br \/>\n<!--td {border: 1px solid #ccc;}br {mso-data-placement:same-cell;}--><br \/>\n<!--td {border: 1px solid #ccc;}br {mso-data-placement:same-cell;}--><span id=\"mce_marker\" data-mce-type=\"bookmark\"><\/span><span id=\"__caret\">_<\/span><br \/>\n<!--td {border: 1px solid #ccc;}br {mso-data-placement:same-cell;}--><br \/>\n<!--td {border: 1px solid #ccc;}br {mso-data-placement:same-cell;}--><br \/>\n<!--td {border: 1px solid #ccc;}br {mso-data-placement:same-cell;}--><span id=\"mce_marker\" data-mce-type=\"bookmark\"><\/span><span id=\"__caret\">_<\/span><br \/>\n<!--td {border: 1px solid #ccc;}br {mso-data-placement:same-cell;}--><br \/>\n<!--td {border: 1px solid #ccc;}br {mso-data-placement:same-cell;}--><br \/>\n<!--td {border: 1px solid #ccc;}br {mso-data-placement:same-cell;}--><span id=\"mce_marker\" data-mce-type=\"bookmark\"><\/span><span id=\"__caret\">_<\/span><br \/>\n<!--td {border: 1px solid #ccc;}br {mso-data-placement:same-cell;}--><br \/>\n<!--td {border: 1px solid #ccc;}br {mso-data-placement:same-cell;}--><br \/>\n<!--td {border: 1px solid #ccc;}br {mso-data-placement:same-cell;}--><span id=\"mce_marker\" data-mce-type=\"bookmark\"><\/span><span id=\"__caret\">_<\/span><br \/>\n<!--td {border: 1px solid #ccc;}br {mso-data-placement:same-cell;}--><br \/>\n<!--td {border: 1px solid #ccc;}br {mso-data-placement:same-cell;}--><br \/>\n<!--td {border: 1px solid #ccc;}br {mso-data-placement:same-cell;}--><span id=\"mce_marker\" data-mce-type=\"bookmark\"><\/span><span id=\"__caret\">_<\/span><br \/>\n<!--td {border: 1px solid #ccc;}br {mso-data-placement:same-cell;}--><br \/>\n<!--td {border: 1px solid #ccc;}br {mso-data-placement:same-cell;}--><br \/>\n<!--td {border: 1px solid #ccc;}br {mso-data-placement:same-cell;}--><span id=\"mce_marker\" data-mce-type=\"bookmark\"><\/span><span id=\"__caret\">_<\/span><br \/>\n<!--td {border: 1px solid #ccc;}br {mso-data-placement:same-cell;}--><br \/>\n<!--td {border: 1px solid #ccc;}br {mso-data-placement:same-cell;}--><br \/>\n<!--td {border: 1px solid #ccc;}br {mso-data-placement:same-cell;}--><span id=\"mce_marker\" data-mce-type=\"bookmark\"><\/span><span id=\"__caret\">_<\/span><br \/>\n<!--td {border: 1px solid #ccc;}br {mso-data-placement:same-cell;}--><br \/>\n<!--td {border: 1px solid #ccc;}br {mso-data-placement:same-cell;}--><br \/>\n<!--td {border: 1px solid #ccc;}br {mso-data-placement:same-cell;}--><span id=\"mce_marker\" data-mce-type=\"bookmark\"><\/span><span id=\"__caret\">_<\/span><br \/>\n<!--td {border: 1px solid #ccc;}br {mso-data-placement:same-cell;}--><br \/>\n<!--td {border: 1px solid #ccc;}br {mso-data-placement:same-cell;}--><br \/>\n<!--td {border: 1px solid #ccc;}br {mso-data-placement:same-cell;}--><span id=\"mce_marker\" data-mce-type=\"bookmark\"><\/span><span id=\"__caret\">_<\/span><br \/>\n<!--td {border: 1px solid #ccc;}br {mso-data-placement:same-cell;}--><br \/>\n<!--td {border: 1px solid #ccc;}br {mso-data-placement:same-cell;}--><br \/>\n<!--td {border: 1px solid #ccc;}br {mso-data-placement:same-cell;}--><span id=\"mce_marker\" data-mce-type=\"bookmark\"><\/span><span id=\"__caret\">_<\/span><br \/>\n<!--td {border: 1px solid #ccc;}br {mso-data-placement:same-cell;}--><br \/>\n<!--td {border: 1px solid #ccc;}br {mso-data-placement:same-cell;}--><br \/>\n<!--td {border: 1px solid #ccc;}br {mso-data-placement:same-cell;}--><span id=\"mce_marker\" data-mce-type=\"bookmark\"><\/span><span id=\"__caret\">_<\/span><br \/>\n<!--td {border: 1px solid #ccc;}br {mso-data-placement:same-cell;}--><br \/>\n<!--td {border: 1px solid #ccc;}br {mso-data-placement:same-cell;}--><br \/>\n<!--td {border: 1px solid #ccc;}br {mso-data-placement:same-cell;}--><span id=\"mce_marker\" data-mce-type=\"bookmark\"><\/span><span id=\"__caret\">_<\/span><br \/>\n<!--td {border: 1px solid #ccc;}br {mso-data-placement:same-cell;}--><br \/>\n<!--td {border: 1px solid #ccc;}br {mso-data-placement:same-cell;}--><br \/>\n<!--td {border: 1px solid #ccc;}br {mso-data-placement:same-cell;}--><span id=\"mce_marker\" data-mce-type=\"bookmark\"><\/span><span id=\"__caret\">_<\/span><br \/>\n<!--td {border: 1px solid #ccc;}br {mso-data-placement:same-cell;}--><br \/>\n<!--td {border: 1px solid #ccc;}br {mso-data-placement:same-cell;}--><br \/>\n<!--td {border: 1px solid #ccc;}br {mso-data-placement:same-cell;}--><span id=\"mce_marker\" data-mce-type=\"bookmark\"><\/span><span id=\"__caret\">_<\/span><br \/>\n<!--td {border: 1px solid #ccc;}br {mso-data-placement:same-cell;}--><br \/>\n<!--td {border: 1px solid #ccc;}br {mso-data-placement:same-cell;}--><br \/>\n<!--td {border: 1px solid #ccc;}br {mso-data-placement:same-cell;}--><span id=\"mce_marker\" data-mce-type=\"bookmark\"><\/span><span id=\"__caret\">_<\/span><br \/>\n<!--td {border: 1px solid #ccc;}br {mso-data-placement:same-cell;}--><br \/>\n<!--td {border: 1px solid #ccc;}br {mso-data-placement:same-cell;}--><br \/>\n<!--td {border: 1px solid #ccc;}br {mso-data-placement:same-cell;}--><span id=\"mce_marker\" data-mce-type=\"bookmark\"><\/span><span id=\"__caret\">_<\/span><br \/>\n<!--td {border: 1px solid #ccc;}br {mso-data-placement:same-cell;}--><br \/>\n<!--td {border: 1px solid #ccc;}br {mso-data-placement:same-cell;}--><br \/>\n<!--td {border: 1px solid #ccc;}br {mso-data-placement:same-cell;}--><span id=\"mce_marker\" data-mce-type=\"bookmark\"><\/span><span id=\"__caret\">_<\/span><br \/>\n<!--td {border: 1px solid #ccc;}br {mso-data-placement:same-cell;}--><\/p>\n<p>T\u00f6k\u00e9letes eszk\u00f6z a figur\u00e1k keretr\u0151l val\u00f3 lev\u00e1g\u00e1s\u00e1hoz.<\/p>","protected":false},"featured_media":20682,"comment_status":"open","ping_status":"closed","template":"","meta":{"_acf_changed":false},"product_brand":[46,379],"product_cat":[213,134,127,19],"product_tag":[],"class_list":{"0":"post-6035","1":"product","2":"type-product","3":"status-publish","4":"has-post-thumbnail","6":"product_brand-games-workshop","7":"product_brand-the-army-painter","8":"product_cat-army-painter","9":"product_cat-ecsetek-es-eszkozok","10":"product_cat-festekek-es-eszkozok","11":"product_cat-wargame","13":"first","14":"instock","15":"sale","16":"taxable","17":"shipping-taxable","18":"purchasable","19":"product-type-simple"},"acf":[],"yoast_head":"<!-- This site is optimized with the Yoast SEO Premium plugin v25.6 (Yoast SEO v25.6) - https:\/\/yoast.com\/wordpress\/plugins\/seo\/ -->\n<title>Plastic Frame Cutter<\/title>\n<meta name=\"description\" content=\"T\u00f6k\u00e9letes eszk\u00f6z a figur\u00e1k keretr\u0151l val\u00f3 lev\u00e1g\u00e1s\u00e1hoz.\" \/>\n<meta name=\"robots\" content=\"index, follow, max-snippet:-1, max-image-preview:large, max-video-preview:-1\" \/>\n<link rel=\"canonical\" href=\"https:\/\/hammertimecafe.hu\/en\/product\/plastic-frame-cutter\/\" \/>\n<meta property=\"og:locale\" content=\"en_US\" \/>\n<meta property=\"og:type\" content=\"article\" \/>\n<meta property=\"og:title\" content=\"Plastic Frame Cutter\" \/>\n<meta property=\"og:description\" content=\"T\u00f6k\u00e9letes eszk\u00f6z a figur\u00e1k keretr\u0151l val\u00f3 lev\u00e1g\u00e1s\u00e1hoz.\" \/>\n<meta property=\"og:url\" content=\"https:\/\/hammertimecafe.hu\/en\/product\/plastic-frame-cutter\/\" \/>\n<meta property=\"og:site_name\" content=\"HammerTime Cafe Webshop\" \/>\n<meta property=\"article:modified_time\" content=\"2026-04-30T18:04:58+00:00\" \/>\n<meta property=\"og:image\" content=\"https:\/\/hammertimecafe.hu\/app\/uploads\/2025\/10\/tl5039.jpg\" \/>\n\t<meta property=\"og:image:width\" content=\"680\" \/>\n\t<meta property=\"og:image:height\" content=\"680\" \/>\n\t<meta property=\"og:image:type\" content=\"image\/jpeg\" \/>\n<meta name=\"twitter:card\" content=\"summary_large_image\" \/>\n<script type=\"application\/ld+json\" class=\"yoast-schema-graph\">{\"@context\":\"https:\/\/schema.org\",\"@graph\":[{\"@type\":\"WebPage\",\"@id\":\"https:\/\/hammertimecafe.hu\/termek\/plastic-frame-cutter\/\",\"url\":\"https:\/\/hammertimecafe.hu\/termek\/plastic-frame-cutter\/\",\"name\":\"Plastic Frame Cutter\",\"isPartOf\":{\"@id\":\"https:\/\/hammertimecafe.hu\/#website\"},\"primaryImageOfPage\":{\"@id\":\"https:\/\/hammertimecafe.hu\/termek\/plastic-frame-cutter\/#primaryimage\"},\"image\":{\"@id\":\"https:\/\/hammertimecafe.hu\/termek\/plastic-frame-cutter\/#primaryimage\"},\"thumbnailUrl\":\"https:\/\/hammertimecafe.hu\/app\/uploads\/2025\/10\/tl5039.jpg\",\"datePublished\":\"2025-10-29T01:25:34+00:00\",\"dateModified\":\"2026-04-30T18:04:58+00:00\",\"description\":\"T\u00f6k\u00e9letes eszk\u00f6z a figur\u00e1k keretr\u0151l val\u00f3 lev\u00e1g\u00e1s\u00e1hoz.\",\"breadcrumb\":{\"@id\":\"https:\/\/hammertimecafe.hu\/termek\/plastic-frame-cutter\/#breadcrumb\"},\"inLanguage\":\"en-US\",\"potentialAction\":[{\"@type\":\"ReadAction\",\"target\":[\"https:\/\/hammertimecafe.hu\/termek\/plastic-frame-cutter\/\"]}]},{\"@type\":\"ImageObject\",\"inLanguage\":\"en-US\",\"@id\":\"https:\/\/hammertimecafe.hu\/termek\/plastic-frame-cutter\/#primaryimage\",\"url\":\"https:\/\/hammertimecafe.hu\/app\/uploads\/2025\/10\/tl5039.jpg\",\"contentUrl\":\"https:\/\/hammertimecafe.hu\/app\/uploads\/2025\/10\/tl5039.jpg\",\"width\":680,\"height\":680},{\"@type\":\"BreadcrumbList\",\"@id\":\"https:\/\/hammertimecafe.hu\/termek\/plastic-frame-cutter\/#breadcrumb\",\"itemListElement\":[{\"@type\":\"ListItem\",\"position\":1,\"name\":\"Home\",\"item\":\"https:\/\/hammertimecafe.hu\/\"},{\"@type\":\"ListItem\",\"position\":2,\"name\":\"Shop\",\"item\":\"https:\/\/hammertimecafe.hu\/uzlet\/\"},{\"@type\":\"ListItem\",\"position\":3,\"name\":\"Plastic Frame Cutter\"}]},{\"@type\":\"WebSite\",\"@id\":\"https:\/\/hammertimecafe.hu\/#website\",\"url\":\"https:\/\/hammertimecafe.hu\/\",\"name\":\"Hammertimecafe\",\"description\":\"A HammerTime Cafe Hivatalos Weboldala \u00e9s Webshopja.\",\"publisher\":{\"@id\":\"https:\/\/hammertimecafe.hu\/#organization\"},\"potentialAction\":[{\"@type\":\"SearchAction\",\"target\":{\"@type\":\"EntryPoint\",\"urlTemplate\":\"https:\/\/hammertimecafe.hu\/?s={search_term_string}\"},\"query-input\":{\"@type\":\"PropertyValueSpecification\",\"valueRequired\":true,\"valueName\":\"search_term_string\"}}],\"inLanguage\":\"en-US\"},{\"@type\":\"Organization\",\"@id\":\"https:\/\/hammertimecafe.hu\/#organization\",\"name\":\"Hammertimecafe\",\"url\":\"https:\/\/hammertimecafe.hu\/\",\"logo\":{\"@type\":\"ImageObject\",\"inLanguage\":\"en-US\",\"@id\":\"https:\/\/hammertimecafe.hu\/#\/schema\/logo\/image\/\",\"url\":\"https:\/\/htcwoo.test\/app\/uploads\/2025\/08\/logo_of_htc.png\",\"contentUrl\":\"https:\/\/htcwoo.test\/app\/uploads\/2025\/08\/logo_of_htc.png\",\"width\":166,\"height\":73,\"caption\":\"Hammertimecafe\"},\"image\":{\"@id\":\"https:\/\/hammertimecafe.hu\/#\/schema\/logo\/image\/\"}}]}<\/script>\n<!-- \/ Yoast SEO Premium plugin. -->","yoast_head_json":{"title":"Plastic Frame Cutter","description":"T\u00f6k\u00e9letes eszk\u00f6z a figur\u00e1k keretr\u0151l val\u00f3 lev\u00e1g\u00e1s\u00e1hoz.","robots":{"index":"index","follow":"follow","max-snippet":"max-snippet:-1","max-image-preview":"max-image-preview:large","max-video-preview":"max-video-preview:-1"},"canonical":"https:\/\/hammertimecafe.hu\/en\/product\/plastic-frame-cutter\/","og_locale":"en_US","og_type":"article","og_title":"Plastic Frame Cutter","og_description":"T\u00f6k\u00e9letes eszk\u00f6z a figur\u00e1k keretr\u0151l val\u00f3 lev\u00e1g\u00e1s\u00e1hoz.","og_url":"https:\/\/hammertimecafe.hu\/en\/product\/plastic-frame-cutter\/","og_site_name":"HammerTime Cafe Webshop","article_modified_time":"2026-04-30T18:04:58+00:00","og_image":[{"width":680,"height":680,"url":"https:\/\/hammertimecafe.hu\/app\/uploads\/2025\/10\/tl5039.jpg","type":"image\/jpeg"}],"twitter_card":"summary_large_image","schema":{"@context":"https:\/\/schema.org","@graph":[{"@type":"WebPage","@id":"https:\/\/hammertimecafe.hu\/termek\/plastic-frame-cutter\/","url":"https:\/\/hammertimecafe.hu\/termek\/plastic-frame-cutter\/","name":"Plastic Frame Cutter","isPartOf":{"@id":"https:\/\/hammertimecafe.hu\/#website"},"primaryImageOfPage":{"@id":"https:\/\/hammertimecafe.hu\/termek\/plastic-frame-cutter\/#primaryimage"},"image":{"@id":"https:\/\/hammertimecafe.hu\/termek\/plastic-frame-cutter\/#primaryimage"},"thumbnailUrl":"https:\/\/hammertimecafe.hu\/app\/uploads\/2025\/10\/tl5039.jpg","datePublished":"2025-10-29T01:25:34+00:00","dateModified":"2026-04-30T18:04:58+00:00","description":"T\u00f6k\u00e9letes eszk\u00f6z a figur\u00e1k keretr\u0151l val\u00f3 lev\u00e1g\u00e1s\u00e1hoz.","breadcrumb":{"@id":"https:\/\/hammertimecafe.hu\/termek\/plastic-frame-cutter\/#breadcrumb"},"inLanguage":"en-US","potentialAction":[{"@type":"ReadAction","target":["https:\/\/hammertimecafe.hu\/termek\/plastic-frame-cutter\/"]}]},{"@type":"ImageObject","inLanguage":"en-US","@id":"https:\/\/hammertimecafe.hu\/termek\/plastic-frame-cutter\/#primaryimage","url":"https:\/\/hammertimecafe.hu\/app\/uploads\/2025\/10\/tl5039.jpg","contentUrl":"https:\/\/hammertimecafe.hu\/app\/uploads\/2025\/10\/tl5039.jpg","width":680,"height":680},{"@type":"BreadcrumbList","@id":"https:\/\/hammertimecafe.hu\/termek\/plastic-frame-cutter\/#breadcrumb","itemListElement":[{"@type":"ListItem","position":1,"name":"Home","item":"https:\/\/hammertimecafe.hu\/"},{"@type":"ListItem","position":2,"name":"Shop","item":"https:\/\/hammertimecafe.hu\/uzlet\/"},{"@type":"ListItem","position":3,"name":"Plastic Frame Cutter"}]},{"@type":"WebSite","@id":"https:\/\/hammertimecafe.hu\/#website","url":"https:\/\/hammertimecafe.hu\/","name":"Hammertimecafe","description":"The Official Website and Webshop of HammerTime Cafe.","publisher":{"@id":"https:\/\/hammertimecafe.hu\/#organization"},"potentialAction":[{"@type":"SearchAction","target":{"@type":"EntryPoint","urlTemplate":"https:\/\/hammertimecafe.hu\/?s={search_term_string}"},"query-input":{"@type":"PropertyValueSpecification","valueRequired":true,"valueName":"search_term_string"}}],"inLanguage":"en-US"},{"@type":"Organization","@id":"https:\/\/hammertimecafe.hu\/#organization","name":"Hammertimecafe","url":"https:\/\/hammertimecafe.hu\/","logo":{"@type":"ImageObject","inLanguage":"en-US","@id":"https:\/\/hammertimecafe.hu\/#\/schema\/logo\/image\/","url":"https:\/\/htcwoo.test\/app\/uploads\/2025\/08\/logo_of_htc.png","contentUrl":"https:\/\/htcwoo.test\/app\/uploads\/2025\/08\/logo_of_htc.png","width":166,"height":73,"caption":"Hammertimecafe"},"image":{"@id":"https:\/\/hammertimecafe.hu\/#\/schema\/logo\/image\/"}}]}},"_links":{"self":[{"href":"https:\/\/hammertimecafe.hu\/en\/wp-json\/wp\/v2\/product\/6035","targetHints":{"allow":["GET"]}}],"collection":[{"href":"https:\/\/hammertimecafe.hu\/en\/wp-json\/wp\/v2\/product"}],"about":[{"href":"https:\/\/hammertimecafe.hu\/en\/wp-json\/wp\/v2\/types\/product"}],"replies":[{"embeddable":true,"href":"https:\/\/hammertimecafe.hu\/en\/wp-json\/wp\/v2\/comments?post=6035"}],"wp:featuredmedia":[{"embeddable":true,"href":"https:\/\/hammertimecafe.hu\/en\/wp-json\/wp\/v2\/media\/20682"}],"wp:attachment":[{"href":"https:\/\/hammertimecafe.hu\/en\/wp-json\/wp\/v2\/media?parent=6035"}],"wp:term":[{"taxonomy":"product_brand","embeddable":true,"href":"https:\/\/hammertimecafe.hu\/en\/wp-json\/wp\/v2\/product_brand?post=6035"},{"taxonomy":"product_cat","embeddable":true,"href":"https:\/\/hammertimecafe.hu\/en\/wp-json\/wp\/v2\/product_cat?post=6035"},{"taxonomy":"product_tag","embeddable":true,"href":"https:\/\/hammertimecafe.hu\/en\/wp-json\/wp\/v2\/product_tag?post=6035"}],"curies":[{"name":"wp","href":"https:\/\/api.w.org\/{rel}","templated":true}]}}