{"id":6047,"date":"2025-10-29T02:25:38","date_gmt":"2025-10-29T01:25:38","guid":{"rendered":"https:\/\/htcwoo.test\/termek\/space-marines-storm-speeder\/"},"modified":"2026-04-02T16:14:49","modified_gmt":"2026-04-02T14:14:49","slug":"space-marines-storm-speeder","status":"publish","type":"product","link":"https:\/\/hammertimecafe.hu\/en\/product\/space-marines-storm-speeder\/","title":{"rendered":"SPACE MARINES STORM SPEEDER"},"content":{"rendered":"<p>A Storm Speeder-ek az egyik leggyorsabb j\u00e1rm\u0171ve a Space Marine seregeknek. Feladatuk, hogy az ellens\u00e9g sorait ott gyeng\u00edts\u00e9k meg ahol a legsebezhet\u0151bbek \u00e9s mindig ott legyenek, ahol kellenek. Kiv\u00e1l\u00f3ak pontok foglal\u00e1s\u00e1ra \u00e9s az ellenf\u00e9l h\u00e1torsz\u00e1g\u00e1nak megtizedel\u00e9s\u00e9re.<\/p>\n<p>A doboz 1 figur\u00e1t tartalmaz.<\/p>\n<p>The miniatures require assembly and painting.<\/p>\n<p>A doboz rengeteg alkatr\u00e9sz opci\u00f3t tartalmaz, ami lehet\u0151v\u00e9 teszi a figur\u00e1k v\u00e1ltozatos felszerel\u00e9s\u00e9t!<\/p>","protected":false},"excerpt":{"rendered":"<p>A Storm Speeder-ek az egyik leggyorsabb j\u00e1rm\u0171ve a Space Marine seregeknek. Feladatuk, hogy az ellens\u00e9g sorait ott gyeng\u00edts\u00e9k meg ahol a legsebezhet\u0151bbek \u00e9s mindig ott legyenek, ahol kellenek. Kiv\u00e1l\u00f3ak pontok foglal\u00e1s\u00e1ra \u00e9s az ellenf\u00e9l h\u00e1torsz\u00e1g\u00e1nak megtizedel\u00e9s\u00e9re.<\/p>","protected":false},"featured_media":20685,"comment_status":"open","ping_status":"closed","template":"","meta":{"_acf_changed":false},"product_brand":[46],"product_cat":[93,19],"product_tag":[],"class_list":{"0":"post-6047","1":"product","2":"type-product","3":"status-publish","4":"has-post-thumbnail","6":"product_brand-games-workshop","7":"product_cat-space-marines","8":"product_cat-wargame","10":"first","11":"onbackorder","12":"sale","13":"taxable","14":"shipping-taxable","15":"purchasable","16":"product-type-simple"},"acf":[],"yoast_head":"<!-- This site is optimized with the Yoast SEO Premium plugin v25.6 (Yoast SEO v25.6) - https:\/\/yoast.com\/wordpress\/plugins\/seo\/ -->\n<title>SPACE MARINES STORM SPEEDER<\/title>\n<meta name=\"description\" content=\"A Storm Speeder-ek az egyik leggyorsabb j\u00e1rm\u0171ve a Space Marine seregeknek. Feladatuk, hogy az ellens\u00e9g sorait ott gyeng\u00edts\u00e9k meg ahol a legsebezhet\u0151bbek \u00e9s mindig ott legyenek, ahol kellenek.\" \/>\n<meta name=\"robots\" content=\"index, follow, max-snippet:-1, max-image-preview:large, max-video-preview:-1\" \/>\n<link rel=\"canonical\" href=\"https:\/\/hammertimecafe.hu\/en\/product\/space-marines-storm-speeder\/\" \/>\n<meta property=\"og:locale\" content=\"en_US\" \/>\n<meta property=\"og:type\" content=\"article\" \/>\n<meta property=\"og:title\" content=\"SPACE MARINES STORM SPEEDER\" \/>\n<meta property=\"og:description\" content=\"A Storm Speeder-ek az egyik leggyorsabb j\u00e1rm\u0171ve a Space Marine seregeknek. Feladatuk, hogy az ellens\u00e9g sorait ott gyeng\u00edts\u00e9k meg ahol a legsebezhet\u0151bbek \u00e9s mindig ott legyenek, ahol kellenek.\" \/>\n<meta property=\"og:url\" content=\"https:\/\/hammertimecafe.hu\/en\/product\/space-marines-storm-speeder\/\" \/>\n<meta property=\"og:site_name\" content=\"HammerTime Cafe Webshop\" \/>\n<meta property=\"article:modified_time\" content=\"2026-04-02T14:14:49+00:00\" \/>\n<meta property=\"og:image\" content=\"https:\/\/hammertimecafe.hu\/app\/uploads\/2025\/10\/99120101274.jpg\" \/>\n\t<meta property=\"og:image:width\" content=\"1162\" \/>\n\t<meta property=\"og:image:height\" content=\"1200\" \/>\n\t<meta property=\"og:image:type\" content=\"image\/jpeg\" \/>\n<meta name=\"twitter:card\" content=\"summary_large_image\" \/>\n<script type=\"application\/ld+json\" class=\"yoast-schema-graph\">{\"@context\":\"https:\/\/schema.org\",\"@graph\":[{\"@type\":\"WebPage\",\"@id\":\"https:\/\/hammertimecafe.hu\/termek\/space-marines-storm-speeder\/\",\"url\":\"https:\/\/hammertimecafe.hu\/termek\/space-marines-storm-speeder\/\",\"name\":\"SPACE MARINES STORM SPEEDER\",\"isPartOf\":{\"@id\":\"https:\/\/hammertimecafe.hu\/#website\"},\"primaryImageOfPage\":{\"@id\":\"https:\/\/hammertimecafe.hu\/termek\/space-marines-storm-speeder\/#primaryimage\"},\"image\":{\"@id\":\"https:\/\/hammertimecafe.hu\/termek\/space-marines-storm-speeder\/#primaryimage\"},\"thumbnailUrl\":\"https:\/\/hammertimecafe.hu\/app\/uploads\/2025\/10\/99120101274.jpg\",\"datePublished\":\"2025-10-29T01:25:38+00:00\",\"dateModified\":\"2026-04-02T14:14:49+00:00\",\"description\":\"A Storm Speeder-ek az egyik leggyorsabb j\u00e1rm\u0171ve a Space Marine seregeknek. Feladatuk, hogy az ellens\u00e9g sorait ott gyeng\u00edts\u00e9k meg ahol a legsebezhet\u0151bbek \u00e9s mindig ott legyenek, ahol kellenek.\",\"breadcrumb\":{\"@id\":\"https:\/\/hammertimecafe.hu\/termek\/space-marines-storm-speeder\/#breadcrumb\"},\"inLanguage\":\"en-US\",\"potentialAction\":[{\"@type\":\"ReadAction\",\"target\":[\"https:\/\/hammertimecafe.hu\/termek\/space-marines-storm-speeder\/\"]}]},{\"@type\":\"ImageObject\",\"inLanguage\":\"en-US\",\"@id\":\"https:\/\/hammertimecafe.hu\/termek\/space-marines-storm-speeder\/#primaryimage\",\"url\":\"https:\/\/hammertimecafe.hu\/app\/uploads\/2025\/10\/99120101274.jpg\",\"contentUrl\":\"https:\/\/hammertimecafe.hu\/app\/uploads\/2025\/10\/99120101274.jpg\",\"width\":1162,\"height\":1200},{\"@type\":\"BreadcrumbList\",\"@id\":\"https:\/\/hammertimecafe.hu\/termek\/space-marines-storm-speeder\/#breadcrumb\",\"itemListElement\":[{\"@type\":\"ListItem\",\"position\":1,\"name\":\"Home\",\"item\":\"https:\/\/hammertimecafe.hu\/\"},{\"@type\":\"ListItem\",\"position\":2,\"name\":\"Shop\",\"item\":\"https:\/\/hammertimecafe.hu\/uzlet\/\"},{\"@type\":\"ListItem\",\"position\":3,\"name\":\"SPACE MARINES STORM SPEEDER\"}]},{\"@type\":\"WebSite\",\"@id\":\"https:\/\/hammertimecafe.hu\/#website\",\"url\":\"https:\/\/hammertimecafe.hu\/\",\"name\":\"Hammertimecafe\",\"description\":\"A HammerTime Cafe Hivatalos Weboldala \u00e9s Webshopja.\",\"publisher\":{\"@id\":\"https:\/\/hammertimecafe.hu\/#organization\"},\"potentialAction\":[{\"@type\":\"SearchAction\",\"target\":{\"@type\":\"EntryPoint\",\"urlTemplate\":\"https:\/\/hammertimecafe.hu\/?s={search_term_string}\"},\"query-input\":{\"@type\":\"PropertyValueSpecification\",\"valueRequired\":true,\"valueName\":\"search_term_string\"}}],\"inLanguage\":\"en-US\"},{\"@type\":\"Organization\",\"@id\":\"https:\/\/hammertimecafe.hu\/#organization\",\"name\":\"Hammertimecafe\",\"url\":\"https:\/\/hammertimecafe.hu\/\",\"logo\":{\"@type\":\"ImageObject\",\"inLanguage\":\"en-US\",\"@id\":\"https:\/\/hammertimecafe.hu\/#\/schema\/logo\/image\/\",\"url\":\"https:\/\/htcwoo.test\/app\/uploads\/2025\/08\/logo_of_htc.png\",\"contentUrl\":\"https:\/\/htcwoo.test\/app\/uploads\/2025\/08\/logo_of_htc.png\",\"width\":166,\"height\":73,\"caption\":\"Hammertimecafe\"},\"image\":{\"@id\":\"https:\/\/hammertimecafe.hu\/#\/schema\/logo\/image\/\"}}]}<\/script>\n<!-- \/ Yoast SEO Premium plugin. -->","yoast_head_json":{"title":"SPACE MARINES STORM SPEEDER","description":"A Storm Speeder-ek az egyik leggyorsabb j\u00e1rm\u0171ve a Space Marine seregeknek. Feladatuk, hogy az ellens\u00e9g sorait ott gyeng\u00edts\u00e9k meg ahol a legsebezhet\u0151bbek \u00e9s mindig ott legyenek, ahol kellenek.","robots":{"index":"index","follow":"follow","max-snippet":"max-snippet:-1","max-image-preview":"max-image-preview:large","max-video-preview":"max-video-preview:-1"},"canonical":"https:\/\/hammertimecafe.hu\/en\/product\/space-marines-storm-speeder\/","og_locale":"en_US","og_type":"article","og_title":"SPACE MARINES STORM SPEEDER","og_description":"A Storm Speeder-ek az egyik leggyorsabb j\u00e1rm\u0171ve a Space Marine seregeknek. Feladatuk, hogy az ellens\u00e9g sorait ott gyeng\u00edts\u00e9k meg ahol a legsebezhet\u0151bbek \u00e9s mindig ott legyenek, ahol kellenek.","og_url":"https:\/\/hammertimecafe.hu\/en\/product\/space-marines-storm-speeder\/","og_site_name":"HammerTime Cafe Webshop","article_modified_time":"2026-04-02T14:14:49+00:00","og_image":[{"width":1162,"height":1200,"url":"https:\/\/hammertimecafe.hu\/app\/uploads\/2025\/10\/99120101274.jpg","type":"image\/jpeg"}],"twitter_card":"summary_large_image","schema":{"@context":"https:\/\/schema.org","@graph":[{"@type":"WebPage","@id":"https:\/\/hammertimecafe.hu\/termek\/space-marines-storm-speeder\/","url":"https:\/\/hammertimecafe.hu\/termek\/space-marines-storm-speeder\/","name":"SPACE MARINES STORM SPEEDER","isPartOf":{"@id":"https:\/\/hammertimecafe.hu\/#website"},"primaryImageOfPage":{"@id":"https:\/\/hammertimecafe.hu\/termek\/space-marines-storm-speeder\/#primaryimage"},"image":{"@id":"https:\/\/hammertimecafe.hu\/termek\/space-marines-storm-speeder\/#primaryimage"},"thumbnailUrl":"https:\/\/hammertimecafe.hu\/app\/uploads\/2025\/10\/99120101274.jpg","datePublished":"2025-10-29T01:25:38+00:00","dateModified":"2026-04-02T14:14:49+00:00","description":"A Storm Speeder-ek az egyik leggyorsabb j\u00e1rm\u0171ve a Space Marine seregeknek. Feladatuk, hogy az ellens\u00e9g sorait ott gyeng\u00edts\u00e9k meg ahol a legsebezhet\u0151bbek \u00e9s mindig ott legyenek, ahol kellenek.","breadcrumb":{"@id":"https:\/\/hammertimecafe.hu\/termek\/space-marines-storm-speeder\/#breadcrumb"},"inLanguage":"en-US","potentialAction":[{"@type":"ReadAction","target":["https:\/\/hammertimecafe.hu\/termek\/space-marines-storm-speeder\/"]}]},{"@type":"ImageObject","inLanguage":"en-US","@id":"https:\/\/hammertimecafe.hu\/termek\/space-marines-storm-speeder\/#primaryimage","url":"https:\/\/hammertimecafe.hu\/app\/uploads\/2025\/10\/99120101274.jpg","contentUrl":"https:\/\/hammertimecafe.hu\/app\/uploads\/2025\/10\/99120101274.jpg","width":1162,"height":1200},{"@type":"BreadcrumbList","@id":"https:\/\/hammertimecafe.hu\/termek\/space-marines-storm-speeder\/#breadcrumb","itemListElement":[{"@type":"ListItem","position":1,"name":"Home","item":"https:\/\/hammertimecafe.hu\/"},{"@type":"ListItem","position":2,"name":"Shop","item":"https:\/\/hammertimecafe.hu\/uzlet\/"},{"@type":"ListItem","position":3,"name":"SPACE MARINES STORM SPEEDER"}]},{"@type":"WebSite","@id":"https:\/\/hammertimecafe.hu\/#website","url":"https:\/\/hammertimecafe.hu\/","name":"Hammertimecafe","description":"The Official Website and Webshop of HammerTime Cafe.","publisher":{"@id":"https:\/\/hammertimecafe.hu\/#organization"},"potentialAction":[{"@type":"SearchAction","target":{"@type":"EntryPoint","urlTemplate":"https:\/\/hammertimecafe.hu\/?s={search_term_string}"},"query-input":{"@type":"PropertyValueSpecification","valueRequired":true,"valueName":"search_term_string"}}],"inLanguage":"en-US"},{"@type":"Organization","@id":"https:\/\/hammertimecafe.hu\/#organization","name":"Hammertimecafe","url":"https:\/\/hammertimecafe.hu\/","logo":{"@type":"ImageObject","inLanguage":"en-US","@id":"https:\/\/hammertimecafe.hu\/#\/schema\/logo\/image\/","url":"https:\/\/htcwoo.test\/app\/uploads\/2025\/08\/logo_of_htc.png","contentUrl":"https:\/\/htcwoo.test\/app\/uploads\/2025\/08\/logo_of_htc.png","width":166,"height":73,"caption":"Hammertimecafe"},"image":{"@id":"https:\/\/hammertimecafe.hu\/#\/schema\/logo\/image\/"}}]}},"_links":{"self":[{"href":"https:\/\/hammertimecafe.hu\/en\/wp-json\/wp\/v2\/product\/6047","targetHints":{"allow":["GET"]}}],"collection":[{"href":"https:\/\/hammertimecafe.hu\/en\/wp-json\/wp\/v2\/product"}],"about":[{"href":"https:\/\/hammertimecafe.hu\/en\/wp-json\/wp\/v2\/types\/product"}],"replies":[{"embeddable":true,"href":"https:\/\/hammertimecafe.hu\/en\/wp-json\/wp\/v2\/comments?post=6047"}],"wp:featuredmedia":[{"embeddable":true,"href":"https:\/\/hammertimecafe.hu\/en\/wp-json\/wp\/v2\/media\/20685"}],"wp:attachment":[{"href":"https:\/\/hammertimecafe.hu\/en\/wp-json\/wp\/v2\/media?parent=6047"}],"wp:term":[{"taxonomy":"product_brand","embeddable":true,"href":"https:\/\/hammertimecafe.hu\/en\/wp-json\/wp\/v2\/product_brand?post=6047"},{"taxonomy":"product_cat","embeddable":true,"href":"https:\/\/hammertimecafe.hu\/en\/wp-json\/wp\/v2\/product_cat?post=6047"},{"taxonomy":"product_tag","embeddable":true,"href":"https:\/\/hammertimecafe.hu\/en\/wp-json\/wp\/v2\/product_tag?post=6047"}],"curies":[{"name":"wp","href":"https:\/\/api.w.org\/{rel}","templated":true}]}}