{"id":6209,"date":"2025-10-29T02:26:30","date_gmt":"2025-10-29T01:26:30","guid":{"rendered":"https:\/\/htcwoo.test\/termek\/adeptus-mechanicus-skitarii-marshall\/"},"modified":"2026-04-08T16:01:07","modified_gmt":"2026-04-08T14:01:07","slug":"adeptus-mechanicus-skitarii-marshall","status":"publish","type":"product","link":"https:\/\/hammertimecafe.hu\/en\/product\/adeptus-mechanicus-skitarii-marshall\/","title":{"rendered":"ADEPTUS MECHANICUS: SKITARII MARSHALL"},"content":{"rendered":"<p>A Skitarii seregek vezet\u00e9s\u00e9re a legjobbakat kell haszn\u00e1lni. Minden Adeptus Mechanicus parancsnoknak \u00e9rdemes egy Marshall-t alkalmazni a sereg\u00e9ben.<\/p>\n<p>Egy figur\u00e1t tartalmaz.<\/p>\n<p>The miniatures require assembly and painting.<\/p>","protected":false},"excerpt":{"rendered":"<p>A Skitarii seregek vezet\u00e9s\u00e9re a legjobbakat kell haszn\u00e1lni. Minden Adeptus Mechanicus parancsnoknak \u00e9rdemes egy Marshall-t alkalmazni a sereg\u00e9ben.<\/p>","protected":false},"featured_media":20716,"comment_status":"open","ping_status":"closed","template":"","meta":{"_acf_changed":false},"product_brand":[46],"product_cat":[141,19],"product_tag":[],"class_list":{"0":"post-6209","1":"product","2":"type-product","3":"status-publish","4":"has-post-thumbnail","6":"product_brand-games-workshop","7":"product_cat-adeptus-mechanicus","8":"product_cat-wargame","10":"first","11":"onbackorder","12":"sale","13":"taxable","14":"shipping-taxable","15":"purchasable","16":"product-type-simple"},"acf":[],"yoast_head":"<!-- This site is optimized with the Yoast SEO Premium plugin v25.6 (Yoast SEO v25.6) - https:\/\/yoast.com\/wordpress\/plugins\/seo\/ -->\n<title>ADEPTUS MECHANICUS: SKITARII MARSHALL<\/title>\n<meta name=\"description\" content=\"A Skitarii seregek vezet\u00e9s\u00e9re a legjobbakat kell haszn\u00e1lni. Minden Adeptus Mechanicus parancsnoknak \u00e9rdemes egy Marshall-t alkalmazni a sereg\u00e9ben.\" \/>\n<meta name=\"robots\" content=\"index, follow, max-snippet:-1, max-image-preview:large, max-video-preview:-1\" \/>\n<link rel=\"canonical\" href=\"https:\/\/hammertimecafe.hu\/en\/product\/adeptus-mechanicus-skitarii-marshall\/\" \/>\n<meta property=\"og:locale\" content=\"en_US\" \/>\n<meta property=\"og:type\" content=\"article\" \/>\n<meta property=\"og:title\" content=\"ADEPTUS MECHANICUS: SKITARII MARSHALL\" \/>\n<meta property=\"og:description\" content=\"A Skitarii seregek vezet\u00e9s\u00e9re a legjobbakat kell haszn\u00e1lni. Minden Adeptus Mechanicus parancsnoknak \u00e9rdemes egy Marshall-t alkalmazni a sereg\u00e9ben.\" \/>\n<meta property=\"og:url\" content=\"https:\/\/hammertimecafe.hu\/en\/product\/adeptus-mechanicus-skitarii-marshall\/\" \/>\n<meta property=\"og:site_name\" content=\"HammerTime Cafe Webshop\" \/>\n<meta property=\"article:modified_time\" content=\"2026-04-08T14:01:07+00:00\" \/>\n<meta property=\"og:image\" content=\"https:\/\/hammertimecafe.hu\/app\/uploads\/2025\/10\/99070116003.jpg\" \/>\n\t<meta property=\"og:image:width\" content=\"1162\" \/>\n\t<meta property=\"og:image:height\" content=\"1200\" \/>\n\t<meta property=\"og:image:type\" content=\"image\/jpeg\" \/>\n<meta name=\"twitter:card\" content=\"summary_large_image\" \/>\n<script type=\"application\/ld+json\" class=\"yoast-schema-graph\">{\"@context\":\"https:\/\/schema.org\",\"@graph\":[{\"@type\":\"WebPage\",\"@id\":\"https:\/\/hammertimecafe.hu\/en\/product\/adeptus-mechanicus-skitarii-marshall\/\",\"url\":\"https:\/\/hammertimecafe.hu\/en\/product\/adeptus-mechanicus-skitarii-marshall\/\",\"name\":\"ADEPTUS MECHANICUS: SKITARII MARSHALL\",\"isPartOf\":{\"@id\":\"https:\/\/hammertimecafe.hu\/#website\"},\"primaryImageOfPage\":{\"@id\":\"https:\/\/hammertimecafe.hu\/en\/product\/adeptus-mechanicus-skitarii-marshall\/#primaryimage\"},\"image\":{\"@id\":\"https:\/\/hammertimecafe.hu\/en\/product\/adeptus-mechanicus-skitarii-marshall\/#primaryimage\"},\"thumbnailUrl\":\"https:\/\/hammertimecafe.hu\/app\/uploads\/2025\/10\/99070116003.jpg\",\"datePublished\":\"2025-10-29T01:26:30+00:00\",\"dateModified\":\"2026-04-08T14:01:07+00:00\",\"description\":\"A Skitarii seregek vezet\u00e9s\u00e9re a legjobbakat kell haszn\u00e1lni. Minden Adeptus Mechanicus parancsnoknak \u00e9rdemes egy Marshall-t alkalmazni a sereg\u00e9ben.\",\"breadcrumb\":{\"@id\":\"https:\/\/hammertimecafe.hu\/en\/product\/adeptus-mechanicus-skitarii-marshall\/#breadcrumb\"},\"inLanguage\":\"en-US\",\"potentialAction\":[{\"@type\":\"ReadAction\",\"target\":[\"https:\/\/hammertimecafe.hu\/en\/product\/adeptus-mechanicus-skitarii-marshall\/\"]}]},{\"@type\":\"ImageObject\",\"inLanguage\":\"en-US\",\"@id\":\"https:\/\/hammertimecafe.hu\/en\/product\/adeptus-mechanicus-skitarii-marshall\/#primaryimage\",\"url\":\"https:\/\/hammertimecafe.hu\/app\/uploads\/2025\/10\/99070116003.jpg\",\"contentUrl\":\"https:\/\/hammertimecafe.hu\/app\/uploads\/2025\/10\/99070116003.jpg\",\"width\":1162,\"height\":1200},{\"@type\":\"BreadcrumbList\",\"@id\":\"https:\/\/hammertimecafe.hu\/en\/product\/adeptus-mechanicus-skitarii-marshall\/#breadcrumb\",\"itemListElement\":[{\"@type\":\"ListItem\",\"position\":1,\"name\":\"Home\",\"item\":\"https:\/\/hammertimecafe.hu\/\"},{\"@type\":\"ListItem\",\"position\":2,\"name\":\"Shop\",\"item\":\"https:\/\/hammertimecafe.hu\/uzlet\/\"},{\"@type\":\"ListItem\",\"position\":3,\"name\":\"ADEPTUS MECHANICUS: SKITARII MARSHALL\"}]},{\"@type\":\"WebSite\",\"@id\":\"https:\/\/hammertimecafe.hu\/#website\",\"url\":\"https:\/\/hammertimecafe.hu\/\",\"name\":\"Hammertimecafe\",\"description\":\"A HammerTime Cafe Hivatalos Weboldala \u00e9s Webshopja.\",\"publisher\":{\"@id\":\"https:\/\/hammertimecafe.hu\/#organization\"},\"potentialAction\":[{\"@type\":\"SearchAction\",\"target\":{\"@type\":\"EntryPoint\",\"urlTemplate\":\"https:\/\/hammertimecafe.hu\/?s={search_term_string}\"},\"query-input\":{\"@type\":\"PropertyValueSpecification\",\"valueRequired\":true,\"valueName\":\"search_term_string\"}}],\"inLanguage\":\"en-US\"},{\"@type\":\"Organization\",\"@id\":\"https:\/\/hammertimecafe.hu\/#organization\",\"name\":\"Hammertimecafe\",\"url\":\"https:\/\/hammertimecafe.hu\/\",\"logo\":{\"@type\":\"ImageObject\",\"inLanguage\":\"en-US\",\"@id\":\"https:\/\/hammertimecafe.hu\/#\/schema\/logo\/image\/\",\"url\":\"https:\/\/htcwoo.test\/app\/uploads\/2025\/08\/logo_of_htc.png\",\"contentUrl\":\"https:\/\/htcwoo.test\/app\/uploads\/2025\/08\/logo_of_htc.png\",\"width\":166,\"height\":73,\"caption\":\"Hammertimecafe\"},\"image\":{\"@id\":\"https:\/\/hammertimecafe.hu\/#\/schema\/logo\/image\/\"}}]}<\/script>\n<!-- \/ Yoast SEO Premium plugin. -->","yoast_head_json":{"title":"ADEPTUS MECHANICUS: SKITARII MARSHALL","description":"A Skitarii seregek vezet\u00e9s\u00e9re a legjobbakat kell haszn\u00e1lni. Minden Adeptus Mechanicus parancsnoknak \u00e9rdemes egy Marshall-t alkalmazni a sereg\u00e9ben.","robots":{"index":"index","follow":"follow","max-snippet":"max-snippet:-1","max-image-preview":"max-image-preview:large","max-video-preview":"max-video-preview:-1"},"canonical":"https:\/\/hammertimecafe.hu\/en\/product\/adeptus-mechanicus-skitarii-marshall\/","og_locale":"en_US","og_type":"article","og_title":"ADEPTUS MECHANICUS: SKITARII MARSHALL","og_description":"A Skitarii seregek vezet\u00e9s\u00e9re a legjobbakat kell haszn\u00e1lni. Minden Adeptus Mechanicus parancsnoknak \u00e9rdemes egy Marshall-t alkalmazni a sereg\u00e9ben.","og_url":"https:\/\/hammertimecafe.hu\/en\/product\/adeptus-mechanicus-skitarii-marshall\/","og_site_name":"HammerTime Cafe Webshop","article_modified_time":"2026-04-08T14:01:07+00:00","og_image":[{"width":1162,"height":1200,"url":"https:\/\/hammertimecafe.hu\/app\/uploads\/2025\/10\/99070116003.jpg","type":"image\/jpeg"}],"twitter_card":"summary_large_image","schema":{"@context":"https:\/\/schema.org","@graph":[{"@type":"WebPage","@id":"https:\/\/hammertimecafe.hu\/en\/product\/adeptus-mechanicus-skitarii-marshall\/","url":"https:\/\/hammertimecafe.hu\/en\/product\/adeptus-mechanicus-skitarii-marshall\/","name":"ADEPTUS MECHANICUS: SKITARII MARSHALL","isPartOf":{"@id":"https:\/\/hammertimecafe.hu\/#website"},"primaryImageOfPage":{"@id":"https:\/\/hammertimecafe.hu\/en\/product\/adeptus-mechanicus-skitarii-marshall\/#primaryimage"},"image":{"@id":"https:\/\/hammertimecafe.hu\/en\/product\/adeptus-mechanicus-skitarii-marshall\/#primaryimage"},"thumbnailUrl":"https:\/\/hammertimecafe.hu\/app\/uploads\/2025\/10\/99070116003.jpg","datePublished":"2025-10-29T01:26:30+00:00","dateModified":"2026-04-08T14:01:07+00:00","description":"A Skitarii seregek vezet\u00e9s\u00e9re a legjobbakat kell haszn\u00e1lni. Minden Adeptus Mechanicus parancsnoknak \u00e9rdemes egy Marshall-t alkalmazni a sereg\u00e9ben.","breadcrumb":{"@id":"https:\/\/hammertimecafe.hu\/en\/product\/adeptus-mechanicus-skitarii-marshall\/#breadcrumb"},"inLanguage":"en-US","potentialAction":[{"@type":"ReadAction","target":["https:\/\/hammertimecafe.hu\/en\/product\/adeptus-mechanicus-skitarii-marshall\/"]}]},{"@type":"ImageObject","inLanguage":"en-US","@id":"https:\/\/hammertimecafe.hu\/en\/product\/adeptus-mechanicus-skitarii-marshall\/#primaryimage","url":"https:\/\/hammertimecafe.hu\/app\/uploads\/2025\/10\/99070116003.jpg","contentUrl":"https:\/\/hammertimecafe.hu\/app\/uploads\/2025\/10\/99070116003.jpg","width":1162,"height":1200},{"@type":"BreadcrumbList","@id":"https:\/\/hammertimecafe.hu\/en\/product\/adeptus-mechanicus-skitarii-marshall\/#breadcrumb","itemListElement":[{"@type":"ListItem","position":1,"name":"Home","item":"https:\/\/hammertimecafe.hu\/"},{"@type":"ListItem","position":2,"name":"Shop","item":"https:\/\/hammertimecafe.hu\/uzlet\/"},{"@type":"ListItem","position":3,"name":"ADEPTUS MECHANICUS: SKITARII MARSHALL"}]},{"@type":"WebSite","@id":"https:\/\/hammertimecafe.hu\/#website","url":"https:\/\/hammertimecafe.hu\/","name":"Hammertimecafe","description":"The Official Website and Webshop of HammerTime Cafe.","publisher":{"@id":"https:\/\/hammertimecafe.hu\/#organization"},"potentialAction":[{"@type":"SearchAction","target":{"@type":"EntryPoint","urlTemplate":"https:\/\/hammertimecafe.hu\/?s={search_term_string}"},"query-input":{"@type":"PropertyValueSpecification","valueRequired":true,"valueName":"search_term_string"}}],"inLanguage":"en-US"},{"@type":"Organization","@id":"https:\/\/hammertimecafe.hu\/#organization","name":"Hammertimecafe","url":"https:\/\/hammertimecafe.hu\/","logo":{"@type":"ImageObject","inLanguage":"en-US","@id":"https:\/\/hammertimecafe.hu\/#\/schema\/logo\/image\/","url":"https:\/\/htcwoo.test\/app\/uploads\/2025\/08\/logo_of_htc.png","contentUrl":"https:\/\/htcwoo.test\/app\/uploads\/2025\/08\/logo_of_htc.png","width":166,"height":73,"caption":"Hammertimecafe"},"image":{"@id":"https:\/\/hammertimecafe.hu\/#\/schema\/logo\/image\/"}}]}},"_links":{"self":[{"href":"https:\/\/hammertimecafe.hu\/en\/wp-json\/wp\/v2\/product\/6209","targetHints":{"allow":["GET"]}}],"collection":[{"href":"https:\/\/hammertimecafe.hu\/en\/wp-json\/wp\/v2\/product"}],"about":[{"href":"https:\/\/hammertimecafe.hu\/en\/wp-json\/wp\/v2\/types\/product"}],"replies":[{"embeddable":true,"href":"https:\/\/hammertimecafe.hu\/en\/wp-json\/wp\/v2\/comments?post=6209"}],"wp:featuredmedia":[{"embeddable":true,"href":"https:\/\/hammertimecafe.hu\/en\/wp-json\/wp\/v2\/media\/20716"}],"wp:attachment":[{"href":"https:\/\/hammertimecafe.hu\/en\/wp-json\/wp\/v2\/media?parent=6209"}],"wp:term":[{"taxonomy":"product_brand","embeddable":true,"href":"https:\/\/hammertimecafe.hu\/en\/wp-json\/wp\/v2\/product_brand?post=6209"},{"taxonomy":"product_cat","embeddable":true,"href":"https:\/\/hammertimecafe.hu\/en\/wp-json\/wp\/v2\/product_cat?post=6209"},{"taxonomy":"product_tag","embeddable":true,"href":"https:\/\/hammertimecafe.hu\/en\/wp-json\/wp\/v2\/product_tag?post=6209"}],"curies":[{"name":"wp","href":"https:\/\/api.w.org\/{rel}","templated":true}]}}