{"id":6349,"date":"2025-10-29T02:27:07","date_gmt":"2025-10-29T01:27:07","guid":{"rendered":"https:\/\/htcwoo.test\/termek\/kill-team-core-book-english\/"},"modified":"2026-04-19T20:45:27","modified_gmt":"2026-04-19T18:45:27","slug":"kill-team-core-book-english","status":"publish","type":"product","link":"https:\/\/hammertimecafe.hu\/en\/product\/kill-team-core-book-english\/","title":{"rendered":"KILL TEAM: CORE BOOK (ENGLISH)"},"content":{"rendered":"<p>A 41. \u00e9vezredben csak h\u00e1bor\u00fat lelhetsz, ahol az Ember Birodalma elkeseredett k\u00fczdelmet v\u00edv sz\u00e1mtalan f\u00e9lelmetes ellens\u00e9ggel. \u00c1rul\u00f3k, ellens\u00e9ges idegen \u00e9s bels\u0151 visz\u00e1lyok t\u00e9pik az Istencs\u00e1sz\u00e1r birodalm\u00e1t.<\/p>\n<p>Itt te d\u00f6nt\u00f6d el, hogy f\u00e9nyt hozol a s\u00f6t\u00e9ts\u00e9gbe, vagy a legapr\u00f3bb szikr\u00e1t is eltaposod.<\/p>\n<p>Ez a k\u00f6nyv minden alapszab\u00e1lyt tartalmaz ami ahhoz kell, hogy a Warhammer 40.000: Kill Teammel\u00a0j\u00e1tszhass.<\/p>\n<p>A k\u00f6nyv angol nyelv\u0171.<\/p>","protected":false},"excerpt":{"rendered":"<p>Ez a k\u00f6nyv minden alapszab\u00e1lyt tartalmaz ami ahhoz kell, hogy a Warhammer 40.000: Kill Teammel j\u00e1tszhass.<\/p>","protected":false},"featured_media":18914,"comment_status":"open","ping_status":"closed","template":"","meta":{"_acf_changed":false},"product_brand":[46],"product_cat":[19,216],"product_tag":[],"class_list":{"0":"post-6349","1":"product","2":"type-product","3":"status-publish","4":"has-post-thumbnail","6":"product_brand-games-workshop","7":"product_cat-wargame","8":"product_cat-warhammer-40-000-kill-team","10":"first","11":"onbackorder","12":"sale","13":"taxable","14":"shipping-taxable","15":"purchasable","16":"product-type-simple"},"acf":[],"yoast_head":"<!-- This site is optimized with the Yoast SEO Premium plugin v25.6 (Yoast SEO v25.6) - https:\/\/yoast.com\/wordpress\/plugins\/seo\/ -->\n<title>KILL TEAM: CORE BOOK (ENGLISH)<\/title>\n<meta name=\"description\" content=\"Ez a k\u00f6nyv minden alapszab\u00e1lyt tartalmaz ami ahhoz kell, hogy a Warhammer 40.000: Kill Teammel j\u00e1tszhass.\" \/>\n<meta name=\"robots\" content=\"index, follow, max-snippet:-1, max-image-preview:large, max-video-preview:-1\" \/>\n<link rel=\"canonical\" href=\"https:\/\/hammertimecafe.hu\/en\/product\/kill-team-core-book-english\/\" \/>\n<meta property=\"og:locale\" content=\"en_US\" \/>\n<meta property=\"og:type\" content=\"article\" \/>\n<meta property=\"og:title\" content=\"KILL TEAM: CORE BOOK (ENGLISH)\" \/>\n<meta property=\"og:description\" content=\"Ez a k\u00f6nyv minden alapszab\u00e1lyt tartalmaz ami ahhoz kell, hogy a Warhammer 40.000: Kill Teammel j\u00e1tszhass.\" \/>\n<meta property=\"og:url\" content=\"https:\/\/hammertimecafe.hu\/en\/product\/kill-team-core-book-english\/\" \/>\n<meta property=\"og:site_name\" content=\"HammerTime Cafe Webshop\" \/>\n<meta property=\"article:modified_time\" content=\"2026-04-19T18:45:27+00:00\" \/>\n<meta property=\"og:image\" content=\"https:\/\/hammertimecafe.hu\/app\/uploads\/2025\/10\/engktcorebook2.jpg\" \/>\n\t<meta property=\"og:image:width\" content=\"1162\" \/>\n\t<meta property=\"og:image:height\" content=\"1200\" \/>\n\t<meta property=\"og:image:type\" content=\"image\/jpeg\" \/>\n<meta name=\"twitter:card\" content=\"summary_large_image\" \/>\n<script type=\"application\/ld+json\" class=\"yoast-schema-graph\">{\"@context\":\"https:\/\/schema.org\",\"@graph\":[{\"@type\":\"WebPage\",\"@id\":\"https:\/\/hammertimecafe.hu\/termek\/kill-team-core-book-english\/\",\"url\":\"https:\/\/hammertimecafe.hu\/termek\/kill-team-core-book-english\/\",\"name\":\"KILL TEAM: CORE BOOK (ENGLISH)\",\"isPartOf\":{\"@id\":\"https:\/\/hammertimecafe.hu\/#website\"},\"primaryImageOfPage\":{\"@id\":\"https:\/\/hammertimecafe.hu\/termek\/kill-team-core-book-english\/#primaryimage\"},\"image\":{\"@id\":\"https:\/\/hammertimecafe.hu\/termek\/kill-team-core-book-english\/#primaryimage\"},\"thumbnailUrl\":\"https:\/\/hammertimecafe.hu\/app\/uploads\/2025\/10\/engktcorebook2.jpg\",\"datePublished\":\"2025-10-29T01:27:07+00:00\",\"dateModified\":\"2026-04-19T18:45:27+00:00\",\"description\":\"Ez a k\u00f6nyv minden alapszab\u00e1lyt tartalmaz ami ahhoz kell, hogy a Warhammer 40.000: Kill Teammel j\u00e1tszhass.\",\"breadcrumb\":{\"@id\":\"https:\/\/hammertimecafe.hu\/termek\/kill-team-core-book-english\/#breadcrumb\"},\"inLanguage\":\"en-US\",\"potentialAction\":[{\"@type\":\"ReadAction\",\"target\":[\"https:\/\/hammertimecafe.hu\/termek\/kill-team-core-book-english\/\"]}]},{\"@type\":\"ImageObject\",\"inLanguage\":\"en-US\",\"@id\":\"https:\/\/hammertimecafe.hu\/termek\/kill-team-core-book-english\/#primaryimage\",\"url\":\"https:\/\/hammertimecafe.hu\/app\/uploads\/2025\/10\/engktcorebook2.jpg\",\"contentUrl\":\"https:\/\/hammertimecafe.hu\/app\/uploads\/2025\/10\/engktcorebook2.jpg\",\"width\":1162,\"height\":1200},{\"@type\":\"BreadcrumbList\",\"@id\":\"https:\/\/hammertimecafe.hu\/termek\/kill-team-core-book-english\/#breadcrumb\",\"itemListElement\":[{\"@type\":\"ListItem\",\"position\":1,\"name\":\"Home\",\"item\":\"https:\/\/hammertimecafe.hu\/\"},{\"@type\":\"ListItem\",\"position\":2,\"name\":\"Shop\",\"item\":\"https:\/\/hammertimecafe.hu\/uzlet\/\"},{\"@type\":\"ListItem\",\"position\":3,\"name\":\"KILL TEAM: CORE BOOK (ENGLISH)\"}]},{\"@type\":\"WebSite\",\"@id\":\"https:\/\/hammertimecafe.hu\/#website\",\"url\":\"https:\/\/hammertimecafe.hu\/\",\"name\":\"Hammertimecafe\",\"description\":\"A HammerTime Cafe Hivatalos Weboldala \u00e9s Webshopja.\",\"publisher\":{\"@id\":\"https:\/\/hammertimecafe.hu\/#organization\"},\"potentialAction\":[{\"@type\":\"SearchAction\",\"target\":{\"@type\":\"EntryPoint\",\"urlTemplate\":\"https:\/\/hammertimecafe.hu\/?s={search_term_string}\"},\"query-input\":{\"@type\":\"PropertyValueSpecification\",\"valueRequired\":true,\"valueName\":\"search_term_string\"}}],\"inLanguage\":\"en-US\"},{\"@type\":\"Organization\",\"@id\":\"https:\/\/hammertimecafe.hu\/#organization\",\"name\":\"Hammertimecafe\",\"url\":\"https:\/\/hammertimecafe.hu\/\",\"logo\":{\"@type\":\"ImageObject\",\"inLanguage\":\"en-US\",\"@id\":\"https:\/\/hammertimecafe.hu\/#\/schema\/logo\/image\/\",\"url\":\"https:\/\/htcwoo.test\/app\/uploads\/2025\/08\/logo_of_htc.png\",\"contentUrl\":\"https:\/\/htcwoo.test\/app\/uploads\/2025\/08\/logo_of_htc.png\",\"width\":166,\"height\":73,\"caption\":\"Hammertimecafe\"},\"image\":{\"@id\":\"https:\/\/hammertimecafe.hu\/#\/schema\/logo\/image\/\"}}]}<\/script>\n<!-- \/ Yoast SEO Premium plugin. -->","yoast_head_json":{"title":"KILL TEAM: CORE BOOK (ENGLISH)","description":"Ez a k\u00f6nyv minden alapszab\u00e1lyt tartalmaz ami ahhoz kell, hogy a Warhammer 40.000: Kill Teammel j\u00e1tszhass.","robots":{"index":"index","follow":"follow","max-snippet":"max-snippet:-1","max-image-preview":"max-image-preview:large","max-video-preview":"max-video-preview:-1"},"canonical":"https:\/\/hammertimecafe.hu\/en\/product\/kill-team-core-book-english\/","og_locale":"en_US","og_type":"article","og_title":"KILL TEAM: CORE BOOK (ENGLISH)","og_description":"Ez a k\u00f6nyv minden alapszab\u00e1lyt tartalmaz ami ahhoz kell, hogy a Warhammer 40.000: Kill Teammel j\u00e1tszhass.","og_url":"https:\/\/hammertimecafe.hu\/en\/product\/kill-team-core-book-english\/","og_site_name":"HammerTime Cafe Webshop","article_modified_time":"2026-04-19T18:45:27+00:00","og_image":[{"width":1162,"height":1200,"url":"https:\/\/hammertimecafe.hu\/app\/uploads\/2025\/10\/engktcorebook2.jpg","type":"image\/jpeg"}],"twitter_card":"summary_large_image","schema":{"@context":"https:\/\/schema.org","@graph":[{"@type":"WebPage","@id":"https:\/\/hammertimecafe.hu\/termek\/kill-team-core-book-english\/","url":"https:\/\/hammertimecafe.hu\/termek\/kill-team-core-book-english\/","name":"KILL TEAM: CORE BOOK (ENGLISH)","isPartOf":{"@id":"https:\/\/hammertimecafe.hu\/#website"},"primaryImageOfPage":{"@id":"https:\/\/hammertimecafe.hu\/termek\/kill-team-core-book-english\/#primaryimage"},"image":{"@id":"https:\/\/hammertimecafe.hu\/termek\/kill-team-core-book-english\/#primaryimage"},"thumbnailUrl":"https:\/\/hammertimecafe.hu\/app\/uploads\/2025\/10\/engktcorebook2.jpg","datePublished":"2025-10-29T01:27:07+00:00","dateModified":"2026-04-19T18:45:27+00:00","description":"Ez a k\u00f6nyv minden alapszab\u00e1lyt tartalmaz ami ahhoz kell, hogy a Warhammer 40.000: Kill Teammel j\u00e1tszhass.","breadcrumb":{"@id":"https:\/\/hammertimecafe.hu\/termek\/kill-team-core-book-english\/#breadcrumb"},"inLanguage":"en-US","potentialAction":[{"@type":"ReadAction","target":["https:\/\/hammertimecafe.hu\/termek\/kill-team-core-book-english\/"]}]},{"@type":"ImageObject","inLanguage":"en-US","@id":"https:\/\/hammertimecafe.hu\/termek\/kill-team-core-book-english\/#primaryimage","url":"https:\/\/hammertimecafe.hu\/app\/uploads\/2025\/10\/engktcorebook2.jpg","contentUrl":"https:\/\/hammertimecafe.hu\/app\/uploads\/2025\/10\/engktcorebook2.jpg","width":1162,"height":1200},{"@type":"BreadcrumbList","@id":"https:\/\/hammertimecafe.hu\/termek\/kill-team-core-book-english\/#breadcrumb","itemListElement":[{"@type":"ListItem","position":1,"name":"Home","item":"https:\/\/hammertimecafe.hu\/"},{"@type":"ListItem","position":2,"name":"Shop","item":"https:\/\/hammertimecafe.hu\/uzlet\/"},{"@type":"ListItem","position":3,"name":"KILL TEAM: CORE BOOK (ENGLISH)"}]},{"@type":"WebSite","@id":"https:\/\/hammertimecafe.hu\/#website","url":"https:\/\/hammertimecafe.hu\/","name":"Hammertimecafe","description":"The Official Website and Webshop of HammerTime Cafe.","publisher":{"@id":"https:\/\/hammertimecafe.hu\/#organization"},"potentialAction":[{"@type":"SearchAction","target":{"@type":"EntryPoint","urlTemplate":"https:\/\/hammertimecafe.hu\/?s={search_term_string}"},"query-input":{"@type":"PropertyValueSpecification","valueRequired":true,"valueName":"search_term_string"}}],"inLanguage":"en-US"},{"@type":"Organization","@id":"https:\/\/hammertimecafe.hu\/#organization","name":"Hammertimecafe","url":"https:\/\/hammertimecafe.hu\/","logo":{"@type":"ImageObject","inLanguage":"en-US","@id":"https:\/\/hammertimecafe.hu\/#\/schema\/logo\/image\/","url":"https:\/\/htcwoo.test\/app\/uploads\/2025\/08\/logo_of_htc.png","contentUrl":"https:\/\/htcwoo.test\/app\/uploads\/2025\/08\/logo_of_htc.png","width":166,"height":73,"caption":"Hammertimecafe"},"image":{"@id":"https:\/\/hammertimecafe.hu\/#\/schema\/logo\/image\/"}}]}},"_links":{"self":[{"href":"https:\/\/hammertimecafe.hu\/en\/wp-json\/wp\/v2\/product\/6349","targetHints":{"allow":["GET"]}}],"collection":[{"href":"https:\/\/hammertimecafe.hu\/en\/wp-json\/wp\/v2\/product"}],"about":[{"href":"https:\/\/hammertimecafe.hu\/en\/wp-json\/wp\/v2\/types\/product"}],"replies":[{"embeddable":true,"href":"https:\/\/hammertimecafe.hu\/en\/wp-json\/wp\/v2\/comments?post=6349"}],"wp:featuredmedia":[{"embeddable":true,"href":"https:\/\/hammertimecafe.hu\/en\/wp-json\/wp\/v2\/media\/18914"}],"wp:attachment":[{"href":"https:\/\/hammertimecafe.hu\/en\/wp-json\/wp\/v2\/media?parent=6349"}],"wp:term":[{"taxonomy":"product_brand","embeddable":true,"href":"https:\/\/hammertimecafe.hu\/en\/wp-json\/wp\/v2\/product_brand?post=6349"},{"taxonomy":"product_cat","embeddable":true,"href":"https:\/\/hammertimecafe.hu\/en\/wp-json\/wp\/v2\/product_cat?post=6349"},{"taxonomy":"product_tag","embeddable":true,"href":"https:\/\/hammertimecafe.hu\/en\/wp-json\/wp\/v2\/product_tag?post=6349"}],"curies":[{"name":"wp","href":"https:\/\/api.w.org\/{rel}","templated":true}]}}