{"id":6513,"date":"2025-10-29T02:27:49","date_gmt":"2025-10-29T01:27:49","guid":{"rendered":"https:\/\/htcwoo.test\/termek\/octarius-book-2-critical-mass\/"},"modified":"2026-04-19T20:45:23","modified_gmt":"2026-04-19T18:45:23","slug":"octarius-book-2-critical-mass","status":"publish","type":"product","link":"https:\/\/hammertimecafe.hu\/en\/product\/octarius-book-2-critical-mass\/","title":{"rendered":"OCTARIUS: BOOK 2: CRITICAL MASS"},"content":{"rendered":"<p>Ebben a k\u00f6nyvben \u00fajabb k\u00fcldet\u00e9seket tal\u00e1lhattok a Warhammer 40.000-hez.<\/p>\n<p><strong>Fontos<\/strong>, hogy b\u00e1r a warhammer 40.000 &#8211; Kill Team kezd\u0151doboznak szint\u00e9n Octarius volt a neve, ez egy Warhammer 40.000 kieg\u00e9sz\u00edt\u0151 szab\u00e1lyokat tartalmaz\u00f3 k\u00f6nyv.<\/p>\n<p><strong>A term\u00e9k limit\u00e1lt sz\u00e1mban kaphat\u00f3!<\/strong><\/p>","protected":false},"excerpt":{"rendered":"<p>Ebben a k\u00f6nyvben \u00fajabb k\u00fcldet\u00e9seket tal\u00e1lhattok a Warhammer 40.000-hez.<\/p>","protected":false},"featured_media":20769,"comment_status":"open","ping_status":"closed","template":"","meta":{"_acf_changed":false},"product_brand":[46],"product_cat":[19],"product_tag":[],"class_list":{"0":"post-6513","1":"product","2":"type-product","3":"status-publish","4":"has-post-thumbnail","6":"product_brand-games-workshop","7":"product_cat-wargame","9":"first","10":"onbackorder","11":"sale","12":"taxable","13":"shipping-taxable","14":"purchasable","15":"product-type-simple"},"acf":[],"yoast_head":"<!-- This site is optimized with the Yoast SEO Premium plugin v25.6 (Yoast SEO v25.6) - https:\/\/yoast.com\/wordpress\/plugins\/seo\/ -->\n<title>OCTARIUS: BOOK 2: CRITICAL MASS<\/title>\n<meta name=\"description\" content=\"Ebben a k\u00f6nyvben \u00fajabb k\u00fcldet\u00e9seket tal\u00e1lhattok a Warhammer 40.000-hez.\" \/>\n<meta name=\"robots\" content=\"index, follow, max-snippet:-1, max-image-preview:large, max-video-preview:-1\" \/>\n<link rel=\"canonical\" href=\"https:\/\/hammertimecafe.hu\/en\/product\/octarius-book-2-critical-mass\/\" \/>\n<meta property=\"og:locale\" content=\"en_US\" \/>\n<meta property=\"og:type\" content=\"article\" \/>\n<meta property=\"og:title\" content=\"OCTARIUS: BOOK 2: CRITICAL MASS\" \/>\n<meta property=\"og:description\" content=\"Ebben a k\u00f6nyvben \u00fajabb k\u00fcldet\u00e9seket tal\u00e1lhattok a Warhammer 40.000-hez.\" \/>\n<meta property=\"og:url\" content=\"https:\/\/hammertimecafe.hu\/en\/product\/octarius-book-2-critical-mass\/\" \/>\n<meta property=\"og:site_name\" content=\"HammerTime Cafe Webshop\" \/>\n<meta property=\"article:modified_time\" content=\"2026-04-19T18:45:23+00:00\" \/>\n<meta property=\"og:image\" content=\"https:\/\/hammertimecafe.hu\/app\/uploads\/2025\/10\/60040199152.jpg\" \/>\n\t<meta property=\"og:image:width\" content=\"1162\" \/>\n\t<meta property=\"og:image:height\" content=\"1200\" \/>\n\t<meta property=\"og:image:type\" content=\"image\/jpeg\" \/>\n<meta name=\"twitter:card\" content=\"summary_large_image\" \/>\n<meta name=\"twitter:label1\" content=\"Est. reading time\" \/>\n\t<meta name=\"twitter:data1\" content=\"1 minute\" \/>\n<script type=\"application\/ld+json\" class=\"yoast-schema-graph\">{\"@context\":\"https:\/\/schema.org\",\"@graph\":[{\"@type\":\"WebPage\",\"@id\":\"https:\/\/hammertimecafe.hu\/termek\/octarius-book-2-critical-mass\/\",\"url\":\"https:\/\/hammertimecafe.hu\/termek\/octarius-book-2-critical-mass\/\",\"name\":\"OCTARIUS: BOOK 2: CRITICAL MASS\",\"isPartOf\":{\"@id\":\"https:\/\/hammertimecafe.hu\/#website\"},\"primaryImageOfPage\":{\"@id\":\"https:\/\/hammertimecafe.hu\/termek\/octarius-book-2-critical-mass\/#primaryimage\"},\"image\":{\"@id\":\"https:\/\/hammertimecafe.hu\/termek\/octarius-book-2-critical-mass\/#primaryimage\"},\"thumbnailUrl\":\"https:\/\/hammertimecafe.hu\/app\/uploads\/2025\/10\/60040199152.jpg\",\"datePublished\":\"2025-10-29T01:27:49+00:00\",\"dateModified\":\"2026-04-19T18:45:23+00:00\",\"description\":\"Ebben a k\u00f6nyvben \u00fajabb k\u00fcldet\u00e9seket tal\u00e1lhattok a Warhammer 40.000-hez.\",\"breadcrumb\":{\"@id\":\"https:\/\/hammertimecafe.hu\/termek\/octarius-book-2-critical-mass\/#breadcrumb\"},\"inLanguage\":\"en-US\",\"potentialAction\":[{\"@type\":\"ReadAction\",\"target\":[\"https:\/\/hammertimecafe.hu\/termek\/octarius-book-2-critical-mass\/\"]}]},{\"@type\":\"ImageObject\",\"inLanguage\":\"en-US\",\"@id\":\"https:\/\/hammertimecafe.hu\/termek\/octarius-book-2-critical-mass\/#primaryimage\",\"url\":\"https:\/\/hammertimecafe.hu\/app\/uploads\/2025\/10\/60040199152.jpg\",\"contentUrl\":\"https:\/\/hammertimecafe.hu\/app\/uploads\/2025\/10\/60040199152.jpg\",\"width\":1162,\"height\":1200},{\"@type\":\"BreadcrumbList\",\"@id\":\"https:\/\/hammertimecafe.hu\/termek\/octarius-book-2-critical-mass\/#breadcrumb\",\"itemListElement\":[{\"@type\":\"ListItem\",\"position\":1,\"name\":\"Home\",\"item\":\"https:\/\/hammertimecafe.hu\/\"},{\"@type\":\"ListItem\",\"position\":2,\"name\":\"Shop\",\"item\":\"https:\/\/hammertimecafe.hu\/uzlet\/\"},{\"@type\":\"ListItem\",\"position\":3,\"name\":\"OCTARIUS: BOOK 2: CRITICAL MASS\"}]},{\"@type\":\"WebSite\",\"@id\":\"https:\/\/hammertimecafe.hu\/#website\",\"url\":\"https:\/\/hammertimecafe.hu\/\",\"name\":\"Hammertimecafe\",\"description\":\"A HammerTime Cafe Hivatalos Weboldala \u00e9s Webshopja.\",\"publisher\":{\"@id\":\"https:\/\/hammertimecafe.hu\/#organization\"},\"potentialAction\":[{\"@type\":\"SearchAction\",\"target\":{\"@type\":\"EntryPoint\",\"urlTemplate\":\"https:\/\/hammertimecafe.hu\/?s={search_term_string}\"},\"query-input\":{\"@type\":\"PropertyValueSpecification\",\"valueRequired\":true,\"valueName\":\"search_term_string\"}}],\"inLanguage\":\"en-US\"},{\"@type\":\"Organization\",\"@id\":\"https:\/\/hammertimecafe.hu\/#organization\",\"name\":\"Hammertimecafe\",\"url\":\"https:\/\/hammertimecafe.hu\/\",\"logo\":{\"@type\":\"ImageObject\",\"inLanguage\":\"en-US\",\"@id\":\"https:\/\/hammertimecafe.hu\/#\/schema\/logo\/image\/\",\"url\":\"https:\/\/htcwoo.test\/app\/uploads\/2025\/08\/logo_of_htc.png\",\"contentUrl\":\"https:\/\/htcwoo.test\/app\/uploads\/2025\/08\/logo_of_htc.png\",\"width\":166,\"height\":73,\"caption\":\"Hammertimecafe\"},\"image\":{\"@id\":\"https:\/\/hammertimecafe.hu\/#\/schema\/logo\/image\/\"}}]}<\/script>\n<!-- \/ Yoast SEO Premium plugin. -->","yoast_head_json":{"title":"OCTARIUS: BOOK 2: CRITICAL MASS","description":"Ebben a k\u00f6nyvben \u00fajabb k\u00fcldet\u00e9seket tal\u00e1lhattok a Warhammer 40.000-hez.","robots":{"index":"index","follow":"follow","max-snippet":"max-snippet:-1","max-image-preview":"max-image-preview:large","max-video-preview":"max-video-preview:-1"},"canonical":"https:\/\/hammertimecafe.hu\/en\/product\/octarius-book-2-critical-mass\/","og_locale":"en_US","og_type":"article","og_title":"OCTARIUS: BOOK 2: CRITICAL MASS","og_description":"Ebben a k\u00f6nyvben \u00fajabb k\u00fcldet\u00e9seket tal\u00e1lhattok a Warhammer 40.000-hez.","og_url":"https:\/\/hammertimecafe.hu\/en\/product\/octarius-book-2-critical-mass\/","og_site_name":"HammerTime Cafe Webshop","article_modified_time":"2026-04-19T18:45:23+00:00","og_image":[{"width":1162,"height":1200,"url":"https:\/\/hammertimecafe.hu\/app\/uploads\/2025\/10\/60040199152.jpg","type":"image\/jpeg"}],"twitter_card":"summary_large_image","twitter_misc":{"Est. reading time":"1 minute"},"schema":{"@context":"https:\/\/schema.org","@graph":[{"@type":"WebPage","@id":"https:\/\/hammertimecafe.hu\/termek\/octarius-book-2-critical-mass\/","url":"https:\/\/hammertimecafe.hu\/termek\/octarius-book-2-critical-mass\/","name":"OCTARIUS: BOOK 2: CRITICAL MASS","isPartOf":{"@id":"https:\/\/hammertimecafe.hu\/#website"},"primaryImageOfPage":{"@id":"https:\/\/hammertimecafe.hu\/termek\/octarius-book-2-critical-mass\/#primaryimage"},"image":{"@id":"https:\/\/hammertimecafe.hu\/termek\/octarius-book-2-critical-mass\/#primaryimage"},"thumbnailUrl":"https:\/\/hammertimecafe.hu\/app\/uploads\/2025\/10\/60040199152.jpg","datePublished":"2025-10-29T01:27:49+00:00","dateModified":"2026-04-19T18:45:23+00:00","description":"Ebben a k\u00f6nyvben \u00fajabb k\u00fcldet\u00e9seket tal\u00e1lhattok a Warhammer 40.000-hez.","breadcrumb":{"@id":"https:\/\/hammertimecafe.hu\/termek\/octarius-book-2-critical-mass\/#breadcrumb"},"inLanguage":"en-US","potentialAction":[{"@type":"ReadAction","target":["https:\/\/hammertimecafe.hu\/termek\/octarius-book-2-critical-mass\/"]}]},{"@type":"ImageObject","inLanguage":"en-US","@id":"https:\/\/hammertimecafe.hu\/termek\/octarius-book-2-critical-mass\/#primaryimage","url":"https:\/\/hammertimecafe.hu\/app\/uploads\/2025\/10\/60040199152.jpg","contentUrl":"https:\/\/hammertimecafe.hu\/app\/uploads\/2025\/10\/60040199152.jpg","width":1162,"height":1200},{"@type":"BreadcrumbList","@id":"https:\/\/hammertimecafe.hu\/termek\/octarius-book-2-critical-mass\/#breadcrumb","itemListElement":[{"@type":"ListItem","position":1,"name":"Home","item":"https:\/\/hammertimecafe.hu\/"},{"@type":"ListItem","position":2,"name":"Shop","item":"https:\/\/hammertimecafe.hu\/uzlet\/"},{"@type":"ListItem","position":3,"name":"OCTARIUS: BOOK 2: CRITICAL MASS"}]},{"@type":"WebSite","@id":"https:\/\/hammertimecafe.hu\/#website","url":"https:\/\/hammertimecafe.hu\/","name":"Hammertimecafe","description":"The Official Website and Webshop of HammerTime Cafe.","publisher":{"@id":"https:\/\/hammertimecafe.hu\/#organization"},"potentialAction":[{"@type":"SearchAction","target":{"@type":"EntryPoint","urlTemplate":"https:\/\/hammertimecafe.hu\/?s={search_term_string}"},"query-input":{"@type":"PropertyValueSpecification","valueRequired":true,"valueName":"search_term_string"}}],"inLanguage":"en-US"},{"@type":"Organization","@id":"https:\/\/hammertimecafe.hu\/#organization","name":"Hammertimecafe","url":"https:\/\/hammertimecafe.hu\/","logo":{"@type":"ImageObject","inLanguage":"en-US","@id":"https:\/\/hammertimecafe.hu\/#\/schema\/logo\/image\/","url":"https:\/\/htcwoo.test\/app\/uploads\/2025\/08\/logo_of_htc.png","contentUrl":"https:\/\/htcwoo.test\/app\/uploads\/2025\/08\/logo_of_htc.png","width":166,"height":73,"caption":"Hammertimecafe"},"image":{"@id":"https:\/\/hammertimecafe.hu\/#\/schema\/logo\/image\/"}}]}},"_links":{"self":[{"href":"https:\/\/hammertimecafe.hu\/en\/wp-json\/wp\/v2\/product\/6513","targetHints":{"allow":["GET"]}}],"collection":[{"href":"https:\/\/hammertimecafe.hu\/en\/wp-json\/wp\/v2\/product"}],"about":[{"href":"https:\/\/hammertimecafe.hu\/en\/wp-json\/wp\/v2\/types\/product"}],"replies":[{"embeddable":true,"href":"https:\/\/hammertimecafe.hu\/en\/wp-json\/wp\/v2\/comments?post=6513"}],"wp:featuredmedia":[{"embeddable":true,"href":"https:\/\/hammertimecafe.hu\/en\/wp-json\/wp\/v2\/media\/20769"}],"wp:attachment":[{"href":"https:\/\/hammertimecafe.hu\/en\/wp-json\/wp\/v2\/media?parent=6513"}],"wp:term":[{"taxonomy":"product_brand","embeddable":true,"href":"https:\/\/hammertimecafe.hu\/en\/wp-json\/wp\/v2\/product_brand?post=6513"},{"taxonomy":"product_cat","embeddable":true,"href":"https:\/\/hammertimecafe.hu\/en\/wp-json\/wp\/v2\/product_cat?post=6513"},{"taxonomy":"product_tag","embeddable":true,"href":"https:\/\/hammertimecafe.hu\/en\/wp-json\/wp\/v2\/product_tag?post=6513"}],"curies":[{"name":"wp","href":"https:\/\/api.w.org\/{rel}","templated":true}]}}