{"id":6589,"date":"2025-10-29T02:28:06","date_gmt":"2025-10-29T01:28:06","guid":{"rendered":"https:\/\/htcwoo.test\/termek\/vanguard-maggotkin-of-nurgle\/"},"modified":"2025-12-14T19:06:01","modified_gmt":"2025-12-14T18:06:01","slug":"vanguard-maggotkin-of-nurgle","status":"publish","type":"product","link":"https:\/\/hammertimecafe.hu\/en\/product\/vanguard-maggotkin-of-nurgle\/","title":{"rendered":"SPEARHEAD: MAGGOTKIN OF NURGLE"},"content":{"rendered":"<p>Nurgle h\u00edvei el akarj\u00e1k hozni a rothad\u00e1s kertj\u00e9t a Haland\u00f3 Vil\u00e1gokra, \u00e9s \u201dmegt\u00e9r\u00edteni\u201d mindenkit csal\u00e1djukba.<\/p>\n<p>Ez egy remek k\u00e9szlet, amely t\u00f6k\u00e9letes v\u00e1laszt\u00e1s azoknak akik\u00a0Magottkin Of Nurgle seregbe akarnak kezdeni, vagy \u00e9ppen a megl\u00e9v\u0151 sereg\u00fcket akarj\u00e1k kieg\u00e9sz\u00edteni.<\/p>\n<p>A Vanguard\u00a0Magottkin Of Nurgle a k\u00f6vetkez\u0151 k\u00e9szleteket foglalja mag\u00e1ba:<\/p>\n<p>1x Spoilpox Scrivener<\/p>\n<p>10x Plaguebearers of Nurgle<\/p>\n<p>5x Putrid Blightkings<\/p>\n<p>2x Pusgoyle Blightlords<\/p>\n<p>1x Lord of Affliction\/1x Pusgoyle Blightlord<\/p>\n<p>Valamint a doboz tartalmaz egy speci\u00e1lis form\u00e1ci\u00f3t is!<\/p>\n<p>A doboz \u00f6sszesen 19 figur\u00e1t tartalmaz!<\/p>\n<p>A doboz rengeteg alkatr\u00e9sz opci\u00f3t tartalmaz, ami lehet\u0151v\u00e9 teszi a figur\u00e1k v\u00e1ltozatos felszerel\u00e9s\u00e9t!<\/p>\n<p>A figur\u00e1k ragaszt\u00e1st nem, de fest\u00e9st ig\u00e9nyelnek!<\/p>","protected":false},"excerpt":{"rendered":"<p>Nurgle h&iacute;vei el akarj&aacute;k hozni a rothad&aacute;s kertj&eacute;t a Haland&oacute; Vil&aacute;gokra, &eacute;s &rdquo;megt&eacute;r&iacute;teni&rdquo; mindenkit csal&aacute;djukba.<\/p>\n<p>Ez egy remek k&eacute;szlet, amely t&ouml;k&eacute;letes v&aacute;laszt&aacute;s azoknak akik&nbsp;Magottkin Of Nurgle&nbsp;seregbe akarnak kezdeni, vagy &eacute;ppen a megl&eacute;v\u0151 sereg&uuml;ket akarj&aacute;k kieg&eacute;sz&iacute;teni.<\/p>","protected":false},"featured_media":18932,"comment_status":"open","ping_status":"closed","template":"","meta":{"_acf_changed":false},"product_brand":[46],"product_cat":[43,139,19,42],"product_tag":[],"class_list":{"0":"post-6589","1":"product","2":"type-product","3":"status-publish","4":"has-post-thumbnail","6":"product_brand-games-workshop","7":"product_cat-grand-alliance-chaos","8":"product_cat-maggotkin-of-nurgle","9":"product_cat-wargame","10":"product_cat-warhammer-age-of-sigmar","12":"first","13":"onbackorder","14":"sale","15":"taxable","16":"shipping-taxable","17":"purchasable","18":"product-type-simple"},"acf":[],"yoast_head":"<!-- This site is optimized with the Yoast SEO Premium plugin v25.6 (Yoast SEO v25.6) - https:\/\/yoast.com\/wordpress\/plugins\/seo\/ -->\n<title>VANGUARD: MAGGOTKIN OF NURGLE<\/title>\n<meta name=\"description\" content=\"Nurgle h\u00edvei el akarj\u00e1k hozni a rothad\u00e1s kertj\u00e9t a Haland\u00f3 Vil\u00e1gokra, \u00e9s \u201dmegt\u00e9r\u00edteni\u201d mindenkit csal\u00e1djukba.\" \/>\n<meta name=\"robots\" content=\"index, follow, max-snippet:-1, max-image-preview:large, max-video-preview:-1\" \/>\n<link rel=\"canonical\" href=\"https:\/\/hammertimecafe.hu\/en\/product\/vanguard-maggotkin-of-nurgle\/\" \/>\n<meta property=\"og:locale\" content=\"en_US\" \/>\n<meta property=\"og:type\" content=\"article\" \/>\n<meta property=\"og:title\" content=\"SPEARHEAD: MAGGOTKIN OF NURGLE\" \/>\n<meta property=\"og:description\" content=\"Nurgle h\u00edvei el akarj\u00e1k hozni a rothad\u00e1s kertj\u00e9t a Haland\u00f3 Vil\u00e1gokra, \u00e9s \u201dmegt\u00e9r\u00edteni\u201d mindenkit csal\u00e1djukba.\" \/>\n<meta property=\"og:url\" content=\"https:\/\/hammertimecafe.hu\/en\/product\/vanguard-maggotkin-of-nurgle\/\" \/>\n<meta property=\"og:site_name\" content=\"HammerTime Cafe Webshop\" \/>\n<meta property=\"article:modified_time\" content=\"2025-12-14T18:06:01+00:00\" \/>\n<meta property=\"og:image\" content=\"https:\/\/hammertimecafe.hu\/app\/uploads\/2025\/10\/99120201123.jpg\" \/>\n\t<meta property=\"og:image:width\" content=\"1162\" \/>\n\t<meta property=\"og:image:height\" content=\"1200\" \/>\n\t<meta property=\"og:image:type\" content=\"image\/jpeg\" \/>\n<meta name=\"twitter:card\" content=\"summary_large_image\" \/>\n<meta name=\"twitter:label1\" content=\"Est. reading time\" \/>\n\t<meta name=\"twitter:data1\" content=\"1 minute\" \/>\n<script type=\"application\/ld+json\" class=\"yoast-schema-graph\">{\"@context\":\"https:\/\/schema.org\",\"@graph\":[{\"@type\":\"WebPage\",\"@id\":\"https:\/\/hammertimecafe.hu\/termek\/vanguard-maggotkin-of-nurgle\/\",\"url\":\"https:\/\/hammertimecafe.hu\/termek\/vanguard-maggotkin-of-nurgle\/\",\"name\":\"VANGUARD: MAGGOTKIN OF NURGLE\",\"isPartOf\":{\"@id\":\"https:\/\/hammertimecafe.hu\/#website\"},\"primaryImageOfPage\":{\"@id\":\"https:\/\/hammertimecafe.hu\/termek\/vanguard-maggotkin-of-nurgle\/#primaryimage\"},\"image\":{\"@id\":\"https:\/\/hammertimecafe.hu\/termek\/vanguard-maggotkin-of-nurgle\/#primaryimage\"},\"thumbnailUrl\":\"https:\/\/hammertimecafe.hu\/app\/uploads\/2025\/10\/99120201123.jpg\",\"datePublished\":\"2025-10-29T01:28:06+00:00\",\"dateModified\":\"2025-12-14T18:06:01+00:00\",\"description\":\"Nurgle h\u00edvei el akarj\u00e1k hozni a rothad\u00e1s kertj\u00e9t a Haland\u00f3 Vil\u00e1gokra, \u00e9s \u201dmegt\u00e9r\u00edteni\u201d mindenkit csal\u00e1djukba.\",\"breadcrumb\":{\"@id\":\"https:\/\/hammertimecafe.hu\/termek\/vanguard-maggotkin-of-nurgle\/#breadcrumb\"},\"inLanguage\":\"en-US\",\"potentialAction\":[{\"@type\":\"ReadAction\",\"target\":[\"https:\/\/hammertimecafe.hu\/termek\/vanguard-maggotkin-of-nurgle\/\"]}]},{\"@type\":\"ImageObject\",\"inLanguage\":\"en-US\",\"@id\":\"https:\/\/hammertimecafe.hu\/termek\/vanguard-maggotkin-of-nurgle\/#primaryimage\",\"url\":\"https:\/\/hammertimecafe.hu\/app\/uploads\/2025\/10\/99120201123.jpg\",\"contentUrl\":\"https:\/\/hammertimecafe.hu\/app\/uploads\/2025\/10\/99120201123.jpg\",\"width\":1162,\"height\":1200},{\"@type\":\"BreadcrumbList\",\"@id\":\"https:\/\/hammertimecafe.hu\/termek\/vanguard-maggotkin-of-nurgle\/#breadcrumb\",\"itemListElement\":[{\"@type\":\"ListItem\",\"position\":1,\"name\":\"Home\",\"item\":\"https:\/\/hammertimecafe.hu\/\"},{\"@type\":\"ListItem\",\"position\":2,\"name\":\"Shop\",\"item\":\"https:\/\/hammertimecafe.hu\/uzlet\/\"},{\"@type\":\"ListItem\",\"position\":3,\"name\":\"SPEARHEAD: MAGGOTKIN OF NURGLE\"}]},{\"@type\":\"WebSite\",\"@id\":\"https:\/\/hammertimecafe.hu\/#website\",\"url\":\"https:\/\/hammertimecafe.hu\/\",\"name\":\"Hammertimecafe\",\"description\":\"A HammerTime Cafe Hivatalos Weboldala \u00e9s Webshopja.\",\"publisher\":{\"@id\":\"https:\/\/hammertimecafe.hu\/#organization\"},\"potentialAction\":[{\"@type\":\"SearchAction\",\"target\":{\"@type\":\"EntryPoint\",\"urlTemplate\":\"https:\/\/hammertimecafe.hu\/?s={search_term_string}\"},\"query-input\":{\"@type\":\"PropertyValueSpecification\",\"valueRequired\":true,\"valueName\":\"search_term_string\"}}],\"inLanguage\":\"en-US\"},{\"@type\":\"Organization\",\"@id\":\"https:\/\/hammertimecafe.hu\/#organization\",\"name\":\"Hammertimecafe\",\"url\":\"https:\/\/hammertimecafe.hu\/\",\"logo\":{\"@type\":\"ImageObject\",\"inLanguage\":\"en-US\",\"@id\":\"https:\/\/hammertimecafe.hu\/#\/schema\/logo\/image\/\",\"url\":\"https:\/\/htcwoo.test\/app\/uploads\/2025\/08\/logo_of_htc.png\",\"contentUrl\":\"https:\/\/htcwoo.test\/app\/uploads\/2025\/08\/logo_of_htc.png\",\"width\":166,\"height\":73,\"caption\":\"Hammertimecafe\"},\"image\":{\"@id\":\"https:\/\/hammertimecafe.hu\/#\/schema\/logo\/image\/\"}}]}<\/script>\n<!-- \/ Yoast SEO Premium plugin. -->","yoast_head_json":{"title":"VANGUARD: MAGGOTKIN OF NURGLE","description":"Nurgle h\u00edvei el akarj\u00e1k hozni a rothad\u00e1s kertj\u00e9t a Haland\u00f3 Vil\u00e1gokra, \u00e9s \u201dmegt\u00e9r\u00edteni\u201d mindenkit csal\u00e1djukba.","robots":{"index":"index","follow":"follow","max-snippet":"max-snippet:-1","max-image-preview":"max-image-preview:large","max-video-preview":"max-video-preview:-1"},"canonical":"https:\/\/hammertimecafe.hu\/en\/product\/vanguard-maggotkin-of-nurgle\/","og_locale":"en_US","og_type":"article","og_title":"SPEARHEAD: MAGGOTKIN OF NURGLE","og_description":"Nurgle h\u00edvei el akarj\u00e1k hozni a rothad\u00e1s kertj\u00e9t a Haland\u00f3 Vil\u00e1gokra, \u00e9s \u201dmegt\u00e9r\u00edteni\u201d mindenkit csal\u00e1djukba.","og_url":"https:\/\/hammertimecafe.hu\/en\/product\/vanguard-maggotkin-of-nurgle\/","og_site_name":"HammerTime Cafe Webshop","article_modified_time":"2025-12-14T18:06:01+00:00","og_image":[{"width":1162,"height":1200,"url":"https:\/\/hammertimecafe.hu\/app\/uploads\/2025\/10\/99120201123.jpg","type":"image\/jpeg"}],"twitter_card":"summary_large_image","twitter_misc":{"Est. reading time":"1 minute"},"schema":{"@context":"https:\/\/schema.org","@graph":[{"@type":"WebPage","@id":"https:\/\/hammertimecafe.hu\/termek\/vanguard-maggotkin-of-nurgle\/","url":"https:\/\/hammertimecafe.hu\/termek\/vanguard-maggotkin-of-nurgle\/","name":"VANGUARD: MAGGOTKIN OF NURGLE","isPartOf":{"@id":"https:\/\/hammertimecafe.hu\/#website"},"primaryImageOfPage":{"@id":"https:\/\/hammertimecafe.hu\/termek\/vanguard-maggotkin-of-nurgle\/#primaryimage"},"image":{"@id":"https:\/\/hammertimecafe.hu\/termek\/vanguard-maggotkin-of-nurgle\/#primaryimage"},"thumbnailUrl":"https:\/\/hammertimecafe.hu\/app\/uploads\/2025\/10\/99120201123.jpg","datePublished":"2025-10-29T01:28:06+00:00","dateModified":"2025-12-14T18:06:01+00:00","description":"Nurgle h\u00edvei el akarj\u00e1k hozni a rothad\u00e1s kertj\u00e9t a Haland\u00f3 Vil\u00e1gokra, \u00e9s \u201dmegt\u00e9r\u00edteni\u201d mindenkit csal\u00e1djukba.","breadcrumb":{"@id":"https:\/\/hammertimecafe.hu\/termek\/vanguard-maggotkin-of-nurgle\/#breadcrumb"},"inLanguage":"en-US","potentialAction":[{"@type":"ReadAction","target":["https:\/\/hammertimecafe.hu\/termek\/vanguard-maggotkin-of-nurgle\/"]}]},{"@type":"ImageObject","inLanguage":"en-US","@id":"https:\/\/hammertimecafe.hu\/termek\/vanguard-maggotkin-of-nurgle\/#primaryimage","url":"https:\/\/hammertimecafe.hu\/app\/uploads\/2025\/10\/99120201123.jpg","contentUrl":"https:\/\/hammertimecafe.hu\/app\/uploads\/2025\/10\/99120201123.jpg","width":1162,"height":1200},{"@type":"BreadcrumbList","@id":"https:\/\/hammertimecafe.hu\/termek\/vanguard-maggotkin-of-nurgle\/#breadcrumb","itemListElement":[{"@type":"ListItem","position":1,"name":"Home","item":"https:\/\/hammertimecafe.hu\/"},{"@type":"ListItem","position":2,"name":"Shop","item":"https:\/\/hammertimecafe.hu\/uzlet\/"},{"@type":"ListItem","position":3,"name":"SPEARHEAD: MAGGOTKIN OF NURGLE"}]},{"@type":"WebSite","@id":"https:\/\/hammertimecafe.hu\/#website","url":"https:\/\/hammertimecafe.hu\/","name":"Hammertimecafe","description":"The Official Website and Webshop of HammerTime Cafe.","publisher":{"@id":"https:\/\/hammertimecafe.hu\/#organization"},"potentialAction":[{"@type":"SearchAction","target":{"@type":"EntryPoint","urlTemplate":"https:\/\/hammertimecafe.hu\/?s={search_term_string}"},"query-input":{"@type":"PropertyValueSpecification","valueRequired":true,"valueName":"search_term_string"}}],"inLanguage":"en-US"},{"@type":"Organization","@id":"https:\/\/hammertimecafe.hu\/#organization","name":"Hammertimecafe","url":"https:\/\/hammertimecafe.hu\/","logo":{"@type":"ImageObject","inLanguage":"en-US","@id":"https:\/\/hammertimecafe.hu\/#\/schema\/logo\/image\/","url":"https:\/\/htcwoo.test\/app\/uploads\/2025\/08\/logo_of_htc.png","contentUrl":"https:\/\/htcwoo.test\/app\/uploads\/2025\/08\/logo_of_htc.png","width":166,"height":73,"caption":"Hammertimecafe"},"image":{"@id":"https:\/\/hammertimecafe.hu\/#\/schema\/logo\/image\/"}}]}},"_links":{"self":[{"href":"https:\/\/hammertimecafe.hu\/en\/wp-json\/wp\/v2\/product\/6589","targetHints":{"allow":["GET"]}}],"collection":[{"href":"https:\/\/hammertimecafe.hu\/en\/wp-json\/wp\/v2\/product"}],"about":[{"href":"https:\/\/hammertimecafe.hu\/en\/wp-json\/wp\/v2\/types\/product"}],"replies":[{"embeddable":true,"href":"https:\/\/hammertimecafe.hu\/en\/wp-json\/wp\/v2\/comments?post=6589"}],"wp:featuredmedia":[{"embeddable":true,"href":"https:\/\/hammertimecafe.hu\/en\/wp-json\/wp\/v2\/media\/18932"}],"wp:attachment":[{"href":"https:\/\/hammertimecafe.hu\/en\/wp-json\/wp\/v2\/media?parent=6589"}],"wp:term":[{"taxonomy":"product_brand","embeddable":true,"href":"https:\/\/hammertimecafe.hu\/en\/wp-json\/wp\/v2\/product_brand?post=6589"},{"taxonomy":"product_cat","embeddable":true,"href":"https:\/\/hammertimecafe.hu\/en\/wp-json\/wp\/v2\/product_cat?post=6589"},{"taxonomy":"product_tag","embeddable":true,"href":"https:\/\/hammertimecafe.hu\/en\/wp-json\/wp\/v2\/product_tag?post=6589"}],"curies":[{"name":"wp","href":"https:\/\/api.w.org\/{rel}","templated":true}]}}