{"id":7694,"date":"2025-10-29T02:32:27","date_gmt":"2025-10-29T01:32:27","guid":{"rendered":"https:\/\/htcwoo.test\/termek\/gamemaster-terrain-primer-dungeon-subterrain\/"},"modified":"2025-12-14T19:05:30","modified_gmt":"2025-12-14T18:05:30","slug":"gamemaster-terrain-primer-dungeon-subterrain","status":"publish","type":"product","link":"https:\/\/hammertimecafe.hu\/en\/product\/gamemaster-terrain-primer-dungeon-subterrain\/","title":{"rendered":"GameMaster: Terrain Primer &#8211; Dungeon &#038; Subterrain"},"content":{"rendered":"<p>T\u00f6k\u00e9letes alap a terep \u00e9s a t\u00e1j \u00e9p\u00edt\u00e9sekor.<\/p>\n<p>Kiv\u00e1l\u00f3 min\u0151s\u00e9g\u0171 v\u00edzb\u00e1zis\u00fa alapoz\u00f3 matt fel\u00fcletet hoz l\u00e9tre, nem m\u00e9rgez\u0151, szagtalan, \u00e9s nem marja meg az \u00e9p\u00edt\u0151anyagokat.<\/p>","protected":false},"excerpt":{"rendered":"<p>T\u00f6k\u00e9letes alap a terep \u00e9s a t\u00e1j \u00e9p\u00edt\u00e9sekor.<\/p>","protected":false},"featured_media":20956,"comment_status":"open","ping_status":"closed","template":"","meta":{"_acf_changed":false},"product_brand":[379],"product_cat":[15,213,127,19],"product_tag":[],"class_list":{"0":"post-7694","1":"product","2":"type-product","3":"status-publish","4":"has-post-thumbnail","6":"product_brand-the-army-painter","7":"product_cat-egyeb","8":"product_cat-army-painter","9":"product_cat-festekek-es-eszkozok","10":"product_cat-wargame","12":"first","13":"onbackorder","14":"sale","15":"taxable","16":"shipping-taxable","17":"purchasable","18":"product-type-simple"},"acf":[],"yoast_head":"<!-- This site is optimized with the Yoast SEO Premium plugin v25.6 (Yoast SEO v25.6) - https:\/\/yoast.com\/wordpress\/plugins\/seo\/ -->\n<title>GameMaster: Terrain Primer - Dungeon &amp; Subterrain<\/title>\n<meta name=\"description\" content=\"T\u00f6k\u00e9letes alap a terep \u00e9s a t\u00e1j \u00e9p\u00edt\u00e9sekor.\" \/>\n<meta name=\"robots\" content=\"index, follow, max-snippet:-1, max-image-preview:large, max-video-preview:-1\" \/>\n<link rel=\"canonical\" href=\"https:\/\/hammertimecafe.hu\/en\/product\/gamemaster-terrain-primer-dungeon-subterrain\/\" \/>\n<meta property=\"og:locale\" content=\"en_US\" \/>\n<meta property=\"og:type\" content=\"article\" \/>\n<meta property=\"og:title\" content=\"GameMaster: Terrain Primer - Dungeon &amp; Subterrain\" \/>\n<meta property=\"og:description\" content=\"T\u00f6k\u00e9letes alap a terep \u00e9s a t\u00e1j \u00e9p\u00edt\u00e9sekor.\" \/>\n<meta property=\"og:url\" content=\"https:\/\/hammertimecafe.hu\/en\/product\/gamemaster-terrain-primer-dungeon-subterrain\/\" \/>\n<meta property=\"og:site_name\" content=\"HammerTime Cafe Webshop\" \/>\n<meta property=\"article:modified_time\" content=\"2025-12-14T18:05:30+00:00\" \/>\n<meta property=\"og:image\" content=\"https:\/\/hammertimecafe.hu\/app\/uploads\/2025\/10\/gm3001.jpg\" \/>\n\t<meta property=\"og:image:width\" content=\"1200\" \/>\n\t<meta property=\"og:image:height\" content=\"1200\" \/>\n\t<meta property=\"og:image:type\" content=\"image\/jpeg\" \/>\n<meta name=\"twitter:card\" content=\"summary_large_image\" \/>\n<script type=\"application\/ld+json\" class=\"yoast-schema-graph\">{\"@context\":\"https:\/\/schema.org\",\"@graph\":[{\"@type\":\"WebPage\",\"@id\":\"https:\/\/hammertimecafe.hu\/termek\/gamemaster-terrain-primer-dungeon-subterrain\/\",\"url\":\"https:\/\/hammertimecafe.hu\/termek\/gamemaster-terrain-primer-dungeon-subterrain\/\",\"name\":\"GameMaster: Terrain Primer - Dungeon & Subterrain\",\"isPartOf\":{\"@id\":\"https:\/\/hammertimecafe.hu\/#website\"},\"primaryImageOfPage\":{\"@id\":\"https:\/\/hammertimecafe.hu\/termek\/gamemaster-terrain-primer-dungeon-subterrain\/#primaryimage\"},\"image\":{\"@id\":\"https:\/\/hammertimecafe.hu\/termek\/gamemaster-terrain-primer-dungeon-subterrain\/#primaryimage\"},\"thumbnailUrl\":\"https:\/\/hammertimecafe.hu\/app\/uploads\/2025\/10\/gm3001.jpg\",\"datePublished\":\"2025-10-29T01:32:27+00:00\",\"dateModified\":\"2025-12-14T18:05:30+00:00\",\"description\":\"T\u00f6k\u00e9letes alap a terep \u00e9s a t\u00e1j \u00e9p\u00edt\u00e9sekor.\",\"breadcrumb\":{\"@id\":\"https:\/\/hammertimecafe.hu\/termek\/gamemaster-terrain-primer-dungeon-subterrain\/#breadcrumb\"},\"inLanguage\":\"en-US\",\"potentialAction\":[{\"@type\":\"ReadAction\",\"target\":[\"https:\/\/hammertimecafe.hu\/termek\/gamemaster-terrain-primer-dungeon-subterrain\/\"]}]},{\"@type\":\"ImageObject\",\"inLanguage\":\"en-US\",\"@id\":\"https:\/\/hammertimecafe.hu\/termek\/gamemaster-terrain-primer-dungeon-subterrain\/#primaryimage\",\"url\":\"https:\/\/hammertimecafe.hu\/app\/uploads\/2025\/10\/gm3001.jpg\",\"contentUrl\":\"https:\/\/hammertimecafe.hu\/app\/uploads\/2025\/10\/gm3001.jpg\",\"width\":1200,\"height\":1200},{\"@type\":\"BreadcrumbList\",\"@id\":\"https:\/\/hammertimecafe.hu\/termek\/gamemaster-terrain-primer-dungeon-subterrain\/#breadcrumb\",\"itemListElement\":[{\"@type\":\"ListItem\",\"position\":1,\"name\":\"Home\",\"item\":\"https:\/\/hammertimecafe.hu\/\"},{\"@type\":\"ListItem\",\"position\":2,\"name\":\"Shop\",\"item\":\"https:\/\/hammertimecafe.hu\/uzlet\/\"},{\"@type\":\"ListItem\",\"position\":3,\"name\":\"GameMaster: Terrain Primer &#8211; Dungeon &#038; Subterrain\"}]},{\"@type\":\"WebSite\",\"@id\":\"https:\/\/hammertimecafe.hu\/#website\",\"url\":\"https:\/\/hammertimecafe.hu\/\",\"name\":\"Hammertimecafe\",\"description\":\"A HammerTime Cafe Hivatalos Weboldala \u00e9s Webshopja.\",\"publisher\":{\"@id\":\"https:\/\/hammertimecafe.hu\/#organization\"},\"potentialAction\":[{\"@type\":\"SearchAction\",\"target\":{\"@type\":\"EntryPoint\",\"urlTemplate\":\"https:\/\/hammertimecafe.hu\/?s={search_term_string}\"},\"query-input\":{\"@type\":\"PropertyValueSpecification\",\"valueRequired\":true,\"valueName\":\"search_term_string\"}}],\"inLanguage\":\"en-US\"},{\"@type\":\"Organization\",\"@id\":\"https:\/\/hammertimecafe.hu\/#organization\",\"name\":\"Hammertimecafe\",\"url\":\"https:\/\/hammertimecafe.hu\/\",\"logo\":{\"@type\":\"ImageObject\",\"inLanguage\":\"en-US\",\"@id\":\"https:\/\/hammertimecafe.hu\/#\/schema\/logo\/image\/\",\"url\":\"https:\/\/htcwoo.test\/app\/uploads\/2025\/08\/logo_of_htc.png\",\"contentUrl\":\"https:\/\/htcwoo.test\/app\/uploads\/2025\/08\/logo_of_htc.png\",\"width\":166,\"height\":73,\"caption\":\"Hammertimecafe\"},\"image\":{\"@id\":\"https:\/\/hammertimecafe.hu\/#\/schema\/logo\/image\/\"}}]}<\/script>\n<!-- \/ Yoast SEO Premium plugin. -->","yoast_head_json":{"title":"GameMaster: Terrain Primer - Dungeon & Subterrain","description":"T\u00f6k\u00e9letes alap a terep \u00e9s a t\u00e1j \u00e9p\u00edt\u00e9sekor.","robots":{"index":"index","follow":"follow","max-snippet":"max-snippet:-1","max-image-preview":"max-image-preview:large","max-video-preview":"max-video-preview:-1"},"canonical":"https:\/\/hammertimecafe.hu\/en\/product\/gamemaster-terrain-primer-dungeon-subterrain\/","og_locale":"en_US","og_type":"article","og_title":"GameMaster: Terrain Primer - Dungeon & Subterrain","og_description":"T\u00f6k\u00e9letes alap a terep \u00e9s a t\u00e1j \u00e9p\u00edt\u00e9sekor.","og_url":"https:\/\/hammertimecafe.hu\/en\/product\/gamemaster-terrain-primer-dungeon-subterrain\/","og_site_name":"HammerTime Cafe Webshop","article_modified_time":"2025-12-14T18:05:30+00:00","og_image":[{"width":1200,"height":1200,"url":"https:\/\/hammertimecafe.hu\/app\/uploads\/2025\/10\/gm3001.jpg","type":"image\/jpeg"}],"twitter_card":"summary_large_image","schema":{"@context":"https:\/\/schema.org","@graph":[{"@type":"WebPage","@id":"https:\/\/hammertimecafe.hu\/termek\/gamemaster-terrain-primer-dungeon-subterrain\/","url":"https:\/\/hammertimecafe.hu\/termek\/gamemaster-terrain-primer-dungeon-subterrain\/","name":"GameMaster: Terrain Primer - Dungeon & Subterrain","isPartOf":{"@id":"https:\/\/hammertimecafe.hu\/#website"},"primaryImageOfPage":{"@id":"https:\/\/hammertimecafe.hu\/termek\/gamemaster-terrain-primer-dungeon-subterrain\/#primaryimage"},"image":{"@id":"https:\/\/hammertimecafe.hu\/termek\/gamemaster-terrain-primer-dungeon-subterrain\/#primaryimage"},"thumbnailUrl":"https:\/\/hammertimecafe.hu\/app\/uploads\/2025\/10\/gm3001.jpg","datePublished":"2025-10-29T01:32:27+00:00","dateModified":"2025-12-14T18:05:30+00:00","description":"T\u00f6k\u00e9letes alap a terep \u00e9s a t\u00e1j \u00e9p\u00edt\u00e9sekor.","breadcrumb":{"@id":"https:\/\/hammertimecafe.hu\/termek\/gamemaster-terrain-primer-dungeon-subterrain\/#breadcrumb"},"inLanguage":"en-US","potentialAction":[{"@type":"ReadAction","target":["https:\/\/hammertimecafe.hu\/termek\/gamemaster-terrain-primer-dungeon-subterrain\/"]}]},{"@type":"ImageObject","inLanguage":"en-US","@id":"https:\/\/hammertimecafe.hu\/termek\/gamemaster-terrain-primer-dungeon-subterrain\/#primaryimage","url":"https:\/\/hammertimecafe.hu\/app\/uploads\/2025\/10\/gm3001.jpg","contentUrl":"https:\/\/hammertimecafe.hu\/app\/uploads\/2025\/10\/gm3001.jpg","width":1200,"height":1200},{"@type":"BreadcrumbList","@id":"https:\/\/hammertimecafe.hu\/termek\/gamemaster-terrain-primer-dungeon-subterrain\/#breadcrumb","itemListElement":[{"@type":"ListItem","position":1,"name":"Home","item":"https:\/\/hammertimecafe.hu\/"},{"@type":"ListItem","position":2,"name":"Shop","item":"https:\/\/hammertimecafe.hu\/uzlet\/"},{"@type":"ListItem","position":3,"name":"GameMaster: Terrain Primer &#8211; Dungeon &#038; Subterrain"}]},{"@type":"WebSite","@id":"https:\/\/hammertimecafe.hu\/#website","url":"https:\/\/hammertimecafe.hu\/","name":"Hammertimecafe","description":"The Official Website and Webshop of HammerTime Cafe.","publisher":{"@id":"https:\/\/hammertimecafe.hu\/#organization"},"potentialAction":[{"@type":"SearchAction","target":{"@type":"EntryPoint","urlTemplate":"https:\/\/hammertimecafe.hu\/?s={search_term_string}"},"query-input":{"@type":"PropertyValueSpecification","valueRequired":true,"valueName":"search_term_string"}}],"inLanguage":"en-US"},{"@type":"Organization","@id":"https:\/\/hammertimecafe.hu\/#organization","name":"Hammertimecafe","url":"https:\/\/hammertimecafe.hu\/","logo":{"@type":"ImageObject","inLanguage":"en-US","@id":"https:\/\/hammertimecafe.hu\/#\/schema\/logo\/image\/","url":"https:\/\/htcwoo.test\/app\/uploads\/2025\/08\/logo_of_htc.png","contentUrl":"https:\/\/htcwoo.test\/app\/uploads\/2025\/08\/logo_of_htc.png","width":166,"height":73,"caption":"Hammertimecafe"},"image":{"@id":"https:\/\/hammertimecafe.hu\/#\/schema\/logo\/image\/"}}]}},"_links":{"self":[{"href":"https:\/\/hammertimecafe.hu\/en\/wp-json\/wp\/v2\/product\/7694","targetHints":{"allow":["GET"]}}],"collection":[{"href":"https:\/\/hammertimecafe.hu\/en\/wp-json\/wp\/v2\/product"}],"about":[{"href":"https:\/\/hammertimecafe.hu\/en\/wp-json\/wp\/v2\/types\/product"}],"replies":[{"embeddable":true,"href":"https:\/\/hammertimecafe.hu\/en\/wp-json\/wp\/v2\/comments?post=7694"}],"wp:featuredmedia":[{"embeddable":true,"href":"https:\/\/hammertimecafe.hu\/en\/wp-json\/wp\/v2\/media\/20956"}],"wp:attachment":[{"href":"https:\/\/hammertimecafe.hu\/en\/wp-json\/wp\/v2\/media?parent=7694"}],"wp:term":[{"taxonomy":"product_brand","embeddable":true,"href":"https:\/\/hammertimecafe.hu\/en\/wp-json\/wp\/v2\/product_brand?post=7694"},{"taxonomy":"product_cat","embeddable":true,"href":"https:\/\/hammertimecafe.hu\/en\/wp-json\/wp\/v2\/product_cat?post=7694"},{"taxonomy":"product_tag","embeddable":true,"href":"https:\/\/hammertimecafe.hu\/en\/wp-json\/wp\/v2\/product_tag?post=7694"}],"curies":[{"name":"wp","href":"https:\/\/api.w.org\/{rel}","templated":true}]}}