{"id":7747,"date":"2025-10-29T02:32:39","date_gmt":"2025-10-29T01:32:39","guid":{"rendered":"https:\/\/htcwoo.test\/termek\/70243-fire-fury-6\/"},"modified":"2026-04-19T20:44:45","modified_gmt":"2026-04-19T18:44:45","slug":"70243-fire-fury-6","status":"publish","type":"product","link":"https:\/\/hammertimecafe.hu\/en\/product\/70243-fire-fury-6\/","title":{"rendered":"70243 Model Color &#8211; Fire Fury (6)"},"content":{"rendered":"<p>Ez a k\u00e9szlet tartalmazza azokat a sz\u00edneket, amelyek n\u00e9lk\u00fcl\u00f6zhetetlenek ahhoz, hogy a t\u0171z var\u00e1zslat\u00e1t \u00e9s energi\u00e1j\u00e1t a maga igazi pomp\u00e1j\u00e1ban fesse meg.<\/p>\n<p>A doboz a k\u00f6vetkez\u0151 fest\u00e9keket tartalmazza:<\/p>\n<ul>\n<li>70.918 Ivory<\/li>\n<li>70.858 Ice Yellow<\/li>\n<li>72.005 Moon Yellow<\/li>\n<li>71.083 Orange<\/li>\n<li>70.909 Vermilion<\/li>\n<li>70.985 Hull Red<\/li>\n<\/ul>","protected":false},"excerpt":{"rendered":"<p>Ez a k\u00e9szlet tartalmazza azokat a sz\u00edneket, amelyek n\u00e9lk\u00fcl\u00f6zhetetlenek ahhoz, hogy a t\u0171z var\u00e1zslat\u00e1t \u00e9s energi\u00e1j\u00e1t a maga igazi pomp\u00e1j\u00e1ban fesse meg.<\/p>","protected":false},"featured_media":19026,"comment_status":"open","ping_status":"closed","template":"","meta":{"_acf_changed":false},"product_brand":[380],"product_cat":[15,207],"product_tag":[],"class_list":{"0":"post-7747","1":"product","2":"type-product","3":"status-publish","4":"has-post-thumbnail","6":"product_brand-vallejo","7":"product_cat-egyeb","8":"product_cat-vallejo","10":"first","11":"onbackorder","12":"sale","13":"taxable","14":"shipping-taxable","15":"purchasable","16":"product-type-simple"},"acf":[],"yoast_head":"<!-- This site is optimized with the Yoast SEO Premium plugin v25.6 (Yoast SEO v25.6) - https:\/\/yoast.com\/wordpress\/plugins\/seo\/ -->\n<title>70243 Model Color - Fire Fury (6)<\/title>\n<meta name=\"description\" content=\"Ez a k\u00e9szlet tartalmazza azokat a sz\u00edneket, amelyek n\u00e9lk\u00fcl\u00f6zhetetlenek ahhoz, hogy a t\u0171z var\u00e1zslat\u00e1t \u00e9s energi\u00e1j\u00e1t a maga igazi pomp\u00e1j\u00e1ban fesse meg.\" \/>\n<meta name=\"robots\" content=\"index, follow, max-snippet:-1, max-image-preview:large, max-video-preview:-1\" \/>\n<link rel=\"canonical\" href=\"https:\/\/hammertimecafe.hu\/en\/product\/70243-fire-fury-6\/\" \/>\n<meta property=\"og:locale\" content=\"en_US\" \/>\n<meta property=\"og:type\" content=\"article\" \/>\n<meta property=\"og:title\" content=\"70243 Model Color - Fire Fury (6)\" \/>\n<meta property=\"og:description\" content=\"Ez a k\u00e9szlet tartalmazza azokat a sz\u00edneket, amelyek n\u00e9lk\u00fcl\u00f6zhetetlenek ahhoz, hogy a t\u0171z var\u00e1zslat\u00e1t \u00e9s energi\u00e1j\u00e1t a maga igazi pomp\u00e1j\u00e1ban fesse meg.\" \/>\n<meta property=\"og:url\" content=\"https:\/\/hammertimecafe.hu\/en\/product\/70243-fire-fury-6\/\" \/>\n<meta property=\"og:site_name\" content=\"HammerTime Cafe Webshop\" \/>\n<meta property=\"article:modified_time\" content=\"2026-04-19T18:44:45+00:00\" \/>\n<meta property=\"og:image\" content=\"https:\/\/hammertimecafe.hu\/app\/uploads\/2025\/10\/70243.jpg\" \/>\n\t<meta property=\"og:image:width\" content=\"800\" \/>\n\t<meta property=\"og:image:height\" content=\"800\" \/>\n\t<meta property=\"og:image:type\" content=\"image\/jpeg\" \/>\n<meta name=\"twitter:card\" content=\"summary_large_image\" \/>\n<script type=\"application\/ld+json\" class=\"yoast-schema-graph\">{\"@context\":\"https:\/\/schema.org\",\"@graph\":[{\"@type\":\"WebPage\",\"@id\":\"https:\/\/hammertimecafe.hu\/termek\/70243-fire-fury-6\/\",\"url\":\"https:\/\/hammertimecafe.hu\/termek\/70243-fire-fury-6\/\",\"name\":\"70243 Model Color - Fire Fury (6)\",\"isPartOf\":{\"@id\":\"https:\/\/hammertimecafe.hu\/#website\"},\"primaryImageOfPage\":{\"@id\":\"https:\/\/hammertimecafe.hu\/termek\/70243-fire-fury-6\/#primaryimage\"},\"image\":{\"@id\":\"https:\/\/hammertimecafe.hu\/termek\/70243-fire-fury-6\/#primaryimage\"},\"thumbnailUrl\":\"https:\/\/hammertimecafe.hu\/app\/uploads\/2025\/10\/70243.jpg\",\"datePublished\":\"2025-10-29T01:32:39+00:00\",\"dateModified\":\"2026-04-19T18:44:45+00:00\",\"description\":\"Ez a k\u00e9szlet tartalmazza azokat a sz\u00edneket, amelyek n\u00e9lk\u00fcl\u00f6zhetetlenek ahhoz, hogy a t\u0171z var\u00e1zslat\u00e1t \u00e9s energi\u00e1j\u00e1t a maga igazi pomp\u00e1j\u00e1ban fesse meg.\",\"breadcrumb\":{\"@id\":\"https:\/\/hammertimecafe.hu\/termek\/70243-fire-fury-6\/#breadcrumb\"},\"inLanguage\":\"en-US\",\"potentialAction\":[{\"@type\":\"ReadAction\",\"target\":[\"https:\/\/hammertimecafe.hu\/termek\/70243-fire-fury-6\/\"]}]},{\"@type\":\"ImageObject\",\"inLanguage\":\"en-US\",\"@id\":\"https:\/\/hammertimecafe.hu\/termek\/70243-fire-fury-6\/#primaryimage\",\"url\":\"https:\/\/hammertimecafe.hu\/app\/uploads\/2025\/10\/70243.jpg\",\"contentUrl\":\"https:\/\/hammertimecafe.hu\/app\/uploads\/2025\/10\/70243.jpg\",\"width\":800,\"height\":800},{\"@type\":\"BreadcrumbList\",\"@id\":\"https:\/\/hammertimecafe.hu\/termek\/70243-fire-fury-6\/#breadcrumb\",\"itemListElement\":[{\"@type\":\"ListItem\",\"position\":1,\"name\":\"Home\",\"item\":\"https:\/\/hammertimecafe.hu\/\"},{\"@type\":\"ListItem\",\"position\":2,\"name\":\"Shop\",\"item\":\"https:\/\/hammertimecafe.hu\/uzlet\/\"},{\"@type\":\"ListItem\",\"position\":3,\"name\":\"70243 Model Color &#8211; Fire Fury (6)\"}]},{\"@type\":\"WebSite\",\"@id\":\"https:\/\/hammertimecafe.hu\/#website\",\"url\":\"https:\/\/hammertimecafe.hu\/\",\"name\":\"Hammertimecafe\",\"description\":\"A HammerTime Cafe Hivatalos Weboldala \u00e9s Webshopja.\",\"publisher\":{\"@id\":\"https:\/\/hammertimecafe.hu\/#organization\"},\"potentialAction\":[{\"@type\":\"SearchAction\",\"target\":{\"@type\":\"EntryPoint\",\"urlTemplate\":\"https:\/\/hammertimecafe.hu\/?s={search_term_string}\"},\"query-input\":{\"@type\":\"PropertyValueSpecification\",\"valueRequired\":true,\"valueName\":\"search_term_string\"}}],\"inLanguage\":\"en-US\"},{\"@type\":\"Organization\",\"@id\":\"https:\/\/hammertimecafe.hu\/#organization\",\"name\":\"Hammertimecafe\",\"url\":\"https:\/\/hammertimecafe.hu\/\",\"logo\":{\"@type\":\"ImageObject\",\"inLanguage\":\"en-US\",\"@id\":\"https:\/\/hammertimecafe.hu\/#\/schema\/logo\/image\/\",\"url\":\"https:\/\/htcwoo.test\/app\/uploads\/2025\/08\/logo_of_htc.png\",\"contentUrl\":\"https:\/\/htcwoo.test\/app\/uploads\/2025\/08\/logo_of_htc.png\",\"width\":166,\"height\":73,\"caption\":\"Hammertimecafe\"},\"image\":{\"@id\":\"https:\/\/hammertimecafe.hu\/#\/schema\/logo\/image\/\"}}]}<\/script>\n<!-- \/ Yoast SEO Premium plugin. -->","yoast_head_json":{"title":"70243 Model Color - Fire Fury (6)","description":"Ez a k\u00e9szlet tartalmazza azokat a sz\u00edneket, amelyek n\u00e9lk\u00fcl\u00f6zhetetlenek ahhoz, hogy a t\u0171z var\u00e1zslat\u00e1t \u00e9s energi\u00e1j\u00e1t a maga igazi pomp\u00e1j\u00e1ban fesse meg.","robots":{"index":"index","follow":"follow","max-snippet":"max-snippet:-1","max-image-preview":"max-image-preview:large","max-video-preview":"max-video-preview:-1"},"canonical":"https:\/\/hammertimecafe.hu\/en\/product\/70243-fire-fury-6\/","og_locale":"en_US","og_type":"article","og_title":"70243 Model Color - Fire Fury (6)","og_description":"Ez a k\u00e9szlet tartalmazza azokat a sz\u00edneket, amelyek n\u00e9lk\u00fcl\u00f6zhetetlenek ahhoz, hogy a t\u0171z var\u00e1zslat\u00e1t \u00e9s energi\u00e1j\u00e1t a maga igazi pomp\u00e1j\u00e1ban fesse meg.","og_url":"https:\/\/hammertimecafe.hu\/en\/product\/70243-fire-fury-6\/","og_site_name":"HammerTime Cafe Webshop","article_modified_time":"2026-04-19T18:44:45+00:00","og_image":[{"width":800,"height":800,"url":"https:\/\/hammertimecafe.hu\/app\/uploads\/2025\/10\/70243.jpg","type":"image\/jpeg"}],"twitter_card":"summary_large_image","schema":{"@context":"https:\/\/schema.org","@graph":[{"@type":"WebPage","@id":"https:\/\/hammertimecafe.hu\/termek\/70243-fire-fury-6\/","url":"https:\/\/hammertimecafe.hu\/termek\/70243-fire-fury-6\/","name":"70243 Model Color - Fire Fury (6)","isPartOf":{"@id":"https:\/\/hammertimecafe.hu\/#website"},"primaryImageOfPage":{"@id":"https:\/\/hammertimecafe.hu\/termek\/70243-fire-fury-6\/#primaryimage"},"image":{"@id":"https:\/\/hammertimecafe.hu\/termek\/70243-fire-fury-6\/#primaryimage"},"thumbnailUrl":"https:\/\/hammertimecafe.hu\/app\/uploads\/2025\/10\/70243.jpg","datePublished":"2025-10-29T01:32:39+00:00","dateModified":"2026-04-19T18:44:45+00:00","description":"Ez a k\u00e9szlet tartalmazza azokat a sz\u00edneket, amelyek n\u00e9lk\u00fcl\u00f6zhetetlenek ahhoz, hogy a t\u0171z var\u00e1zslat\u00e1t \u00e9s energi\u00e1j\u00e1t a maga igazi pomp\u00e1j\u00e1ban fesse meg.","breadcrumb":{"@id":"https:\/\/hammertimecafe.hu\/termek\/70243-fire-fury-6\/#breadcrumb"},"inLanguage":"en-US","potentialAction":[{"@type":"ReadAction","target":["https:\/\/hammertimecafe.hu\/termek\/70243-fire-fury-6\/"]}]},{"@type":"ImageObject","inLanguage":"en-US","@id":"https:\/\/hammertimecafe.hu\/termek\/70243-fire-fury-6\/#primaryimage","url":"https:\/\/hammertimecafe.hu\/app\/uploads\/2025\/10\/70243.jpg","contentUrl":"https:\/\/hammertimecafe.hu\/app\/uploads\/2025\/10\/70243.jpg","width":800,"height":800},{"@type":"BreadcrumbList","@id":"https:\/\/hammertimecafe.hu\/termek\/70243-fire-fury-6\/#breadcrumb","itemListElement":[{"@type":"ListItem","position":1,"name":"Home","item":"https:\/\/hammertimecafe.hu\/"},{"@type":"ListItem","position":2,"name":"Shop","item":"https:\/\/hammertimecafe.hu\/uzlet\/"},{"@type":"ListItem","position":3,"name":"70243 Model Color &#8211; Fire Fury (6)"}]},{"@type":"WebSite","@id":"https:\/\/hammertimecafe.hu\/#website","url":"https:\/\/hammertimecafe.hu\/","name":"Hammertimecafe","description":"The Official Website and Webshop of HammerTime Cafe.","publisher":{"@id":"https:\/\/hammertimecafe.hu\/#organization"},"potentialAction":[{"@type":"SearchAction","target":{"@type":"EntryPoint","urlTemplate":"https:\/\/hammertimecafe.hu\/?s={search_term_string}"},"query-input":{"@type":"PropertyValueSpecification","valueRequired":true,"valueName":"search_term_string"}}],"inLanguage":"en-US"},{"@type":"Organization","@id":"https:\/\/hammertimecafe.hu\/#organization","name":"Hammertimecafe","url":"https:\/\/hammertimecafe.hu\/","logo":{"@type":"ImageObject","inLanguage":"en-US","@id":"https:\/\/hammertimecafe.hu\/#\/schema\/logo\/image\/","url":"https:\/\/htcwoo.test\/app\/uploads\/2025\/08\/logo_of_htc.png","contentUrl":"https:\/\/htcwoo.test\/app\/uploads\/2025\/08\/logo_of_htc.png","width":166,"height":73,"caption":"Hammertimecafe"},"image":{"@id":"https:\/\/hammertimecafe.hu\/#\/schema\/logo\/image\/"}}]}},"_links":{"self":[{"href":"https:\/\/hammertimecafe.hu\/en\/wp-json\/wp\/v2\/product\/7747","targetHints":{"allow":["GET"]}}],"collection":[{"href":"https:\/\/hammertimecafe.hu\/en\/wp-json\/wp\/v2\/product"}],"about":[{"href":"https:\/\/hammertimecafe.hu\/en\/wp-json\/wp\/v2\/types\/product"}],"replies":[{"embeddable":true,"href":"https:\/\/hammertimecafe.hu\/en\/wp-json\/wp\/v2\/comments?post=7747"}],"wp:featuredmedia":[{"embeddable":true,"href":"https:\/\/hammertimecafe.hu\/en\/wp-json\/wp\/v2\/media\/19026"}],"wp:attachment":[{"href":"https:\/\/hammertimecafe.hu\/en\/wp-json\/wp\/v2\/media?parent=7747"}],"wp:term":[{"taxonomy":"product_brand","embeddable":true,"href":"https:\/\/hammertimecafe.hu\/en\/wp-json\/wp\/v2\/product_brand?post=7747"},{"taxonomy":"product_cat","embeddable":true,"href":"https:\/\/hammertimecafe.hu\/en\/wp-json\/wp\/v2\/product_cat?post=7747"},{"taxonomy":"product_tag","embeddable":true,"href":"https:\/\/hammertimecafe.hu\/en\/wp-json\/wp\/v2\/product_tag?post=7747"}],"curies":[{"name":"wp","href":"https:\/\/api.w.org\/{rel}","templated":true}]}}