{"id":7778,"date":"2025-10-29T02:32:44","date_gmt":"2025-10-29T01:32:44","guid":{"rendered":"https:\/\/htcwoo.test\/termek\/26009-wall-mounted-paint-display-for-35-and-60-ml-bottles\/"},"modified":"2026-04-19T20:44:45","modified_gmt":"2026-04-19T18:44:45","slug":"26009-wall-mounted-paint-display-for-35-and-60-ml-bottles","status":"publish","type":"product","link":"https:\/\/hammertimecafe.hu\/en\/product\/26009-wall-mounted-paint-display-for-35-and-60-ml-bottles\/","title":{"rendered":"26009 Wall Mounted Paint Display for 35 and 60 ml bottles"},"content":{"rendered":"<p>T\u00f6k\u00e9letes megold\u00e1s Vallejo fest\u00e9kek t\u00e1rol\u00e1s\u00e1ra. Ebben az eszk\u00f6zben 28 darab 35 vagy 60 ml-es fest\u00e9k f\u00e9r el.<\/p>\n<p>A term\u00e9k \u00f6szerak\u00e1sa nem ig\u00e9nyel ragaszt\u00e1st.<\/p>","protected":false},"excerpt":{"rendered":"<p>T\u00f6k\u00e9letes megold\u00e1s Vallejo fest\u00e9kek t\u00e1rol\u00e1s\u00e1ra. Ebben az eszk\u00f6zben 28 darab 35 vagy 60 ml-es fest\u00e9k f\u00e9r el.<\/p>","protected":false},"featured_media":20969,"comment_status":"open","ping_status":"closed","template":"","meta":{"_acf_changed":false},"product_brand":[380],"product_cat":[15,207],"product_tag":[],"class_list":{"0":"post-7778","1":"product","2":"type-product","3":"status-publish","4":"has-post-thumbnail","6":"product_brand-vallejo","7":"product_cat-egyeb","8":"product_cat-vallejo","10":"first","11":"onbackorder","12":"sale","13":"taxable","14":"shipping-taxable","15":"purchasable","16":"product-type-simple"},"acf":[],"yoast_head":"<!-- This site is optimized with the Yoast SEO Premium plugin v25.6 (Yoast SEO v25.6) - https:\/\/yoast.com\/wordpress\/plugins\/seo\/ -->\n<title>26009 Wall Mounted Paint Display for 35 and 60 ml bottles<\/title>\n<meta name=\"description\" content=\"T\u00f6k\u00e9letes megold\u00e1s Vallejo fest\u00e9kek t\u00e1rol\u00e1s\u00e1ra. Ebben az eszk\u00f6zben 28 darab 35 vagy 60 ml-es fest\u00e9k f\u00e9r el.\" \/>\n<meta name=\"robots\" content=\"index, follow, max-snippet:-1, max-image-preview:large, max-video-preview:-1\" \/>\n<link rel=\"canonical\" href=\"https:\/\/hammertimecafe.hu\/en\/product\/26009-wall-mounted-paint-display-for-35-and-60-ml-bottles\/\" \/>\n<meta property=\"og:locale\" content=\"en_US\" \/>\n<meta property=\"og:type\" content=\"article\" \/>\n<meta property=\"og:title\" content=\"26009 Wall Mounted Paint Display for 35 and 60 ml bottles\" \/>\n<meta property=\"og:description\" content=\"T\u00f6k\u00e9letes megold\u00e1s Vallejo fest\u00e9kek t\u00e1rol\u00e1s\u00e1ra. Ebben az eszk\u00f6zben 28 darab 35 vagy 60 ml-es fest\u00e9k f\u00e9r el.\" \/>\n<meta property=\"og:url\" content=\"https:\/\/hammertimecafe.hu\/en\/product\/26009-wall-mounted-paint-display-for-35-and-60-ml-bottles\/\" \/>\n<meta property=\"og:site_name\" content=\"HammerTime Cafe Webshop\" \/>\n<meta property=\"article:modified_time\" content=\"2026-04-19T18:44:45+00:00\" \/>\n<meta property=\"og:image\" content=\"https:\/\/hammertimecafe.hu\/app\/uploads\/2025\/10\/26009.jpg\" \/>\n\t<meta property=\"og:image:width\" content=\"800\" \/>\n\t<meta property=\"og:image:height\" content=\"800\" \/>\n\t<meta property=\"og:image:type\" content=\"image\/jpeg\" \/>\n<meta name=\"twitter:card\" content=\"summary_large_image\" \/>\n<script type=\"application\/ld+json\" class=\"yoast-schema-graph\">{\"@context\":\"https:\/\/schema.org\",\"@graph\":[{\"@type\":\"WebPage\",\"@id\":\"https:\/\/hammertimecafe.hu\/en\/product\/26009-wall-mounted-paint-display-for-35-and-60-ml-bottles\/\",\"url\":\"https:\/\/hammertimecafe.hu\/en\/product\/26009-wall-mounted-paint-display-for-35-and-60-ml-bottles\/\",\"name\":\"26009 Wall Mounted Paint Display for 35 and 60 ml bottles\",\"isPartOf\":{\"@id\":\"https:\/\/hammertimecafe.hu\/#website\"},\"primaryImageOfPage\":{\"@id\":\"https:\/\/hammertimecafe.hu\/en\/product\/26009-wall-mounted-paint-display-for-35-and-60-ml-bottles\/#primaryimage\"},\"image\":{\"@id\":\"https:\/\/hammertimecafe.hu\/en\/product\/26009-wall-mounted-paint-display-for-35-and-60-ml-bottles\/#primaryimage\"},\"thumbnailUrl\":\"https:\/\/hammertimecafe.hu\/app\/uploads\/2025\/10\/26009.jpg\",\"datePublished\":\"2025-10-29T01:32:44+00:00\",\"dateModified\":\"2026-04-19T18:44:45+00:00\",\"description\":\"T\u00f6k\u00e9letes megold\u00e1s Vallejo fest\u00e9kek t\u00e1rol\u00e1s\u00e1ra. Ebben az eszk\u00f6zben 28 darab 35 vagy 60 ml-es fest\u00e9k f\u00e9r el.\",\"breadcrumb\":{\"@id\":\"https:\/\/hammertimecafe.hu\/en\/product\/26009-wall-mounted-paint-display-for-35-and-60-ml-bottles\/#breadcrumb\"},\"inLanguage\":\"en-US\",\"potentialAction\":[{\"@type\":\"ReadAction\",\"target\":[\"https:\/\/hammertimecafe.hu\/en\/product\/26009-wall-mounted-paint-display-for-35-and-60-ml-bottles\/\"]}]},{\"@type\":\"ImageObject\",\"inLanguage\":\"en-US\",\"@id\":\"https:\/\/hammertimecafe.hu\/en\/product\/26009-wall-mounted-paint-display-for-35-and-60-ml-bottles\/#primaryimage\",\"url\":\"https:\/\/hammertimecafe.hu\/app\/uploads\/2025\/10\/26009.jpg\",\"contentUrl\":\"https:\/\/hammertimecafe.hu\/app\/uploads\/2025\/10\/26009.jpg\",\"width\":800,\"height\":800},{\"@type\":\"BreadcrumbList\",\"@id\":\"https:\/\/hammertimecafe.hu\/en\/product\/26009-wall-mounted-paint-display-for-35-and-60-ml-bottles\/#breadcrumb\",\"itemListElement\":[{\"@type\":\"ListItem\",\"position\":1,\"name\":\"Home\",\"item\":\"https:\/\/hammertimecafe.hu\/\"},{\"@type\":\"ListItem\",\"position\":2,\"name\":\"Shop\",\"item\":\"https:\/\/hammertimecafe.hu\/uzlet\/\"},{\"@type\":\"ListItem\",\"position\":3,\"name\":\"26009 Wall Mounted Paint Display for 35 and 60 ml bottles\"}]},{\"@type\":\"WebSite\",\"@id\":\"https:\/\/hammertimecafe.hu\/#website\",\"url\":\"https:\/\/hammertimecafe.hu\/\",\"name\":\"Hammertimecafe\",\"description\":\"A HammerTime Cafe Hivatalos Weboldala \u00e9s Webshopja.\",\"publisher\":{\"@id\":\"https:\/\/hammertimecafe.hu\/#organization\"},\"potentialAction\":[{\"@type\":\"SearchAction\",\"target\":{\"@type\":\"EntryPoint\",\"urlTemplate\":\"https:\/\/hammertimecafe.hu\/?s={search_term_string}\"},\"query-input\":{\"@type\":\"PropertyValueSpecification\",\"valueRequired\":true,\"valueName\":\"search_term_string\"}}],\"inLanguage\":\"en-US\"},{\"@type\":\"Organization\",\"@id\":\"https:\/\/hammertimecafe.hu\/#organization\",\"name\":\"Hammertimecafe\",\"url\":\"https:\/\/hammertimecafe.hu\/\",\"logo\":{\"@type\":\"ImageObject\",\"inLanguage\":\"en-US\",\"@id\":\"https:\/\/hammertimecafe.hu\/#\/schema\/logo\/image\/\",\"url\":\"https:\/\/htcwoo.test\/app\/uploads\/2025\/08\/logo_of_htc.png\",\"contentUrl\":\"https:\/\/htcwoo.test\/app\/uploads\/2025\/08\/logo_of_htc.png\",\"width\":166,\"height\":73,\"caption\":\"Hammertimecafe\"},\"image\":{\"@id\":\"https:\/\/hammertimecafe.hu\/#\/schema\/logo\/image\/\"}}]}<\/script>\n<!-- \/ Yoast SEO Premium plugin. -->","yoast_head_json":{"title":"26009 Wall Mounted Paint Display for 35 and 60 ml bottles","description":"T\u00f6k\u00e9letes megold\u00e1s Vallejo fest\u00e9kek t\u00e1rol\u00e1s\u00e1ra. Ebben az eszk\u00f6zben 28 darab 35 vagy 60 ml-es fest\u00e9k f\u00e9r el.","robots":{"index":"index","follow":"follow","max-snippet":"max-snippet:-1","max-image-preview":"max-image-preview:large","max-video-preview":"max-video-preview:-1"},"canonical":"https:\/\/hammertimecafe.hu\/en\/product\/26009-wall-mounted-paint-display-for-35-and-60-ml-bottles\/","og_locale":"en_US","og_type":"article","og_title":"26009 Wall Mounted Paint Display for 35 and 60 ml bottles","og_description":"T\u00f6k\u00e9letes megold\u00e1s Vallejo fest\u00e9kek t\u00e1rol\u00e1s\u00e1ra. Ebben az eszk\u00f6zben 28 darab 35 vagy 60 ml-es fest\u00e9k f\u00e9r el.","og_url":"https:\/\/hammertimecafe.hu\/en\/product\/26009-wall-mounted-paint-display-for-35-and-60-ml-bottles\/","og_site_name":"HammerTime Cafe Webshop","article_modified_time":"2026-04-19T18:44:45+00:00","og_image":[{"width":800,"height":800,"url":"https:\/\/hammertimecafe.hu\/app\/uploads\/2025\/10\/26009.jpg","type":"image\/jpeg"}],"twitter_card":"summary_large_image","schema":{"@context":"https:\/\/schema.org","@graph":[{"@type":"WebPage","@id":"https:\/\/hammertimecafe.hu\/en\/product\/26009-wall-mounted-paint-display-for-35-and-60-ml-bottles\/","url":"https:\/\/hammertimecafe.hu\/en\/product\/26009-wall-mounted-paint-display-for-35-and-60-ml-bottles\/","name":"26009 Wall Mounted Paint Display for 35 and 60 ml bottles","isPartOf":{"@id":"https:\/\/hammertimecafe.hu\/#website"},"primaryImageOfPage":{"@id":"https:\/\/hammertimecafe.hu\/en\/product\/26009-wall-mounted-paint-display-for-35-and-60-ml-bottles\/#primaryimage"},"image":{"@id":"https:\/\/hammertimecafe.hu\/en\/product\/26009-wall-mounted-paint-display-for-35-and-60-ml-bottles\/#primaryimage"},"thumbnailUrl":"https:\/\/hammertimecafe.hu\/app\/uploads\/2025\/10\/26009.jpg","datePublished":"2025-10-29T01:32:44+00:00","dateModified":"2026-04-19T18:44:45+00:00","description":"T\u00f6k\u00e9letes megold\u00e1s Vallejo fest\u00e9kek t\u00e1rol\u00e1s\u00e1ra. Ebben az eszk\u00f6zben 28 darab 35 vagy 60 ml-es fest\u00e9k f\u00e9r el.","breadcrumb":{"@id":"https:\/\/hammertimecafe.hu\/en\/product\/26009-wall-mounted-paint-display-for-35-and-60-ml-bottles\/#breadcrumb"},"inLanguage":"en-US","potentialAction":[{"@type":"ReadAction","target":["https:\/\/hammertimecafe.hu\/en\/product\/26009-wall-mounted-paint-display-for-35-and-60-ml-bottles\/"]}]},{"@type":"ImageObject","inLanguage":"en-US","@id":"https:\/\/hammertimecafe.hu\/en\/product\/26009-wall-mounted-paint-display-for-35-and-60-ml-bottles\/#primaryimage","url":"https:\/\/hammertimecafe.hu\/app\/uploads\/2025\/10\/26009.jpg","contentUrl":"https:\/\/hammertimecafe.hu\/app\/uploads\/2025\/10\/26009.jpg","width":800,"height":800},{"@type":"BreadcrumbList","@id":"https:\/\/hammertimecafe.hu\/en\/product\/26009-wall-mounted-paint-display-for-35-and-60-ml-bottles\/#breadcrumb","itemListElement":[{"@type":"ListItem","position":1,"name":"Home","item":"https:\/\/hammertimecafe.hu\/"},{"@type":"ListItem","position":2,"name":"Shop","item":"https:\/\/hammertimecafe.hu\/uzlet\/"},{"@type":"ListItem","position":3,"name":"26009 Wall Mounted Paint Display for 35 and 60 ml bottles"}]},{"@type":"WebSite","@id":"https:\/\/hammertimecafe.hu\/#website","url":"https:\/\/hammertimecafe.hu\/","name":"Hammertimecafe","description":"The Official Website and Webshop of HammerTime Cafe.","publisher":{"@id":"https:\/\/hammertimecafe.hu\/#organization"},"potentialAction":[{"@type":"SearchAction","target":{"@type":"EntryPoint","urlTemplate":"https:\/\/hammertimecafe.hu\/?s={search_term_string}"},"query-input":{"@type":"PropertyValueSpecification","valueRequired":true,"valueName":"search_term_string"}}],"inLanguage":"en-US"},{"@type":"Organization","@id":"https:\/\/hammertimecafe.hu\/#organization","name":"Hammertimecafe","url":"https:\/\/hammertimecafe.hu\/","logo":{"@type":"ImageObject","inLanguage":"en-US","@id":"https:\/\/hammertimecafe.hu\/#\/schema\/logo\/image\/","url":"https:\/\/htcwoo.test\/app\/uploads\/2025\/08\/logo_of_htc.png","contentUrl":"https:\/\/htcwoo.test\/app\/uploads\/2025\/08\/logo_of_htc.png","width":166,"height":73,"caption":"Hammertimecafe"},"image":{"@id":"https:\/\/hammertimecafe.hu\/#\/schema\/logo\/image\/"}}]}},"_links":{"self":[{"href":"https:\/\/hammertimecafe.hu\/en\/wp-json\/wp\/v2\/product\/7778","targetHints":{"allow":["GET"]}}],"collection":[{"href":"https:\/\/hammertimecafe.hu\/en\/wp-json\/wp\/v2\/product"}],"about":[{"href":"https:\/\/hammertimecafe.hu\/en\/wp-json\/wp\/v2\/types\/product"}],"replies":[{"embeddable":true,"href":"https:\/\/hammertimecafe.hu\/en\/wp-json\/wp\/v2\/comments?post=7778"}],"wp:featuredmedia":[{"embeddable":true,"href":"https:\/\/hammertimecafe.hu\/en\/wp-json\/wp\/v2\/media\/20969"}],"wp:attachment":[{"href":"https:\/\/hammertimecafe.hu\/en\/wp-json\/wp\/v2\/media?parent=7778"}],"wp:term":[{"taxonomy":"product_brand","embeddable":true,"href":"https:\/\/hammertimecafe.hu\/en\/wp-json\/wp\/v2\/product_brand?post=7778"},{"taxonomy":"product_cat","embeddable":true,"href":"https:\/\/hammertimecafe.hu\/en\/wp-json\/wp\/v2\/product_cat?post=7778"},{"taxonomy":"product_tag","embeddable":true,"href":"https:\/\/hammertimecafe.hu\/en\/wp-json\/wp\/v2\/product_tag?post=7778"}],"curies":[{"name":"wp","href":"https:\/\/api.w.org\/{rel}","templated":true}]}}